{"id":30763,"date":"2025-03-10T16:18:28","date_gmt":"2025-03-10T07:18:28","guid":{"rendered":"https:\/\/listman.shop\/autoparts-br\/product\/1005007516810516\/"},"modified":"2026-05-04T23:19:06","modified_gmt":"2026-05-04T14:19:06","slug":"1005007516810516","status":"publish","type":"product","link":"https:\/\/listman.shop\/autoparts-br\/product\/1005007516810516\/","title":{"rendered":"Para hyundai tucson ix35 2010 2011 2012 2013 2014 2015 mud flap respingo guarda paralama fender mud flaps acess\u00f3rios"},"content":{"rendered":"<div class=\"detailmodule_html\">\n<div class=\"detail-desc-decorate-richtext\">\n<div class=\"detailmodule_text\">\n<p style=\"font-family:OpenSans;font-size:14px;font-weight:300;line-height:20px;white-space:pre-wrap;margin-bottom:12px\" class=\"detail-desc-decorate-content\">&#8220;para Hyundai Tucson ix35 LM 2010 2011 2012 2013 2014 2015<br \/>N\u00c3O compat\u00edvel com kit de aerodin\u00e2mica, saias laterais, kit de corpo, etc.<\/p>\n<p>Composi\u00e7\u00e3o: 4 unidades (1 conjunto); um saco de fixa\u00e7\u00f5es de parafuso<br \/>Material: Pl\u00e1stico ABS de alta qualidade.Protetores contra respingos moldados.<br \/>Caracter\u00edstica:<br \/>Ajuste direto (talvez necess\u00e1ria uma pequena perfura\u00e7\u00e3o para alguns modelos)<\/p>\n<\/div>\n<div class=\"detailmodule_image\"><img data-recalc-dims=\"1\" decoding=\"async\" class=\"detail-desc-decorate-image\" src=\"https:\/\/i0.wp.com\/ae01.alicdn.com\/kf\/S7d4141ed28dc4037a2a5442361f4b4f7s.jpg?w=1200&#038;ssl=1\"><img data-recalc-dims=\"1\" decoding=\"async\" class=\"detail-desc-decorate-image\" src=\"https:\/\/i0.wp.com\/ae01.alicdn.com\/kf\/S6b01ac8430ea4e7a92f43970d3e4f921A.jpg?w=1200&#038;ssl=1\"><img data-recalc-dims=\"1\" decoding=\"async\" class=\"detail-desc-decorate-image\" src=\"https:\/\/i0.wp.com\/ae01.alicdn.com\/kf\/S569d7ab8af024b159ed498c31172521aN.jpg?w=1200&#038;ssl=1\"><img data-recalc-dims=\"1\" decoding=\"async\" class=\"detail-desc-decorate-image\" src=\"https:\/\/i0.wp.com\/ae01.alicdn.com\/kf\/S1c52464ea00b4679a16d724f4c8fbd21v.jpg?w=1200&#038;ssl=1\"><img data-recalc-dims=\"1\" decoding=\"async\" class=\"detail-desc-decorate-image\" src=\"https:\/\/i0.wp.com\/ae01.alicdn.com\/kf\/S4b457a374fe9413db9e97197757c9ceeF.jpg?w=1200&#038;ssl=1\"><img data-recalc-dims=\"1\" decoding=\"async\" class=\"detail-desc-decorate-image\" src=\"https:\/\/i0.wp.com\/ae01.alicdn.com\/kf\/S30530ceeb084473993b580df34993e3fi.jpg?w=1200&#038;ssl=1\"><img data-recalc-dims=\"1\" decoding=\"async\" class=\"detail-desc-decorate-image\" src=\"https:\/\/i0.wp.com\/ae01.alicdn.com\/kf\/S77373ba364f246a287631dc0d17fa2cbx.jpg?w=1200&#038;ssl=1\"><img data-recalc-dims=\"1\" decoding=\"async\" class=\"detail-desc-decorate-image\" src=\"https:\/\/i0.wp.com\/ae01.alicdn.com\/kf\/Sa104dd4efa5c48d698c0065da772370aH.jpg?w=1200&#038;ssl=1\"><\/div>\n<p><\/p>\n<\/div>\n<\/div>\n","protected":false},"excerpt":{"rendered":"<p>&#8220;para Hyundai Tucson ix35 LM 2010 2011 2012 2013 2014 2015N\u00c3O compat\u00edvel com kit de aerodin\u00e2mica, saias laterais, kit de corpo, etc. Composi\u00e7\u00e3o: 4 unidades (1 conjunto); um saco de fixa\u00e7\u00f5es de parafusoMaterial: Pl\u00e1stico ABS de alta qualidade.Protetores contra respingos moldados.Caracter\u00edstica:Ajuste direto (talvez necess\u00e1ria uma pequena perfura\u00e7\u00e3o para alguns modelos)<\/p>\n","protected":false},"featured_media":30757,"template":"","meta":{"neve_meta_sidebar":"","neve_meta_container":"","neve_meta_enable_content_width":"","neve_meta_content_width":0,"neve_meta_title_alignment":"","neve_meta_author_avatar":"","neve_post_elements_order":"","neve_meta_disable_header":"","neve_meta_disable_footer":"","neve_meta_disable_title":""},"product_brand":[],"product_cat":[65,17,24],"product_tag":[],"class_list":{"0":"post-30763","1":"product","2":"type-product","3":"status-publish","4":"has-post-thumbnail","6":"product_cat-para-lamas","7":"product_cat-pecas-e-acessorios-automotivos","8":"product_cat-pecas-externas","10":"first","11":"instock","12":"shipping-taxable","13":"purchasable","14":"product-type-variable"},"jetpack_sharing_enabled":true,"_links":{"self":[{"href":"https:\/\/listman.shop\/autoparts-br\/wp-json\/wp\/v2\/product\/30763","targetHints":{"allow":["GET"]}}],"collection":[{"href":"https:\/\/listman.shop\/autoparts-br\/wp-json\/wp\/v2\/product"}],"about":[{"href":"https:\/\/listman.shop\/autoparts-br\/wp-json\/wp\/v2\/types\/product"}],"wp:featuredmedia":[{"embeddable":true,"href":"https:\/\/listman.shop\/autoparts-br\/wp-json\/wp\/v2\/media\/30757"}],"wp:attachment":[{"href":"https:\/\/listman.shop\/autoparts-br\/wp-json\/wp\/v2\/media?parent=30763"}],"wp:term":[{"taxonomy":"product_brand","embeddable":true,"href":"https:\/\/listman.shop\/autoparts-br\/wp-json\/wp\/v2\/product_brand?post=30763"},{"taxonomy":"product_cat","embeddable":true,"href":"https:\/\/listman.shop\/autoparts-br\/wp-json\/wp\/v2\/product_cat?post=30763"},{"taxonomy":"product_tag","embeddable":true,"href":"https:\/\/listman.shop\/autoparts-br\/wp-json\/wp\/v2\/product_tag?post=30763"}],"curies":[{"name":"wp","href":"https:\/\/api.w.org\/{rel}","templated":true}]}}