{"id":30976,"date":"2025-03-10T16:33:38","date_gmt":"2025-03-10T07:33:38","guid":{"rendered":"https:\/\/listman.shop\/autoparts-br\/product\/1005008121408634\/"},"modified":"2026-05-04T22:37:07","modified_gmt":"2026-05-04T13:37:07","slug":"1005008121408634","status":"publish","type":"product","link":"https:\/\/listman.shop\/autoparts-br\/product\/1005008121408634\/","title":{"rendered":"Grade de para-choque dianteiro preto brilhante para carro, para bmw x1 e84 2010-2015, grelha esportiva, linha de ripas duplas, grelhas kindey"},"content":{"rendered":"<div class=\"detailmodule_html\">\n<div class=\"detail-desc-decorate-richtext\">\n<div class=\"detailmodule_html\">\n<div class=\"detail-desc-decorate-richtext\">\n<div>\n<div>\n<p><span style=\"font-family: arial, helvetica, sans-serif;font-size: 16px;font-style: normal;font-weight: 400;letter-spacing: normal;text-align: start;text-indent: 0px;text-transform: none;white-space: normal;display: inline !important;float: none\">Condi\u00e7\u00e3o:<\/span><br style=\"padding: 0px;margin: 0px;font-family: arial, helvetica, sans-serif;font-size: 16px;font-style: normal;font-weight: 400;letter-spacing: normal;text-align: start;text-indent: 0px;text-transform: none;white-space: normal\"> <span style=\"font-family: arial, helvetica, sans-serif;font-size: 16px;font-style: normal;font-weight: 400;letter-spacing: normal;text-align: start;text-indent: 0px;text-transform: none;white-space: normal;display: inline !important;float: none\">-Leve e dur\u00e1vel.<\/span><br style=\"padding: 0px;margin: 0px;font-family: arial, helvetica, sans-serif;font-size: 16px;font-style: normal;font-weight: 400;letter-spacing: normal;text-align: start;text-indent: 0px;text-transform: none;white-space: normal\"> <span style=\"font-family: arial, helvetica, sans-serif;font-size: 16px;font-style: normal;font-weight: 400;letter-spacing: normal;text-align: start;text-indent: 0px;text-transform: none;white-space: normal;display: inline !important;float: none\">-ABS de excelente qualidade.<\/span><br style=\"padding: 0px;margin: 0px;font-family: arial, helvetica, sans-serif;font-size: 16px;font-style: normal;font-weight: 400;letter-spacing: normal;text-align: start;text-indent: 0px;text-transform: none;white-space: normal\"> <span style=\"font-family: arial, helvetica, sans-serif;font-size: 16px;font-style: normal;font-weight: 400;letter-spacing: normal;text-align: start;text-indent: 0px;text-transform: none;white-space: normal;display: inline !important;float: none\">-Um substituto p\u00f3s-venda perfeito.<\/span><br style=\"padding: 0px;margin: 0px;font-family: arial, helvetica, sans-serif;font-size: 16px;font-style: normal;font-weight: 400;letter-spacing: normal;text-align: start;text-indent: 0px;text-transform: none;white-space: normal\"> <span style=\"font-family: arial, helvetica, sans-serif;font-size: 16px;font-style: normal;font-weight: 400;letter-spacing: normal;text-align: start;text-indent: 0px;text-transform: none;white-space: normal;display: inline !important;float: none\">-A instala\u00e7\u00e3o profissional \u00e9 recomendada.<\/span><br style=\"padding: 0px;margin: 0px;font-family: arial, helvetica, sans-serif;font-size: 16px;font-style: normal;font-weight: 400;letter-spacing: normal;text-align: start;text-indent: 0px;text-transform: none;white-space: normal\"> <br style=\"padding: 0px;margin: 0px;font-family: arial, helvetica, sans-serif;font-size: 16px;font-style: normal;font-weight: 400;letter-spacing: normal;text-align: start;text-indent: 0px;text-transform: none;white-space: normal\"> <span style=\"font-family: arial, helvetica, sans-serif;font-size: 16px;font-style: normal;font-weight: 400;letter-spacing: normal;text-align: start;text-indent: 0px;text-transform: none;white-space: normal;display: inline !important;float: none\">Especifica\u00e7\u00e3o:<\/span><br style=\"padding: 0px;margin: 0px;font-family: arial, helvetica, sans-serif;font-size: 16px;font-style: normal;font-weight: 400;letter-spacing: normal;text-align: start;text-indent: 0px;text-transform: none;white-space: normal\"> <span style=\"font-family: arial, helvetica, sans-serif;font-size: 16px;font-style: normal;font-weight: 400;letter-spacing: normal;text-align: start;text-indent: 0px;text-transform: none;white-space: normal;display: inline !important;float: none\">-Cor: preto brilhante<\/span><br style=\"padding: 0px;margin: 0px;font-family: arial, helvetica, sans-serif;font-size: 16px;font-style: normal;font-weight: 400;letter-spacing: normal;text-align: start;text-indent: 0px;text-transform: none;white-space: normal\"> <span style=\"font-family: arial, helvetica, sans-serif;font-size: 16px;font-style: normal;font-weight: 400;letter-spacing: normal;text-align: start;text-indent: 0px;text-transform: none;white-space: normal;display: inline !important;float: none\">-Material: Pl\u00e1stico ABS<\/span><br style=\"padding: 0px;margin: 0px;font-family: arial, helvetica, sans-serif;font-size: 16px;font-style: normal;font-weight: 400;letter-spacing: normal;text-align: start;text-indent: 0px;text-transform: none;white-space: normal\"> <span style=\"font-family: arial, helvetica, sans-serif;font-size: 16px;font-style: normal;font-weight: 400;letter-spacing: normal;text-align: start;text-indent: 0px;text-transform: none;white-space: normal;display: inline !important;float: none\">-Coloca\u00e7\u00e3o no ve\u00edculo: dianteiro, esquerdo, direito<\/span><br style=\"padding: 0px;margin: 0px;font-family: arial, helvetica, sans-serif;font-size: 16px;font-style: normal;font-weight: 400;letter-spacing: normal;text-align: start;text-indent: 0px;text-transform: none;white-space: normal\"> <span style=\"font-family: arial, helvetica, sans-serif;font-size: 16px;font-style: normal;font-weight: 400;letter-spacing: normal;text-align: start;text-indent: 0px;text-transform: none;white-space: normal;display: inline !important;float: none\">-Quantidade: 1 par (esquerda e direita)<\/span><br \/> <br style=\"padding: 0px;margin: 0px;font-family: arial, helvetica, sans-serif;font-size: 16px;font-style: normal;font-weight: 400;letter-spacing: normal;text-align: start;text-indent: 0px;text-transform: none;white-space: normal\"> <span style=\"font-family: arial, helvetica, sans-serif;font-size: 16px;font-style: normal;font-weight: 400;letter-spacing: normal;text-align: start;text-indent: 0px;text-transform: none;white-space: normal;display: inline !important;float: none\">Para BMW X1 E84 2010-2015<\/span><\/p>\n<p style=\"padding: 0px;margin: 0px;font-size: 14px;line-height: inherit;font-weight: 400;, sans-serif;font-style: normal;letter-spacing: normal;text-indent: 0px;text-transform: none;white-space: normal;text-align: left\"><img data-recalc-dims=\"1\" decoding=\"async\" src=\"https:\/\/i0.wp.com\/ae01.alicdn.com\/kf\/S4f72ba35da434baab7656fea16dfdeb6F.jpg?w=1200&#038;ssl=1\" style=\"padding: 0px;margin: 0px;border-style: none;vertical-align: middle;max-width: 100%\"><\/p>\n<p><span style=\"padding: 0px;margin: 0px;max-width: 100%;font-size: 14px;font-style: normal;font-weight: 400;letter-spacing: normal;text-align: start;text-indent: 0px;text-transform: none;white-space: normal;, Times, serif\"><span style=\"padding: 0px;margin: 0px;max-width: 100%;font-size: 26px\"><span style=\"padding: 0px;margin: 0px;max-width: 100%\"><span style=\"padding: 0px;margin: 0px;max-width: 100%;font-style: normal;font-weight: 400;letter-spacing: normal;text-align: start;text-indent: 0px;text-transform: none;white-space: normal;float: none;display: inline !important\">Obrigado por visitar nossa loja, confirme se as churrasqueiras do seu carro s\u00e3o iguais \u00e0s da imagem antes de comprar.Se for diferente, entre em contato com nosso atendimento ao cliente.Obrigado.<br \/> <img data-recalc-dims=\"1\" decoding=\"async\" src=\"https:\/\/i0.wp.com\/ae01.alicdn.com\/kf\/S0a262ec4b8f8446b8a22f9754c638b310.jpg?w=1200&#038;ssl=1\"><img data-recalc-dims=\"1\" decoding=\"async\" src=\"https:\/\/i0.wp.com\/ae01.alicdn.com\/kf\/Sabf874e12f7e429a91442fadde3e99e6h.jpg?w=1200&#038;ssl=1\"><img data-recalc-dims=\"1\" decoding=\"async\" src=\"https:\/\/i0.wp.com\/ae01.alicdn.com\/kf\/S9c6de36d448f4e2b82cfc1f45a825aeeZ.jpg?w=1200&#038;ssl=1\"><img data-recalc-dims=\"1\" decoding=\"async\" src=\"https:\/\/i0.wp.com\/ae01.alicdn.com\/kf\/Sf58d88afdc1e4b8a8dc7f94c577741ceG.jpg?w=1200&#038;ssl=1\"><img data-recalc-dims=\"1\" decoding=\"async\" src=\"https:\/\/i0.wp.com\/ae01.alicdn.com\/kf\/Sf2188645c0064efdb5ef6555ba33a8d18.jpg?w=1200&#038;ssl=1\"><img data-recalc-dims=\"1\" decoding=\"async\" src=\"https:\/\/i0.wp.com\/ae01.alicdn.com\/kf\/S7d41d83dc7f943d7aeaacd81c72dfabe4.jpg?w=1200&#038;ssl=1\"><img data-recalc-dims=\"1\" decoding=\"async\" src=\"https:\/\/i0.wp.com\/ae01.alicdn.com\/kf\/S2ee9bfa15adb48269e2cbd4cb873f11b9.jpg?w=1200&#038;ssl=1\"><img data-recalc-dims=\"1\" decoding=\"async\" src=\"https:\/\/i0.wp.com\/ae01.alicdn.com\/kf\/Sba7250bab7f648faac9d1ccd730db704j.jpg?w=1200&#038;ssl=1\"><img data-recalc-dims=\"1\" decoding=\"async\" src=\"https:\/\/i0.wp.com\/ae01.alicdn.com\/kf\/Sb63da5a57f5d424c97c9855d9e28950dS.jpg?w=1200&#038;ssl=1\"><img data-recalc-dims=\"1\" decoding=\"async\" src=\"https:\/\/i0.wp.com\/ae01.alicdn.com\/kf\/S6f99e2df7a814f94a629911a2e314b734.jpg?w=1200&#038;ssl=1\"><img data-recalc-dims=\"1\" decoding=\"async\" src=\"https:\/\/i0.wp.com\/ae01.alicdn.com\/kf\/S12ed2b800b0d4d39b15313c35c12f415b.jpg?w=1200&#038;ssl=1\"><\/span><\/span><\/span><\/span><br \/> <span style=\", times, serif;font-size: 20px;font-style: normal;font-weight: 400;letter-spacing: normal;text-align: start;text-indent: 0px;text-transform: none;white-space: normal;display: inline !important;float: none\"><img data-recalc-dims=\"1\" decoding=\"async\" src=\"https:\/\/i0.wp.com\/ae01.alicdn.com\/kf\/Sdc2b0e96985d4d70a99983d39f23ea1dC.jpg?w=1200&#038;ssl=1\" style=\"padding: 0px;margin: 0px;border-style: none;vertical-align: middle;max-width: 100%;, sans-serif;font-style: normal;font-weight: 400;letter-spacing: normal;text-align: start;text-indent: 0px;text-transform: none;white-space: normal;font-size: 26px\"><br style=\"padding: 0px;margin: 0px;, sans-serif;font-style: normal;font-weight: 400;letter-spacing: normal;text-align: start;text-indent: 0px;text-transform: none;white-space: normal;font-size: 26px\"> <img data-recalc-dims=\"1\" decoding=\"async\" src=\"https:\/\/i0.wp.com\/ae01.alicdn.com\/kf\/S6786d390219f4caca137becb0601601bb.jpg?w=1200&#038;ssl=1\" style=\"padding: 0px;margin: 0px;border-style: none;vertical-align: middle;max-width: 100%;, sans-serif;font-style: normal;font-weight: 400;letter-spacing: normal;text-align: start;text-indent: 0px;text-transform: none;white-space: normal;font-size: 26px\"><span style=\", sans-serif;font-size: 14px;font-style: normal;font-weight: 400;letter-spacing: normal;text-align: start;text-indent: 0px;text-transform: none;white-space: normal;display: inline !important;float: none\"><\/span><\/span><\/p>\n<p data-spm-anchor-id=\"a2g0o.detail.1000023.i0.491b6d23K2hakt\" style=\"padding: 0px;margin: 0px;font-size: 14px;line-height: inherit;font-weight: 400;, sans-serif;font-style: normal;letter-spacing: normal;text-align: start;text-indent: 0px;text-transform: none;white-space: normal;display: block;width: 944px\"><span style=\"padding: 0px;margin: 0px;max-width: 100%;font-size: 26px\"><span style=\"padding: 0px;margin: 0px;max-width: 100%;, Times, serif\"><img data-recalc-dims=\"1\" decoding=\"async\" src=\"https:\/\/i0.wp.com\/ae01.alicdn.com\/kf\/S7d1843f5cd994e6f9162ae63dd7e423bB.jpg?w=1200&#038;ssl=1\" style=\"padding: 0px;margin: 0px;border-style: none;vertical-align: middle;max-width: 100%\"><br style=\"padding: 0px;margin: 0px\"> <img data-recalc-dims=\"1\" decoding=\"async\" src=\"https:\/\/i0.wp.com\/ae01.alicdn.com\/kf\/S773fedad8a1741668fe0ed3a0e44797ab.jpg?w=1200&#038;ssl=1\" style=\"padding: 0px;margin: 0px;border-style: none;vertical-align: middle;max-width: 100%;width: 800px\"><\/span><\/span><span style=\"padding: 0px;margin: 0px;max-width: 100%;, Times, serif\"><\/span><\/p>\n<p>  <span style=\"padding: 0px;margin: 0px;max-width: 100%;font-size: 14px;font-style: normal;font-weight: 400;letter-spacing: normal;text-align: start;text-indent: 0px;text-transform: none;white-space: normal;, Times, serif\"><span style=\"padding: 0px;margin: 0px;max-width: 100%;font-size: 26px\"><span style=\"padding: 0px;margin: 0px;max-width: 100%\"><span style=\"padding: 0px;margin: 0px;max-width: 100%;font-style: normal;font-weight: 400;letter-spacing: normal;text-align: start;text-indent: 0px;text-transform: none;white-space: normal;float: none;display: inline !important\"><span style=\"padding: 0px;margin: 0px;max-width: 100%\"><span style=\"padding: 0px;margin: 0px;max-width: 100%\"><\/span><\/span><\/span><\/span><\/span><\/span><br \/>\n  <span style=\", sans-serif;font-size: 14px;font-style: normal;font-weight: 400;letter-spacing: normal;text-align: start;text-indent: 0px;text-transform: none;white-space: normal;display: inline !important;float: none\"><\/span><br \/>\n  <span style=\"padding: 0px;margin: 0px;max-width: 100%;, sans-serif;font-size: 14px;font-style: normal;font-weight: 400;letter-spacing: normal;text-align: start;text-indent: 0px;text-transform: none;white-space: normal;float: none;display: inline !important\"><\/span><br \/>\n  <span style=\", sans-serif;font-size: 14px;font-style: normal;font-weight: 400;letter-spacing: normal;text-align: start;text-indent: 0px;text-transform: none;white-space: normal;display: inline !important;float: none\"><\/span> <\/p>\n<h2 data-spm-anchor-id=\"a2g0o.detail.1000023.i5.35bc7a51cfUkzl\" style=\"padding: 0px;margin: 0px 0px 0.75em;font-weight: 500;font-size: 20px;line-height: 30px;, sans-serif;font-style: normal;letter-spacing: normal;text-align: start;text-indent: 0px;text-transform: none;white-space: normal;border-width: 0px;border-style: initial;border-color: initial;vertical-align: baseline\"><span style=\"padding: 0px;margin: 0px;max-width: 100%;, Times, serif\">Envio:<\/span><\/h2>\n<p style=\"padding: 0px;margin: 0px;font-size: 14px;line-height: inherit;font-weight: 400;, sans-serif;font-style: normal;letter-spacing: normal;text-align: start;text-indent: 0px;text-transform: none;white-space: normal;border-width: 0px;border-style: initial;border-color: initial;vertical-align: baseline\"><span style=\"padding: 0px;margin: 0px;max-width: 100%;, Times, serif\">1.Enviamos para todo o mundo, exceto algumas \u00e1reas remotas.<\/span><\/p>\n<p style=\"padding: 0px;margin: 0px;font-size: 14px;line-height: inherit;font-weight: 400;, sans-serif;font-style: normal;letter-spacing: normal;text-align: start;text-indent: 0px;text-transform: none;white-space: normal;border-width: 0px;border-style: initial;border-color: initial;vertical-align: baseline\"><span style=\"padding: 0px;margin: 0px;max-width: 100%;, Times, serif\">2.Pedidos processados dentro de 24 a 48 horas ap\u00f3s a verifica\u00e7\u00e3o do pagamento.<\/span><\/p>\n<p style=\"padding: 0px;margin: 0px;font-size: 14px;line-height: inherit;font-weight: 400;, sans-serif;font-style: normal;letter-spacing: normal;text-align: start;text-indent: 0px;text-transform: none;white-space: normal;border-width: 0px;border-style: initial;border-color: initial;vertical-align: baseline\"><span style=\"padding: 0px;margin: 0px;max-width: 100%;, Times, serif\">3.Antes de comprar, verifique se seu endere\u00e7o est\u00e1 correto.Ou n\u00e3o, corrija antes do pagamento.<\/span><\/p>\n<p style=\"padding: 0px;margin: 0px;font-size: 14px;line-height: inherit;font-weight: 400;, sans-serif;font-style: normal;letter-spacing: normal;text-align: start;text-indent: 0px;text-transform: none;white-space: normal;border-width: 0px;border-style: initial;border-color: initial;vertical-align: baseline\"><span style=\"padding: 0px;margin: 0px;max-width: 100%;, Times, serif\">4.Se voc\u00ea n\u00e3o recebeu sua remessa dentro de 30 dias ap\u00f3s o pagamento, entre em contato conosco.Rastrearemos o envio e entraremos em contato com voc\u00ea o mais breve poss\u00edvel<\/span><\/p>\n<p style=\"padding: 0px;margin: 0px;font-size: 14px;line-height: inherit;font-weight: 400;, sans-serif;font-style: normal;letter-spacing: normal;text-align: start;text-indent: 0px;text-transform: none;white-space: normal;border-width: 0px;border-style: initial;border-color: initial;vertical-align: baseline\"><span style=\"padding: 0px;margin: 0px;max-width: 100%;, Times, serif\">o mais poss\u00edvel com uma resposta.Nosso objetivo \u00e9 a satisfa\u00e7\u00e3o do cliente!<\/span><\/p>\n<p style=\"padding: 0px;margin: 0px;font-size: 14px;line-height: inherit;font-weight: 400;, sans-serif;font-style: normal;letter-spacing: normal;text-align: start;text-indent: 0px;text-transform: none;white-space: normal;border-width: 0px;border-style: initial;border-color: initial;vertical-align: baseline\"><span style=\"padding: 0px;margin: 0px;max-width: 100%;, Times, serif\">5.Devido ao status do estoque e \u00e0s diferen\u00e7as de hor\u00e1rio, optaremos por enviar seu item do nosso primeiro armaz\u00e9m dispon\u00edvel para entrega r\u00e1pida.<\/span><\/p>\n<h2 style=\"padding: 0px;margin: 0px 0px 0.75em;font-weight: 500;font-size: 20px;line-height: 30px;, sans-serif;font-style: normal;letter-spacing: normal;text-align: start;text-indent: 0px;text-transform: none;white-space: normal;border-width: 0px;border-style: initial;border-color: initial;vertical-align: baseline\"><span style=\"padding: 0px;margin: 0px;max-width: 100%;, Times, serif\">Pagamento:<\/span><\/h2>\n<p style=\"padding: 0px;margin: 0px;font-size: 14px;line-height: inherit;font-weight: 400;, sans-serif;font-style: normal;letter-spacing: normal;text-align: start;text-indent: 0px;text-transform: none;white-space: normal;border-width: 0px;border-style: initial;border-color: initial;vertical-align: baseline\"><span style=\"padding: 0px;margin: 0px;max-width: 100%;, Times, serif\">1.Aceitamos Alipay.Todos os principais cart\u00f5es de cr\u00e9dito s\u00e3o aceitos atrav\u00e9s do COMPROMISSO seguro do processador de pagamento.<\/span><\/p>\n<p style=\"padding: 0px;margin: 0px;font-size: 14px;line-height: inherit;font-weight: 400;, sans-serif;font-style: normal;letter-spacing: normal;text-align: start;text-indent: 0px;text-transform: none;white-space: normal;border-width: 0px;border-style: initial;border-color: initial;vertical-align: baseline\"><span style=\"padding: 0px;margin: 0px;max-width: 100%;, Times, serif\">2.O pagamento deve ser feito dentro de 3 dias ap\u00f3s o pedido.<\/span><\/p>\n<p style=\"padding: 0px;margin: 0px;font-size: 14px;line-height: inherit;font-weight: 400;, sans-serif;font-style: normal;letter-spacing: normal;text-align: start;text-indent: 0px;text-transform: none;white-space: normal;border-width: 0px;border-style: initial;border-color: initial;vertical-align: baseline\"><span style=\"padding: 0px;margin: 0px;max-width: 100%;, Times, serif\">3.Se voc\u00ea puder finalizar a compra imediatamente ap\u00f3s o t\u00e9rmino do leil\u00e3o, aguarde alguns minutos e o novo pagamento de teste dever\u00e1 ser conclu\u00eddo dentro de 3 dias.<\/span><\/p>\n<h2 style=\"padding: 0px;margin: 0px 0px 0.75em;font-weight: 500;font-size: 20px;line-height: 30px;, sans-serif;font-style: normal;letter-spacing: normal;text-align: start;text-indent: 0px;text-transform: none;white-space: normal;border-width: 0px;border-style: initial;border-color: initial;vertical-align: baseline\"><span style=\"padding: 0px;margin: 0px;max-width: 100%;, Times, serif\">Garantia:<\/span><\/h2>\n<p data-spm-anchor-id=\"a2g0o.detail.1000023.i2.35bc7a51cfUkzl\" style=\"padding: 0px;margin: 0px;font-size: 14px;line-height: inherit;font-weight: 400;, sans-serif;font-style: normal;letter-spacing: normal;text-align: start;text-indent: 0px;text-transform: none;white-space: normal;border-width: 0px;border-style: initial;border-color: initial;vertical-align: baseline\"><span style=\"padding: 0px;margin: 0px;max-width: 100%;, Times, serif\">1.12 meses de garantia do fabricante.Compre com confian\u00e7a!<\/span><\/p>\n<p data-spm-anchor-id=\"a2g0o.detail.1000023.i3.35bc7a51cfUkzl\" style=\"padding: 0px;margin: 0px;font-size: 14px;line-height: inherit;font-weight: 400;, sans-serif;font-style: normal;letter-spacing: normal;text-align: start;text-indent: 0px;text-transform: none;white-space: normal;border-width: 0px;border-style: initial;border-color: initial;vertical-align: baseline\"><span style=\"padding: 0px;margin: 0px;max-width: 100%;, Times, serif\">2.Se voc\u00ea n\u00e3o ficar satisfeito ao receber seu item, devolva-o dentro de 30 dias para substitui\u00e7\u00e3o ou devolu\u00e7\u00e3o do dinheiro.Entre em contato comigo antes de devolv\u00ea-lo.<\/span><\/p>\n<p data-spm-anchor-id=\"a2g0o.detail.1000023.i1.35bc7a51cfUkzl\" style=\"padding: 0px;margin: 0px;font-size: 14px;line-height: inherit;font-weight: 400;, sans-serif;font-style: normal;letter-spacing: normal;text-align: start;text-indent: 0px;text-transform: none;white-space: normal;border-width: 0px;border-style: initial;border-color: initial;vertical-align: baseline\"><span style=\"padding: 0px;margin: 0px;max-width: 100%;, Times, serif\">3.Itens defeituosos DEVEM SER relatados e devolvidos dentro do per\u00edodo de garantia (e na embalagem original, se poss\u00edvel).Voc\u00ea deve nos informar qual \u00e9 o defeito e nos fornecer o n\u00famero do seu pedido.<\/span><\/p>\n<p data-spm-anchor-id=\"a2g0o.detail.1000023.i2.491b6d23K2hakt\" style=\"padding: 0px;margin: 0px;font-size: 14px;line-height: inherit;font-weight: 400;, sans-serif;font-style: normal;letter-spacing: normal;text-align: start;text-indent: 0px;text-transform: none;white-space: normal;border-width: 0px;border-style: initial;border-color: initial;vertical-align: baseline\"><span style=\"padding: 0px;margin: 0px;max-width: 100%;, Times, serif\">4. O frete de devolu\u00e7\u00e3o ser\u00e1 pago pelo Comprador.<\/span><\/p>\n<p><span style=\", times, serif;font-size: 20px;font-style: normal;font-weight: 400;letter-spacing: normal;text-align: start;text-indent: 0px;text-transform: none;white-space: normal;display: inline !important;float: none\"><\/span><\/p>\n<\/p><\/div>\n<\/div>\n<\/div>\n<\/div>\n<\/div>\n<\/div>\n","protected":false},"excerpt":{"rendered":"<p>Condi\u00e7\u00e3o: -Leve e dur\u00e1vel. -ABS de excelente qualidade. -Um substituto p\u00f3s-venda perfeito. -A instala\u00e7\u00e3o profissional \u00e9 recomendada. Especifica\u00e7\u00e3o: -Cor: preto brilhante -Material: Pl\u00e1stico ABS -Coloca\u00e7\u00e3o no ve\u00edculo: dianteiro, esquerdo, direito -Quantidade: 1 par (esquerda e direita) Para BMW X1 E84 2010-2015 Obrigado por visitar nossa loja, confirme se as churrasqueiras do seu carro s\u00e3o iguais&hellip;&nbsp;<\/p>\n","protected":false},"featured_media":30970,"template":"","meta":{"neve_meta_sidebar":"","neve_meta_container":"","neve_meta_enable_content_width":"","neve_meta_content_width":0,"neve_meta_title_alignment":"","neve_meta_author_avatar":"","neve_post_elements_order":"","neve_meta_disable_header":"","neve_meta_disable_footer":"","neve_meta_disable_title":""},"product_brand":[],"product_cat":[98,17,24],"product_tag":[],"class_list":{"0":"post-30976","1":"product","2":"type-product","3":"status-publish","4":"has-post-thumbnail","6":"product_cat-grades-frontais-para-corrida","7":"product_cat-pecas-e-acessorios-automotivos","8":"product_cat-pecas-externas","10":"first","11":"instock","12":"shipping-taxable","13":"purchasable","14":"product-type-variable","15":"has-default-attributes"},"jetpack_sharing_enabled":true,"_links":{"self":[{"href":"https:\/\/listman.shop\/autoparts-br\/wp-json\/wp\/v2\/product\/30976","targetHints":{"allow":["GET"]}}],"collection":[{"href":"https:\/\/listman.shop\/autoparts-br\/wp-json\/wp\/v2\/product"}],"about":[{"href":"https:\/\/listman.shop\/autoparts-br\/wp-json\/wp\/v2\/types\/product"}],"wp:featuredmedia":[{"embeddable":true,"href":"https:\/\/listman.shop\/autoparts-br\/wp-json\/wp\/v2\/media\/30970"}],"wp:attachment":[{"href":"https:\/\/listman.shop\/autoparts-br\/wp-json\/wp\/v2\/media?parent=30976"}],"wp:term":[{"taxonomy":"product_brand","embeddable":true,"href":"https:\/\/listman.shop\/autoparts-br\/wp-json\/wp\/v2\/product_brand?post=30976"},{"taxonomy":"product_cat","embeddable":true,"href":"https:\/\/listman.shop\/autoparts-br\/wp-json\/wp\/v2\/product_cat?post=30976"},{"taxonomy":"product_tag","embeddable":true,"href":"https:\/\/listman.shop\/autoparts-br\/wp-json\/wp\/v2\/product_tag?post=30976"}],"curies":[{"name":"wp","href":"https:\/\/api.w.org\/{rel}","templated":true}]}}