{"id":31191,"date":"2025-03-10T16:48:01","date_gmt":"2025-03-10T07:48:01","guid":{"rendered":"https:\/\/listman.shop\/autoparts-br\/product\/32429599060\/"},"modified":"2026-05-04T23:04:14","modified_gmt":"2026-05-04T14:04:14","slug":"32429599060","status":"publish","type":"product","link":"https:\/\/listman.shop\/autoparts-br\/product\/32429599060\/","title":{"rendered":"Para mercedes benz glk gl ml c classe w204 x204 x166 abs chrome porta do carro tigela capa guarni\u00e7\u00e3o acess\u00f3rios do carro"},"content":{"rendered":"<div class=\"detailmodule_html\">\n<div class=\"detail-desc-decorate-richtext\">\n<div class=\"detailmodule_text\">\n<p style=\"font-family:OpenSans;font-size:20px;font-weight:900;line-height:28px;white-space:pre-wrap;margin-bottom:12px\" class=\"detail-desc-decorate-title\" id=\"tl_1\">Para mercedes benz glk gl ml c classe w204 x204 x166 abs chrome tampa da tigela da porta do carro guarni&ccedil;&atilde;o acess&oacute;rios do carro<\/p>\n<\/div>\n<p id=\"tl_2\">Bem-vindo &agrave; nossa loja!<\/p>\n<p id=\"tl_3\">Todos os produtos s&atilde;o iguais &agrave;s fotos.<\/p>\n<p id=\"tl_4\">Somos uma f&aacute;brica de decora&ccedil;&atilde;o interior e exterior de autom&oacute;veis.Se voc&ecirc; &eacute; atacadista, entre em contato conosco, n&oacute;s lhe daremos o melhor pre&ccedil;o.Obrigado!Aproveite as compras!<\/p>\n<p id=\"tl_5\">Montagem do item:<\/p>\n<div class=\"detailmodule_text\">\n<p style=\"font-family:OpenSans;font-size:14px;font-weight:300;line-height:20px;white-space:pre-wrap;margin-bottom:12px\" class=\"detail-desc-decorate-content\" id=\"tl_6\">Adequado para Mercedes Benz Classe C W204 2010-2014<\/p>\n<\/div>\n<div class=\"detailmodule_text\">\n<p style=\"font-family:OpenSans;font-size:14px;font-weight:300;line-height:20px;white-space:pre-wrap;margin-bottom:12px\" class=\"detail-desc-decorate-content\" id=\"tl_7\">Adequado para Mercedes Benz ML 2012-2017<\/p>\n<\/div>\n<div class=\"detailmodule_text\">\n<p style=\"font-family:OpenSans;font-size:14px;font-weight:300;line-height:20px;white-space:pre-wrap;margin-bottom:12px\" class=\"detail-desc-decorate-content\" id=\"tl_8\">Adequado para Mercedes Benz GL X166 2013-2017<\/p>\n<\/div>\n<div class=\"detailmodule_text\">\n<p style=\"font-family:OpenSans;font-size:14px;font-weight:300;line-height:20px;white-space:pre-wrap;margin-bottom:12px\" class=\"detail-desc-decorate-content\" id=\"tl_9\">Adequado para Mercedes Benz GLK X204 2011-2014<\/p>\n<\/div>\n<p id=\"tl_10\">Descri&ccedil;&atilde;o do item:<\/p>\n<div class=\"detailmodule_text\">\n<p style=\"font-family:OpenSans;font-size:14px;font-weight:300;line-height:20px;white-space:pre-wrap;margin-bottom:12px\" class=\"detail-desc-decorate-content\" id=\"tl_11\">Item: guarni&ccedil;&atilde;o da tampa da tigela da porta<\/p>\n<\/div>\n<div class=\"detailmodule_text\">\n<p style=\"font-family:OpenSans;font-size:14px;font-weight:300;line-height:20px;white-space:pre-wrap;margin-bottom:12px\" class=\"detail-desc-decorate-content\" id=\"tl_12\">Condi&ccedil;&atilde;o: 100% novo com saco opp na caixa<\/p>\n<\/div>\n<div class=\"detailmodule_text\">\n<p style=\"font-family:OpenSans;font-size:14px;font-weight:300;line-height:20px;white-space:pre-wrap;margin-bottom:12px\" class=\"detail-desc-decorate-content\" id=\"tl_13\">Material: feito de ABS cromado de alta qualidade<\/p>\n<\/div>\n<div class=\"detailmodule_text\">\n<p style=\"font-family:OpenSans;font-size:14px;font-weight:300;line-height:20px;white-space:pre-wrap;margin-bottom:12px\" class=\"detail-desc-decorate-content\" id=\"tl_14\">Cor: Prata<\/p>\n<\/div>\n<div class=\"detailmodule_text\">\n<p style=\"font-family:OpenSans;font-size:14px;font-weight:300;line-height:20px;white-space:pre-wrap;margin-bottom:12px\" class=\"detail-desc-decorate-content\" id=\"tl_15\">O pacote inclui 4 pe&ccedil;as de acabamento de tigela de porta<\/p>\n<\/div>\n<div class=\"detailmodule_text\">\n<p style=\"font-family:OpenSans;font-size:14px;font-weight:300;line-height:20px;white-space:pre-wrap;margin-bottom:12px\" class=\"detail-desc-decorate-content\" id=\"tl_16\">Fabricado em uma f&aacute;brica ISO9001, de boa qualidade e exportado para todo o mundo<\/p>\n<\/div>\n<div class=\"detailmodule_text\">\n<p style=\"font-family:OpenSans;font-size:14px;font-weight:300;line-height:20px;white-space:pre-wrap;margin-bottom:12px\" class=\"detail-desc-decorate-content\" id=\"tl_17\">F&aacute;cil instala&ccedil;&atilde;o, aproveite o DIY, com adesivos 3M dupla face<\/p>\n<\/div>\n<p id=\"tl_18\">Aviso da R&uacute;ssia:<\/p>\n<p id=\"tl_19\">Devido &agrave; empresa expressa da R&uacute;ssia atualizar novos termos de entrega, cada destinat&aacute;rio deve ser nomeado em nome completo (o nome completo que inclui tr&ecirc;s palavras).Ent&atilde;o, por favor, deixe seu nome completo ao comprar a mercadoria.<\/p>\n<div class=\"detailmodule_image\">\n <img data-recalc-dims=\"1\" decoding=\"async\" class=\"detail-desc-decorate-image\" src=\"https:\/\/i0.wp.com\/ae01.alicdn.com\/kf\/S0a9867e912394724a013c520432193b0t.jpg?w=1200&#038;ssl=1\" \/><br \/>\n <img data-recalc-dims=\"1\" decoding=\"async\" class=\"detail-desc-decorate-image\" src=\"https:\/\/i0.wp.com\/ae01.alicdn.com\/kf\/S9bf129ef644e4119b9f39ee9eb53a317C.jpg?w=1200&#038;ssl=1\" \/><br \/>\n <img data-recalc-dims=\"1\" decoding=\"async\" class=\"detail-desc-decorate-image\" src=\"https:\/\/i0.wp.com\/ae01.alicdn.com\/kf\/S9abf6f7bd8ec4d18b9fd5a0a805b8aad5.jpg?w=1200&#038;ssl=1\" \/><br \/>\n <img data-recalc-dims=\"1\" decoding=\"async\" class=\"detail-desc-decorate-image\" src=\"https:\/\/i0.wp.com\/ae01.alicdn.com\/kf\/S9a4a462723c0418dbac3f08d966c5ca1i.jpg?w=1200&#038;ssl=1\" \/><br \/>\n <img data-recalc-dims=\"1\" decoding=\"async\" class=\"detail-desc-decorate-image\" src=\"https:\/\/i0.wp.com\/ae01.alicdn.com\/kf\/S7dff4094a6c14e08b4a53b9aaf6cd353Z.jpg?w=1200&#038;ssl=1\" \/><br \/>\n <img data-recalc-dims=\"1\" decoding=\"async\" class=\"detail-desc-decorate-image\" src=\"https:\/\/i0.wp.com\/ae01.alicdn.com\/kf\/Se3ad37189b0649cfb66211d062c3c4c4w.jpg?w=1200&#038;ssl=1\" \/><br \/>\n <img data-recalc-dims=\"1\" decoding=\"async\" class=\"detail-desc-decorate-image\" src=\"https:\/\/i0.wp.com\/ae01.alicdn.com\/kf\/S05e0b091e06c4102be98128d2540f626T.jpg?w=1200&#038;ssl=1\" \/><br \/>\n <img data-recalc-dims=\"1\" decoding=\"async\" class=\"detail-desc-decorate-image\" src=\"https:\/\/i0.wp.com\/ae01.alicdn.com\/kf\/Sa7bfe17441394d8695321d9ffe30b009O.jpg?w=1200&#038;ssl=1\" \/><br \/>\n <img data-recalc-dims=\"1\" decoding=\"async\" class=\"detail-desc-decorate-image\" src=\"https:\/\/i0.wp.com\/ae01.alicdn.com\/kf\/S35c5a9a2a6d8440f9d3a09fd3da110afC.jpg?w=1200&#038;ssl=1\" \/><br \/>\n <img data-recalc-dims=\"1\" decoding=\"async\" class=\"detail-desc-decorate-image\" src=\"https:\/\/i0.wp.com\/ae01.alicdn.com\/kf\/S7b9b7803c0334a8ab54a5ea2141b4d7a4.jpg?w=1200&#038;ssl=1\" \/>\n<\/div>\n<p id=\"tl_20\">Todos os nossos produtos est&atilde;o em estoque. Somos uma f&aacute;brica de acess&oacute;rios para autom&oacute;veis.Se voc&ecirc; &eacute; atacadista, podemos oferecer um pre&ccedil;o de atacado favor&aacute;vel de acordo com as quantidades do seu pedido.Sinceramente espero se tornar seu melhor fornecedor.<\/p>\n<p id=\"tl_21\">Envie os detalhes da sua consulta abaixo, clique em &quot;Enviar&quot; agora! &#8212; Ali<\/p>\n<p> <\/div>\n<\/div>\n","protected":false},"excerpt":{"rendered":"<p>Para mercedes benz glk gl ml c classe w204 x204 x166 abs chrome tampa da tigela da porta do carro guarni&ccedil;&atilde;o acess&oacute;rios do carro Bem-vindo &agrave; nossa loja! Todos os produtos s&atilde;o iguais &agrave;s fotos. Somos uma f&aacute;brica de decora&ccedil;&atilde;o interior e exterior de autom&oacute;veis.Se voc&ecirc; &eacute; atacadista, entre em contato conosco, n&oacute;s lhe daremos&hellip;&nbsp;<\/p>\n","protected":false},"featured_media":31185,"template":"","meta":{"neve_meta_sidebar":"","neve_meta_container":"","neve_meta_enable_content_width":"","neve_meta_content_width":0,"neve_meta_title_alignment":"","neve_meta_author_avatar":"","neve_post_elements_order":"","neve_meta_disable_header":"","neve_meta_disable_footer":"","neve_meta_disable_title":""},"product_brand":[],"product_cat":[54,17,24],"product_tag":[],"class_list":{"0":"post-31191","1":"product","2":"type-product","3":"status-publish","4":"has-post-thumbnail","6":"product_cat-detalhamento-em-cromo","7":"product_cat-pecas-e-acessorios-automotivos","8":"product_cat-pecas-externas","10":"first","11":"instock","12":"shipping-taxable","13":"purchasable","14":"product-type-variable","15":"has-default-attributes"},"jetpack_sharing_enabled":true,"_links":{"self":[{"href":"https:\/\/listman.shop\/autoparts-br\/wp-json\/wp\/v2\/product\/31191","targetHints":{"allow":["GET"]}}],"collection":[{"href":"https:\/\/listman.shop\/autoparts-br\/wp-json\/wp\/v2\/product"}],"about":[{"href":"https:\/\/listman.shop\/autoparts-br\/wp-json\/wp\/v2\/types\/product"}],"wp:featuredmedia":[{"embeddable":true,"href":"https:\/\/listman.shop\/autoparts-br\/wp-json\/wp\/v2\/media\/31185"}],"wp:attachment":[{"href":"https:\/\/listman.shop\/autoparts-br\/wp-json\/wp\/v2\/media?parent=31191"}],"wp:term":[{"taxonomy":"product_brand","embeddable":true,"href":"https:\/\/listman.shop\/autoparts-br\/wp-json\/wp\/v2\/product_brand?post=31191"},{"taxonomy":"product_cat","embeddable":true,"href":"https:\/\/listman.shop\/autoparts-br\/wp-json\/wp\/v2\/product_cat?post=31191"},{"taxonomy":"product_tag","embeddable":true,"href":"https:\/\/listman.shop\/autoparts-br\/wp-json\/wp\/v2\/product_tag?post=31191"}],"curies":[{"name":"wp","href":"https:\/\/api.w.org\/{rel}","templated":true}]}}