{"id":31344,"date":"2025-03-12T07:42:02","date_gmt":"2025-03-11T22:42:02","guid":{"rendered":"https:\/\/listman.shop\/autoparts-br\/product\/1005004769689273\/"},"modified":"2026-04-14T13:57:09","modified_gmt":"2026-04-14T04:57:09","slug":"1005004769689273","status":"publish","type":"product","link":"https:\/\/listman.shop\/autoparts-br\/product\/1005004769689273\/","title":{"rendered":"Conjunto de soquete de 5 pe\u00e7as para bombas de inje\u00e7\u00e3o de combust\u00edvel diesel Bosch VE Instalador removedor de bomba"},"content":{"rendered":"<div class=\"detailmodule_html\">\n<div class=\"detail-desc-decorate-richtext\">\n<p style=\"font-size:14px;font-weight:400;line-height:inherit;margin:0px;margin-bottom:0px;margin-top:0px;margin-left:0px;margin-right:0px;padding:0px;padding-bottom:0px;padding-top:0px;padding-left:0px;padding-right:0px\">\n<p style=\"font-size:14px;font-weight:400;line-height:inherit;margin:0px;margin-bottom:0px;margin-top:0px;margin-left:0px;margin-right:0px;padding:0px;padding-bottom:0px;padding-top:0px;padding-left:0px;padding-right:0px\"><img data-recalc-dims=\"1\" decoding=\"async\" src=\"https:\/\/i0.wp.com\/ae01.alicdn.com\/kf\/S182f0fd800554998b65d8fc6c245864d9.jpg?w=1200&#038;ssl=1\"><\/p>\n<div class=\"detailmodule_html\">\n<div class=\"detail-desc-decorate-richtext\">\n<p><strong><span style=\"font-size:18px\">DESCRI\u00c7\u00c3O<\/span><\/strong><\/p>\n<ul>\n<li>\n<p>Ferramenta obrigat\u00f3ria para remover a bomba diesel: Use ao soltar e remover os parafusos de cabe\u00e7a triangular na bomba de inje\u00e7\u00e3o<\/p>\n<\/li>\n<li>\n<p>Aplica\u00e7\u00e3o: Compat\u00edvel com Bosch TDi VE VP EDC TDI VP37, Compat\u00edvel com VAG VW diesel, Substitui\u00e7\u00e3o para AUDI Skoda Seat Tdi<\/p>\n<\/li>\n<li>\n<p>Especifica\u00e7\u00e3o: 1 unidade 6.Soquete triangular de 5mm compat\u00edvel com Bosch da CR;1 unidade 7.Soquete triangular de 5mm para parafusos de tampa superior compat\u00edvel com Bosch TDI;Soquete de 1 unidade de 10 mm para encaixe de press\u00e3o compat\u00edvel com Bosch VE;Soquete de 13mm de 1 unidade para alavanca de controle de parafusos de rolamento compat\u00edvel com Bosch VE;Tomada de 26mm de 1 unidade para plugue de fechamento central compat\u00edvel com Bosch VE<\/p>\n<\/li>\n<li>\n<p>F\u00e1cil de armazenar: o conjunto de soquete da bomba de combust\u00edvel diesel de 5 unidades vem com uma caixa, tornando o transporte e o armazenamento mais convenientes<\/p>\n<\/li>\n<li>\n<p>Material: Feito de material mental de alta qualidade, sua estrutura \u00e9 muito est\u00e1vel e n\u00e3o \u00e9 facilmente danificada<\/p>\n<\/li>\n<\/ul>\n<\/div>\n<\/div>\n<p style=\"font-size:14px;font-weight:400;line-height:inherit;margin:0px;margin-bottom:0px;margin-top:0px;margin-left:0px;margin-right:0px;padding:0px;padding-bottom:0px;padding-top:0px;padding-left:0px;padding-right:0px\"><img data-recalc-dims=\"1\" decoding=\"async\" src=\"https:\/\/i0.wp.com\/ae01.alicdn.com\/kf\/Sd9540e411a65476b90a6e71b1de8078dZ.jpg?w=1200&#038;ssl=1\"><img data-recalc-dims=\"1\" decoding=\"async\" src=\"https:\/\/i0.wp.com\/ae01.alicdn.com\/kf\/Sa9764130a13245009fad358fdaf7e060r.jpg?w=1200&#038;ssl=1\"><img data-recalc-dims=\"1\" decoding=\"async\" src=\"https:\/\/i0.wp.com\/ae01.alicdn.com\/kf\/S665e33a845354b5991cfef48c0e8ec86S.jpg?w=1200&#038;ssl=1\"><img data-recalc-dims=\"1\" decoding=\"async\" src=\"https:\/\/i0.wp.com\/ae01.alicdn.com\/kf\/Sac66689cba2e403b8f1ee112da0e6b8ay.jpg?w=1200&#038;ssl=1\"><img data-recalc-dims=\"1\" decoding=\"async\" src=\"https:\/\/i0.wp.com\/ae01.alicdn.com\/kf\/S6ef7f80ece4c45adb4815cbbc5fe95b3l.jpg?w=1200&#038;ssl=1\"><img data-recalc-dims=\"1\" decoding=\"async\" src=\"https:\/\/i0.wp.com\/ae01.alicdn.com\/kf\/S872a5467f10e4226ba51792c0d5ab5307.jpg?w=1200&#038;ssl=1\"><\/p>\n<\/div>\n<\/div>\n","protected":false},"excerpt":{"rendered":"<p>DESCRI\u00c7\u00c3O Ferramenta obrigat\u00f3ria para remover a bomba diesel: Use ao soltar e remover os parafusos de cabe\u00e7a triangular na bomba de inje\u00e7\u00e3o Aplica\u00e7\u00e3o: Compat\u00edvel com Bosch TDi VE VP EDC TDI VP37, Compat\u00edvel com VAG VW diesel, Substitui\u00e7\u00e3o para AUDI Skoda Seat Tdi Especifica\u00e7\u00e3o: 1 unidade 6.Soquete triangular de 5mm compat\u00edvel com Bosch da CR;1&hellip;&nbsp;<\/p>\n","protected":false},"featured_media":31338,"template":"","meta":{"neve_meta_sidebar":"","neve_meta_container":"","neve_meta_enable_content_width":"","neve_meta_content_width":0,"neve_meta_title_alignment":"","neve_meta_author_avatar":"","neve_post_elements_order":"","neve_meta_disable_header":"","neve_meta_disable_footer":"","neve_meta_disable_title":""},"product_brand":[],"product_cat":[197,201,17],"product_tag":[],"class_list":{"0":"post-31344","1":"product","2":"type-product","3":"status-publish","4":"has-post-thumbnail","6":"product_cat-ferramentas-de-manutencao-de-automoveis","7":"product_cat-ferramentas-de-mecanico-de-brinquedo-ferramentas-de-manutencao-de-automoveis","8":"product_cat-pecas-e-acessorios-automotivos","10":"first","11":"instock","12":"shipping-taxable","13":"purchasable","14":"product-type-variable","15":"has-default-attributes"},"jetpack_sharing_enabled":true,"_links":{"self":[{"href":"https:\/\/listman.shop\/autoparts-br\/wp-json\/wp\/v2\/product\/31344","targetHints":{"allow":["GET"]}}],"collection":[{"href":"https:\/\/listman.shop\/autoparts-br\/wp-json\/wp\/v2\/product"}],"about":[{"href":"https:\/\/listman.shop\/autoparts-br\/wp-json\/wp\/v2\/types\/product"}],"wp:featuredmedia":[{"embeddable":true,"href":"https:\/\/listman.shop\/autoparts-br\/wp-json\/wp\/v2\/media\/31338"}],"wp:attachment":[{"href":"https:\/\/listman.shop\/autoparts-br\/wp-json\/wp\/v2\/media?parent=31344"}],"wp:term":[{"taxonomy":"product_brand","embeddable":true,"href":"https:\/\/listman.shop\/autoparts-br\/wp-json\/wp\/v2\/product_brand?post=31344"},{"taxonomy":"product_cat","embeddable":true,"href":"https:\/\/listman.shop\/autoparts-br\/wp-json\/wp\/v2\/product_cat?post=31344"},{"taxonomy":"product_tag","embeddable":true,"href":"https:\/\/listman.shop\/autoparts-br\/wp-json\/wp\/v2\/product_tag?post=31344"}],"curies":[{"name":"wp","href":"https:\/\/api.w.org\/{rel}","templated":true}]}}