{"id":31497,"date":"2025-03-12T07:47:30","date_gmt":"2025-03-11T22:47:30","guid":{"rendered":"https:\/\/listman.shop\/autoparts-br\/product\/1005005575713341\/"},"modified":"2026-04-04T13:54:09","modified_gmt":"2026-04-04T04:54:09","slug":"1005005575713341","status":"publish","type":"product","link":"https:\/\/listman.shop\/autoparts-br\/product\/1005005575713341\/","title":{"rendered":"Nova caixa de fuga para carro, obdii obd, detector de protocolo de carro, interface obd2, monitor de carro com caixa de pino"},"content":{"rendered":"<div class=\"detailmodule_html\">\n<div class=\"detail-desc-decorate-richtext\">\n<p><\/p>\n<p><span style=\"font-size:22px;font-family:Arial, Helvetica, sans-serif\">Caixa de teste CAN e ferramenta de verifica\u00e7\u00e3o OBD do detector de protocolo<\/span><\/p>\n<p><span><strong><span style=\"font-size:18px\"><span style=\", times, serif\">Uma capa BreakBox cinco fun\u00e7\u00f5es<\/span><\/span><\/strong><\/span><\/p>\n<p><\/p>\n<p style=\", sans-serif;font-size:14px;font-weight:400;letter-spacing:normal;line-height:inherit;text-align:start;white-space:normal;margin:0px;margin-bottom:0px;margin-top:0px;margin-left:0px;margin-right:0px;padding:0px 0px 0px 0em;padding-bottom:0px;padding-top:0px;padding-right:0px\" align=\"start\"><span style=\"font-size:18px\"><span style=\", times, serif\"><span>1.Linha de extens\u00e3o OBD2 Macho para F\u00eamea:<\/span><\/span><\/span><\/p>\n<p style=\", sans-serif;font-size:14px;font-weight:400;letter-spacing:normal;line-height:inherit;text-align:start;white-space:normal;margin:0px;margin-bottom:0px;margin-top:0px;margin-left:0px;margin-right:0px;padding:0px 0px 0px 0em;padding-bottom:0px;padding-top:0px;padding-right:0px\" align=\"start\"><span style=\"font-size:18px;, times, serif\">O comprimento \u00e9 de 1,5 metros da linha que pode ser conectado entre o conector de link de diagn\u00f3stico (DLC) e a ferramenta de verifica\u00e7\u00e3o.<\/span><\/p>\n<p><\/p>\n<p style=\", sans-serif;font-size:14px;font-weight:400;letter-spacing:normal;line-height:inherit;text-align:start;white-space:normal;margin:0px;margin-bottom:0px;margin-top:0px;margin-left:0px;margin-right:0px;padding:0px 0px 0px 0em;padding-bottom:0px;padding-top:0px;padding-right:0px\" align=\"start\"><span style=\"font-size:18px\"><span style=\", times, serif\"><span>2.TODAS as breakout de sinal OBD com soquete Banana de 4 mm:<\/span><\/span><\/span><\/p>\n<p style=\", sans-serif;font-size:14px;font-weight:400;letter-spacing:normal;line-height:inherit;text-align:start;white-space:normal;margin:0px;margin-bottom:0px;margin-top:0px;margin-left:0px;margin-right:0px;padding:0px 0px 0px 0em;padding-bottom:0px;padding-top:0px;padding-right:0px\" align=\"start\"><span style=\"font-size:18px;, times, serif\">Dezesseis soquetes banana de 4 mm de alta qualidade comutam todo o sinal OBD para facilitar a conex\u00e3o de um mult\u00edmetro ou oscilosc\u00f3pio para an\u00e1lise detalhada do sinal.<\/span><\/p>\n<p><\/p>\n<p style=\", sans-serif;font-size:14px;font-weight:400;letter-spacing:normal;line-height:inherit;text-align:start;white-space:normal;margin:0px;margin-bottom:0px;margin-top:0px;margin-left:0px;margin-right:0px;padding:0px 0px 0px 0em;padding-bottom:0px;padding-top:0px;padding-right:0px\" align=\"start\"><span style=\"font-size:18px\"><span style=\", times, serif\"><span>3.Detec\u00e7\u00e3o de sinal OBD:<\/span><\/span><\/span><\/p>\n<p style=\", sans-serif;font-size:14px;font-weight:400;letter-spacing:normal;line-height:inherit;text-align:start;white-space:normal;margin:0px;margin-bottom:0px;margin-top:0px;margin-left:0px;margin-right:0px;padding:0px 0px 0px 0em;padding-bottom:0px;padding-top:0px;padding-right:0px\" align=\"start\"><span style=\"font-size:18px;, times, serif\">Dezesseis luzes LED detectam o sinal OBD.Leds na detec\u00e7\u00e3o de sinal de exibi\u00e7\u00e3o pin-out, Leds piscantes<\/span><\/p>\n<p style=\", sans-serif;font-size:14px;font-weight:400;letter-spacing:normal;line-height:inherit;text-align:start;white-space:normal;margin:0px;margin-bottom:0px;margin-top:0px;margin-left:0px;margin-right:0px;padding:0px 0px 0px 0em;padding-bottom:0px;padding-top:0px;padding-right:0px\" align=\"start\"><span style=\"font-size:18px;, times, serif\">para atividade ECU, o led pode detectar PWM (J1850) VPW (J1850) ISO 9141-2,DIS\/ISO 14230-4 (carro de 12V e diesel de 24V)B\u00f4nibus CAN (J-2284) (SAEJ1939) Sinal de alimenta\u00e7\u00e3o e sinal de aterramento.<\/span><\/p>\n<p><\/p>\n<p style=\", sans-serif;font-size:14px;font-weight:400;letter-spacing:normal;line-height:inherit;text-align:start;white-space:normal;margin:0px;margin-bottom:0px;margin-top:0px;margin-left:0px;margin-right:0px;padding:0px 0px 0px 0em;padding-bottom:0px;padding-top:0px;padding-right:0px\" align=\"start\"><span style=\"font-size:18px\"><span style=\", times, serif\"><span>4.Monitor de tens\u00e3o da bateria:<\/span><\/span><\/span><\/p>\n<p style=\", sans-serif;font-size:14px;font-weight:400;letter-spacing:normal;line-height:inherit;text-align:start;white-space:normal;margin:0px;margin-bottom:0px;margin-top:0px;margin-left:0px;margin-right:0px;padding:0px 0px 0px 0em;padding-bottom:0px;padding-top:0px;padding-right:0px\" align=\"start\"><span style=\"font-size:18px;, times, serif\">LED azul de 3 d\u00edgitos (resolu\u00e7\u00e3o: 0.1 V) O volt\u00edmetro pode exibir num\u00e9rico cont\u00ednuo de tens\u00e3o, faixa de medi\u00e7\u00e3o de 8-30 V.Portanto, a BOX n\u00e3o s\u00f3 pode detectar o sinal do carro, mas tamb\u00e9m pode detectar alguns sinais de diesel, por exemplo, o diesel da linha L K e do barramento CAN (SAEJ1939)<\/span><\/p>\n<p><\/p>\n<p style=\", sans-serif;font-size:14px;font-weight:400;letter-spacing:normal;line-height:inherit;text-align:start;white-space:normal;margin:0px;margin-bottom:0px;margin-top:0px;margin-left:0px;margin-right:0px;padding:0px 0px 0px 0em;padding-bottom:0px;padding-top:0px;padding-right:0px\" align=\"start\"><span style=\"font-size:18px\"><span style=\", times, serif\"><span>5. com fun\u00e7\u00e3o de lanterna do conector OBD:<\/span><\/span><\/span><\/p>\n<p style=\", sans-serif;font-size:14px;font-weight:400;letter-spacing:normal;line-height:inherit;text-align:start;white-space:normal;margin:0px;margin-bottom:0px;margin-top:0px;margin-left:0px;margin-right:0px;padding:0px 0px 0px 0em;padding-bottom:0px;padding-top:0px;padding-right:0px\" align=\"start\"><span style=\"font-size:18px;, times, serif\">O conector macho OBD com fun\u00e7\u00e3o de lanterna e bot\u00e3o, ao operar no escuro a lanterna ser\u00e1 muito \u00fatil<\/span><\/p>\n<p><\/p>\n<p style=\"text-align:left;margin-left:10.65pt\" align=\"left\"><img data-recalc-dims=\"1\" decoding=\"async\" src=\"https:\/\/i0.wp.com\/ae01.alicdn.com\/kf\/H85c13ec4411f4daba325455bdd0fd078t.png?w=1200&#038;ssl=1\"><img data-recalc-dims=\"1\" decoding=\"async\" src=\"https:\/\/i0.wp.com\/ae01.alicdn.com\/kf\/H86c15ebd1a464519a4801772c72117a4Q.png?w=1200&#038;ssl=1\"><br \/><img data-recalc-dims=\"1\" decoding=\"async\" src=\"https:\/\/i0.wp.com\/ae01.alicdn.com\/kf\/He2daa92426624aa697a65d09b86bdcf1Q.jpg?w=1200&#038;ssl=1\"><img data-recalc-dims=\"1\" decoding=\"async\" src=\"https:\/\/i0.wp.com\/ae01.alicdn.com\/kf\/Hb36058d38aba4ef8b173d3aded7ddf5eD.jpg?w=1200&#038;ssl=1\"><img data-recalc-dims=\"1\" decoding=\"async\" src=\"https:\/\/i0.wp.com\/ae01.alicdn.com\/kf\/Hb8ff90e8bff34829b89f547d88e3567a0.jpg?w=1200&#038;ssl=1\"><img data-recalc-dims=\"1\" decoding=\"async\" src=\"https:\/\/i0.wp.com\/ae01.alicdn.com\/kf\/H6699fc2aa9be419b8c34a920256f01e9n.jpg?w=1200&#038;ssl=1\"><img data-recalc-dims=\"1\" decoding=\"async\" src=\"https:\/\/i0.wp.com\/g02.a.alicdn.com\/kf\/Hc3a983a65bda461da59114ca2d35aaf2u.jpg?w=1200\"><br \/><img data-recalc-dims=\"1\" decoding=\"async\" src=\"https:\/\/i0.wp.com\/g02.a.alicdn.com\/kf\/H1959740873df44ad9e3511f026463538L.jpg?w=1200\"><img data-recalc-dims=\"1\" decoding=\"async\" src=\"https:\/\/i0.wp.com\/ae01.alicdn.com\/kf\/H4c257cd5a1f6426893f4b01af69a0e94x.jpg?w=1200\"><img data-recalc-dims=\"1\" decoding=\"async\" src=\"https:\/\/i0.wp.com\/ae01.alicdn.com\/kf\/Hf139703593864b0da15e8bb95565f750J.jpg?w=1200\"><img data-recalc-dims=\"1\" decoding=\"async\" src=\"https:\/\/i0.wp.com\/ae01.alicdn.com\/kf\/H404b9833931540e2b907bd11b4cde2dfj.jpg?w=1200\"><\/p>\n<p><\/p>\n<\/div>\n<\/div>\n","protected":false},"excerpt":{"rendered":"<p>Caixa de teste CAN e ferramenta de verifica\u00e7\u00e3o OBD do detector de protocolo Uma capa BreakBox cinco fun\u00e7\u00f5es 1.Linha de extens\u00e3o OBD2 Macho para F\u00eamea: O comprimento \u00e9 de 1,5 metros da linha que pode ser conectado entre o conector de link de diagn\u00f3stico (DLC) e a ferramenta de verifica\u00e7\u00e3o. 2.TODAS as breakout de sinal&hellip;&nbsp;<\/p>\n","protected":false},"featured_media":31491,"template":"","meta":{"neve_meta_sidebar":"","neve_meta_container":"","neve_meta_enable_content_width":"","neve_meta_content_width":0,"neve_meta_title_alignment":"","neve_meta_author_avatar":"","neve_post_elements_order":"","neve_meta_disable_header":"","neve_meta_disable_footer":"","neve_meta_disable_title":""},"product_brand":[],"product_cat":[46,18,17],"product_tag":[],"class_list":{"0":"post-31497","1":"product","2":"type-product","3":"status-publish","4":"has-post-thumbnail","6":"product_cat-ferramentas-de-diagnostico","7":"product_cat-ferramentas-de-reparo-automotivo","8":"product_cat-pecas-e-acessorios-automotivos","10":"first","11":"outofstock","12":"shipping-taxable","13":"purchasable","14":"product-type-variable","15":"has-default-attributes"},"jetpack_sharing_enabled":true,"_links":{"self":[{"href":"https:\/\/listman.shop\/autoparts-br\/wp-json\/wp\/v2\/product\/31497","targetHints":{"allow":["GET"]}}],"collection":[{"href":"https:\/\/listman.shop\/autoparts-br\/wp-json\/wp\/v2\/product"}],"about":[{"href":"https:\/\/listman.shop\/autoparts-br\/wp-json\/wp\/v2\/types\/product"}],"wp:featuredmedia":[{"embeddable":true,"href":"https:\/\/listman.shop\/autoparts-br\/wp-json\/wp\/v2\/media\/31491"}],"wp:attachment":[{"href":"https:\/\/listman.shop\/autoparts-br\/wp-json\/wp\/v2\/media?parent=31497"}],"wp:term":[{"taxonomy":"product_brand","embeddable":true,"href":"https:\/\/listman.shop\/autoparts-br\/wp-json\/wp\/v2\/product_brand?post=31497"},{"taxonomy":"product_cat","embeddable":true,"href":"https:\/\/listman.shop\/autoparts-br\/wp-json\/wp\/v2\/product_cat?post=31497"},{"taxonomy":"product_tag","embeddable":true,"href":"https:\/\/listman.shop\/autoparts-br\/wp-json\/wp\/v2\/product_tag?post=31497"}],"curies":[{"name":"wp","href":"https:\/\/api.w.org\/{rel}","templated":true}]}}