{"id":31510,"date":"2025-03-12T07:47:52","date_gmt":"2025-03-11T22:47:52","guid":{"rendered":"https:\/\/listman.shop\/autoparts-br\/product\/1005005579690263\/"},"modified":"2026-04-14T13:27:37","modified_gmt":"2026-04-14T04:27:37","slug":"1005005579690263","status":"publish","type":"product","link":"https:\/\/listman.shop\/autoparts-br\/product\/1005005579690263\/","title":{"rendered":"Kit de ferramentas para remo\u00e7\u00e3o de terminal de carro, chicote de fios el\u00e9tricos, conector de crimpagem, extrator de pino, conjunto de gancho, alicate cortador de descascador de cabos"},"content":{"rendered":"<div class=\"detailmodule_html\">\n<div class=\"detail-desc-decorate-richtext\">\n<div class=\"detailmodule_text-image\"><img data-recalc-dims=\"1\" decoding=\"async\" class=\"detail-desc-decorate-image\" src=\"https:\/\/i0.wp.com\/ae01.alicdn.com\/kf\/S999aebfa3bfb4e2c86e7e80a1be0bbc95.jpg?w=1200&#038;ssl=1\"><\/div>\n<div class=\"detailmodule_text-image\">\n<p style=\"font-size:24px;font-weight:bold\">Kit de ferramentas manuais para reparo de autom\u00f3veis URMECCH<\/p>\n<p style=\"font-weight:bold\">Voc\u00ea pode compr\u00e1-lo separadamente!<\/p>\n<div><img data-recalc-dims=\"1\" decoding=\"async\" class=\"detail-desc-decorate-image\" src=\"https:\/\/i0.wp.com\/ae01.alicdn.com\/kf\/S54c6bfadc69640768263ace24d20bae44.jpg?w=1200&#038;ssl=1\"><\/div>\n<\/div>\n<div class=\"detailmodule_text-image\">\n<p style=\"font-size:24px;font-weight:bold\">1.Ferramenta de remo\u00e7\u00e3o de terminal<\/p>\n<p style=\"font-weight:bold\">\u3010F\u00e1cil de usar\u3011 A ferramenta el\u00e9trica de remo\u00e7\u00e3o de pinos \u00e9 f\u00e1cil de usar, basta empurrar e puxar os pinos do terminal com a ferramenta de remo\u00e7\u00e3o do conector para remo\u00e7\u00e3o sem esfor\u00e7o dos conectores do chicote de fios sem qualquer dano.A al\u00e7a O ring torna mais segura a opera\u00e7\u00e3o dos conectores dos pinos do terminal<br \/>\u3010Ampla aplica\u00e7\u00e3o \u3011Este conjunto de ferramenta de remo\u00e7\u00e3o de pinos el\u00e9tricos \u00e9 leve e de formato compacto, dividido em v\u00e1rios conjuntos port\u00e1teis, que podem ser usados em diferentes lugares, a ferramenta de extra\u00e7\u00e3o de fio \u00e9 perfeita para carros, motocicletas, eletrodom\u00e9sticos e outros dispositivos eletr\u00f4nicos<\/p>\n<div><img data-recalc-dims=\"1\" decoding=\"async\" class=\"detail-desc-decorate-image\" src=\"https:\/\/i0.wp.com\/ae01.alicdn.com\/kf\/S24433429becb47abba4945094830c63eW.jpg?w=1200&#038;ssl=1\"><\/div>\n<\/div>\n<div class=\"detailmodule_text-image\">\n<div><\/div>\n<p style=\"font-size:24px;font-weight:bold\">KIT de ferramenta de remo\u00e7\u00e3o de pinos<\/p>\n<p style=\"font-size:24px;font-weight:bold\"><img data-recalc-dims=\"1\" decoding=\"async\" src=\"https:\/\/i0.wp.com\/ae01.alicdn.com\/kf\/S37a67f7616894581b919980017ecf3d8S.jpg?w=1200&#038;ssl=1\"><\/p>\n<div><img data-recalc-dims=\"1\" decoding=\"async\" style=\"margin-bottom:10px\" class=\"detail-desc-decorate-image\" src=\"https:\/\/i0.wp.com\/ae01.alicdn.com\/kf\/S922c97e7edb240eda7f9cbf6d2906c29f.jpg?w=1200&#038;ssl=1\"><\/div>\n<\/div>\n<div class=\"detailmodule_text-image\">\n<p style=\"font-size:24px;font-weight:bold\">2.Conjunto de palheta e gancho de 4 unidades<\/p>\n<p style=\"font-weight:bold\">O CONJUNTO INCLUI 1 CADA gancho completo de 180 graus, picareta reta, picareta de 90 graus, sonda complexa<\/p>\n<div><img data-recalc-dims=\"1\" decoding=\"async\" class=\"detail-desc-decorate-image\" src=\"https:\/\/i0.wp.com\/ae01.alicdn.com\/kf\/S20833144fb1748c1a7519aeda5983d194.jpg?w=1200&#038;ssl=1\"><\/div>\n<\/div>\n<div class=\"detailmodule_text-image\">\n<p style=\"font-size:24px;font-weight:bold\">3.Alicate cortador de fio<\/p>\n<p style=\"font-weight:bold\">Caracter\u00edsticas:<br \/>1.100% de qualidade e novo,<br \/>2. tratamento de endurecimento de a\u00e7o carbono, garantia de qualidade,<br \/>3. fun\u00e7\u00e3o de recupera\u00e7\u00e3o autom\u00e1tica, confort\u00e1vel e conveniente de usar<br \/>4. peso leve, perfil fino e f\u00e1cil manuseio, al\u00e7as isoladas confort\u00e1veis para opera\u00e7\u00e3o<br \/>5. especial adequado para: reparo da ind\u00fastria eletr\u00f4nica, processamento de joias, fabrica\u00e7\u00e3o de modelos e pesca, por exemplo, corte de fio, p\u00e9s eletr\u00f4nicos, corte de produtos pl\u00e1sticos, corte de um pequeno fio de metal e assim por diante<\/p>\n<div><img data-recalc-dims=\"1\" decoding=\"async\" class=\"detail-desc-decorate-image\" src=\"https:\/\/i0.wp.com\/ae01.alicdn.com\/kf\/S08e14890c6c54d8d95a09f4b884fca607.jpg?w=1200&#038;ssl=1\"><\/div>\n<\/div>\n<div class=\"detailmodule_text-image\">\n<p style=\"font-size:24px;font-weight:bold\">4.Descascador de cabos<\/p>\n<p style=\"font-weight:bold\">Caracter\u00edsticas:<br \/>100% novo e de alta qualidade<br \/>Pressione o bot\u00e3o do stripper para abrir o orif\u00edcio de decapagem.<br \/>Insira o cabo coaxial no orif\u00edcio necess\u00e1rio, na dire\u00e7\u00e3o marcada na unidade.<br \/>Solte o bot\u00e3o.Gire o stripper 3-5 vezes at\u00e9 que os isolamentos do cabo sejam cortados.<br \/>Pressione o bot\u00e3o do stripper e retire o cabo.<br \/>Remova o isolamento interno e a jaqueta<br \/>Comprimento de decapagem: O comprimento de decapagem \u00e9 predefinido para 6,35 mm (0,25&#8243;)<br \/>Material: a\u00e7o ferramenta + ABS<\/p>\n<div><img data-recalc-dims=\"1\" decoding=\"async\" class=\"detail-desc-decorate-image\" src=\"https:\/\/i0.wp.com\/ae01.alicdn.com\/kf\/Sd5f4938f6fe643dbbcc586f48bc8fe4dO.jpg?w=1200&#038;ssl=1\"><\/div>\n<\/div>\n<div class=\"detailmodule_text-image\">\n<p style=\"font-size:24px;font-weight:bold\">5.Cortador de descascador de fios<\/p>\n<p style=\"font-weight:bold\">Equipado com descascador de cabos coaxial, descascador de cabos redondo, cortador e descascador de cabos planos.<\/p>\n<div><img data-recalc-dims=\"1\" decoding=\"async\" class=\"detail-desc-decorate-image\" src=\"https:\/\/i0.wp.com\/ae01.alicdn.com\/kf\/S7bc4df5963864349b7e5bd9d65a1e6d3t.jpg?w=1200&#038;ssl=1\"><\/div>\n<\/div>\n<div class=\"detailmodule_text-image\">\n<p style=\"font-size:24px;font-weight:bold\">6.Caneta de teste de tens\u00e3o da l\u00e2mpada do testador de circuito de luz do carro<\/p>\n<p style=\"font-weight:bold\">100% novo e de alta qualidade.<br \/>O exclusivo tubo de luz de longa dura\u00e7\u00e3o n\u00e3o produz calor, conforto e seguran\u00e7a.<br \/>O inovador fio flex\u00edvel tem boa resist\u00eancia \u00e0 tra\u00e7\u00e3o.<br \/>Pequeno volume, estrutura compacta, equipada com clipe, f\u00e1cil de transportar e usar.<\/p>\n<div><img data-recalc-dims=\"1\" decoding=\"async\" class=\"detail-desc-decorate-image\" src=\"https:\/\/i0.wp.com\/ae01.alicdn.com\/kf\/S046c22e5c1e249288afcc60b5c39547eq.jpg?w=1200&#038;ssl=1\"><\/div>\n<\/div>\n<div class=\"detailmodule_text-image\">\n<p style=\"font-size:24px;font-weight:bold\">7.Testador de fluido de freio<\/p>\n<p style=\"font-weight:bold\">Par\u00e2metros T\u00e9cnicos:<br \/>\u221a Verde: Bateria OK, ou seja, fluido de freio n\u00e3o cont\u00e9m \u00e1gua<br \/>\u221a Verde\/amarelo: \u00f3leo de freio com teor de \u00e1gua inferior a 1%, melhor desempenho do fluido de freio, facilidade de uso.<br \/>\u221a Verde\/amarelo\/amarelo: \u00f3leo de freio com teor de \u00e1gua de cerca de 2%, o fluido de freio pode continuar a usar.<br \/>\u221a Verde\/amarelo\/amarelo\/vermelho: \u00f3leo de freio com teor de \u00e1gua de cerca de 3%, a substitui\u00e7\u00e3o proposta do fluido de freio.<br \/>\u221a Verde\/amarelo\/amarelo\/vermelho\/vermelho: \u00f3leo de freio com teor de \u00e1gua de pelo menos 4%, o fluido de freio deve ser substitu\u00eddo imediatamente respons\u00e1vel por muito perigoso.<\/p>\n<div><img data-recalc-dims=\"1\" decoding=\"async\" class=\"detail-desc-decorate-image\" src=\"https:\/\/i0.wp.com\/ae01.alicdn.com\/kf\/S431cb119611443648e6af064d4192145m.jpg?w=1200&#038;ssl=1\"><\/div>\n<\/div>\n<div class=\"detailmodule_text-image\">\n<p style=\"font-size:24px;font-weight:bold\">8.Medidor de profundidade da banda de rodagem do pneu de 25 mm<\/p>\n<div><\/div>\n<div><img data-recalc-dims=\"1\" decoding=\"async\" class=\"detail-desc-decorate-image\" src=\"https:\/\/i0.wp.com\/ae01.alicdn.com\/kf\/S75948989fb4642388a3a20f332af65c0z.jpg?w=1200&#038;ssl=1\"><\/div>\n<\/div>\n<div class=\"detailmodule_text-image\">\n<p style=\"font-size:24px;font-weight:bold\">9.Ferramentas de clipes de fus\u00edveis para autom\u00f3veis, remo\u00e7\u00e3o de extrator<\/p>\n<div><img data-recalc-dims=\"1\" decoding=\"async\" class=\"detail-desc-decorate-image\" src=\"https:\/\/i0.wp.com\/ae01.alicdn.com\/kf\/Sdbc05aff555f4beab8c7501fb797439e7.jpg?w=1200&#038;ssl=1\"><\/div>\n<\/div>\n<div class=\"detailmodule_text-image\">\n<p style=\"font-size:24px;font-weight:bold\">Com caixa de armazenamento<\/p>\n<p style=\"font-weight:bold\">Verifique o tamanho antes de compr\u00e1-lo!<\/p>\n<div><img data-recalc-dims=\"1\" decoding=\"async\" class=\"detail-desc-decorate-image\" src=\"https:\/\/i0.wp.com\/ae01.alicdn.com\/kf\/S52878bf8088b40629e78f1662ff660322.jpg?w=1200&#038;ssl=1\"><\/div>\n<\/div>\n<p><\/p>\n<\/div>\n<\/div>\n","protected":false},"excerpt":{"rendered":"<p>Kit de ferramentas manuais para reparo de autom\u00f3veis URMECCH Voc\u00ea pode compr\u00e1-lo separadamente! 1.Ferramenta de remo\u00e7\u00e3o de terminal \u3010F\u00e1cil de usar\u3011 A ferramenta el\u00e9trica de remo\u00e7\u00e3o de pinos \u00e9 f\u00e1cil de usar, basta empurrar e puxar os pinos do terminal com a ferramenta de remo\u00e7\u00e3o do conector para remo\u00e7\u00e3o sem esfor\u00e7o dos conectores do chicote&hellip;&nbsp;<\/p>\n","protected":false},"featured_media":31504,"template":"","meta":{"neve_meta_sidebar":"","neve_meta_container":"","neve_meta_enable_content_width":"","neve_meta_content_width":0,"neve_meta_title_alignment":"","neve_meta_author_avatar":"","neve_post_elements_order":"","neve_meta_disable_header":"","neve_meta_disable_footer":"","neve_meta_disable_title":""},"product_brand":[],"product_cat":[197,201,17],"product_tag":[],"class_list":{"0":"post-31510","1":"product","2":"type-product","3":"status-publish","4":"has-post-thumbnail","6":"product_cat-ferramentas-de-manutencao-de-automoveis","7":"product_cat-ferramentas-de-mecanico-de-brinquedo-ferramentas-de-manutencao-de-automoveis","8":"product_cat-pecas-e-acessorios-automotivos","10":"first","11":"instock","12":"shipping-taxable","13":"purchasable","14":"product-type-variable","15":"has-default-attributes"},"jetpack_sharing_enabled":true,"_links":{"self":[{"href":"https:\/\/listman.shop\/autoparts-br\/wp-json\/wp\/v2\/product\/31510","targetHints":{"allow":["GET"]}}],"collection":[{"href":"https:\/\/listman.shop\/autoparts-br\/wp-json\/wp\/v2\/product"}],"about":[{"href":"https:\/\/listman.shop\/autoparts-br\/wp-json\/wp\/v2\/types\/product"}],"wp:featuredmedia":[{"embeddable":true,"href":"https:\/\/listman.shop\/autoparts-br\/wp-json\/wp\/v2\/media\/31504"}],"wp:attachment":[{"href":"https:\/\/listman.shop\/autoparts-br\/wp-json\/wp\/v2\/media?parent=31510"}],"wp:term":[{"taxonomy":"product_brand","embeddable":true,"href":"https:\/\/listman.shop\/autoparts-br\/wp-json\/wp\/v2\/product_brand?post=31510"},{"taxonomy":"product_cat","embeddable":true,"href":"https:\/\/listman.shop\/autoparts-br\/wp-json\/wp\/v2\/product_cat?post=31510"},{"taxonomy":"product_tag","embeddable":true,"href":"https:\/\/listman.shop\/autoparts-br\/wp-json\/wp\/v2\/product_tag?post=31510"}],"curies":[{"name":"wp","href":"https:\/\/api.w.org\/{rel}","templated":true}]}}