{"id":3160,"date":"2024-10-13T01:27:49","date_gmt":"2024-10-12T16:27:49","guid":{"rendered":"https:\/\/listman.shop\/autoparts-br\/product\/1005006492661053\/"},"modified":"2026-04-11T00:55:07","modified_gmt":"2026-04-10T15:55:07","slug":"1005006492661053","status":"publish","type":"product","link":"https:\/\/listman.shop\/autoparts-br\/product\/1005006492661053\/","title":{"rendered":"Persianas deslizantes do suporte de copo de \u00e1gua do console central interno do ve\u00edculo 51169251973   Para BMW X5 F15 X6 F16 2013-2019 Tampa cega de rolo"},"content":{"rendered":"<div class=\"detailmodule_html\">\n<div class=\"detail-desc-decorate-richtext\">\n<div class=\"detailmodule_text\">\n<p style=\"font-family:OpenSans;font-size:20px;font-weight:900;line-height:28px;white-space:pre-wrap;margin-bottom:12px\" class=\"detail-desc-decorate-title\">Persianas deslizantes do suporte do copo da \u00e1gua do console central interno do ve\u00edculo51169251973 Para bmw x5 f15 x6 f16 2013-2019 tampa do cego do rolo<\/p>\n<p style=\"font-size:20px\">Substitui\u00e7\u00e3o direta.<br \/>F\u00e1cil instala\u00e7\u00e3o e uso dur\u00e1vel.<br \/>\u00d3tima qualidade e \u00f3timo ajuste.<br \/>Conector correto Sem corte ou emenda.<br \/>Rigorosos padr\u00f5es de controle de qualidade para construir e testar.<\/p>\n<p>Para modelo de carro:<br \/>Para BMW X5 F15 2013-2018<br \/>Para BMW X6 F16 2014-2019<\/p>\n<p>N\u00famero OEM:51169251973<br \/>Conte\u00fado do pacote:<br \/>1 * suporte de copo cego de rolo<br \/>Apenas o conte\u00fado do pacote acima, outros produtos n\u00e3o est\u00e3o inclu\u00eddos.<br \/>Nota: Reflex\u00e3o de luz e displays diferentes podem fazer com que a cor do item na imagem seja um pouco diferente da coisa real.<\/p>\n<\/div>\n<div class=\"detailmodule_text-image\"><img data-recalc-dims=\"1\" decoding=\"async\" class=\"detail-desc-decorate-image\" src=\"https:\/\/i0.wp.com\/ae01.alicdn.com\/kf\/S51666d93545d4f848e25e3a0fa526103c.jpg?w=1200&#038;ssl=1\"><\/div>\n<div class=\"detailmodule_text-image\"><img data-recalc-dims=\"1\" decoding=\"async\" class=\"detail-desc-decorate-image\" src=\"https:\/\/i0.wp.com\/ae01.alicdn.com\/kf\/Se86bc81aa7a5497db0e25b799d642e25m.png?w=1200&#038;ssl=1\"><\/div>\n<div class=\"detailmodule_text-image\"><img data-recalc-dims=\"1\" decoding=\"async\" class=\"detail-desc-decorate-image\" src=\"https:\/\/i0.wp.com\/ae01.alicdn.com\/kf\/S0a8b56d7f2be481cbde2b7ef78322fd5L.png?w=1200&#038;ssl=1\"><\/div>\n<div class=\"detailmodule_text-image\"><img data-recalc-dims=\"1\" decoding=\"async\" class=\"detail-desc-decorate-image\" src=\"https:\/\/i0.wp.com\/ae01.alicdn.com\/kf\/Sd67e75f630264e54802917616ac1fdba0.png?w=1200&#038;ssl=1\"><\/div>\n<div class=\"detailmodule_text-image\"><img data-recalc-dims=\"1\" decoding=\"async\" class=\"detail-desc-decorate-image\" src=\"https:\/\/i0.wp.com\/ae01.alicdn.com\/kf\/S1d01de58374d47febbbe5ba317b7a6c2A.png?w=1200&#038;ssl=1\"><\/div>\n<div class=\"detailmodule_text-image\"><img data-recalc-dims=\"1\" decoding=\"async\" class=\"detail-desc-decorate-image\" src=\"https:\/\/i0.wp.com\/ae01.alicdn.com\/kf\/Se3980d02e3424fdab936c3a2baabac60J.png?w=1200&#038;ssl=1\"><\/div>\n<div class=\"detailmodule_text\">\n<p>Tampa da persiana do rolo do console central interno, persiana do rolo deslizante do suporte do copo, tampa da persiana do rolo do suporte do copo do console central, tampa do rolo do suporte do copo de \u00e1gua, persianas deslizantes do console central, 51169251973   ,Para BMW X5 F15 2013-2018,Para BMW X6 F16 2014-2019<\/p>\n<\/div>\n<p><\/p>\n<\/div>\n<\/div>\n","protected":false},"excerpt":{"rendered":"<p>Persianas deslizantes do suporte do copo da \u00e1gua do console central interno do ve\u00edculo51169251973 Para bmw x5 f15 x6 f16 2013-2019 tampa do cego do rolo Substitui\u00e7\u00e3o direta.F\u00e1cil instala\u00e7\u00e3o e uso dur\u00e1vel.\u00d3tima qualidade e \u00f3timo ajuste.Conector correto Sem corte ou emenda.Rigorosos padr\u00f5es de controle de qualidade para construir e testar. Para modelo de carro:Para BMW&hellip;&nbsp;<\/p>\n","protected":false},"featured_media":3154,"template":"","meta":{"neve_meta_sidebar":"","neve_meta_container":"","neve_meta_enable_content_width":"","neve_meta_content_width":0,"neve_meta_title_alignment":"","neve_meta_author_avatar":"","neve_post_elements_order":"","neve_meta_disable_header":"","neve_meta_disable_footer":"","neve_meta_disable_title":""},"product_brand":[],"product_cat":[25,83,17],"product_tag":[],"class_list":{"0":"post-3160","1":"product","2":"type-product","3":"status-publish","4":"has-post-thumbnail","6":"product_cat-acessorios-do-interior","7":"product_cat-molduras-interiores","8":"product_cat-pecas-e-acessorios-automotivos","10":"first","11":"instock","12":"shipping-taxable","13":"purchasable","14":"product-type-variable","15":"has-default-attributes"},"jetpack_sharing_enabled":true,"_links":{"self":[{"href":"https:\/\/listman.shop\/autoparts-br\/wp-json\/wp\/v2\/product\/3160","targetHints":{"allow":["GET"]}}],"collection":[{"href":"https:\/\/listman.shop\/autoparts-br\/wp-json\/wp\/v2\/product"}],"about":[{"href":"https:\/\/listman.shop\/autoparts-br\/wp-json\/wp\/v2\/types\/product"}],"wp:featuredmedia":[{"embeddable":true,"href":"https:\/\/listman.shop\/autoparts-br\/wp-json\/wp\/v2\/media\/3154"}],"wp:attachment":[{"href":"https:\/\/listman.shop\/autoparts-br\/wp-json\/wp\/v2\/media?parent=3160"}],"wp:term":[{"taxonomy":"product_brand","embeddable":true,"href":"https:\/\/listman.shop\/autoparts-br\/wp-json\/wp\/v2\/product_brand?post=3160"},{"taxonomy":"product_cat","embeddable":true,"href":"https:\/\/listman.shop\/autoparts-br\/wp-json\/wp\/v2\/product_cat?post=3160"},{"taxonomy":"product_tag","embeddable":true,"href":"https:\/\/listman.shop\/autoparts-br\/wp-json\/wp\/v2\/product_tag?post=3160"}],"curies":[{"name":"wp","href":"https:\/\/api.w.org\/{rel}","templated":true}]}}