{"id":31634,"date":"2025-03-12T07:51:36","date_gmt":"2025-03-11T22:51:36","guid":{"rendered":"https:\/\/listman.shop\/autoparts-br\/product\/1005005823856964\/"},"modified":"2026-04-14T13:52:08","modified_gmt":"2026-04-14T04:52:08","slug":"1005005823856964","status":"publish","type":"product","link":"https:\/\/listman.shop\/autoparts-br\/product\/1005005823856964\/","title":{"rendered":"Ferramenta para carro, janela, porta, chave, kit anti-perda, bomba de ar infl\u00e1vel, cunha sem marca\u00e7\u00e3o, com garra de longo alcance para carro e caminh\u00e3o"},"content":{"rendered":"<div class=\"detailmodule_html\">\n<div class=\"detail-desc-decorate-richtext\">\n<div class=\"detailmodule_html\">\n<div class=\"detail-desc-decorate-richtext\">\n<p style=\"margin:0px;margin-bottom:0px;margin-top:0px;margin-left:0px;margin-right:0px;display:block;width:100%\"><strong><span style=\"font-size:13px;, Helvetica, Arial, sans-serif\">Caracter\u00edsticas:<\/span><\/strong><strong><br \/><\/strong><strong><span style=\"font-size:13px;, Helvetica, Arial, sans-serif\">1. USO MULTIUSOS:<\/span><\/strong><strong><br \/><\/strong><strong><span style=\"font-size:13px;, Helvetica, Arial, sans-serif\">O conjunto de ferramentas de remo\u00e7\u00e3o de aparamento de carro consiste em diferentes ferramentas, excelentes para remo\u00e7\u00e3o e instala\u00e7\u00e3o de acabamentos automotivos, mar\u00edtimos, de m\u00f3veis ou de aeronaves, incluindo pain\u00e9is de portas, molduras, acabamentos de janelas, clipes, fixadores, emblemas, pain\u00e9is, r\u00e1dios, etc.<\/span><\/strong><strong><br \/><\/strong><strong><span style=\"font-size:13px;, Helvetica, Arial, sans-serif\">2. ECONOMIA DE TEMPO E DE OBJETIVO:<\/span><\/strong><strong><br \/><\/strong><strong><span style=\"font-size:13px;, Helvetica, Arial, sans-serif\">Este kit de ferramentas automotivas adota um design ergon\u00f4mico com recursos port\u00e1teis super leves e f\u00e1ceis que efetivamente economizam esfor\u00e7o para v\u00e1rios aparamentos internos e externos de carros.<\/span><\/strong><strong><br \/><\/strong><strong><span style=\"font-size:13px;, Helvetica, Arial, sans-serif\">3.F\u00c1CIL PARA ARMAZENAMENTO:<\/span><\/strong><strong><br \/><\/strong><strong><span style=\"font-size:13px;, Helvetica, Arial, sans-serif\">Vem com bolsa port\u00e1til com z\u00edper para guardar todas as suas ferramentas ap\u00f3s o uso.Voc\u00ea n\u00e3o vai se preocupar em perd\u00ea-los<\/span><\/strong><strong><br \/><\/strong><strong><span style=\"font-size:13px;, Helvetica, Arial, sans-serif\">4.Com Grabber:<\/span><\/strong><strong><br \/><\/strong><strong><span style=\"font-size:13px;, Helvetica, Arial, sans-serif\">As ferramentas essenciais para carros e caminh\u00f5es est\u00e3o equipadas com ferramentas de agarramento profissionais que podem alcan\u00e7ar e retirar objetos de dif\u00edcil acesso no carro para facilitar o uso.<\/span><\/strong><strong><br \/><\/strong><strong><span style=\"font-size:13px;, Helvetica, Arial, sans-serif\">5. Bomba de cunha de ar:<\/span><\/strong><strong><br \/><\/strong><strong><span style=\"font-size:13px;, Helvetica, Arial, sans-serif\">O conjunto de ferramentas automotivas profissionais vem com uma bomba de cunha de ar, que pode ser usada para encher portas e pneus.\u00c9 eficiente, simples e conveniente.<\/span><\/strong><strong><br \/><\/strong><strong><span style=\"font-size:13px;, Helvetica, Arial, sans-serif\">Especifica\u00e7\u00e3o:<\/span><\/strong><strong><br \/><\/strong><strong><span style=\"font-size:13px;, Helvetica, Arial, sans-serif\">Material: metal, pl\u00e1stico, pano<\/span><\/strong><strong><br \/><\/strong><strong><span style=\"font-size:13px;, Helvetica, Arial, sans-serif\">O pacote inclui:<\/span><\/strong><strong><br \/><\/strong><strong><span style=\"font-size:13px;, Helvetica, Arial, sans-serif\">1 conjunto de ferramentas para carro<\/span><\/strong><strong><br \/><\/strong><strong><span style=\"font-size:13px;, Helvetica, Arial, sans-serif\">Para voc\u00ea especial:<\/span><\/strong><strong><br \/><\/strong><strong><span style=\"font-size:13px;, Helvetica, Arial, sans-serif\">Devido a diferen\u00e7as nos monitores e efeitos de ilumina\u00e7\u00e3o, a cor real do item pode ser ligeiramente diferente da cor mostrada na imagem.Obrigado!<\/span><\/strong><strong><br \/><\/strong><strong><span style=\"font-size:13px;, Helvetica, Arial, sans-serif\">Por favor, permita um desvio de medi\u00e7\u00e3o de 1-2cm devido \u00e0 medi\u00e7\u00e3o manual.<\/span><\/strong><strong><br \/><\/strong><strong><span style=\"font-size:13px;, Helvetica, Arial, sans-serif\">Usaremos os melhores produtos e servi\u00e7os para ajud\u00e1-lo.<\/span><\/strong><strong><br \/><\/strong><strong><span style=\"font-size:13px;, Helvetica, Arial, sans-serif\">Esperamos que cada cliente fique feliz todos os dias.<\/span><\/strong><img data-recalc-dims=\"1\" decoding=\"async\" src=\"https:\/\/i0.wp.com\/ae01.alicdn.com\/kf\/S3b3c57cfcc5f4c6a9332f1043b467c11g.jpg?w=1200&#038;ssl=1\"><img data-recalc-dims=\"1\" decoding=\"async\" src=\"https:\/\/i0.wp.com\/ae01.alicdn.com\/kf\/S19f282e62d9b48cc89b57ac55db532b1z.jpg?w=1200&#038;ssl=1\"><img data-recalc-dims=\"1\" decoding=\"async\" src=\"https:\/\/i0.wp.com\/ae01.alicdn.com\/kf\/S30cc2627c3e54a24abce49ab1af936ddv.jpg?w=1200&#038;ssl=1\"><img data-recalc-dims=\"1\" decoding=\"async\" src=\"https:\/\/i0.wp.com\/ae01.alicdn.com\/kf\/S1b786ecf2cb84cc49d747ad384896469D.jpg?w=1200&#038;ssl=1\"><img data-recalc-dims=\"1\" decoding=\"async\" src=\"https:\/\/i0.wp.com\/ae01.alicdn.com\/kf\/Sd97ab72028794200a054c964a3e29212l.jpg?w=1200&#038;ssl=1\"><img data-recalc-dims=\"1\" decoding=\"async\" src=\"https:\/\/i0.wp.com\/ae01.alicdn.com\/kf\/Sff4d96a4487547429f0402cbf261f15a2.jpg?w=1200&#038;ssl=1\"><\/p>\n<\/div>\n<\/div>\n<p><\/p>\n<\/div>\n<\/div>\n","protected":false},"excerpt":{"rendered":"<p>Caracter\u00edsticas:1. USO MULTIUSOS:O conjunto de ferramentas de remo\u00e7\u00e3o de aparamento de carro consiste em diferentes ferramentas, excelentes para remo\u00e7\u00e3o e instala\u00e7\u00e3o de acabamentos automotivos, mar\u00edtimos, de m\u00f3veis ou de aeronaves, incluindo pain\u00e9is de portas, molduras, acabamentos de janelas, clipes, fixadores, emblemas, pain\u00e9is, r\u00e1dios, etc.2. ECONOMIA DE TEMPO E DE OBJETIVO:Este kit de ferramentas automotivas adota&hellip;&nbsp;<\/p>\n","protected":false},"featured_media":31628,"template":"","meta":{"neve_meta_sidebar":"","neve_meta_container":"","neve_meta_enable_content_width":"","neve_meta_content_width":0,"neve_meta_title_alignment":"","neve_meta_author_avatar":"","neve_post_elements_order":"","neve_meta_disable_header":"","neve_meta_disable_footer":"","neve_meta_disable_title":""},"product_brand":[],"product_cat":[197,201,17],"product_tag":[],"class_list":{"0":"post-31634","1":"product","2":"type-product","3":"status-publish","4":"has-post-thumbnail","6":"product_cat-ferramentas-de-manutencao-de-automoveis","7":"product_cat-ferramentas-de-mecanico-de-brinquedo-ferramentas-de-manutencao-de-automoveis","8":"product_cat-pecas-e-acessorios-automotivos","10":"first","11":"instock","12":"shipping-taxable","13":"purchasable","14":"product-type-variable","15":"has-default-attributes"},"jetpack_sharing_enabled":true,"_links":{"self":[{"href":"https:\/\/listman.shop\/autoparts-br\/wp-json\/wp\/v2\/product\/31634","targetHints":{"allow":["GET"]}}],"collection":[{"href":"https:\/\/listman.shop\/autoparts-br\/wp-json\/wp\/v2\/product"}],"about":[{"href":"https:\/\/listman.shop\/autoparts-br\/wp-json\/wp\/v2\/types\/product"}],"wp:featuredmedia":[{"embeddable":true,"href":"https:\/\/listman.shop\/autoparts-br\/wp-json\/wp\/v2\/media\/31628"}],"wp:attachment":[{"href":"https:\/\/listman.shop\/autoparts-br\/wp-json\/wp\/v2\/media?parent=31634"}],"wp:term":[{"taxonomy":"product_brand","embeddable":true,"href":"https:\/\/listman.shop\/autoparts-br\/wp-json\/wp\/v2\/product_brand?post=31634"},{"taxonomy":"product_cat","embeddable":true,"href":"https:\/\/listman.shop\/autoparts-br\/wp-json\/wp\/v2\/product_cat?post=31634"},{"taxonomy":"product_tag","embeddable":true,"href":"https:\/\/listman.shop\/autoparts-br\/wp-json\/wp\/v2\/product_tag?post=31634"}],"curies":[{"name":"wp","href":"https:\/\/api.w.org\/{rel}","templated":true}]}}