{"id":31712,"date":"2025-03-12T07:54:30","date_gmt":"2025-03-11T22:54:30","guid":{"rendered":"https:\/\/listman.shop\/autoparts-br\/product\/1005005986356075\/"},"modified":"2026-05-07T21:29:05","modified_gmt":"2026-05-07T12:29:05","slug":"1005005986356075","status":"publish","type":"product","link":"https:\/\/listman.shop\/autoparts-br\/product\/1005005986356075\/","title":{"rendered":"Carro obd2 scanner ferramenta de diagn\u00f3stico v519 multi-idioma eml327 obdii testador de tens\u00e3o do carro scanner de c\u00f3digo de falha do motor leitor de c\u00f3digo do carro"},"content":{"rendered":"<div class=\"detailmodule_html\">\n<div class=\"detail-desc-decorate-richtext\">\n<p><span style=\"font-size:20px;font-family:tahoma, geneva, sans-serif\">V519 \u00e9 um instrumento multifuncional de diagn\u00f3stico de falhas de ve\u00edculos que suporta nove protocolos padr\u00e3o OBD II\/EOBD.<\/span><\/p>\n<p><span style=\"font-size:20px;font-family:tahoma, geneva, sans-serif\">Ele suporta plug and play, pode ler rapidamente as informa\u00e7\u00f5es de falha do ve\u00edculo e os par\u00e2metros do ve\u00edculo.<\/span><\/p>\n<p><span style=\"font-size:20px;font-family:tahoma, geneva, sans-serif\">\u00c9 um instrumento de diagn\u00f3stico de falhas mais abrangente.<\/span><\/p>\n<p><span style=\"font-size:20px;font-family:tahoma, geneva, sans-serif\">Leia atentamente o manual do produto antes de usar este produto.Obrigado<\/span><\/p>\n<p><\/p>\n<p><strong><span style=\"font-size:20px;font-family:tahoma, geneva, sans-serif\">Descri\u00e7\u00e3o:<\/span><\/strong><\/p>\n<ul>\n<li>\n<p><span style=\"font-size:20px;font-family:tahoma, geneva, sans-serif\">Nome: detector de falhas de autom\u00f3vel<\/span><\/p>\n<\/li>\n<li>\n<p><span style=\"font-size:20px;font-family:tahoma, geneva, sans-serif\">Cor: preto vermelho<\/span><\/p>\n<\/li>\n<li>\n<p><span style=\"font-size:20px;font-family:tahoma, geneva, sans-serif\">Tipo: Instrumento de diagn\u00f3stico de falhas do motor<\/span><\/p>\n<\/li>\n<li>\n<p><span style=\"font-size:20px;font-family:tahoma, geneva, sans-serif\">Modelo do produto: V519<\/span><\/p>\n<\/li>\n<li>\n<p><span style=\"font-size:20px;font-family:tahoma, geneva, sans-serif\">Tens\u00e3o de trabalho: 12-16V<\/span><\/p>\n<\/li>\n<li>\n<p><span style=\"font-size:20px;font-family:tahoma, geneva, sans-serif\">Ambiente operacional: -20~65\u2103<\/span><\/p>\n<\/li>\n<li>\n<p><span style=\"font-size:20px;font-family:tahoma, geneva, sans-serif\">Temperatura de armazenamento: -30~70\u2103<\/span><\/p>\n<\/li>\n<li>\n<p><span style=\"font-size:20px;font-family:tahoma, geneva, sans-serif\">Idiomas suportados: ingl\u00eas, alem\u00e3o, franc\u00eas, espanhol, italiano, russo, holand\u00eas, chin\u00eas, japon\u00eas, portugu\u00eas<br \/><\/span><\/p>\n<\/li>\n<\/ul>\n<p><\/p>\n<ul>\n<li>\n<p><span style=\"font-size:20px;font-family:tahoma, geneva, sans-serif\">Primeiro lugar: sistema de trem de for\u00e7a P<\/span><\/p>\n<\/li>\n<li>\n<p><span style=\"font-size:20px;font-family:tahoma, geneva, sans-serif\">Sistema de corpo B<\/span><\/p>\n<\/li>\n<li>\n<p><span style=\"font-size:20px;font-family:tahoma, geneva, sans-serif\">Sistema de suspens\u00e3o do chassi C<\/span><\/p>\n<\/li>\n<li>\n<p><span style=\"font-size:20px;font-family:tahoma, geneva, sans-serif\">Sistema de comunica\u00e7\u00e3o de rede U<\/span><\/p>\n<\/li>\n<li>\n<p><span style=\"font-size:20px;font-family:tahoma, geneva, sans-serif\">O segundo d\u00edgito: c\u00f3digo de falha 0 geral<\/span><\/p>\n<\/li>\n<li>\n<p><span style=\"font-size:20px;font-family:tahoma, geneva, sans-serif\">1-C\u00f3digo de falha personalizado do fabricante<\/span><\/p>\n<\/li>\n<li>\n<p><span style=\"font-size:20px;font-family:tahoma, geneva, sans-serif\">2-C\u00f3digo de falha geral<\/span><\/p>\n<\/li>\n<li>\n<p><span style=\"font-size:20px;font-family:tahoma, geneva, sans-serif\">3-P3000-P3399: Personalizado do fabricante<\/span><\/p>\n<\/li>\n<li>\n<p><span style=\"font-size:20px;font-family:tahoma, geneva, sans-serif\">P3400-P3FFF: C\u00f3digo geral de falha<\/span><\/p>\n<\/li>\n<li>\n<p><span style=\"font-size:20px;font-family:tahoma, geneva, sans-serif\">3o lugar: O &#8211; Controle de Combust\u00edvel, Ar e Emiss\u00f5es<\/span><\/p>\n<\/li>\n<li>\n<p><span style=\"font-size:20px;font-family:tahoma, geneva, sans-serif\">1- Medi\u00e7\u00e3o de combust\u00edvel e ar<\/span><\/p>\n<\/li>\n<li>\n<p><span style=\"font-size:20px;font-family:tahoma, geneva, sans-serif\">2- Medi\u00e7\u00e3o de combust\u00edvel e ar (circuito do injetor)<\/span><\/p>\n<\/li>\n<li>\n<p><span style=\"font-size:20px;font-family:tahoma, geneva, sans-serif\">3- Sistema de igni\u00e7\u00e3o<\/span><\/p>\n<\/li>\n<li>\n<p><span style=\"font-size:20px;font-family:tahoma, geneva, sans-serif\">4- Controle de Emiss\u00f5es<\/span><\/p>\n<\/li>\n<li>\n<p><span style=\"font-size:20px;font-family:tahoma, geneva, sans-serif\">5-Controle de velocidade e marcha lenta do ve\u00edculo<\/span><\/p>\n<\/li>\n<li>\n<p><span style=\"font-size:20px;font-family:tahoma, geneva, sans-serif\">6- Calculadora ou circuito de sa\u00edda auxiliar<\/span><\/p>\n<\/li>\n<li>\n<p><span style=\"font-size:20px;font-family:tahoma, geneva, sans-serif\">7- caixa de transmiss\u00e3o<\/span><\/p>\n<\/li>\n<li>\n<p><span style=\"font-size:20px;font-family:tahoma, geneva, sans-serif\">8- caixa de transmiss\u00e3o<\/span><\/p>\n<\/li>\n<li>\n<p><span style=\"font-size:20px;font-family:tahoma, geneva, sans-serif\">9- caixa de transmiss\u00e3o<br \/>Sistema h\u00edbrido A<br \/>Sistema h\u00edbrido B<br \/>Sistema h\u00edbrido C<br \/>Os quatro e quinto d\u00edgitos: falhas espec\u00edficas<\/span><\/p>\n<\/li>\n<\/ul>\n<p><span style=\"font-size:20px;font-family:tahoma, geneva, sans-serif\">Aten\u00e7\u00e3o:<\/span><\/p>\n<p><span style=\"font-size:20px;font-family:tahoma, geneva, sans-serif\">Este produto suporta ve\u00edculos de protocolo OBD universais internacionais ap\u00f3s 2012.Se for um carro antes de 2012, consulte primeiro o atendimento ao cliente.Caso o produto n\u00e3o possa ser utilizado devido \u00e0 compra pr\u00f3pria, a responsabilidade ser\u00e1 suportada por si mesmo.<\/span><\/p>\n<p><span style=\"font-size:20px;font-family:tahoma, geneva, sans-serif\">O produto n\u00e3o \u00e9 compat\u00edvel com ve\u00edculos de energia nova, ve\u00edculos h\u00edbridos e tipos de ve\u00edculos que n\u00e3o est\u00e3o em conformidade com o acordo OBD2<\/span><\/p>\n<p><span style=\"font-size:20px;font-family:tahoma, geneva, sans-serif\">1) N\u00e3o use produtos de limpeza abrasivos para limpar este produto.<\/span><\/p>\n<p style=\", Roboto, Arial, Helvetica, sans-serif, SimSun;font-size:14px;font-weight:400;letter-spacing:normal;line-height:inherit;text-align:start;white-space:normal;margin:0px;margin-bottom:0px;margin-top:0px;margin-left:0px;margin-right:0px;padding:0px;padding-bottom:0px;padding-top:0px;padding-left:0px;padding-right:0px\" align=\"start\"><span style=\"font-size:20px;font-family:tahoma, geneva, sans-serif\">2) N\u00e3o permita que este produto seja aquecido ou pr\u00f3ximo de fontes de fogo.<\/span><\/p>\n<p style=\", Roboto, Arial, Helvetica, sans-serif, SimSun;font-size:14px;font-weight:400;letter-spacing:normal;line-height:inherit;text-align:start;white-space:normal;margin:0px;margin-bottom:0px;margin-top:0px;margin-left:0px;margin-right:0px;padding:0px;padding-bottom:0px;padding-top:0px;padding-left:0px;padding-right:0px\" align=\"start\"><span style=\"font-size:20px;font-family:tahoma, geneva, sans-serif\">3) N\u00e3o exponha o produto \u00e0 luz solar direta por muito tempo.<\/span><\/p>\n<p style=\", Roboto, Arial, Helvetica, sans-serif, SimSun;font-size:14px;font-weight:400;letter-spacing:normal;line-height:inherit;text-align:start;white-space:normal;margin:0px;margin-bottom:0px;margin-top:0px;margin-left:0px;margin-right:0px;padding:0px;padding-bottom:0px;padding-top:0px;padding-left:0px;padding-right:0px\" align=\"start\"><span style=\"font-size:20px;font-family:tahoma, geneva, sans-serif\">4) N\u00e3o tente desmontar este produto para fazer qualquer modifica\u00e7\u00e3o,<\/span><\/p>\n<p style=\", Roboto, Arial, Helvetica, sans-serif, SimSun;font-size:14px;font-weight:400;letter-spacing:normal;line-height:inherit;text-align:start;white-space:normal;margin:0px;margin-bottom:0px;margin-top:0px;margin-left:0px;margin-right:0px;padding:0px;padding-bottom:0px;padding-top:0px;padding-left:0px;padding-right:0px\" align=\"start\"><span style=\"font-size:20px;font-family:tahoma, geneva, sans-serif\">pois n\u00e3o cont\u00e9m nenhum componente de reparo.<\/span><\/p>\n<p style=\", Roboto, Arial, Helvetica, sans-serif, SimSun;font-size:14px;font-weight:400;letter-spacing:normal;line-height:inherit;text-align:start;white-space:normal;margin:0px;margin-bottom:0px;margin-top:0px;margin-left:0px;margin-right:0px;padding:0px;padding-bottom:0px;padding-top:0px;padding-left:0px;padding-right:0px\" align=\"start\"><span style=\"font-size:20px;font-family:tahoma, geneva, sans-serif\">5) N\u00e3o use este produto na chuva.<\/span><\/p>\n<p style=\", Roboto, Arial, Helvetica, sans-serif, SimSun;font-size:14px;font-weight:400;letter-spacing:normal;line-height:inherit;text-align:start;white-space:normal;margin:0px;margin-bottom:0px;margin-top:0px;margin-left:0px;margin-right:0px;padding:0px;padding-bottom:0px;padding-top:0px;padding-left:0px;padding-right:0px\" align=\"start\"><span style=\"font-size:20px;font-family:tahoma, geneva, sans-serif\">6) Se voc\u00ea planeja n\u00e3o usar este produto por um longo per\u00edodo, guarde-o em ambiente seco para evitar temperaturas extremas e poeira.<\/span><span style=\"font-size:20px;font-family:tahoma, geneva, sans-serif\"><br \/><\/span><\/p>\n<p><\/p>\n<p><strong><span style=\"font-size:20px;font-family:tahoma, geneva, sans-serif\">Lista de embalagem:<\/span><\/strong><span style=\"font-size:20px;font-family:tahoma, geneva, sans-serif\"><br \/>1 x detector de falhas<br \/>1 x Manual<br \/><\/span><\/p>\n<p><\/p>\n<p><\/p>\n<p><strong><span style=\"font-size:20px;font-family:tahoma, geneva, sans-serif\">Nota:<\/span><\/strong><span style=\"font-size:20px;font-family:tahoma, geneva, sans-serif\"><br \/><\/span><span style=\"font-size:20px;font-family:tahoma, geneva, sans-serif\">1.Devido \u00e0 medi\u00e7\u00e3o manual, permita um erro de 1-3cm.Certifique-se de n\u00e3o se importar antes de licitar.<br \/>2. Devido \u00e0 diferen\u00e7a entre monitores diferentes, a imagem pode n\u00e3o refletir a cor real do produto. Obrigado.<\/span><\/p>\n<p><img data-recalc-dims=\"1\" decoding=\"async\" src=\"https:\/\/i0.wp.com\/ae01.alicdn.com\/kf\/S0ded6639092c49b385cd0f2c0801ef8fv.jpg?w=1200&#038;ssl=1\"><img data-recalc-dims=\"1\" decoding=\"async\" src=\"https:\/\/i0.wp.com\/ae01.alicdn.com\/kf\/Sf010d819bb014ae688f7a8fc3db4f93cP.jpg?w=1200&#038;ssl=1\"><img data-recalc-dims=\"1\" decoding=\"async\" src=\"https:\/\/i0.wp.com\/ae01.alicdn.com\/kf\/Sc2100a208c52410590fbe661c23a8e1ed.jpg?w=1200&#038;ssl=1\"><img data-recalc-dims=\"1\" decoding=\"async\" src=\"https:\/\/i0.wp.com\/ae01.alicdn.com\/kf\/Sa73d9a7d2c9f4a7f92a830c818395179f.jpg?w=1200&#038;ssl=1\"><img data-recalc-dims=\"1\" decoding=\"async\" src=\"https:\/\/i0.wp.com\/ae01.alicdn.com\/kf\/S450b1efa8e6149ae9bd846fba4e81aafy.jpg?w=1200&#038;ssl=1\"><img data-recalc-dims=\"1\" decoding=\"async\" src=\"https:\/\/i0.wp.com\/ae01.alicdn.com\/kf\/S6214943bc781470088ca035e890e1feb4.jpg?w=1200&#038;ssl=1\"><img data-recalc-dims=\"1\" decoding=\"async\" src=\"https:\/\/i0.wp.com\/ae01.alicdn.com\/kf\/Sac391ec947e34639babec52746ae57cbT.jpg?w=1200&#038;ssl=1\"><img data-recalc-dims=\"1\" decoding=\"async\" src=\"https:\/\/i0.wp.com\/ae01.alicdn.com\/kf\/Sc46b53c9abb14c3e855877770ffcbe12j.jpg?w=1200&#038;ssl=1\"><img data-recalc-dims=\"1\" decoding=\"async\" src=\"https:\/\/i0.wp.com\/ae01.alicdn.com\/kf\/Sa08cda2a10784091a448ed8eb628782dn.jpg?w=1200&#038;ssl=1\"><img data-recalc-dims=\"1\" decoding=\"async\" src=\"https:\/\/i0.wp.com\/ae01.alicdn.com\/kf\/Sa17f7ebf80e04a2d88c971ff3102d30c3.jpg?w=1200&#038;ssl=1\"><img data-recalc-dims=\"1\" decoding=\"async\" src=\"https:\/\/i0.wp.com\/ae01.alicdn.com\/kf\/S576811ce5bc84fe7bea69eec3580a4c9f.jpg?w=1200&#038;ssl=1\"><img data-recalc-dims=\"1\" decoding=\"async\" src=\"https:\/\/i0.wp.com\/ae01.alicdn.com\/kf\/Sf576690f05c942049e65c78aa6e433c7d.jpg?w=1200&#038;ssl=1\"><img data-recalc-dims=\"1\" decoding=\"async\" src=\"https:\/\/i0.wp.com\/ae01.alicdn.com\/kf\/S8eda835b6073457ab9d2a0a11e834127B.jpg?w=1200&#038;ssl=1\"><img data-recalc-dims=\"1\" decoding=\"async\" src=\"https:\/\/i0.wp.com\/ae01.alicdn.com\/kf\/S4339b94956824f949f2029010384effdZ.jpg?w=1200&#038;ssl=1\"><\/p>\n<\/div>\n<\/div>\n","protected":false},"excerpt":{"rendered":"<p>V519 \u00e9 um instrumento multifuncional de diagn\u00f3stico de falhas de ve\u00edculos que suporta nove protocolos padr\u00e3o OBD II\/EOBD. Ele suporta plug and play, pode ler rapidamente as informa\u00e7\u00f5es de falha do ve\u00edculo e os par\u00e2metros do ve\u00edculo. \u00c9 um instrumento de diagn\u00f3stico de falhas mais abrangente. Leia atentamente o manual do produto antes de usar&hellip;&nbsp;<\/p>\n","protected":false},"featured_media":31706,"template":"","meta":{"neve_meta_sidebar":"","neve_meta_container":"","neve_meta_enable_content_width":"","neve_meta_content_width":0,"neve_meta_title_alignment":"","neve_meta_author_avatar":"","neve_post_elements_order":"","neve_meta_disable_header":"","neve_meta_disable_footer":"","neve_meta_disable_title":""},"product_brand":[],"product_cat":[18,17,52],"product_tag":[],"class_list":{"0":"post-31712","1":"product","2":"type-product","3":"status-publish","4":"has-post-thumbnail","6":"product_cat-ferramentas-de-reparo-automotivo","7":"product_cat-pecas-e-acessorios-automotivos","8":"product_cat-scanners-e-leitores-de-codigo-de-barras","10":"first","11":"instock","12":"shipping-taxable","13":"purchasable","14":"product-type-variable","15":"has-default-attributes"},"jetpack_sharing_enabled":true,"_links":{"self":[{"href":"https:\/\/listman.shop\/autoparts-br\/wp-json\/wp\/v2\/product\/31712","targetHints":{"allow":["GET"]}}],"collection":[{"href":"https:\/\/listman.shop\/autoparts-br\/wp-json\/wp\/v2\/product"}],"about":[{"href":"https:\/\/listman.shop\/autoparts-br\/wp-json\/wp\/v2\/types\/product"}],"wp:featuredmedia":[{"embeddable":true,"href":"https:\/\/listman.shop\/autoparts-br\/wp-json\/wp\/v2\/media\/31706"}],"wp:attachment":[{"href":"https:\/\/listman.shop\/autoparts-br\/wp-json\/wp\/v2\/media?parent=31712"}],"wp:term":[{"taxonomy":"product_brand","embeddable":true,"href":"https:\/\/listman.shop\/autoparts-br\/wp-json\/wp\/v2\/product_brand?post=31712"},{"taxonomy":"product_cat","embeddable":true,"href":"https:\/\/listman.shop\/autoparts-br\/wp-json\/wp\/v2\/product_cat?post=31712"},{"taxonomy":"product_tag","embeddable":true,"href":"https:\/\/listman.shop\/autoparts-br\/wp-json\/wp\/v2\/product_tag?post=31712"}],"curies":[{"name":"wp","href":"https:\/\/api.w.org\/{rel}","templated":true}]}}