{"id":31860,"date":"2025-03-12T07:58:57","date_gmt":"2025-03-11T22:58:57","guid":{"rendered":"https:\/\/listman.shop\/autoparts-br\/product\/1005006273903136\/"},"modified":"2026-04-14T13:49:06","modified_gmt":"2026-04-14T04:49:06","slug":"1005006273903136","status":"publish","type":"product","link":"https:\/\/listman.shop\/autoparts-br\/product\/1005006273903136\/","title":{"rendered":"Compat\u00edvel com bmw mini cooper janela regulador ferramenta chave nova ferramenta de remo\u00e7\u00e3o do motor vidro do autom\u00f3vel 513240   r50 r52 2002-2008"},"content":{"rendered":"<div class=\"detailmodule_html\">\n<div class=\"detail-desc-decorate-richtext\">\n<p id=\"tl_1\">Chave de gancho usada para ajustar o vidro da porta e da janela para caber na chave de gancho de 300 mm de comprimento.A arruela de estrelas precisa ser liberada.Esta &eacute; a chave para remover as porcas de dentes grandes do mini cooper r50, r52, r53 e cooper s que fixam o vidro da porta ao regulador da janela.<\/p>\n<p><\/p>\n<p id=\"tl_2\">&Eacute; especialmente utilizado para ajustar a tens&atilde;o da tira de veda&ccedil;&atilde;o da janela da janela.Aplica&ccedil;&atilde;o: Compat&iacute;vel com bmw mini cooper (r50\/r52\/r53\/r55\/r56) bmw 1 carro (e81\/e82\/e88).<\/p>\n<p><\/p>\n<p id=\"tl_3\">N&uacute;mero BM: 513240.<\/p>\n<p><\/p>\n<p id=\"tl_4\">ZKTOOL 100% original<\/p>\n<p><\/p>\n<p id=\"tl_5\">Melhor qualidade <img data-recalc-dims=\"1\" decoding=\"async\" src=\"https:\/\/i0.wp.com\/ae01.alicdn.com\/kf\/Hfb386e1ebfad4be29464fb10a30e9391B.png?w=1200&#038;ssl=1\" \/> <img data-recalc-dims=\"1\" decoding=\"async\" src=\"https:\/\/i0.wp.com\/ae01.alicdn.com\/kf\/Hc0a6e7c09695461d9e3141369ed554b2S.png?w=1200&#038;ssl=1\" \/> <img data-recalc-dims=\"1\" decoding=\"async\" src=\"https:\/\/i0.wp.com\/ae01.alicdn.com\/kf\/S6d02a3e9844841738d32c2660b73420du.jpg?w=1200&#038;ssl=1\" \/><\/p>\n<\/div>\n<\/div>\n","protected":false},"excerpt":{"rendered":"<p>Chave de gancho usada para ajustar o vidro da porta e da janela para caber na chave de gancho de 300 mm de comprimento.A arruela de estrelas precisa ser liberada.Esta &eacute; a chave para remover as porcas de dentes grandes do mini cooper r50, r52, r53 e cooper s que fixam o vidro da porta&hellip;&nbsp;<\/p>\n","protected":false},"featured_media":31855,"template":"","meta":{"neve_meta_sidebar":"","neve_meta_container":"","neve_meta_enable_content_width":"","neve_meta_content_width":0,"neve_meta_title_alignment":"","neve_meta_author_avatar":"","neve_post_elements_order":"","neve_meta_disable_header":"","neve_meta_disable_footer":"","neve_meta_disable_title":""},"product_brand":[],"product_cat":[197,201,17],"product_tag":[],"class_list":{"0":"post-31860","1":"product","2":"type-product","3":"status-publish","4":"has-post-thumbnail","6":"product_cat-ferramentas-de-manutencao-de-automoveis","7":"product_cat-ferramentas-de-mecanico-de-brinquedo-ferramentas-de-manutencao-de-automoveis","8":"product_cat-pecas-e-acessorios-automotivos","10":"first","11":"instock","12":"shipping-taxable","13":"purchasable","14":"product-type-variable"},"jetpack_sharing_enabled":true,"_links":{"self":[{"href":"https:\/\/listman.shop\/autoparts-br\/wp-json\/wp\/v2\/product\/31860","targetHints":{"allow":["GET"]}}],"collection":[{"href":"https:\/\/listman.shop\/autoparts-br\/wp-json\/wp\/v2\/product"}],"about":[{"href":"https:\/\/listman.shop\/autoparts-br\/wp-json\/wp\/v2\/types\/product"}],"wp:featuredmedia":[{"embeddable":true,"href":"https:\/\/listman.shop\/autoparts-br\/wp-json\/wp\/v2\/media\/31855"}],"wp:attachment":[{"href":"https:\/\/listman.shop\/autoparts-br\/wp-json\/wp\/v2\/media?parent=31860"}],"wp:term":[{"taxonomy":"product_brand","embeddable":true,"href":"https:\/\/listman.shop\/autoparts-br\/wp-json\/wp\/v2\/product_brand?post=31860"},{"taxonomy":"product_cat","embeddable":true,"href":"https:\/\/listman.shop\/autoparts-br\/wp-json\/wp\/v2\/product_cat?post=31860"},{"taxonomy":"product_tag","embeddable":true,"href":"https:\/\/listman.shop\/autoparts-br\/wp-json\/wp\/v2\/product_tag?post=31860"}],"curies":[{"name":"wp","href":"https:\/\/api.w.org\/{rel}","templated":true}]}}