{"id":31910,"date":"2025-03-12T08:00:38","date_gmt":"2025-03-11T23:00:38","guid":{"rendered":"https:\/\/listman.shop\/autoparts-br\/product\/1005006393115736\/"},"modified":"2026-04-14T13:15:05","modified_gmt":"2026-04-14T04:15:05","slug":"1005006393115736","status":"publish","type":"product","link":"https:\/\/listman.shop\/autoparts-br\/product\/1005006393115736\/","title":{"rendered":"Kit de teste de press\u00e3o de combust\u00edvel-man\u00f4metro de combust\u00edvel-kit de medidor de press\u00e3o de bomba de inje\u00e7\u00e3o de combust\u00edvel 0-100psi para carro, motocicleta, caminh\u00e3o"},"content":{"rendered":"<div class=\"detailmodule_html\">\n<div class=\"detail-desc-decorate-richtext\">\n<p><span style=\"font-size:18px\">Conectores de 3 tamanhos adequados para autom\u00f3veis e motocicletas,<\/span><\/p>\n<p><\/p>\n<p><span style=\"font-size:18px\">Medidor de testador de press\u00e3o da bomba de combust\u00edvel conectado rapidamente com v\u00e1lvula 0-100PSI 0-7Bar<\/span><\/p>\n<p><\/p>\n<p><span style=\"font-size:18px\">Adequado para diferentes tipos de adaptadores.novos tipos, tipos antigos.<\/span><\/p>\n<p><\/p>\n<p><span style=\"font-size:18px\">Medidor de leitura 0 ~ 100 psi \/ 0 ~ 7 bar<\/span><\/p>\n<p><\/p>\n<p><span style=\"font-size:18px\">Com v\u00e1lvula, pode verificar uma se\u00e7\u00e3o por uma se\u00e7\u00e3o<\/span><\/p>\n<p><\/p>\n<p><span style=\"font-size:18px\">Material: metal + borracha<\/span><\/p>\n<p><img data-recalc-dims=\"1\" decoding=\"async\" src=\"https:\/\/i0.wp.com\/ae01.alicdn.com\/kf\/S42a7c2802d17494096cf354560a73d1ei.jpg?w=1200&#038;ssl=1\"><img data-recalc-dims=\"1\" decoding=\"async\" src=\"https:\/\/i0.wp.com\/ae01.alicdn.com\/kf\/S0d8e1904b681483ebd9b69663c32bf955.jpg?w=1200&#038;ssl=1\"><img data-recalc-dims=\"1\" decoding=\"async\" src=\"https:\/\/i0.wp.com\/ae01.alicdn.com\/kf\/Sfd55f5d2827141948db756c17c6f9bfdt.jpg?w=1200&#038;ssl=1\"><img data-recalc-dims=\"1\" decoding=\"async\" src=\"https:\/\/i0.wp.com\/ae01.alicdn.com\/kf\/S02d86e29ced640a8a51af91c225ed145k.jpg?w=1200&#038;ssl=1\"><img data-recalc-dims=\"1\" decoding=\"async\" src=\"https:\/\/i0.wp.com\/ae01.alicdn.com\/kf\/Sb5dc25385e0347ab8ecce26efc7e5facI.jpg?w=1200&#038;ssl=1\"><img data-recalc-dims=\"1\" decoding=\"async\" src=\"https:\/\/i0.wp.com\/ae01.alicdn.com\/kf\/S92c01f4f995842f9a6edc9b92dd775feB.jpg?w=1200&#038;ssl=1\"><\/p>\n<\/div>\n<\/div>\n","protected":false},"excerpt":{"rendered":"<p>Conectores de 3 tamanhos adequados para autom\u00f3veis e motocicletas, Medidor de testador de press\u00e3o da bomba de combust\u00edvel conectado rapidamente com v\u00e1lvula 0-100PSI 0-7Bar Adequado para diferentes tipos de adaptadores.novos tipos, tipos antigos. Medidor de leitura 0 ~ 100 psi \/ 0 ~ 7 bar Com v\u00e1lvula, pode verificar uma se\u00e7\u00e3o por uma se\u00e7\u00e3o Material:&hellip;&nbsp;<\/p>\n","protected":false},"featured_media":31904,"template":"","meta":{"neve_meta_sidebar":"","neve_meta_container":"","neve_meta_enable_content_width":"","neve_meta_content_width":0,"neve_meta_title_alignment":"","neve_meta_author_avatar":"","neve_post_elements_order":"","neve_meta_disable_header":"","neve_meta_disable_footer":"","neve_meta_disable_title":""},"product_brand":[],"product_cat":[206,197,17],"product_tag":[],"class_list":{"0":"post-31910","1":"product","2":"type-product","3":"status-publish","4":"has-post-thumbnail","6":"product_cat-ferramentas-de-inspecao-ferramentas-de-manutencao-de-automoveis","7":"product_cat-ferramentas-de-manutencao-de-automoveis","8":"product_cat-pecas-e-acessorios-automotivos","10":"first","11":"instock","12":"shipping-taxable","13":"purchasable","14":"product-type-variable"},"jetpack_sharing_enabled":true,"_links":{"self":[{"href":"https:\/\/listman.shop\/autoparts-br\/wp-json\/wp\/v2\/product\/31910","targetHints":{"allow":["GET"]}}],"collection":[{"href":"https:\/\/listman.shop\/autoparts-br\/wp-json\/wp\/v2\/product"}],"about":[{"href":"https:\/\/listman.shop\/autoparts-br\/wp-json\/wp\/v2\/types\/product"}],"wp:featuredmedia":[{"embeddable":true,"href":"https:\/\/listman.shop\/autoparts-br\/wp-json\/wp\/v2\/media\/31904"}],"wp:attachment":[{"href":"https:\/\/listman.shop\/autoparts-br\/wp-json\/wp\/v2\/media?parent=31910"}],"wp:term":[{"taxonomy":"product_brand","embeddable":true,"href":"https:\/\/listman.shop\/autoparts-br\/wp-json\/wp\/v2\/product_brand?post=31910"},{"taxonomy":"product_cat","embeddable":true,"href":"https:\/\/listman.shop\/autoparts-br\/wp-json\/wp\/v2\/product_cat?post=31910"},{"taxonomy":"product_tag","embeddable":true,"href":"https:\/\/listman.shop\/autoparts-br\/wp-json\/wp\/v2\/product_tag?post=31910"}],"curies":[{"name":"wp","href":"https:\/\/api.w.org\/{rel}","templated":true}]}}