{"id":31937,"date":"2025-03-12T08:01:20","date_gmt":"2025-03-11T23:01:20","guid":{"rendered":"https:\/\/listman.shop\/autoparts-br\/product\/1005006459145727\/"},"modified":"2026-04-14T13:53:06","modified_gmt":"2026-04-14T04:53:06","slug":"1005006459145727","status":"publish","type":"product","link":"https:\/\/listman.shop\/autoparts-br\/product\/1005006459145727\/","title":{"rendered":"Carro Paintless Ferramentas De Repara\u00e7\u00e3o Dent, Protetor De Janela, Guarda, Remo\u00e7\u00e3o Dent, Sombra Da Janela, Capas N\u00e3o-Scratch"},"content":{"rendered":"<div class=\"detailmodule_html\">\n<div class=\"detail-desc-decorate-richtext\">\n<div class=\"detailmodule_html\">\n<div class=\"detail-desc-decorate-richtext\">\n<div style=\"font-size:18px\" id=\"tl_1\">\n   <strong>Funcionalidades:<\/strong><br \/>\n   <br \/>Repare eficientemente amassados \u200b\u200be a apar&ecirc;ncia do seu vidro com esta ferramenta inovadora, adequada para v&aacute;rios modelos de autom&oacute;veis.<br \/>\n   <br \/>Esta ferramenta apresenta um design f&aacute;cil de usar e &eacute; feita de materiais de alta qualidade, garantindo durabilidade e confiabilidade.<br \/>\n   <br \/>Projetada para propriet&aacute;rios de autom&oacute;veis, t&eacute;cnicos de manuten&ccedil;&atilde;o e propriet&aacute;rios de sal&otilde;es de beleza automotivos, esta ferramenta &eacute; perfeita para consertar amassados \u200b\u200b\u200b\u200bem vidros causados \u200b\u200bpor colis&otilde;es ou arranh&otilde;es de estacionamento.<br \/>\n   <br \/>a apar&ecirc;ncia do vidro do seu ve&iacute;culo com esta ferramenta vers&aacute;til, proporcionando uma solu&ccedil;&atilde;o conveniente para reparos de amassados.<br \/>\n   <br \/>Experimente a conveni&ecirc;ncia de reparar amassados \u200b\u200bde vidro com esta ferramenta confi&aacute;vel, adequada para v&aacute;rios modelos de autom&oacute;veis e perfeita para quem deseja manter a est&eacute;tica de seu ve&iacute;culo. <\/p>\n<p>   <strong>Especifica&ccedil;&otilde;es:<\/strong><br \/>\n   <br \/>Material: A&ccedil;o inoxid&aacute;vel<br \/>\n   <br \/>Tamanho: Aprox. 42cm\/16,54&#8221;x28cm\/11,02&#8221; <\/p>\n<p>   <strong>O pacote inclui:<\/strong><br \/>\n   <br \/>1x protetor de janela de carro <\/p>\n<p>   <strong>Observa&ccedil;&atilde;o:<\/strong><br \/>\n   <br \/>Por favor, permita erros de 1mm devido &agrave; medi&ccedil;&atilde;o manual.<br \/>\n   <br \/>Devido &agrave; diferen&ccedil;a entre monitores diferentes, a imagem pode n&atilde;o refletir a cor real do item.\n  <\/div>\n<div style=\"font-size:18px\">\n   <br \/> \n  <\/div>\n<div style=\"font-size:18px\">\n   <br \/> \n  <\/div>\n<div>\n   <img data-recalc-dims=\"1\" decoding=\"async\" src=\"https:\/\/i0.wp.com\/ae01.alicdn.com\/kf\/Sd65fb32db707489a9e0ef2f19bae93c7G.jpg?w=1200&#038;ssl=1\" \/><br \/>\n   <img data-recalc-dims=\"1\" decoding=\"async\" src=\"https:\/\/i0.wp.com\/ae01.alicdn.com\/kf\/Se999e5138af64edeb6a7d40b0b0ea09bV.jpg?w=1200&#038;ssl=1\" \/><br \/>\n   <img data-recalc-dims=\"1\" decoding=\"async\" src=\"https:\/\/i0.wp.com\/ae01.alicdn.com\/kf\/S6aac304e560c445a86f1aaa8a2bcf7e29.jpg?w=1200&#038;ssl=1\" \/><br \/>\n   <img data-recalc-dims=\"1\" decoding=\"async\" src=\"https:\/\/i0.wp.com\/ae01.alicdn.com\/kf\/Sb501c5790c784eae88f59e85acd264e2r.jpg?w=1200&#038;ssl=1\" \/><br \/>\n   <img data-recalc-dims=\"1\" decoding=\"async\" src=\"https:\/\/i0.wp.com\/ae01.alicdn.com\/kf\/Sfa5d831c314f4707be4ddb1877f084d18.jpg?w=1200&#038;ssl=1\" \/><br \/>\n   <img data-recalc-dims=\"1\" decoding=\"async\" src=\"https:\/\/i0.wp.com\/ae01.alicdn.com\/kf\/S275452dd9f7e49458c0bec609e8bf951S.jpg?w=1200&#038;ssl=1\" \/><br \/>\n   <img data-recalc-dims=\"1\" decoding=\"async\" src=\"https:\/\/i0.wp.com\/ae01.alicdn.com\/kf\/Sf139d53765134c6bad09fa27810e06664.jpg?w=1200&#038;ssl=1\" \/><br \/>\n   <img data-recalc-dims=\"1\" decoding=\"async\" src=\"https:\/\/i0.wp.com\/ae01.alicdn.com\/kf\/S41a328fdc02d413f9e36c8357df4aee9j.jpg?w=1200&#038;ssl=1\" \/><br \/>\n   <img data-recalc-dims=\"1\" decoding=\"async\" src=\"https:\/\/i0.wp.com\/ae01.alicdn.com\/kf\/S84079a341fe44347af0e47f9e5aa2538Q.jpg?w=1200&#038;ssl=1\" \/>\n  <\/div>\n<p>\n <\/div>\n<\/div>\n<\/div>\n<\/div>\n","protected":false},"excerpt":{"rendered":"<p>Funcionalidades: Repare eficientemente amassados \u200b\u200be a apar&ecirc;ncia do seu vidro com esta ferramenta inovadora, adequada para v&aacute;rios modelos de autom&oacute;veis. Esta ferramenta apresenta um design f&aacute;cil de usar e &eacute; feita de materiais de alta qualidade, garantindo durabilidade e confiabilidade. Projetada para propriet&aacute;rios de autom&oacute;veis, t&eacute;cnicos de manuten&ccedil;&atilde;o e propriet&aacute;rios de sal&otilde;es de beleza automotivos,&hellip;&nbsp;<\/p>\n","protected":false},"featured_media":31931,"template":"","meta":{"neve_meta_sidebar":"","neve_meta_container":"","neve_meta_enable_content_width":"","neve_meta_content_width":0,"neve_meta_title_alignment":"","neve_meta_author_avatar":"","neve_post_elements_order":"","neve_meta_disable_header":"","neve_meta_disable_footer":"","neve_meta_disable_title":""},"product_brand":[],"product_cat":[210,197,17],"product_tag":[],"class_list":{"0":"post-31937","1":"product","2":"type-product","3":"status-publish","4":"has-post-thumbnail","6":"product_cat-ferramenta-de-reparo-para-estrutura-de-carro-ferramentas-de-manutencao-de-automoveis","7":"product_cat-ferramentas-de-manutencao-de-automoveis","8":"product_cat-pecas-e-acessorios-automotivos","10":"first","11":"instock","12":"shipping-taxable","13":"purchasable","14":"product-type-variable"},"jetpack_sharing_enabled":true,"_links":{"self":[{"href":"https:\/\/listman.shop\/autoparts-br\/wp-json\/wp\/v2\/product\/31937","targetHints":{"allow":["GET"]}}],"collection":[{"href":"https:\/\/listman.shop\/autoparts-br\/wp-json\/wp\/v2\/product"}],"about":[{"href":"https:\/\/listman.shop\/autoparts-br\/wp-json\/wp\/v2\/types\/product"}],"wp:featuredmedia":[{"embeddable":true,"href":"https:\/\/listman.shop\/autoparts-br\/wp-json\/wp\/v2\/media\/31931"}],"wp:attachment":[{"href":"https:\/\/listman.shop\/autoparts-br\/wp-json\/wp\/v2\/media?parent=31937"}],"wp:term":[{"taxonomy":"product_brand","embeddable":true,"href":"https:\/\/listman.shop\/autoparts-br\/wp-json\/wp\/v2\/product_brand?post=31937"},{"taxonomy":"product_cat","embeddable":true,"href":"https:\/\/listman.shop\/autoparts-br\/wp-json\/wp\/v2\/product_cat?post=31937"},{"taxonomy":"product_tag","embeddable":true,"href":"https:\/\/listman.shop\/autoparts-br\/wp-json\/wp\/v2\/product_tag?post=31937"}],"curies":[{"name":"wp","href":"https:\/\/api.w.org\/{rel}","templated":true}]}}