{"id":31984,"date":"2025-03-12T08:02:28","date_gmt":"2025-03-11T23:02:28","guid":{"rendered":"https:\/\/listman.shop\/autoparts-br\/product\/1005006529872863\/"},"modified":"2026-04-07T22:12:08","modified_gmt":"2026-04-07T13:12:08","slug":"1005006529872863","status":"publish","type":"product","link":"https:\/\/listman.shop\/autoparts-br\/product\/1005006529872863\/","title":{"rendered":"Hastes de gancho para carro, sem pintura, reparo de amassados, removedor de granizo, kits de hastes, amassados de corpo autom\u00e1tico, ferramentas de m\u00e3os de a\u00e7o inoxid\u00e1vel"},"content":{"rendered":"<div class=\"detailmodule_html\">\n<div class=\"detail-desc-decorate-richtext\">\n<p><span><strong>6 unidades:<\/strong><\/span><br \/><span style=\"font-size:14px;font-family:OpenSans\">6x hastes de gancho para amassados de carro<\/span><br \/><strong><br \/>17 unidades<\/strong><br \/><span style=\"font-size:14px;font-family:OpenSans\">6x hastes de gancho para amassados de carro<\/span><br \/><span style=\"font-size:14px;font-family:OpenSans\">1x caneta desmont&aacute;vel com 9 cabe&ccedil;as de caneta<\/span><br \/><span style=\"font-size:14px;font-family:OpenSans\">1x martelo<\/span><\/p>\n<p><span style=\"font-size:14px;font-family:OpenSans\">Especifica&ccedil;&atilde;o<\/span><br \/><span style=\"font-size:14px;font-family:OpenSans\">Cor: preto + prata<\/span><br \/><span style=\"font-size:14px;font-family:OpenSans\">Material: a&ccedil;o inoxid&aacute;vel<\/span><br \/><span style=\"font-size:14px;font-family:OpenSans\">Tipo: Combina&ccedil;&atilde;o<\/span><br \/><span style=\"font-size:14px;font-family:OpenSans\">Quantidade: 17pcs\/6pcs<\/span><\/p>\n<p><span style=\"font-size:14px;font-family:OpenSans\">Caracter&iacute;stica:<\/span><br \/><span style=\"font-size:14px;font-family:OpenSans\">\u3010AMIG&Aacute;VEL PARA O AMBIENTE\u3011N&atilde;o prejudica a pintura original, a remo&ccedil;&atilde;o de amassados sem pintura &eacute; o m&eacute;todo altamente especializado para eliminar amassados em carros sem ter que repintar a superf&iacute;cie do ve&iacute;culo.<\/span><\/p>\n<p><span style=\"font-size:14px;font-family:OpenSans\">\u3010ALTA QUALIDADE\u3011 Feito de a&ccedil;o inoxid&aacute;vel de alto carbono, dur&aacute;vel o suficiente para empurrar o mental sem dobrar ou quebrar.O a&ccedil;o resistente &agrave; corros&atilde;o de nossas hastes extratoras de amassados n&atilde;o enferruja e mant&eacute;m o acabamento brilhante o tempo todo.<\/span><\/p>\n<p><span style=\"font-size:14px;font-family:OpenSans\">\u3010Amplamente utilizado\u3011Nossa ferramenta de reparo de amassados &eacute; adequada para o processamento de chapas met&aacute;licas de autom&oacute;veis, geladeiras, corpos de motocicletas e corpos de m&aacute;quinas de lavar, etc. Pontas de formatos diferentes para todos os tipos de reparos de amassados.<\/span><\/p>\n<p><img data-recalc-dims=\"1\" decoding=\"async\" src=\"https:\/\/i0.wp.com\/ae01.alicdn.com\/kf\/S21dc1704d0b14577b89f4456a2c1bb9cu.jpg?w=1200&#038;ssl=1\" \/><\/p>\n<p><img data-recalc-dims=\"1\" decoding=\"async\" src=\"https:\/\/i0.wp.com\/ae01.alicdn.com\/kf\/Sc61cc7b7032b41808f3f007eb67d2033n.jpg?w=1200&#038;ssl=1\" \/><img data-recalc-dims=\"1\" decoding=\"async\" src=\"https:\/\/i0.wp.com\/ae01.alicdn.com\/kf\/Sf4a983e29fad4ab490500f2495edde5cT.jpg?w=1200&#038;ssl=1\" \/><img data-recalc-dims=\"1\" decoding=\"async\" src=\"https:\/\/i0.wp.com\/ae01.alicdn.com\/kf\/Sb561f03b98c64a6496ff4b9f3abf488dx.jpg?w=1200&#038;ssl=1\" \/><img data-recalc-dims=\"1\" decoding=\"async\" src=\"https:\/\/i0.wp.com\/ae01.alicdn.com\/kf\/Sf5260b36258e4f95b621ccb9bd87cdbbS.jpg?w=1200&#038;ssl=1\" \/><\/p>\n<p><img data-recalc-dims=\"1\" decoding=\"async\" src=\"https:\/\/i0.wp.com\/ae01.alicdn.com\/kf\/S79c9fbc8564a42618886a1f87817e47bo.jpg?w=1200&#038;ssl=1\" \/><img data-recalc-dims=\"1\" decoding=\"async\" src=\"https:\/\/i0.wp.com\/ae01.alicdn.com\/kf\/S5aed6271532a4aabae8a02084857936dw.jpg?w=1200&#038;ssl=1\" \/><\/p>\n<p><img data-recalc-dims=\"1\" decoding=\"async\" src=\"https:\/\/i0.wp.com\/ae01.alicdn.com\/kf\/Sacc410b38a2047a39db9cd5f44119190d.jpg?w=1200&#038;ssl=1\" \/><img data-recalc-dims=\"1\" decoding=\"async\" src=\"https:\/\/i0.wp.com\/ae01.alicdn.com\/kf\/S3b74c8fce03848ab8a7cc83ae5b87481c.jpg?w=1200&#038;ssl=1\" \/><\/p>\n<p><\/p>\n<\/div>\n<\/div>\n","protected":false},"excerpt":{"rendered":"<p>6 unidades:6x hastes de gancho para amassados de carro17 unidades6x hastes de gancho para amassados de carro1x caneta desmont&aacute;vel com 9 cabe&ccedil;as de caneta1x martelo Especifica&ccedil;&atilde;oCor: preto + prataMaterial: a&ccedil;o inoxid&aacute;velTipo: Combina&ccedil;&atilde;oQuantidade: 17pcs\/6pcs Caracter&iacute;stica:\u3010AMIG&Aacute;VEL PARA O AMBIENTE\u3011N&atilde;o prejudica a pintura original, a remo&ccedil;&atilde;o de amassados sem pintura &eacute; o m&eacute;todo altamente especializado para eliminar amassados&hellip;&nbsp;<\/p>\n","protected":false},"featured_media":31978,"template":"","meta":{"neve_meta_sidebar":"","neve_meta_container":"","neve_meta_enable_content_width":"","neve_meta_content_width":0,"neve_meta_title_alignment":"","neve_meta_author_avatar":"","neve_post_elements_order":"","neve_meta_disable_header":"","neve_meta_disable_footer":"","neve_meta_disable_title":""},"product_brand":[],"product_cat":[210,197,17],"product_tag":[],"class_list":{"0":"post-31984","1":"product","2":"type-product","3":"status-publish","4":"has-post-thumbnail","6":"product_cat-ferramenta-de-reparo-para-estrutura-de-carro-ferramentas-de-manutencao-de-automoveis","7":"product_cat-ferramentas-de-manutencao-de-automoveis","8":"product_cat-pecas-e-acessorios-automotivos","10":"first","11":"instock","12":"shipping-taxable","13":"purchasable","14":"product-type-variable","15":"has-default-attributes"},"jetpack_sharing_enabled":true,"_links":{"self":[{"href":"https:\/\/listman.shop\/autoparts-br\/wp-json\/wp\/v2\/product\/31984","targetHints":{"allow":["GET"]}}],"collection":[{"href":"https:\/\/listman.shop\/autoparts-br\/wp-json\/wp\/v2\/product"}],"about":[{"href":"https:\/\/listman.shop\/autoparts-br\/wp-json\/wp\/v2\/types\/product"}],"wp:featuredmedia":[{"embeddable":true,"href":"https:\/\/listman.shop\/autoparts-br\/wp-json\/wp\/v2\/media\/31978"}],"wp:attachment":[{"href":"https:\/\/listman.shop\/autoparts-br\/wp-json\/wp\/v2\/media?parent=31984"}],"wp:term":[{"taxonomy":"product_brand","embeddable":true,"href":"https:\/\/listman.shop\/autoparts-br\/wp-json\/wp\/v2\/product_brand?post=31984"},{"taxonomy":"product_cat","embeddable":true,"href":"https:\/\/listman.shop\/autoparts-br\/wp-json\/wp\/v2\/product_cat?post=31984"},{"taxonomy":"product_tag","embeddable":true,"href":"https:\/\/listman.shop\/autoparts-br\/wp-json\/wp\/v2\/product_tag?post=31984"}],"curies":[{"name":"wp","href":"https:\/\/api.w.org\/{rel}","templated":true}]}}