{"id":32015,"date":"2025-03-12T08:03:22","date_gmt":"2025-03-11T23:03:22","guid":{"rendered":"https:\/\/listman.shop\/autoparts-br\/product\/1005006665310844\/"},"modified":"2026-04-14T13:56:09","modified_gmt":"2026-04-14T04:56:09","slug":"1005006665310844","status":"publish","type":"product","link":"https:\/\/listman.shop\/autoparts-br\/product\/1005006665310844\/","title":{"rendered":"1 pe\u00e7a 3 dentes, 12 dentes, ferramenta de sincroniza\u00e7\u00e3o de chave de suporte de polia de eixo de cames quadrado, adequada para subaru forester 2.0 2.5"},"content":{"rendered":"<div class=\"detailmodule_html\">\n<div class=\"detail-desc-decorate-richtext\">\n<div class=\"detailmodule_html\">\n<div class=\"detail-desc-decorate-richtext\">\n<div>\n<div style=\"overflow:hidden;height:0px\" id=\"tl_1\">\n    modname=ckeditor\n   <\/div>\n<div>\n<p><span style=\"font-size:16px\"><strong id=\"tl_2\">Conjunto de ferramentas de instala&ccedil;&atilde;o para remo&ccedil;&atilde;o de correia dentada de motor, para subaru forester, admiss&atilde;o, seta de escape, roda dentada, eixo de cames, polia, suporte de chave<\/strong><\/span><\/p>\n<div>\n     \n    <\/div>\n<p><span style=\"font-size:22px\"><strong id=\"tl_3\">Quantidade: Pe&ccedil;a &uacute;nica (1 pe&ccedil;a)<\/strong><\/span><\/p>\n<div>\n     \n    <\/div>\n<p><span style=\"font-size:16px\" id=\"tl_4\">Caracter&iacute;stica:<\/span><\/p>\n<ul>\n<li>\n<p><span style=\"font-size:16px\" id=\"tl_5\">Prensa a&ccedil;o com acabamento fosfat.<\/span><\/p>\n<\/li>\n<li>\n<p><span style=\"font-size:16px\" id=\"tl_6\">Ferramenta perfeita para renova&ccedil;&atilde;o de veda&ccedil;&atilde;o de came, remo&ccedil;&atilde;o de cabe&ccedil;ote ou arranjos de motor.<\/span><\/p>\n<\/li>\n<li>\n<p><span style=\"font-size:16px\" id=\"tl_7\">A interface espec&iacute;fica da roda dentada n&atilde;o arredondar&aacute; a ranhura interna da polia como outros designs.<\/span><\/p>\n<\/li>\n<li>\n<p><span style=\"font-size:16px\" id=\"tl_8\">Permite a remo&ccedil;&atilde;o das rodas dentadas da came de admiss&atilde;o AVCS sem danificar a came ou a roda dentada.<\/span><\/p>\n<\/li>\n<\/ul>\n<div>\n     \n    <\/div>\n<p><span style=\"font-size:16px\" id=\"tl_9\">Especifica&ccedil;&atilde;o:<\/span><\/p>\n<ul>\n<li>\n<p><span style=\"font-size:16px\" id=\"tl_10\">Nome: ferramenta de remo&ccedil;&atilde;o da correia dentada<\/span><\/p>\n<\/li>\n<li>\n<p><span style=\"font-size:16px\" id=\"tl_11\">Comprimento do item definido: 45cm<\/span><\/p>\n<\/li>\n<li>\n<p><span style=\"font-size:16px\" id=\"tl_12\">Cor: prata + azul<\/span><\/p>\n<\/li>\n<\/ul>\n<div>\n     \n    <\/div>\n<p><span style=\"font-size:16px\" id=\"tl_13\">Ferramenta de polia de &aacute;rvore de cames de 3 pontos:<\/span><\/p>\n<ul>\n<li>\n<p><span style=\"font-size:16px\" id=\"tl_14\">1, prensar a&ccedil;o com acabamento phosphat.<\/span><\/p>\n<\/li>\n<li>\n<p><span style=\"font-size:16px\" id=\"tl_15\">2, para usar para fixar a correia dentada e f&aacute;cil de remover ou instalar.<\/span><\/p>\n<\/li>\n<li>\n<p><span style=\"font-size:16px\" id=\"tl_16\">3, parte frontal com 3 pontos que podem fixar o cinto do FORE-STER.<\/span><\/p>\n<\/li>\n<li>\n<p><span style=\"font-size:16px\" id=\"tl_17\">4, funciona com:<\/span><\/p>\n<\/li>\n<li>\n<p><span style=\"font-size:16px\" id=\"tl_18\">Adequado para 04+ Subaru Impreza WRX STI (somente c&acirc;meras de admiss&atilde;o) *Inclui JDM Ver.9 STI<\/span><\/p>\n<\/li>\n<li>\n<p><span style=\"font-size:16px\" id=\"tl_19\">Adequado para Subaru Impreza WRX 06-14 (somente c&acirc;meras de admiss&atilde;o)<\/span><\/p>\n<\/li>\n<li>\n<p><span style=\"font-size:16px\" id=\"tl_20\">Adequado para 04-11 Subaru Forester XT (somente c&acirc;meras de admiss&atilde;o)<\/span><\/p>\n<\/li>\n<li>\n<p><span style=\"font-size:16px\" id=\"tl_21\">Adequado para Subaru Legacy GT 05-10 (somente c&acirc;meras de admiss&atilde;o)<\/span><\/p>\n<\/li>\n<li>\n<p><span style=\"font-size:16px\" id=\"tl_22\">Adequado para 05-10 Subaru Outback XT (somente c&acirc;meras de admiss&atilde;o)<\/span><\/p>\n<\/li>\n<li>\n<p><span style=\"font-size:16px\" id=\"tl_23\">Adequado para Subaru Baja Turbo 04-06 (somente c&acirc;meras de admiss&atilde;o)<\/span><\/p>\n<\/li>\n<li>\n<p><span style=\"font-size:16px\" id=\"tl_24\">Adequado para 06 Saab 9-2X Aero (somente c&acirc;meras de admiss&atilde;o)<\/span><\/p>\n<\/li>\n<\/ul>\n<div>\n     \n    <\/div>\n<p><span style=\"font-size:16px\" id=\"tl_25\">Chave de polia de &aacute;rvore de cames de 12 dentes:<\/span><\/p>\n<ul>\n<li>\n<p><span style=\"font-size:16px\" id=\"tl_26\">1, prensar a&ccedil;o com zincado colorido.<\/span><\/p>\n<\/li>\n<li>\n<p><span style=\"font-size:16px\" id=\"tl_27\">2, projetado para remover e instalar a polia camshafy<\/span><\/p>\n<\/li>\n<li>\n<p><span style=\"font-size:16px\" id=\"tl_28\">3, parte frontal com 12pt\/160mm, pode ser usada em correias de 6pt e 12pt<\/span><\/p>\n<\/li>\n<li>\n<p><span style=\"font-size:16px\" id=\"tl_29\">4, adequado para sub-aru im-preza, motor EJ20<\/span><\/p>\n<\/li>\n<li>\n<p><span style=\"font-size:16px\" id=\"tl_30\">Polegas de pl&aacute;stico e ferro est&atilde;o dispon&iacute;veis.<\/span><\/p>\n<\/li>\n<li>\n<p><span style=\"font-size:16px\" id=\"tl_31\">A ferramenta bem projetada para evitar que a polia gire e, em seguida, extrair o parafuso fixo central.<\/span><\/p>\n<\/li>\n<li>\n<p><span style=\"font-size:16px\" id=\"tl_32\">Aviso: Para instalar o parafuso central com torque de 30 Nm e depois tingir 45 graus.<\/span><\/p>\n<\/li>\n<li>\n<p><span style=\"font-size:16px\" id=\"tl_33\">Aplic&aacute;vel: Adequado para Subaru Impreza GT1999, Impreza 1600c.c, 1800c.c, 2000c.c<\/span><\/p>\n<\/li>\n<li>\n<p><span style=\"font-size:16px\" id=\"tl_34\">Usado para segurar a polia da &aacute;rvore de cames. Adequado para Impreza WRX 2002-2005 com turbo 2.0<\/span><\/p>\n<\/li>\n<li>\n<p><span style=\"font-size:16px\" id=\"tl_35\">Esta ferramenta n&atilde;o cabe no Turbox 2005 2.0 com temporiza&ccedil;&atilde;o de came varial.<\/span><\/p>\n<\/li>\n<\/ul>\n<p><span style=\"font-size:16px\" id=\"tl_36\">Nota:<\/span><\/p>\n<ul>\n<li>\n<p><span style=\"font-size:16px\" id=\"tl_37\">Disparo leve e displays diferentes podem fazer com que a cor do item na imagem seja um pouco diferente da coisa real.<\/span><\/p>\n<\/li>\n<li>\n<p><span style=\"font-size:16px\" id=\"tl_38\">O erro permitido na medi&ccedil;&atilde;o manual &eacute; de +\/- 1-3cm.<\/span><\/p>\n<\/li>\n<\/ul>\n<p><img data-recalc-dims=\"1\" decoding=\"async\" src=\"https:\/\/i0.wp.com\/ae01.alicdn.com\/kf\/Scc4530d3c7624aec9ef41fc388a8e355k.jpg?w=1200&#038;ssl=1\" \/><\/p>\n<p><img data-recalc-dims=\"1\" decoding=\"async\" src=\"https:\/\/i0.wp.com\/ae01.alicdn.com\/kf\/S2da08879b7a64cc887cd4566df9319a7U.jpg?w=1200&#038;ssl=1\" \/><img data-recalc-dims=\"1\" decoding=\"async\" src=\"https:\/\/i0.wp.com\/ae01.alicdn.com\/kf\/Scc9dce5dcf8c4617bb985bdc9da684376.jpg?w=1200&#038;ssl=1\" \/><img data-recalc-dims=\"1\" decoding=\"async\" src=\"https:\/\/i0.wp.com\/ae01.alicdn.com\/kf\/Se3ddbe534dfc4953a0f97e3f6bc2901dK.jpg?w=1200&#038;ssl=1\" \/><img data-recalc-dims=\"1\" decoding=\"async\" src=\"https:\/\/i0.wp.com\/ae01.alicdn.com\/kf\/S013d45486c6c40bcb01bce233057aa76g.jpg?w=1200&#038;ssl=1\" \/><img data-recalc-dims=\"1\" decoding=\"async\" src=\"https:\/\/i0.wp.com\/ae01.alicdn.com\/kf\/S12a63248e9ac473bbd7c2c1681969bdeu.jpg?w=1200&#038;ssl=1\" \/><\/p>\n<p><img data-recalc-dims=\"1\" decoding=\"async\" src=\"https:\/\/i0.wp.com\/ae01.alicdn.com\/kf\/Se5122ae13a534d55b3308383232dd4d4W.jpg?w=1200&#038;ssl=1\" \/><img data-recalc-dims=\"1\" decoding=\"async\" src=\"https:\/\/i0.wp.com\/ae01.alicdn.com\/kf\/S5cc41894247f412aaa2da34e440aebdaX.jpg?w=1200&#038;ssl=1\" \/><\/p>\n<p><span style=\"font-size:16px\" id=\"tl_39\">3 dentes 12 dentes adequado para subaru eixo de cames polia chave de suporte Forester 2.0 2.5 ferramenta de sincroniza&ccedil;&atilde;o<\/span><\/p>\n<\/p><\/div>\n<\/p><\/div>\n<\/p><\/div>\n<\/div>\n<p><\/p>\n<\/div>\n<\/div>\n","protected":false},"excerpt":{"rendered":"<p>modname=ckeditor Conjunto de ferramentas de instala&ccedil;&atilde;o para remo&ccedil;&atilde;o de correia dentada de motor, para subaru forester, admiss&atilde;o, seta de escape, roda dentada, eixo de cames, polia, suporte de chave Quantidade: Pe&ccedil;a &uacute;nica (1 pe&ccedil;a) Caracter&iacute;stica: Prensa a&ccedil;o com acabamento fosfat. Ferramenta perfeita para renova&ccedil;&atilde;o de veda&ccedil;&atilde;o de came, remo&ccedil;&atilde;o de cabe&ccedil;ote ou arranjos de motor.&hellip;&nbsp;<\/p>\n","protected":false},"featured_media":32009,"template":"","meta":{"neve_meta_sidebar":"","neve_meta_container":"","neve_meta_enable_content_width":"","neve_meta_content_width":0,"neve_meta_title_alignment":"","neve_meta_author_avatar":"","neve_post_elements_order":"","neve_meta_disable_header":"","neve_meta_disable_footer":"","neve_meta_disable_title":""},"product_brand":[],"product_cat":[197,201,17],"product_tag":[],"class_list":{"0":"post-32015","1":"product","2":"type-product","3":"status-publish","4":"has-post-thumbnail","6":"product_cat-ferramentas-de-manutencao-de-automoveis","7":"product_cat-ferramentas-de-mecanico-de-brinquedo-ferramentas-de-manutencao-de-automoveis","8":"product_cat-pecas-e-acessorios-automotivos","10":"first","11":"instock","12":"shipping-taxable","13":"purchasable","14":"product-type-variable","15":"has-default-attributes"},"jetpack_sharing_enabled":true,"_links":{"self":[{"href":"https:\/\/listman.shop\/autoparts-br\/wp-json\/wp\/v2\/product\/32015","targetHints":{"allow":["GET"]}}],"collection":[{"href":"https:\/\/listman.shop\/autoparts-br\/wp-json\/wp\/v2\/product"}],"about":[{"href":"https:\/\/listman.shop\/autoparts-br\/wp-json\/wp\/v2\/types\/product"}],"wp:featuredmedia":[{"embeddable":true,"href":"https:\/\/listman.shop\/autoparts-br\/wp-json\/wp\/v2\/media\/32009"}],"wp:attachment":[{"href":"https:\/\/listman.shop\/autoparts-br\/wp-json\/wp\/v2\/media?parent=32015"}],"wp:term":[{"taxonomy":"product_brand","embeddable":true,"href":"https:\/\/listman.shop\/autoparts-br\/wp-json\/wp\/v2\/product_brand?post=32015"},{"taxonomy":"product_cat","embeddable":true,"href":"https:\/\/listman.shop\/autoparts-br\/wp-json\/wp\/v2\/product_cat?post=32015"},{"taxonomy":"product_tag","embeddable":true,"href":"https:\/\/listman.shop\/autoparts-br\/wp-json\/wp\/v2\/product_tag?post=32015"}],"curies":[{"name":"wp","href":"https:\/\/api.w.org\/{rel}","templated":true}]}}