{"id":32147,"date":"2025-03-12T08:06:32","date_gmt":"2025-03-11T23:06:32","guid":{"rendered":"https:\/\/listman.shop\/autoparts-br\/product\/1005006873375647\/"},"modified":"2026-04-14T13:35:06","modified_gmt":"2026-04-14T04:35:06","slug":"1005006873375647","status":"publish","type":"product","link":"https:\/\/listman.shop\/autoparts-br\/product\/1005006873375647\/","title":{"rendered":"Chave de ajuste de polia intermedi\u00e1ria, 15 pe\u00e7as, tens\u00e3o da correia, ajustador de alavanca, chave de extens\u00e3o, ferramenta de oficina"},"content":{"rendered":"<div class=\"detailmodule_html\">\n<div class=\"detail-desc-decorate-richtext\">\n<p style=\"font-family:Arial, Helvetica, sans-serif;font-size:12px;font-weight:400;letter-spacing:normal;line-height:inherit;text-align:start;white-space:normal;border:0px;margin:0px;margin-bottom:0px;margin-top:0px;margin-left:0px;margin-right:0px;padding:0px;padding-bottom:0px;padding-top:0px;padding-left:0px;padding-right:0px\" align=\"start\"><span style=\"font-size:26px;font-family:inherit\"><strong>Descri\u00e7\u00e3o<\/strong><\/span><\/p>\n<p style=\"font-family:Arial, Helvetica, sans-serif;font-size:12px;font-weight:400;letter-spacing:normal;line-height:inherit;text-align:start;white-space:normal;border:0px;margin:0px;margin-bottom:0px;margin-top:0px;margin-left:0px;margin-right:0px;padding:0px;padding-bottom:0px;padding-top:0px;padding-left:0px;padding-right:0px\" align=\"start\"><span style=\"font-size:22px;font-family:inherit\">Ampla faixa de aplica\u00e7\u00e3o, desmontagem conveniente, dur\u00e1vel e dur\u00e1vel.Esta ferramenta \u00e9 usada para remover e instalar correias em sistemas de correias serpentinas usando torr\u00f5es com mola.Selecione o tamanho de manga apropriado e o bra\u00e7o intermedi\u00e1rio da ferramenta de posicionamento (al\u00e7a aplic\u00e1vel apenas para aplica\u00e7\u00f5es de 16 mm) para puxar ou puxar para liberar a tens\u00e3o.<\/span><\/p>\n<p style=\"font-family:Arial, Helvetica, sans-serif;font-size:12px;font-weight:400;letter-spacing:normal;line-height:inherit;text-align:start;white-space:normal;border:0px;margin:0px;margin-bottom:0px;margin-top:0px;margin-left:0px;margin-right:0px;padding:0px;padding-bottom:0px;padding-top:0px;padding-left:0px;padding-right:0px\" align=\"start\"><span style=\"font-size:22px;font-family:inherit\">As porcas de bloqueio e os parafusos de montagem dos componentes em tens\u00f5es, sincroniza\u00e7\u00e3o ou polias auxiliares podem ser dif\u00edceis de obter acesso.Freq\u00fcentemente escondido no compartimento do motor, atr\u00e1s do componente e geralmente pr\u00f3ximo ao radiador ou outros obst\u00e1culos.<\/span><\/p>\n<p style=\"font-family:Arial, Helvetica, sans-serif;font-size:12px;font-weight:400;letter-spacing:normal;line-height:inherit;text-align:start;white-space:normal;border:0px;margin:0px;margin-bottom:0px;margin-top:0px;margin-left:0px;margin-right:0px;padding:0px;padding-bottom:0px;padding-top:0px;padding-left:0px;padding-right:0px\" align=\"start\"><span style=\"font-size:22px;font-family:inherit\">Este conjunto de chaves de polia possui uma al\u00e7a longa e curva para facilitar o acesso e vem com 13 adaptadores intercambi\u00e1veis adequados para quase todos os tipos de ve\u00edculos.<\/span><\/p>\n<p style=\"font-family:Arial, Helvetica, sans-serif;font-size:12px;font-weight:400;letter-spacing:normal;line-height:inherit;text-align:start;white-space:normal;border:0px;margin:0px;margin-bottom:0px;margin-top:0px;margin-left:0px;margin-right:0px;padding:0px;padding-bottom:0px;padding-top:0px;padding-left:0px;padding-right:0px\" align=\"start\"><strong><span style=\"font-size:26px;font-family:inherit\">Especifica\u00e7\u00f5es:<\/span><\/strong><\/p>\n<p style=\"font-family:Arial, Helvetica, sans-serif;font-size:12px;font-weight:400;letter-spacing:normal;line-height:inherit;text-align:start;white-space:normal;border:0px;margin:0px;margin-bottom:0px;margin-top:0px;margin-left:0px;margin-right:0px;padding:0px;padding-bottom:0px;padding-top:0px;padding-left:0px;padding-right:0px\" align=\"start\"><span style=\"font-size:22px;font-family:inherit\">Nome: conjunto de chave de ajuste da correia do motor do carro<\/span><\/p>\n<p style=\"font-family:Arial, Helvetica, sans-serif;font-size:12px;font-weight:400;letter-spacing:normal;line-height:inherit;text-align:start;white-space:normal;border:0px;margin:0px;margin-bottom:0px;margin-top:0px;margin-left:0px;margin-right:0px;padding:0px;padding-bottom:0px;padding-top:0px;padding-left:0px;padding-right:0px\" align=\"start\"><span style=\"font-size:22px;font-family:inherit\">Especifica\u00e7\u00f5es: conjunto de 15 pe\u00e7as<\/span><\/p>\n<p style=\"font-family:Arial, Helvetica, sans-serif;font-size:12px;font-weight:400;letter-spacing:normal;line-height:inherit;text-align:start;white-space:normal;border:0px;margin:0px;margin-bottom:0px;margin-top:0px;margin-left:0px;margin-right:0px;padding:0px;padding-bottom:0px;padding-top:0px;padding-left:0px;padding-right:0px\" align=\"start\"><span style=\"font-size:22px;font-family:inherit\">Especifica\u00e7\u00e3o tipo E (5 pe\u00e7as): E10\/E12\/E14\/E16\/E18<\/span><\/p>\n<p style=\"font-family:Arial, Helvetica, sans-serif;font-size:12px;font-weight:400;letter-spacing:normal;line-height:inherit;text-align:start;white-space:normal;border:0px;margin:0px;margin-bottom:0px;margin-top:0px;margin-left:0px;margin-right:0px;padding:0px;padding-bottom:0px;padding-top:0px;padding-left:0px;padding-right:0px\" align=\"start\"><span style=\"font-size:22px;font-family:inherit\">Soquete de ameixa (8 pe\u00e7as): 12 mm\/13 mm\/14 mm\/15 mm\/16 mm\/17 mm\/18 mm\/19 mm<\/span><\/p>\n<p><\/p>\n<p style=\"font-family:Arial, Helvetica, sans-serif;font-size:12px;font-weight:400;letter-spacing:normal;line-height:inherit;text-align:start;white-space:normal;border:0px;margin:0px;margin-bottom:0px;margin-top:0px;margin-left:0px;margin-right:0px;padding:0px;padding-bottom:0px;padding-top:0px;padding-left:0px;padding-right:0px\" align=\"start\"><strong><span style=\"font-size:26px;font-family:inherit\">O pacote inclui:<\/span><\/strong><\/p>\n<p style=\"font-family:Arial, Helvetica, sans-serif;font-size:12px;font-weight:400;letter-spacing:normal;line-height:inherit;text-align:start;white-space:normal;border:0px;margin:0px;margin-bottom:0px;margin-top:0px;margin-left:0px;margin-right:0px;padding:0px;padding-bottom:0px;padding-top:0px;padding-left:0px;padding-right:0px\" align=\"start\"><span style=\"font-size:22px;font-family:inherit\">15 pe\u00e7as * chave de ajuste da polia intermedi\u00e1ria<\/span><\/p>\n<p style=\"font-family:Arial, Helvetica, sans-serif;font-size:12px;font-weight:400;letter-spacing:normal;line-height:inherit;text-align:start;white-space:normal;border:0px;margin:0px;margin-bottom:0px;margin-top:0px;margin-left:0px;margin-right:0px;padding:0px;padding-bottom:0px;padding-top:0px;padding-left:0px;padding-right:0px\" align=\"start\"><img data-recalc-dims=\"1\" decoding=\"async\" src=\"https:\/\/i0.wp.com\/ae01.alicdn.com\/kf\/Scd0b77a1bd4b4bd3b5879985c98e431ec.jpg?w=1200&#038;ssl=1\"><img data-recalc-dims=\"1\" decoding=\"async\" src=\"https:\/\/i0.wp.com\/ae01.alicdn.com\/kf\/S85baaa1e7a084b019678ca06582d7126V.jpg?w=1200&#038;ssl=1\"><img data-recalc-dims=\"1\" decoding=\"async\" src=\"https:\/\/i0.wp.com\/ae01.alicdn.com\/kf\/S89dc8f4b722a498a8d06aeeda831d7188.jpg?w=1200&#038;ssl=1\"><img data-recalc-dims=\"1\" decoding=\"async\" src=\"https:\/\/i0.wp.com\/ae01.alicdn.com\/kf\/S60d3c76ba5aa479aa0519dda0870c1d8O.jpg?w=1200&#038;ssl=1\"><img data-recalc-dims=\"1\" decoding=\"async\" src=\"https:\/\/i0.wp.com\/ae01.alicdn.com\/kf\/S72cff20826a94cdf802963169c6b4198b.jpg?w=1200&#038;ssl=1\"><img data-recalc-dims=\"1\" decoding=\"async\" src=\"https:\/\/i0.wp.com\/ae01.alicdn.com\/kf\/S84f58a035ae843eb94cd3dad44c2013eU.jpg?w=1200&#038;ssl=1\"><img data-recalc-dims=\"1\" decoding=\"async\" src=\"https:\/\/i0.wp.com\/ae01.alicdn.com\/kf\/Sad6118fe5e7241f98e4633db65b90f2bz.jpg?w=1200&#038;ssl=1\"><img data-recalc-dims=\"1\" decoding=\"async\" src=\"https:\/\/i0.wp.com\/ae01.alicdn.com\/kf\/S5d67f1cc039746aeb45c2483576cee836.jpg?w=1200&#038;ssl=1\"><img data-recalc-dims=\"1\" decoding=\"async\" src=\"https:\/\/i0.wp.com\/ae01.alicdn.com\/kf\/S227421739a784b51bdd60c9b04829986C.jpg?w=1200&#038;ssl=1\"><\/p>\n<\/div>\n<\/div>\n","protected":false},"excerpt":{"rendered":"<p>Descri\u00e7\u00e3o Ampla faixa de aplica\u00e7\u00e3o, desmontagem conveniente, dur\u00e1vel e dur\u00e1vel.Esta ferramenta \u00e9 usada para remover e instalar correias em sistemas de correias serpentinas usando torr\u00f5es com mola.Selecione o tamanho de manga apropriado e o bra\u00e7o intermedi\u00e1rio da ferramenta de posicionamento (al\u00e7a aplic\u00e1vel apenas para aplica\u00e7\u00f5es de 16 mm) para puxar ou puxar para liberar a&hellip;&nbsp;<\/p>\n","protected":false},"featured_media":32141,"template":"","meta":{"neve_meta_sidebar":"","neve_meta_container":"","neve_meta_enable_content_width":"","neve_meta_content_width":0,"neve_meta_title_alignment":"","neve_meta_author_avatar":"","neve_post_elements_order":"","neve_meta_disable_header":"","neve_meta_disable_footer":"","neve_meta_disable_title":""},"product_brand":[],"product_cat":[197,201,17],"product_tag":[],"class_list":{"0":"post-32147","1":"product","2":"type-product","3":"status-publish","4":"has-post-thumbnail","6":"product_cat-ferramentas-de-manutencao-de-automoveis","7":"product_cat-ferramentas-de-mecanico-de-brinquedo-ferramentas-de-manutencao-de-automoveis","8":"product_cat-pecas-e-acessorios-automotivos","10":"first","11":"instock","12":"shipping-taxable","13":"purchasable","14":"product-type-variable","15":"has-default-attributes"},"jetpack_sharing_enabled":true,"_links":{"self":[{"href":"https:\/\/listman.shop\/autoparts-br\/wp-json\/wp\/v2\/product\/32147","targetHints":{"allow":["GET"]}}],"collection":[{"href":"https:\/\/listman.shop\/autoparts-br\/wp-json\/wp\/v2\/product"}],"about":[{"href":"https:\/\/listman.shop\/autoparts-br\/wp-json\/wp\/v2\/types\/product"}],"wp:featuredmedia":[{"embeddable":true,"href":"https:\/\/listman.shop\/autoparts-br\/wp-json\/wp\/v2\/media\/32141"}],"wp:attachment":[{"href":"https:\/\/listman.shop\/autoparts-br\/wp-json\/wp\/v2\/media?parent=32147"}],"wp:term":[{"taxonomy":"product_brand","embeddable":true,"href":"https:\/\/listman.shop\/autoparts-br\/wp-json\/wp\/v2\/product_brand?post=32147"},{"taxonomy":"product_cat","embeddable":true,"href":"https:\/\/listman.shop\/autoparts-br\/wp-json\/wp\/v2\/product_cat?post=32147"},{"taxonomy":"product_tag","embeddable":true,"href":"https:\/\/listman.shop\/autoparts-br\/wp-json\/wp\/v2\/product_tag?post=32147"}],"curies":[{"name":"wp","href":"https:\/\/api.w.org\/{rel}","templated":true}]}}