{"id":32295,"date":"2025-03-12T08:11:19","date_gmt":"2025-03-11T23:11:19","guid":{"rendered":"https:\/\/listman.shop\/autoparts-br\/product\/1005007129721088\/"},"modified":"2026-04-04T13:34:08","modified_gmt":"2026-04-04T04:34:08","slug":"1005007129721088","status":"publish","type":"product","link":"https:\/\/listman.shop\/autoparts-br\/product\/1005007129721088\/","title":{"rendered":"Programador de carro CAS4 BDM R270 + V1.20 para BMW 2001-2009 Programador de chave autom\u00e1tica com suporte para s\u00e9rie M35080"},"content":{"rendered":"<div class=\"detailmodule_html\">\n<div class=\"detail-desc-decorate-richtext\">\n<p><img data-recalc-dims=\"1\" decoding=\"async\" src=\"https:\/\/i0.wp.com\/ae01.alicdn.com\/kf\/Scd68f3a77ed84c5bb467ed8891d2ad67b.jpg?w=1200&#038;ssl=1\"><\/p>\n<p><span style=\"font-size:16px\">R270+ para BMW CAS4 BDM Programmer inclui todos os recursos do programador CAS3.Leia e escreva diretamente dados de chips com rapidez e seguran\u00e7a, suporte para o novo hod\u00f4metro CAS4 da s\u00e9rie 2009 (F01\/F02) e chips de leitura e grava\u00e7\u00e3o de dados, seguros e eficazes.<\/span><\/p>\n<\/p>\n<p><span style=\"font-size:16px\">R270+ PARA programador BMW CAS4 BDM<\/span><\/p>\n<p><span style=\"font-size:16px\">As 3 principais raz\u00f5es para obter R270+ para BMW CAS<\/span><\/p>\n<p><span style=\"font-size:16px\">1.Vers\u00e3o do software: 1.2<\/span><\/p>\n<p><span style=\"font-size:16px\">2.Suportado para o ano do modelo de carro BMW: mais 2001-2009<\/span><\/p>\n<p><span style=\"font-size:16px\">3.Suporta s\u00e9rie M35080 de limpeza r\u00e1pida, leitura e grava\u00e7\u00e3o (35080\/35080-V6\/35080-VP\/D80 D0WQ\/D160\/35160, etc.)<\/span><\/p>\n<p><\/p>\n<p><span style=\"font-size:16px\">Idioma: ingl\u00eas<\/span><\/p>\n<p><span style=\"font-size:16px\">Descri\u00e7\u00e3o:<\/span><\/p>\n<p><span style=\"font-size:16px\">Leia e escreva diretamente dados de chips com rapidez e seguran\u00e7a, suporte ao novo hod\u00f4metro CAS4 da s\u00e9rie 2009 (F01\/F02) e chips para leitura e grava\u00e7\u00e3o de dados, seguros e eficazes.<\/span><\/p>\n<p><span style=\"font-size:16px\">O CAS4 inclui todos os recursos do programador CAS3.Possui uma poderosa fun\u00e7\u00e3o de programa\u00e7\u00e3o Motorola MCU: programa sem remo\u00e7\u00e3o das s\u00e9ries Motorola MCU EEPROM (HC908) e FLASH (HC912, HC9S12, HC9S12X).<\/span><\/p>\n<p><\/p>\n<p><span style=\"font-size:16px\">Fun\u00e7\u00e3o:<\/span><\/p>\n<p><span style=\"font-size:16px\">1. suporte para bmw cas e cas4 (0k50e\/2k79x\/0l01y\/0l15y\/1l15y, etc.)<\/span><\/p>\n<p><span style=\"font-size:16px\">2. suporte para bmw ews4 (2l86d)<\/span><\/p>\n<p><span style=\"font-size:16px\">3. suporte para benz ezs (1j35d\/2j74y\/4j74y\/3k91d\/1l85d\/1l59w\/3l40k\/4l 40k, etc.)<\/span><\/p>\n<p><span style=\"font-size:16px\">4. Suporta uma variedade de m\u00f3dulos SRS:(9H91F\/0K13J\/0K75F\/0L85D\/0J38M\/1E62H\/1K7 9X\/5H55W, etc.)<\/span><\/p>\n<p><span style=\"font-size:16px\">5. aplic\u00e1vel a todos os tipos de m\u00f3dulos automotivos EIS\/CAS\/SRS\/ECU.<\/span><\/p>\n<p><\/p>\n<p><span style=\"font-size:16px\">Lista de pacotes:<\/span><\/p>\n<p><span style=\"font-size:16px\">1x unidade principal R270<\/span><\/p>\n<p><span style=\"font-size:16px\">1x cabo de 26 pinos<\/span><\/p>\n<p><span style=\"font-size:16px\">1x adaptador CA<\/span><\/p>\n<p><span style=\"font-size:16px\">1x cabo USB<\/span><\/p>\n<p><span style=\"font-size:16px\">1x adaptador<\/span><\/p>\n<p><span style=\"font-size:16px\">1x unidade de CD<\/span><\/p>\n<p><img data-recalc-dims=\"1\" decoding=\"async\" src=\"https:\/\/i0.wp.com\/ae01.alicdn.com\/kf\/S17a97c87dd4a42858d6bf0cec5c9199fX.jpg?w=1200&#038;ssl=1\"><img data-recalc-dims=\"1\" decoding=\"async\" src=\"https:\/\/i0.wp.com\/ae01.alicdn.com\/kf\/S7151a8e7cbea48d4b908e6f40aee6752H.jpg?w=1200&#038;ssl=1\"><img data-recalc-dims=\"1\" decoding=\"async\" src=\"https:\/\/i0.wp.com\/ae01.alicdn.com\/kf\/S3afc5062cbcd420e893c844ec82ab4485.jpg?w=1200&#038;ssl=1\"><img data-recalc-dims=\"1\" decoding=\"async\" src=\"https:\/\/i0.wp.com\/ae01.alicdn.com\/kf\/Sdae117116e7749c8bae30d32cbb9ddb5m.jpg?w=1200&#038;ssl=1\"><\/p>\n<p><img data-recalc-dims=\"1\" decoding=\"async\" src=\"https:\/\/i0.wp.com\/ae01.alicdn.com\/kf\/Sbcd0e6bab8d8468e9e28edda7299342eR.jpg?w=1200&#038;ssl=1\"><\/p>\n<p><\/p>\n<\/div>\n<\/div>\n","protected":false},"excerpt":{"rendered":"<p>R270+ para BMW CAS4 BDM Programmer inclui todos os recursos do programador CAS3.Leia e escreva diretamente dados de chips com rapidez e seguran\u00e7a, suporte para o novo hod\u00f4metro CAS4 da s\u00e9rie 2009 (F01\/F02) e chips de leitura e grava\u00e7\u00e3o de dados, seguros e eficazes. R270+ PARA programador BMW CAS4 BDM As 3 principais raz\u00f5es para&hellip;&nbsp;<\/p>\n","protected":false},"featured_media":32289,"template":"","meta":{"neve_meta_sidebar":"","neve_meta_container":"","neve_meta_enable_content_width":"","neve_meta_content_width":0,"neve_meta_title_alignment":"","neve_meta_author_avatar":"","neve_post_elements_order":"","neve_meta_disable_header":"","neve_meta_disable_footer":"","neve_meta_disable_title":""},"product_brand":[],"product_cat":[46,18,17],"product_tag":[],"class_list":{"0":"post-32295","1":"product","2":"type-product","3":"status-publish","4":"has-post-thumbnail","6":"product_cat-ferramentas-de-diagnostico","7":"product_cat-ferramentas-de-reparo-automotivo","8":"product_cat-pecas-e-acessorios-automotivos","10":"first","11":"instock","12":"shipping-taxable","13":"purchasable","14":"product-type-variable","15":"has-default-attributes"},"jetpack_sharing_enabled":true,"_links":{"self":[{"href":"https:\/\/listman.shop\/autoparts-br\/wp-json\/wp\/v2\/product\/32295","targetHints":{"allow":["GET"]}}],"collection":[{"href":"https:\/\/listman.shop\/autoparts-br\/wp-json\/wp\/v2\/product"}],"about":[{"href":"https:\/\/listman.shop\/autoparts-br\/wp-json\/wp\/v2\/types\/product"}],"wp:featuredmedia":[{"embeddable":true,"href":"https:\/\/listman.shop\/autoparts-br\/wp-json\/wp\/v2\/media\/32289"}],"wp:attachment":[{"href":"https:\/\/listman.shop\/autoparts-br\/wp-json\/wp\/v2\/media?parent=32295"}],"wp:term":[{"taxonomy":"product_brand","embeddable":true,"href":"https:\/\/listman.shop\/autoparts-br\/wp-json\/wp\/v2\/product_brand?post=32295"},{"taxonomy":"product_cat","embeddable":true,"href":"https:\/\/listman.shop\/autoparts-br\/wp-json\/wp\/v2\/product_cat?post=32295"},{"taxonomy":"product_tag","embeddable":true,"href":"https:\/\/listman.shop\/autoparts-br\/wp-json\/wp\/v2\/product_tag?post=32295"}],"curies":[{"name":"wp","href":"https:\/\/api.w.org\/{rel}","templated":true}]}}