{"id":32366,"date":"2025-03-12T08:12:58","date_gmt":"2025-03-11T23:12:58","guid":{"rendered":"https:\/\/listman.shop\/autoparts-br\/product\/1005007266299064\/"},"modified":"2026-04-14T13:40:03","modified_gmt":"2026-04-14T04:40:03","slug":"1005007266299064","status":"publish","type":"product","link":"https:\/\/listman.shop\/autoparts-br\/product\/1005007266299064\/","title":{"rendered":"Novo extrator de cabe\u00e7a esf\u00e9rica para carro, removedor de bra\u00e7o oscilante, barra de tra\u00e7\u00e3o, ferramenta extrator ajust\u00e1vel, reparo universal de ve\u00edculos"},"content":{"rendered":"<div class=\"detailmodule_html\">\n<div class=\"detail-desc-decorate-richtext\">\n<div class=\"detailmodule_html\">\n<div class=\"detail-desc-decorate-richtext\">\n<p style=\"margin:0pt;margin-bottom:0pt;margin-top:0pt;margin-left:0pt;margin-right:0pt\" class=\"MsoNormal\"><span style=\"font-size:18px;, times, serif\">100% novo e de alta qualidade<br \/>Material: Ferroalleia<\/span><\/p>\n<p style=\"margin:0pt;margin-bottom:0pt;margin-top:0pt;margin-left:0pt;margin-right:0pt\" class=\"MsoNormal\"><span class=\"15\" style=\"font-size:18px;, times, serif\"><span style=\"font-size:18px;, times, serif\">Cor: prata<br \/>Tamanho: 9,5*5*8cm\/3,74*1,97*3,15 polegadas<br \/>Convers\u00e3o: 1 cm = 0,394 polegada Erro: 1 cm\/0,394 polegadas<\/p>\n<p><\/span><\/span><span class=\"15\" style=\"font-size:18px;, times, serif\"><strong><span style=\"font-size:18px;, times, serif\">Dica quente:<\/span><\/strong><\/span><span class=\"15\" style=\"font-size:18px;, times, serif\"><span style=\"font-size:18px;, times, serif\"><br \/>1. lembre-se de que devido aos efeitos de ilumina\u00e7\u00e3o, configura\u00e7\u00f5es de brilho\/contraste do monitor, etc., pode haver algumas pequenas diferen\u00e7as no tom da cor da foto do site e do item real.<br \/>2. item medido \u00e0 m\u00e3o, pode ser 1cm diferente, sua compreens\u00e3o ser\u00e1 muito apreciada.<\/span><\/span><\/p>\n<p style=\"margin:0pt;margin-bottom:0pt;margin-top:0pt;margin-left:0pt;margin-right:0pt\" class=\"MsoNormal\"><span class=\"15\" style=\"font-size:18px;, times, serif\"><span style=\"font-size:18px;, times, serif\"><br \/><\/span><\/span><span class=\"15\" style=\"font-size:18px;, times, serif\"><strong><span style=\"font-size:18px;, times, serif\">Conte\u00fado do pacote:<\/span><\/strong><\/span><span class=\"15\" style=\"font-size:18px;, times, serif\"><span style=\"font-size:18px;, times, serif\"><br \/>1 * ferramenta automotiva<\/span><\/span><\/p>\n<p style=\"margin:0pt;margin-bottom:0pt;margin-top:0pt;margin-left:0pt;margin-right:0pt\" class=\"MsoNormal\"><span><span style=\"font-size:18px\"><br \/><\/span><\/span><\/p>\n<div><\/div>\n<div>\n<p><img data-recalc-dims=\"1\" decoding=\"async\" style=\"width:800px\"  src=\"https:\/\/i0.wp.com\/ae01.alicdn.com\/kf\/S613ab27ae15f4c6699543f06ee88dc647.jpg?w=1200&#038;ssl=1\"><\/p>\n<p><img data-recalc-dims=\"1\" decoding=\"async\" style=\"width:800px\"  src=\"https:\/\/i0.wp.com\/ae01.alicdn.com\/kf\/Sed95dde8c0914a11b91863476b48003f0.jpg?w=1200&#038;ssl=1\"><\/p>\n<p><img data-recalc-dims=\"1\" decoding=\"async\" style=\"width:800px\"  src=\"https:\/\/i0.wp.com\/ae01.alicdn.com\/kf\/Sf230508c1c414f72aee27d712e50cf1fG.jpg?w=1200&#038;ssl=1\"><\/p>\n<p><img data-recalc-dims=\"1\" decoding=\"async\" style=\"width:800px\"  src=\"https:\/\/i0.wp.com\/ae01.alicdn.com\/kf\/Sfc0ea2c199ec4366a8fcaa92a9d873713.jpg?w=1200&#038;ssl=1\"><\/p>\n<p><img data-recalc-dims=\"1\" decoding=\"async\" style=\"width:800px\"  src=\"https:\/\/i0.wp.com\/ae01.alicdn.com\/kf\/S1657eec62a674b19b78c92a87ec05baai.jpg?w=1200&#038;ssl=1\"><\/p>\n<p><img data-recalc-dims=\"1\" decoding=\"async\" style=\"width:800px\"  src=\"https:\/\/i0.wp.com\/ae01.alicdn.com\/kf\/S6ca7f342317244ee9dd4ce198db1caf11.jpg?w=1200&#038;ssl=1\"><\/p>\n<p><img data-recalc-dims=\"1\" decoding=\"async\" style=\"width:800px\"  src=\"https:\/\/i0.wp.com\/ae01.alicdn.com\/kf\/Sf4c6db969c494ee8ad8e8c938e54965e0.jpg?w=1200&#038;ssl=1\"><\/p>\n<p><img data-recalc-dims=\"1\" decoding=\"async\" style=\"width:800px\"  src=\"https:\/\/i0.wp.com\/ae01.alicdn.com\/kf\/Sa231bb8930344e5fa17de721c79ae66cb.jpg?w=1200&#038;ssl=1\"><\/p>\n<p><img data-recalc-dims=\"1\" decoding=\"async\" style=\"width:800px\"  src=\"https:\/\/i0.wp.com\/ae01.alicdn.com\/kf\/S9f357032fc374a33bbf859b1545f17e9U.jpg?w=1200&#038;ssl=1\"><\/p>\n<\/div>\n<\/div>\n<\/div>\n<p><\/p>\n<\/div>\n<\/div>\n","protected":false},"excerpt":{"rendered":"<p>100% novo e de alta qualidadeMaterial: Ferroalleia Cor: prataTamanho: 9,5*5*8cm\/3,74*1,97*3,15 polegadasConvers\u00e3o: 1 cm = 0,394 polegada Erro: 1 cm\/0,394 polegadas Dica quente:1. lembre-se de que devido aos efeitos de ilumina\u00e7\u00e3o, configura\u00e7\u00f5es de brilho\/contraste do monitor, etc., pode haver algumas pequenas diferen\u00e7as no tom da cor da foto do site e do item real.2. item medido&hellip;&nbsp;<\/p>\n","protected":false},"featured_media":32360,"template":"","meta":{"neve_meta_sidebar":"","neve_meta_container":"","neve_meta_enable_content_width":"","neve_meta_content_width":0,"neve_meta_title_alignment":"","neve_meta_author_avatar":"","neve_post_elements_order":"","neve_meta_disable_header":"","neve_meta_disable_footer":"","neve_meta_disable_title":""},"product_brand":[],"product_cat":[207,197,17],"product_tag":[],"class_list":{"0":"post-32366","1":"product","2":"type-product","3":"status-publish","4":"has-post-thumbnail","6":"product_cat-ferramentas-de-chassi-e-suspensao","7":"product_cat-ferramentas-de-manutencao-de-automoveis","8":"product_cat-pecas-e-acessorios-automotivos","10":"first","11":"instock","12":"shipping-taxable","13":"purchasable","14":"product-type-variable","15":"has-default-attributes"},"jetpack_sharing_enabled":true,"_links":{"self":[{"href":"https:\/\/listman.shop\/autoparts-br\/wp-json\/wp\/v2\/product\/32366","targetHints":{"allow":["GET"]}}],"collection":[{"href":"https:\/\/listman.shop\/autoparts-br\/wp-json\/wp\/v2\/product"}],"about":[{"href":"https:\/\/listman.shop\/autoparts-br\/wp-json\/wp\/v2\/types\/product"}],"wp:featuredmedia":[{"embeddable":true,"href":"https:\/\/listman.shop\/autoparts-br\/wp-json\/wp\/v2\/media\/32360"}],"wp:attachment":[{"href":"https:\/\/listman.shop\/autoparts-br\/wp-json\/wp\/v2\/media?parent=32366"}],"wp:term":[{"taxonomy":"product_brand","embeddable":true,"href":"https:\/\/listman.shop\/autoparts-br\/wp-json\/wp\/v2\/product_brand?post=32366"},{"taxonomy":"product_cat","embeddable":true,"href":"https:\/\/listman.shop\/autoparts-br\/wp-json\/wp\/v2\/product_cat?post=32366"},{"taxonomy":"product_tag","embeddable":true,"href":"https:\/\/listman.shop\/autoparts-br\/wp-json\/wp\/v2\/product_tag?post=32366"}],"curies":[{"name":"wp","href":"https:\/\/api.w.org\/{rel}","templated":true}]}}