{"id":32384,"date":"2025-03-12T08:13:29","date_gmt":"2025-03-11T23:13:29","guid":{"rendered":"https:\/\/listman.shop\/autoparts-br\/product\/1005007297542559\/"},"modified":"2026-04-14T13:33:06","modified_gmt":"2026-04-14T04:33:06","slug":"1005007297542559","status":"publish","type":"product","link":"https:\/\/listman.shop\/autoparts-br\/product\/1005007297542559\/","title":{"rendered":"12v luz de temporiza\u00e7\u00e3o de igni\u00e7\u00e3o indutiva carro motocicleta motor a gasolina sincronismo de igni\u00e7\u00e3o l\u00e2mpada estrobosc\u00f3pica ferramenta de reparo marinho automotivo"},"content":{"rendered":"<div class=\"detailmodule_html\">\n<div class=\"detail-desc-decorate-richtext\">\n<div class=\"detailmodule_media\">\n<div class=\"video-container-5000139098851\">\n<div class=\"detail-video\" id=\"5000139098851\" data-previewurl=\"https:\/\/ae01.alicdn.com\/kf\/S7ea014e1fde04f629ea3f18e424564a6c.jpg\"><\/div>\n<\/div>\n<\/div>\n<p><\/p>\n<p style=\"text-align:center\" align=\"center\"><strong><span style=\"font-size:20px;font-family:georgia, serif\">Luz de temporiza\u00e7\u00e3o de igni\u00e7\u00e3o de 12V<\/span><\/strong><\/p>\n<p><span style=\"font-size:18px;font-family:georgia, serif\"><strong>Descri\u00e7\u00f5es dos itens:<\/strong><\/span><\/p>\n<p><span style=\"font-size:18px;font-family:georgia, serif\">1): A al\u00e7a \u00e9 ergonomicamente projetada com teclas de press\u00e3o confort\u00e1veis, \u00f3tima sensa\u00e7\u00e3o de press\u00e3o e f\u00e1cil opera\u00e7\u00e3o.E a alta qualidade faz com que seja usado dificilmente.<\/span><\/p>\n<p><span style=\"font-size:18px;font-family:georgia, serif\">2): Este dispositivo de temporiza\u00e7\u00e3o com tens\u00e3o de trabalho de 12V \u00e9 adequado para carros, motocicletas e todos os motores a gasolina de dois ou quatro tempos.<\/span><\/p>\n<p><span style=\"font-size:18px;font-family:georgia, serif\">3): Capaz de testar intuitivamente a escala de distribui\u00e7\u00e3o de igni\u00e7\u00e3o no volante do motor ou na polia da correia para ajustar adequadamente.<\/span><\/p>\n<p><span style=\"font-size:18px;font-family:georgia, serif\">4): Capaz de detectar o sistema automotivo de controle de supress\u00e3o de detona\u00e7\u00e3o e o sistema de controle de \u00e2ngulo de avan\u00e7o de v\u00e1cuo, alterar seu \u00e2ngulo de avan\u00e7o com a mudan\u00e7a de velocidade.<\/span><\/p>\n<p><span style=\"font-size:18px;font-family:georgia, serif\">5): \u00c9 capaz de redefinir o tempo de igni\u00e7\u00e3o sob o desgaste normal do motor por um longo per\u00edodo, a substitui\u00e7\u00e3o regular da correia dentada e da polia da correia, a diminui\u00e7\u00e3o da press\u00e3o do cilindro.<\/span><\/p>\n<p><span style=\"font-size:18px;font-family:georgia, serif\">Caracter\u00edsticas Especiais: Tempo<\/span><\/p>\n<p><span style=\"font-size:18px;font-family:georgia, serif\">Tens\u00e3o de entrada: 12V<\/span><\/p>\n<p><span style=\"font-size:18px;font-family:georgia, serif\">Ponto de disparo: Bobina de alta tens\u00e3o No.1 vela de igni\u00e7\u00e3o<\/span><\/p>\n<p><span style=\"font-size:18px;font-family:georgia, serif\">Velocidade: 200-10000r\/min<\/span><\/p>\n<p><span style=\"font-size:18px;font-family:georgia, serif\">Temperatura de trabalho: 0-40 Celsius<\/span><\/p>\n<p><span style=\"font-size:18px;font-family:georgia, serif\">Material: ABS<\/span><\/p>\n<p><span style=\"font-size:18px;font-family:georgia, serif\">O tempo de igni\u00e7\u00e3o afeta diretamente o funcionamento normal do motor.Isso causar\u00e1 falha na partida do motor se o pior chegar ao pior.Se muito cedo, o motor acelera e produz \u201cGA, GA\u201d como batidas de metal com grande resist\u00eancia de partida, dif\u00edcil rota\u00e7\u00e3o do motor, redu\u00e7\u00e3o de pot\u00eancia e instabilidade de marcha lenta, tremendo.Se atrasar demais, causar\u00e1 uma partida dif\u00edcil ou energia insuficiente, acelerando assim o consumo de \u00f3leo e a abras\u00e3o do motor.<\/span><\/p>\n<p><span style=\"font-size:18px;font-family:georgia, serif\"><strong>Como funciona a luz de temporiza\u00e7\u00e3o?<\/strong><\/span><\/p>\n<p><span style=\"font-size:18px;font-family:georgia, serif\">Aque\u00e7a o motor<\/span><\/p>\n<p><span style=\"font-size:18px;font-family:georgia, serif\">Anexe a luz de temporiza\u00e7\u00e3o<\/span><\/p>\n<p><span style=\"font-size:18px;font-family:georgia, serif\">Desempenho de ajuste<\/span><\/p>\n<p><span style=\"font-size:18px;font-family:georgia, serif\">Compara\u00e7\u00e3o de leituras<\/span><\/p>\n<p><strong><span style=\"font-size:18px;font-family:georgia, serif\">Lista de embalagem:<\/span><\/strong><\/p>\n<p><span style=\"font-size:18px;font-family:georgia, serif\">1 unidade * luz de temporiza\u00e7\u00e3o de igni\u00e7\u00e3o<\/span><\/p>\n<p><span style=\"font-size:18px;font-family:georgia, serif\">1 unidade * Manual do usu\u00e1rio em ingl\u00eas<\/span><\/p>\n<p><span style=\"font-size:18px;font-family:georgia, serif\"><strong>Aten\u00e7\u00e3o:<\/strong><\/span><\/p>\n<p><span style=\"font-size:18px;font-family:georgia, serif\">1.A fonte de alimenta\u00e7\u00e3o \u00e9 de 12V com conex\u00e3o vermelha ao positivo e preta ao negativo.N\u00e3o mexa.O grampo de indu\u00e7\u00e3o do fio de alta tens\u00e3o \u00e9 preso na linha de alta tens\u00e3o do cilindro com a seta no grampo de indu\u00e7\u00e3o apontando para a dire\u00e7\u00e3o da vela de igni\u00e7\u00e3o para o funcionamento normal.<\/span><\/p>\n<p><span style=\"font-size:18px;font-family:georgia, serif\">2. Disparo leve e displays diferentes podem fazer com que a cor do item na imagem seja um pouco diferente da coisa real. O erro de medi\u00e7\u00e3o permitido \u00e9 de +\/- 1-3cm.<\/span><\/p>\n<p><img data-recalc-dims=\"1\" decoding=\"async\" src=\"https:\/\/i0.wp.com\/ae01.alicdn.com\/kf\/S0cd40af70230469593174718ae535a68x.jpg?w=1200&#038;ssl=1\"><img data-recalc-dims=\"1\" decoding=\"async\" src=\"https:\/\/i0.wp.com\/ae01.alicdn.com\/kf\/Sa53127f2eb8b49dd8396ad62ec5bef84F.jpg?w=1200&#038;ssl=1\"><img data-recalc-dims=\"1\" decoding=\"async\" src=\"https:\/\/i0.wp.com\/ae01.alicdn.com\/kf\/S60b9cb8867984449a435fbe07a23ffa1N.jpg?w=1200&#038;ssl=1\"><img data-recalc-dims=\"1\" decoding=\"async\" src=\"https:\/\/i0.wp.com\/ae01.alicdn.com\/kf\/Sa4637ce959244cb1a2b827ab317b4446t.jpg?w=1200&#038;ssl=1\"><img data-recalc-dims=\"1\" decoding=\"async\" src=\"https:\/\/i0.wp.com\/ae01.alicdn.com\/kf\/S371723f9c41c4f7885c860aba4568ce9F.jpg?w=1200&#038;ssl=1\"><img data-recalc-dims=\"1\" decoding=\"async\" src=\"https:\/\/i0.wp.com\/ae01.alicdn.com\/kf\/S47f0f2002dfd402b900aff34398af755x.jpg?w=1200&#038;ssl=1\"><\/p>\n<p><\/p>\n<p><\/div>\n<\/div>\n","protected":false},"excerpt":{"rendered":"<p>Luz de temporiza\u00e7\u00e3o de igni\u00e7\u00e3o de 12V Descri\u00e7\u00f5es dos itens: 1): A al\u00e7a \u00e9 ergonomicamente projetada com teclas de press\u00e3o confort\u00e1veis, \u00f3tima sensa\u00e7\u00e3o de press\u00e3o e f\u00e1cil opera\u00e7\u00e3o.E a alta qualidade faz com que seja usado dificilmente. 2): Este dispositivo de temporiza\u00e7\u00e3o com tens\u00e3o de trabalho de 12V \u00e9 adequado para carros, motocicletas e todos&hellip;&nbsp;<\/p>\n","protected":false},"featured_media":32378,"template":"","meta":{"neve_meta_sidebar":"","neve_meta_container":"","neve_meta_enable_content_width":"","neve_meta_content_width":0,"neve_meta_title_alignment":"","neve_meta_author_avatar":"","neve_post_elements_order":"","neve_meta_disable_header":"","neve_meta_disable_footer":"","neve_meta_disable_title":""},"product_brand":[],"product_cat":[206,197,17],"product_tag":[],"class_list":{"0":"post-32384","1":"product","2":"type-product","3":"status-publish","4":"has-post-thumbnail","6":"product_cat-ferramentas-de-inspecao-ferramentas-de-manutencao-de-automoveis","7":"product_cat-ferramentas-de-manutencao-de-automoveis","8":"product_cat-pecas-e-acessorios-automotivos","10":"first","11":"instock","12":"shipping-taxable","13":"purchasable","14":"product-type-variable","15":"has-default-attributes"},"jetpack_sharing_enabled":true,"_links":{"self":[{"href":"https:\/\/listman.shop\/autoparts-br\/wp-json\/wp\/v2\/product\/32384","targetHints":{"allow":["GET"]}}],"collection":[{"href":"https:\/\/listman.shop\/autoparts-br\/wp-json\/wp\/v2\/product"}],"about":[{"href":"https:\/\/listman.shop\/autoparts-br\/wp-json\/wp\/v2\/types\/product"}],"wp:featuredmedia":[{"embeddable":true,"href":"https:\/\/listman.shop\/autoparts-br\/wp-json\/wp\/v2\/media\/32378"}],"wp:attachment":[{"href":"https:\/\/listman.shop\/autoparts-br\/wp-json\/wp\/v2\/media?parent=32384"}],"wp:term":[{"taxonomy":"product_brand","embeddable":true,"href":"https:\/\/listman.shop\/autoparts-br\/wp-json\/wp\/v2\/product_brand?post=32384"},{"taxonomy":"product_cat","embeddable":true,"href":"https:\/\/listman.shop\/autoparts-br\/wp-json\/wp\/v2\/product_cat?post=32384"},{"taxonomy":"product_tag","embeddable":true,"href":"https:\/\/listman.shop\/autoparts-br\/wp-json\/wp\/v2\/product_tag?post=32384"}],"curies":[{"name":"wp","href":"https:\/\/api.w.org\/{rel}","templated":true}]}}