{"id":32666,"date":"2025-03-12T08:20:34","date_gmt":"2025-03-11T23:20:34","guid":{"rendered":"https:\/\/listman.shop\/autoparts-br\/product\/1005008012475378\/"},"modified":"2026-04-07T21:37:07","modified_gmt":"2026-04-07T12:37:07","slug":"1005008012475378","status":"publish","type":"product","link":"https:\/\/listman.shop\/autoparts-br\/product\/1005008012475378\/","title":{"rendered":"Lancheira ltr03 sensor rf 315\/433mhz tpms ferramenta de reparo de pneus scanner monitor de press\u00e3o dos pneus testador programa\u00e7\u00e3o trabalho com ferramenta I-TPMS"},"content":{"rendered":"<div class=\"detailmodule_html\">\n<div class=\"detail-desc-decorate-richtext\">\n<div style=\", Roboto, Arial, Helvetica, sans-serif, SimSun;font-size:14px;font-weight:400;letter-spacing:normal;text-align:start;white-space:normal;margin:0px;margin-bottom:0px;margin-top:0px;margin-left:0px;margin-right:0px;padding:0px;padding-bottom:0px;padding-top:0px;padding-left:0px;padding-right:0px\" align=\"start\">\n<p style=\"font-family:OpenSans;font-size:20px;font-weight:900;line-height:28px;white-space:pre-wrap;margin:0px 0px 12px;margin-bottom:12px;margin-top:0px;margin-left:0px;margin-right:0px;padding:0px;padding-bottom:0px;padding-top:0px;padding-left:0px;padding-right:0px\" class=\"detail-desc-decorate-title\" id=\"tl_1\"> <span><span style=\"font-size:12px\"><span>Dica: LTR-01 agora foi atualizado para LTR-03 e n&atilde;o h&aacute; n&uacute;mero de s&eacute;rie<\/span><\/span><\/span> <span><span style=\"font-size:12px\">,Enviar caixas de embalagem chinesas<\/span><\/span> <br \/>LAUNCH X431 RF-SENSOR 315MHz 433MHz TPMS Sensor Ferramentas de reparo de pneus Scanner Sensores de press&atilde;o de pneus Testador Programa&ccedil;&atilde;o<\/p>\n<\/div>\n<p style=\"font-family:OpenSans;font-size:14px;font-weight:300;letter-spacing:normal;line-height:20px;text-align:start;white-space:pre-wrap;margin:0px 0px 12px;margin-bottom:12px;margin-top:0px;margin-left:0px;margin-right:0px;padding:0px;padding-bottom:0px;padding-top:0px;padding-left:0px;padding-right:0px\" class=\"detail-desc-decorate-content\" align=\"start\"><span style=\"font-family:Arial, Helvetica, sans-serif\" id=\"tl_2\">1.Frequ&ecirc;ncia dupla em um sensor, cobre<\/span><span style=\"font-family:Arial, Helvetica, sans-serif\"><span>98% <\/span><\/span><span style=\"font-family:Arial, Helvetica, sans-serif\" id=\"tl_3\">modelos de ve&iacute;culos <br \/>2.Ele pode substituir todos os sensores de press&atilde;o dos pneus originais e copiar os dados originais do sensor de press&atilde;o dos pneus <br \/>3.Desempenho compar&aacute;vel ao original de f&aacute;brica<\/span><span style=\"font-family:Arial, Helvetica, sans-serif\"><span id=\"tl_4\">(suporte 315MHz, 433MHz)<\/span><\/span><span style=\"font-family:Arial, Helvetica, sans-serif\" id=\"tl_5\">, programa&ccedil;&atilde;o ilimitada, instala&ccedil;&atilde;o n&atilde;o destrutiva conveniente e dur&aacute;vel <br \/>4.Recursos com um chip de n&iacute;vel automotivo FXTH87 l&iacute;der internacional, o valor da press&atilde;o pode ser preciso de 0,1 BAR <br \/>5.A v&aacute;lvula de ar de alta precis&atilde;o evita efetivamente vazamentos de ar e garante durabilidade e estabilidade<\/span><\/p>\n<p><img data-recalc-dims=\"1\" decoding=\"async\" src=\"https:\/\/i0.wp.com\/ae01.alicdn.com\/kf\/S7e94798b6a5b41139e4944cedc7946a4j.jpg?w=1200&#038;ssl=1\" \/><\/p>\n<p style=\"font-family:Helvetica;font-size:16px;font-weight:400;letter-spacing:normal;text-align:left;white-space:normal;margin-bottom:1rem;margin-top:0px\" align=\"left\"><img data-recalc-dims=\"1\" decoding=\"async\" src=\"https:\/\/i0.wp.com\/ae01.alicdn.com\/kf\/Sdaabc79cfb864998842615644885a8d6d.jpg?w=1200&#038;ssl=1\" \/><span style=\"font-size:24px;, times, serif\"><strong id=\"tl_6\"><br \/>Sensor RF LAUNCH LTR-01 315 MHz e 433 MHz Ferramenta de sensor TPMS de metal<\/strong><\/span><\/p>\n<p style=\"font-family:Helvetica;font-size:16px;font-weight:400;letter-spacing:normal;text-align:left;white-space:normal;margin-bottom:1rem;margin-top:0px\" align=\"left\"><span style=\"font-size:18px;, times, serif\"><strong id=\"tl_7\">Destaques<\/strong><\/span><\/p>\n<p><span style=\"font-size:18px;, times, serif\"><strong id=\"tl_8\">Frequ&ecirc;ncias de 315 MHz e 433 MHz em 1 sensor.<\/strong><\/span><\/p>\n<p><span style=\"font-size:18px;, times, serif\" id=\"tl_9\">Fornece 95% de cobertura de ve&iacute;culos para oferecer as melhores solu&ccedil;&otilde;es TPMS para qualquer oficina ou oficina de pneus.<\/span><\/p>\n<p><span style=\"font-size:18px;, times, serif\" id=\"tl_10\">Recursos com um chip l&iacute;der internacional de n&iacute;vel automotivo,<\/span><span><span style=\"font-size:18px;, times, serif\"><strong id=\"tl_11\">o valor da press&atilde;o do LTR-01 pode ter precis&atilde;o de 0,1 BAR.<\/strong><\/span><\/span><\/p>\n<p><span style=\"font-size:18px;, times, serif\" id=\"tl_12\">A v&aacute;lvula de ar de alta precis&atilde;o pode prevenir eficazmente vazamentos de ar e garantir durabilidade e estabilidade.<\/span><\/p>\n<p><span style=\"font-size:18px;, times, serif\" id=\"tl_13\">Substitua os sensores de press&atilde;o dos pneus originais, copie os dados originais do sensor de press&atilde;o dos pneus e pode ser programado indefinidamente.<\/span><\/p>\n<p><span style=\"font-size:18px;, times, serif\" id=\"tl_14\">Compat&iacute;vel com inicializa&ccedil;&atilde;o i-TPMS port&aacute;til TPMS<\/span><\/p>\n<p><img data-recalc-dims=\"1\" decoding=\"async\" src=\"https:\/\/i0.wp.com\/ae01.alicdn.com\/kf\/S9fc75f1e0ff34602a7c7acd4e78e1aady.jpg?w=1200&#038;ssl=1\" \/><img data-recalc-dims=\"1\" decoding=\"async\" src=\"https:\/\/i0.wp.com\/ae01.alicdn.com\/kf\/S5678d5dd2ee846c096fdb4c9859f825a2.jpg?w=1200&#038;ssl=1\" \/><img data-recalc-dims=\"1\" decoding=\"async\" src=\"https:\/\/i0.wp.com\/ae01.alicdn.com\/kf\/S0ef21df680a34b048286e65a1b45edbeT.jpg?w=1200&#038;ssl=1\" \/><\/p>\n<p><span><strong><span style=\"font-size:18px;, times, serif\" id=\"tl_15\">Recursos<\/span><\/strong><\/span><\/p>\n<p><span style=\"font-size:18px;, times, serif\" id=\"tl_16\">1.Compat&iacute;vel com mais<\/span><span><span style=\"font-size:18px;, times, serif\">95%<\/span><\/span><span style=\"font-size:18px;, times, serif\" id=\"tl_17\">Sensores OE<\/span><\/p>\n<p><span style=\"font-size:18px;, times, serif\" id=\"tl_18\">2.Compat&iacute;vel com sensores OE de<\/span><span><span style=\"font-size:18px;, times, serif\" id=\"tl_19\">315 MHz\/433 MHz<\/span><\/span><\/p>\n<p><span style=\"font-size:18px;, times, serif\" id=\"tl_20\">3.Programa&ccedil;&atilde;o sem fio out-the-air<\/span><\/p>\n<p><span style=\"font-size:18px;, times, serif\" id=\"tl_21\">4.Vida &uacute;til da bateria de<\/span><span><span style=\"font-size:18px;, times, serif\" id=\"tl_22\">4 a 6 anos<\/span><\/span><\/p>\n<p><span style=\"font-size:18px;, times, serif\" id=\"tl_23\">5.N&uacute;mero ilimitado de reprograma&ccedil;&atilde;o para<\/span><span><span style=\"font-size:18px;, times, serif\" id=\"tl_24\">Sensores LAUNCH<\/span><\/span><\/p>\n<p><span style=\"font-size:18px;, times, serif\" id=\"tl_25\">LTR-03 &eacute; um sensor RF pr&oacute;prio projetado e produzido pela LAUNCH que fornece 95% de cobertura do ve&iacute;culo para oferecer as melhores solu&ccedil;&otilde;es TPMS para qualquer oficina ou oficina de pneus.Ele pode combinar frequ&ecirc;ncias de 315 MHz e 433 MHz em um sensor. <br \/>Apresentando um chip l&iacute;der internacional de n&iacute;vel automotivo, o valor da press&atilde;o do LTR-03 pode ser preciso de 0,1 BAR.A v&aacute;lvula de ar de alta precis&atilde;o pode prevenir eficazmente vazamentos de ar e garantir durabilidade e estabilidade. <br \/>Com o excelente e confi&aacute;vel desempenho de n&iacute;vel OE, o LTR-03 pode substituir todos os sensores originais de press&atilde;o dos pneus, copiar os dados originais do sensor de press&atilde;o dos pneus e pode ser programado indefinidamente.<\/span><\/p>\n<p><span style=\"font-size:18px;, times, serif\"><strong id=\"tl_26\">com ferramenta ATEQ e programa&ccedil;&atilde;o ilimitada<\/strong><\/span><span style=\"font-size:18px;, times, serif\" id=\"tl_27\"><br \/>compat&iacute;vel com ATEQ VT47\/57\/67\/36\/37\/56\/QUICKSET X <br \/>Sensor do programa <br \/>reaprender sensor <br \/>leia os dados do sensor <br \/>sensor ativo <br \/>verifique o status do TPMS<\/span><\/p>\n<p><span style=\"font-size:18px;, times, serif\" id=\"tl_28\">Programe em pneus com ou sem press&atilde;o de ar<\/span><\/p>\n<p style=\"font-family:Helvetica;font-size:16px;font-weight:400;letter-spacing:normal;text-align:left;white-space:normal;margin-bottom:1rem;margin-top:0px\" align=\"left\"><span style=\"font-size:18px;, times, serif\"><strong id=\"tl_29\">Especifica&ccedil;&atilde;o<\/strong><\/span><\/p>\n<table style=\"border-collapse:collapse;font-family:Helvetica;font-size:16px;text-align:left;width:1152.02px\" class=\"table table-sm table-responsive-md\" align=\"left\">\n<tbody>\n<tr>\n<td style=\"font-size:0.8125rem;padding:0.3rem\">\n<p style=\"margin-bottom:1rem;margin-top:0px\"><span style=\"font-size:18px;, times, serif\" id=\"tl_30\">Frequ&ecirc;ncia operacional<\/span><\/p>\n<\/td>\n<td style=\"font-size:0.8125rem;padding:0.3rem\">\n<p style=\"margin-bottom:1rem;margin-top:0px\"><span style=\"font-size:18px;, times, serif\" id=\"tl_31\">315 MHz\/433 MHz<\/span><\/p>\n<\/td>\n<\/tr>\n<tr>\n<td style=\"font-size:0.8125rem;padding:0.3rem\">\n<p style=\"margin-bottom:1rem;margin-top:0px\"><span style=\"font-size:18px;, times, serif\" id=\"tl_32\">Tens&atilde;o da bateria<\/span><\/p>\n<\/td>\n<td style=\"font-size:0.8125rem;padding:0.3rem\">\n<p style=\"margin-bottom:1rem;margin-top:0px\"><span style=\"font-size:18px;, times, serif\" id=\"tl_33\">3,0V<\/span><\/p>\n<\/td>\n<\/tr>\n<tr>\n<td style=\"font-size:0.8125rem;padding:0.3rem\">\n<p style=\"margin-bottom:1rem;margin-top:0px\"><span style=\"font-size:18px;, times, serif\" id=\"tl_34\">Pot&ecirc;ncia do transmissor RF<\/span><\/p>\n<\/td>\n<td style=\"font-size:0.8125rem;padding:0.3rem\">\n<p style=\"margin-bottom:1rem;margin-top:0px\"><span style=\"font-size:18px;, times, serif\" id=\"tl_35\">5~8dBm<\/span><\/p>\n<\/td>\n<\/tr>\n<tr>\n<td style=\"font-size:0.8125rem;padding:0.3rem\">\n<p style=\"margin-bottom:1rem;margin-top:0px\"><span style=\"font-size:18px;, times, serif\" id=\"tl_36\">Temperatura de armazenamento<\/span><\/p>\n<\/td>\n<td style=\"font-size:0.8125rem;padding:0.3rem\">\n<p style=\"margin-bottom:1rem;margin-top:0px\"><span style=\"font-size:18px;, times, serif\" id=\"tl_37\">-40&deg;C ~ 125&deg;C<\/span><\/p>\n<\/td>\n<\/tr>\n<tr>\n<td style=\"font-size:0.8125rem;padding:0.3rem\">\n<p style=\"margin-bottom:1rem;margin-top:0px\"><span style=\"font-size:18px;, times, serif\" id=\"tl_38\">Temperatura de trabalho<\/span><\/p>\n<\/td>\n<td style=\"font-size:0.8125rem;padding:0.3rem\">\n<p style=\"margin-bottom:1rem;margin-top:0px\"><span style=\"font-size:18px;, times, serif\" id=\"tl_39\">-40&deg;C ~ 125&deg;C<\/span><\/p>\n<\/td>\n<\/tr>\n<tr>\n<td style=\"font-size:0.8125rem;padding:0.3rem\">\n<p style=\"margin-bottom:1rem;margin-top:0px\"><span style=\"font-size:18px;, times, serif\" id=\"tl_40\">Dimensi&oacute;n<\/span><\/p>\n<\/td>\n<td style=\"font-size:0.8125rem;padding:0.3rem\">\n<p style=\"margin-bottom:1rem;margin-top:0px\"><span style=\"font-size:18px;, times, serif\" id=\"tl_41\">50,8*24*17,8mm<\/span><\/p>\n<\/td>\n<\/tr>\n<tr>\n<td style=\"font-size:0.8125rem;padding:0.3rem\">\n<p style=\"margin-bottom:1rem;margin-top:0px\"><span style=\"font-size:18px;, times, serif\" id=\"tl_42\">Peso<\/span><\/p>\n<\/td>\n<td style=\"font-size:0.8125rem;padding:0.3rem\">\n<p style=\"margin-bottom:1rem;margin-top:0px\"><span style=\"font-size:18px;, times, serif\" id=\"tl_43\">42g (metal)<\/span><\/p>\n<\/td>\n<\/tr>\n<tr>\n<td style=\"font-size:0.8125rem;padding:0.3rem\">\n<p style=\"margin-bottom:1rem;margin-top:0px\"><span style=\"font-size:18px;, times, serif\" id=\"tl_44\">Classifica&ccedil;&atilde;o IP<\/span><\/p>\n<\/td>\n<td style=\"font-size:0.8125rem;padding:0.3rem\">\n<p style=\"margin-bottom:1rem;margin-top:0px\"><span style=\"font-size:18px;, times, serif\" id=\"tl_45\">IP67<\/span><\/p>\n<\/td>\n<\/tr>\n<\/tbody>\n<\/table>\n<div>\n <br \/> \n<\/div>\n<p><span style=\"font-size:18px;, times, serif\"><strong id=\"tl_46\">Lista de embalagem<\/strong><\/span><\/p>\n<p><span style=\"font-size:18px;, times, serif\" id=\"tl_47\">1 unidade\/4 unidades X LAUNCH LTR-03 Sensor RF 315 MHz e 433 MHz Metal<\/span><\/p>\n<p style=\"text-align:left;margin:0px;margin-bottom:0px;margin-top:0px;margin-left:0px;margin-right:0px\" align=\"left\"><img data-recalc-dims=\"1\" decoding=\"async\" src=\"https:\/\/i0.wp.com\/ae01.alicdn.com\/kf\/S3b3ba19a51054ec59faf6e40fd6ae0b3v.jpg?w=1200&#038;ssl=1\" \/><\/p>\n<p><\/p>\n<\/div>\n<\/div>\n","protected":false},"excerpt":{"rendered":"<p>Dica: LTR-01 agora foi atualizado para LTR-03 e n&atilde;o h&aacute; n&uacute;mero de s&eacute;rie ,Enviar caixas de embalagem chinesas LAUNCH X431 RF-SENSOR 315MHz 433MHz TPMS Sensor Ferramentas de reparo de pneus Scanner Sensores de press&atilde;o de pneus Testador Programa&ccedil;&atilde;o 1.Frequ&ecirc;ncia dupla em um sensor, cobre98% modelos de ve&iacute;culos 2.Ele pode substituir todos os sensores de press&atilde;o&hellip;&nbsp;<\/p>\n","protected":false},"featured_media":32660,"template":"","meta":{"neve_meta_sidebar":"","neve_meta_container":"","neve_meta_enable_content_width":"","neve_meta_content_width":0,"neve_meta_title_alignment":"","neve_meta_author_avatar":"","neve_post_elements_order":"","neve_meta_disable_header":"","neve_meta_disable_footer":"","neve_meta_disable_title":""},"product_brand":[],"product_cat":[46,18,17],"product_tag":[],"class_list":{"0":"post-32666","1":"product","2":"type-product","3":"status-publish","4":"has-post-thumbnail","6":"product_cat-ferramentas-de-diagnostico","7":"product_cat-ferramentas-de-reparo-automotivo","8":"product_cat-pecas-e-acessorios-automotivos","10":"first","11":"instock","12":"shipping-taxable","13":"purchasable","14":"product-type-variable","15":"has-default-attributes"},"jetpack_sharing_enabled":true,"_links":{"self":[{"href":"https:\/\/listman.shop\/autoparts-br\/wp-json\/wp\/v2\/product\/32666","targetHints":{"allow":["GET"]}}],"collection":[{"href":"https:\/\/listman.shop\/autoparts-br\/wp-json\/wp\/v2\/product"}],"about":[{"href":"https:\/\/listman.shop\/autoparts-br\/wp-json\/wp\/v2\/types\/product"}],"wp:featuredmedia":[{"embeddable":true,"href":"https:\/\/listman.shop\/autoparts-br\/wp-json\/wp\/v2\/media\/32660"}],"wp:attachment":[{"href":"https:\/\/listman.shop\/autoparts-br\/wp-json\/wp\/v2\/media?parent=32666"}],"wp:term":[{"taxonomy":"product_brand","embeddable":true,"href":"https:\/\/listman.shop\/autoparts-br\/wp-json\/wp\/v2\/product_brand?post=32666"},{"taxonomy":"product_cat","embeddable":true,"href":"https:\/\/listman.shop\/autoparts-br\/wp-json\/wp\/v2\/product_cat?post=32666"},{"taxonomy":"product_tag","embeddable":true,"href":"https:\/\/listman.shop\/autoparts-br\/wp-json\/wp\/v2\/product_tag?post=32666"}],"curies":[{"name":"wp","href":"https:\/\/api.w.org\/{rel}","templated":true}]}}