{"id":32725,"date":"2025-03-12T08:21:57","date_gmt":"2025-03-11T23:21:57","guid":{"rendered":"https:\/\/listman.shop\/autoparts-br\/product\/1005008092860498\/"},"modified":"2026-04-14T13:43:06","modified_gmt":"2026-04-14T04:43:06","slug":"1005008092860498","status":"publish","type":"product","link":"https:\/\/listman.shop\/autoparts-br\/product\/1005008092860498\/","title":{"rendered":"Ferramenta de espalhador de junta de dire\u00e7\u00e3o de cubo dividido de suporte de suspens\u00e3o universal para Volkswagen Audi BMW Ford Peugeot Citro\u00ebn"},"content":{"rendered":"<div class=\"detailmodule_html\">\n<div class=\"detail-desc-decorate-richtext\">\n<p><\/p>\n<p><span style=\"font-size:18px\"><strong id=\"tl_1\">Product Description<\/strong><\/span><\/p>\n<ul>\n<li>\n<p id=\"tl_2\">Application: Compatible with Volkswagen Audi BMW Ford Peugeot Citro&euml;n etc<\/p>\n<\/li>\n<li>\n<p id=\"tl_3\">Function: This is a compact hub clamp separation tool designed to open the suspension breakaway hub, making suspension strut removal and installation easier<\/p>\n<\/li>\n<li>\n<p id=\"tl_4\">Durable: Made of high quality steel, high hardness, strong pressure resistance, good durability, not easily damaged, and can be reused many times<\/p>\n<\/li>\n<li>\n<p id=\"tl_5\">Tips for Use: Can only be used with 10mm hand tools, maximum torque 13Nm. Keep threads clean and lightly lubricated during use<\/p>\n<\/li>\n<li>\n<p id=\"tl_6\">12 Months Warranty: We offer 12 months warranty, we will refund or replace if this suspension strut split hub steering knuckle spreader tool has any quality issue<\/p>\n<\/li>\n<\/ul>\n<p><img data-recalc-dims=\"1\" decoding=\"async\" src=\"https:\/\/i0.wp.com\/ae-pic-a1.aliexpress-media.com\/kf\/Se4dc711b87ef4a2680b9f2badc085b5ap.jpg?w=1200&#038;ssl=1\" \/><img data-recalc-dims=\"1\" decoding=\"async\" src=\"https:\/\/i0.wp.com\/ae-pic-a1.aliexpress-media.com\/kf\/S39a05f8fad884e6d99a3c04a6b8ec131H.jpg?w=1200&#038;ssl=1\" \/><img data-recalc-dims=\"1\" decoding=\"async\" src=\"https:\/\/i0.wp.com\/ae-pic-a1.aliexpress-media.com\/kf\/S38def34912cf49308601e6ff776b2b5e7.jpg?w=1200&#038;ssl=1\" \/><img data-recalc-dims=\"1\" decoding=\"async\" src=\"https:\/\/i0.wp.com\/ae-pic-a1.aliexpress-media.com\/kf\/S1296d55a623f4e6f93388c190b71fc7b3.jpg?w=1200&#038;ssl=1\" \/><img data-recalc-dims=\"1\" decoding=\"async\" src=\"https:\/\/i0.wp.com\/ae-pic-a1.aliexpress-media.com\/kf\/S3058991b21c34c1293514ab5167fe11b3.jpg?w=1200&#038;ssl=1\" \/><img data-recalc-dims=\"1\" decoding=\"async\" src=\"https:\/\/i0.wp.com\/ae-pic-a1.aliexpress-media.com\/kf\/S6a12a22389bb4eb0b6f17040c28be7df0.jpg?w=1200&#038;ssl=1\" \/><\/p>\n<\/div>\n<\/div>\n","protected":false},"excerpt":{"rendered":"<p>Product Description Application: Compatible with Volkswagen Audi BMW Ford Peugeot Citro&euml;n etc Function: This is a compact hub clamp separation tool designed to open the suspension breakaway hub, making suspension strut removal and installation easier Durable: Made of high quality steel, high hardness, strong pressure resistance, good durability, not easily damaged, and can be reused&hellip;&nbsp;<\/p>\n","protected":false},"featured_media":32719,"template":"","meta":{"neve_meta_sidebar":"","neve_meta_container":"","neve_meta_enable_content_width":"","neve_meta_content_width":0,"neve_meta_title_alignment":"","neve_meta_author_avatar":"","neve_post_elements_order":"","neve_meta_disable_header":"","neve_meta_disable_footer":"","neve_meta_disable_title":""},"product_brand":[],"product_cat":[197,201,17],"product_tag":[],"class_list":{"0":"post-32725","1":"product","2":"type-product","3":"status-publish","4":"has-post-thumbnail","6":"product_cat-ferramentas-de-manutencao-de-automoveis","7":"product_cat-ferramentas-de-mecanico-de-brinquedo-ferramentas-de-manutencao-de-automoveis","8":"product_cat-pecas-e-acessorios-automotivos","10":"first","11":"instock","12":"shipping-taxable","13":"purchasable","14":"product-type-variable","15":"has-default-attributes"},"jetpack_sharing_enabled":true,"_links":{"self":[{"href":"https:\/\/listman.shop\/autoparts-br\/wp-json\/wp\/v2\/product\/32725","targetHints":{"allow":["GET"]}}],"collection":[{"href":"https:\/\/listman.shop\/autoparts-br\/wp-json\/wp\/v2\/product"}],"about":[{"href":"https:\/\/listman.shop\/autoparts-br\/wp-json\/wp\/v2\/types\/product"}],"wp:featuredmedia":[{"embeddable":true,"href":"https:\/\/listman.shop\/autoparts-br\/wp-json\/wp\/v2\/media\/32719"}],"wp:attachment":[{"href":"https:\/\/listman.shop\/autoparts-br\/wp-json\/wp\/v2\/media?parent=32725"}],"wp:term":[{"taxonomy":"product_brand","embeddable":true,"href":"https:\/\/listman.shop\/autoparts-br\/wp-json\/wp\/v2\/product_brand?post=32725"},{"taxonomy":"product_cat","embeddable":true,"href":"https:\/\/listman.shop\/autoparts-br\/wp-json\/wp\/v2\/product_cat?post=32725"},{"taxonomy":"product_tag","embeddable":true,"href":"https:\/\/listman.shop\/autoparts-br\/wp-json\/wp\/v2\/product_tag?post=32725"}],"curies":[{"name":"wp","href":"https:\/\/api.w.org\/{rel}","templated":true}]}}