{"id":32769,"date":"2025-03-12T08:22:55","date_gmt":"2025-03-11T23:22:55","guid":{"rendered":"https:\/\/listman.shop\/autoparts-br\/product\/1005008142291815\/"},"modified":"2026-04-14T13:17:11","modified_gmt":"2026-04-14T04:17:11","slug":"1005008142291815","status":"publish","type":"product","link":"https:\/\/listman.shop\/autoparts-br\/product\/1005008142291815\/","title":{"rendered":"Extrator de reparo de amassados automotivos 360 \u00b0   rota\u00e7\u00e3o multi \u00e2ngulo antiderrapante corpo chapa met\u00e1lica repara\u00e7\u00e3o extrator de moldagem c\u00f4ncava-convexa"},"content":{"rendered":"<div class=\"detailmodule_html\">\n<div class=\"detail-desc-decorate-richtext\">\n<div class=\"detailmodule_html\">\n<div class=\"detail-desc-decorate-richtext\">\n<p>Ferramenta de reparo de autom\u00f3veis]: Extrator r\u00e1pido profissional de amassados em chapa met\u00e1lica automotiva, remove efetivamente amassados rapidamente.<\/p>\n<p>[Alta qualidade]: Pequeno extrator manual de reparo de amassados feito de metal e el\u00e1stico de alta resist\u00eancia, n\u00e3o \u00e9 f\u00e1cil de deformar, dur\u00e1vel e \u00e9 f\u00e1cil de usar.<\/p>\n<p>[F\u00e1cil de operar]: As ferramentas de remo\u00e7\u00e3o sem tinta para achatar e redefinir os po\u00e7os da placa de metal s\u00e3o precisas.<\/p>\n<p>[360\u00b0 rota\u00e7\u00e3o] O 360\u00b0 A fuselagem girat\u00f3ria \u00e9 conveniente de usar e a estrutura oca de diamante \u00e9 mais s\u00f3lida. A dire\u00e7\u00e3o pode ser alterada \u00e0 vontade para se adaptar a diferentes cen\u00e1rios de uso<\/p>\n<p>[\u00d3timas ferramentas]: boa ferramenta de reparo assistente para consertar seu carro.Adequado para amassados de carrocerias de autom\u00f3veis, amassados de portas e outros reparos de placas de metal, tanto para uso profissional quanto dom\u00e9stico.<\/p>\n<p>Especifica\u00e7\u00e3o:<\/p>\n<p>&nbsp;<br \/>Material: Pl\u00e1stico<\/p>\n<p>&nbsp;<br \/>Tabela de tamanhos:<\/p>\n<p>16,5 cm x 19,5 cm\/6,50 polegadas x 7,68 polegadas<\/p>\n<p>O pacote inclui:<\/p>\n<p>Extrator de reparo de amassados de carro de 1 pe\u00e7a<\/p>\n<p>Nota:<\/p>\n<p>Por favor, permita pequenos erros devido \u00e0 medi\u00e7\u00e3o manual e monitores diferentes.<\/p>\n<p>\n<img data-recalc-dims=\"1\" decoding=\"async\" src=\"https:\/\/i0.wp.com\/ae01.alicdn.com\/kf\/Se08ac2c622e54ffa9183e039fdc90c1a7.jpg?w=1200&#038;ssl=1\"> <img data-recalc-dims=\"1\" decoding=\"async\" src=\"https:\/\/i0.wp.com\/ae01.alicdn.com\/kf\/Sbb9b5e3b7b29495bb8b61970f39eaf3cE.jpg?w=1200&#038;ssl=1\"> <img data-recalc-dims=\"1\" decoding=\"async\" src=\"https:\/\/i0.wp.com\/ae01.alicdn.com\/kf\/S3841e59f405746a38310fd61d4248004B.jpg?w=1200&#038;ssl=1\"> <img data-recalc-dims=\"1\" decoding=\"async\" src=\"https:\/\/i0.wp.com\/ae01.alicdn.com\/kf\/S785a549f0df94a62b4c3bfdb50297ee99.jpg?w=1200&#038;ssl=1\"> <img data-recalc-dims=\"1\" decoding=\"async\" src=\"https:\/\/i0.wp.com\/ae01.alicdn.com\/kf\/S0603de8b7c434e62a6a356a4f4c31e09v.jpg?w=1200&#038;ssl=1\"> <img data-recalc-dims=\"1\" decoding=\"async\" src=\"https:\/\/i0.wp.com\/ae01.alicdn.com\/kf\/Sacecf24f30974073932540c1801775d0e.jpg?w=1200&#038;ssl=1\"><\/p>\n<\/div>\n<\/div>\n<\/div>\n<\/div>\n","protected":false},"excerpt":{"rendered":"<p>Ferramenta de reparo de autom\u00f3veis]: Extrator r\u00e1pido profissional de amassados em chapa met\u00e1lica automotiva, remove efetivamente amassados rapidamente. [Alta qualidade]: Pequeno extrator manual de reparo de amassados feito de metal e el\u00e1stico de alta resist\u00eancia, n\u00e3o \u00e9 f\u00e1cil de deformar, dur\u00e1vel e \u00e9 f\u00e1cil de usar. [F\u00e1cil de operar]: As ferramentas de remo\u00e7\u00e3o sem tinta&hellip;&nbsp;<\/p>\n","protected":false},"featured_media":32763,"template":"","meta":{"neve_meta_sidebar":"","neve_meta_container":"","neve_meta_enable_content_width":"","neve_meta_content_width":0,"neve_meta_title_alignment":"","neve_meta_author_avatar":"","neve_post_elements_order":"","neve_meta_disable_header":"","neve_meta_disable_footer":"","neve_meta_disable_title":""},"product_brand":[],"product_cat":[210,197,17],"product_tag":[],"class_list":{"0":"post-32769","1":"product","2":"type-product","3":"status-publish","4":"has-post-thumbnail","6":"product_cat-ferramenta-de-reparo-para-estrutura-de-carro-ferramentas-de-manutencao-de-automoveis","7":"product_cat-ferramentas-de-manutencao-de-automoveis","8":"product_cat-pecas-e-acessorios-automotivos","10":"first","11":"instock","12":"shipping-taxable","13":"purchasable","14":"product-type-variable","15":"has-default-attributes"},"jetpack_sharing_enabled":true,"_links":{"self":[{"href":"https:\/\/listman.shop\/autoparts-br\/wp-json\/wp\/v2\/product\/32769","targetHints":{"allow":["GET"]}}],"collection":[{"href":"https:\/\/listman.shop\/autoparts-br\/wp-json\/wp\/v2\/product"}],"about":[{"href":"https:\/\/listman.shop\/autoparts-br\/wp-json\/wp\/v2\/types\/product"}],"wp:featuredmedia":[{"embeddable":true,"href":"https:\/\/listman.shop\/autoparts-br\/wp-json\/wp\/v2\/media\/32763"}],"wp:attachment":[{"href":"https:\/\/listman.shop\/autoparts-br\/wp-json\/wp\/v2\/media?parent=32769"}],"wp:term":[{"taxonomy":"product_brand","embeddable":true,"href":"https:\/\/listman.shop\/autoparts-br\/wp-json\/wp\/v2\/product_brand?post=32769"},{"taxonomy":"product_cat","embeddable":true,"href":"https:\/\/listman.shop\/autoparts-br\/wp-json\/wp\/v2\/product_cat?post=32769"},{"taxonomy":"product_tag","embeddable":true,"href":"https:\/\/listman.shop\/autoparts-br\/wp-json\/wp\/v2\/product_tag?post=32769"}],"curies":[{"name":"wp","href":"https:\/\/api.w.org\/{rel}","templated":true}]}}