{"id":3279,"date":"2024-10-13T01:33:52","date_gmt":"2024-10-12T16:33:52","guid":{"rendered":"https:\/\/listman.shop\/autoparts-br\/product\/1005006676402806\/"},"modified":"2026-04-11T13:15:15","modified_gmt":"2026-04-11T04:15:15","slug":"1005006676402806","status":"publish","type":"product","link":"https:\/\/listman.shop\/autoparts-br\/product\/1005006676402806\/","title":{"rendered":"Controlador genu\u00edno usado BSM R05 do conjunto da unidade da caixa dos fus\u00edveis do cap\u00f4 9666700480   para Peugeot 307 308 408 Citroen C4 Berlingo"},"content":{"rendered":"<div class=\"detailmodule_html\">\n<div class=\"detail-desc-decorate-richtext\">\n<div class=\"detailmodule_html\">\n<div class=\"detail-desc-decorate-richtext\">\n<div style=\"margin:10px auto 0 !important;display:inline-block !important;max-width:100% !important\"><img data-recalc-dims=\"1\" decoding=\"async\" src=\"https:\/\/i0.wp.com\/ae01.alicdn.com\/kf\/S771b667ef6c34d128f457947c0d8caf6P.jpg?w=1200&#038;ssl=1\" style=\"width:933px !important\"><\/p>\n<div style=\"margin-top:-82.64% !important\">\n<div style=\"margin-left:0.0% !important;margin-top:0.0% !important;width:20.0% !important\"><a href=\"http:\/\/www.aliexpress.com\/item\/detail\/1005007719824263.html\" target=\"_blank\"><img data-recalc-dims=\"1\" decoding=\"async\" src=\"https:\/\/i0.wp.com\/ae01.alicdn.com\/kf\/S3b93894536c840499f0c3a4fce957225p.png?w=1200&#038;ssl=1\" style=\"width:186px !important;height:257px !important\"><\/a><\/div>\n<div style=\"margin-left:20.0% !important;margin-top:-27.55% !important;width:20.0% !important\"><a href=\"http:\/\/www.aliexpress.com\/item\/detail\/1005007288115099.html\" target=\"_blank\"><img data-recalc-dims=\"1\" decoding=\"async\" src=\"https:\/\/i0.wp.com\/ae01.alicdn.com\/kf\/S3b93894536c840499f0c3a4fce957225p.png?w=1200&#038;ssl=1\" style=\"width:186px !important;height:257px !important\"><\/a><\/div>\n<div style=\"margin-left:40.0% !important;margin-top:-27.55% !important;width:20.0% !important\"><a href=\"http:\/\/www.aliexpress.com\/item\/detail\/1005007195573417.html\" target=\"_blank\"><img data-recalc-dims=\"1\" decoding=\"async\" src=\"https:\/\/i0.wp.com\/ae01.alicdn.com\/kf\/S3b93894536c840499f0c3a4fce957225p.png?w=1200&#038;ssl=1\" style=\"width:186px !important;height:257px !important\"><\/a><\/div>\n<div style=\"margin-left:60.0% !important;margin-top:-27.55% !important;width:20.0% !important\"><a href=\"http:\/\/www.aliexpress.com\/item\/detail\/1005007094374667.html\" target=\"_blank\"><img data-recalc-dims=\"1\" decoding=\"async\" src=\"https:\/\/i0.wp.com\/ae01.alicdn.com\/kf\/S3b93894536c840499f0c3a4fce957225p.png?w=1200&#038;ssl=1\" style=\"width:186px !important;height:257px !important\"><\/a><\/div>\n<div style=\"margin-left:80.0% !important;margin-top:-27.55% !important;width:20.0% !important\"><a href=\"http:\/\/www.aliexpress.com\/item\/detail\/1005006918486691.html\" target=\"_blank\"><img data-recalc-dims=\"1\" decoding=\"async\" src=\"https:\/\/i0.wp.com\/ae01.alicdn.com\/kf\/S3b93894536c840499f0c3a4fce957225p.png?w=1200&#038;ssl=1\" style=\"width:186px !important;height:257px !important\"><\/a><\/div>\n<div style=\"margin-left:0.0% !important;margin-top:0.0% !important;width:20.0% !important\"><a href=\"http:\/\/www.aliexpress.com\/item\/detail\/1005006903035095.html\" target=\"_blank\"><img data-recalc-dims=\"1\" decoding=\"async\" src=\"https:\/\/i0.wp.com\/ae01.alicdn.com\/kf\/S3b93894536c840499f0c3a4fce957225p.png?w=1200&#038;ssl=1\" style=\"width:186px !important;height:257px !important\"><\/a><\/div>\n<div style=\"margin-left:20.0% !important;margin-top:-27.55% !important;width:20.0% !important\"><a href=\"http:\/\/www.aliexpress.com\/item\/detail\/1005006902929130.html\" target=\"_blank\"><img data-recalc-dims=\"1\" decoding=\"async\" src=\"https:\/\/i0.wp.com\/ae01.alicdn.com\/kf\/S3b93894536c840499f0c3a4fce957225p.png?w=1200&#038;ssl=1\" style=\"width:186px !important;height:257px !important\"><\/a><\/div>\n<div style=\"margin-left:40.0% !important;margin-top:-27.55% !important;width:20.0% !important\"><a href=\"http:\/\/www.aliexpress.com\/item\/detail\/1005006887705412.html\" target=\"_blank\"><img data-recalc-dims=\"1\" decoding=\"async\" src=\"https:\/\/i0.wp.com\/ae01.alicdn.com\/kf\/S3b93894536c840499f0c3a4fce957225p.png?w=1200&#038;ssl=1\" style=\"width:186px !important;height:257px !important\"><\/a><\/div>\n<div style=\"margin-left:60.0% !important;margin-top:-27.55% !important;width:20.0% !important\"><a href=\"http:\/\/www.aliexpress.com\/item\/detail\/1005006887658254.html\" target=\"_blank\"><img data-recalc-dims=\"1\" decoding=\"async\" src=\"https:\/\/i0.wp.com\/ae01.alicdn.com\/kf\/S3b93894536c840499f0c3a4fce957225p.png?w=1200&#038;ssl=1\" style=\"width:186px !important;height:257px !important\"><\/a><\/div>\n<div style=\"margin-left:80.0% !important;margin-top:-27.55% !important;width:20.0% !important\"><a href=\"http:\/\/www.aliexpress.com\/item\/detail\/1005006887474985.html\" target=\"_blank\"><img data-recalc-dims=\"1\" decoding=\"async\" src=\"https:\/\/i0.wp.com\/ae01.alicdn.com\/kf\/S3b93894536c840499f0c3a4fce957225p.png?w=1200&#038;ssl=1\" style=\"width:186px !important;height:257px !important\"><\/a><\/div>\n<div style=\"margin-left:0.0% !important;margin-top:0.0% !important;width:20.0% !important\"><a href=\"http:\/\/www.aliexpress.com\/item\/detail\/1005006694990203.html\" target=\"_blank\"><img data-recalc-dims=\"1\" decoding=\"async\" src=\"https:\/\/i0.wp.com\/ae01.alicdn.com\/kf\/S3b93894536c840499f0c3a4fce957225p.png?w=1200&#038;ssl=1\" style=\"width:186px !important;height:257px !important\"><\/a><\/div>\n<div style=\"margin-left:20.0% !important;margin-top:-27.55% !important;width:20.0% !important\"><a href=\"http:\/\/www.aliexpress.com\/item\/detail\/1005006765438755.html\" target=\"_blank\"><img data-recalc-dims=\"1\" decoding=\"async\" src=\"https:\/\/i0.wp.com\/ae01.alicdn.com\/kf\/S3b93894536c840499f0c3a4fce957225p.png?w=1200&#038;ssl=1\" style=\"width:186px !important;height:257px !important\"><\/a><\/div>\n<div style=\"margin-left:40.0% !important;margin-top:-27.55% !important;width:20.0% !important\"><a href=\"http:\/\/www.aliexpress.com\/item\/detail\/1005006690502806.html\" target=\"_blank\"><img data-recalc-dims=\"1\" decoding=\"async\" src=\"https:\/\/i0.wp.com\/ae01.alicdn.com\/kf\/S3b93894536c840499f0c3a4fce957225p.png?w=1200&#038;ssl=1\" style=\"width:186px !important;height:257px !important\"><\/a><\/div>\n<div style=\"margin-left:60.0% !important;margin-top:-27.55% !important;width:20.0% !important\"><a href=\"http:\/\/www.aliexpress.com\/item\/detail\/1005006676402806.html\" target=\"_blank\"><img data-recalc-dims=\"1\" decoding=\"async\" src=\"https:\/\/i0.wp.com\/ae01.alicdn.com\/kf\/S3b93894536c840499f0c3a4fce957225p.png?w=1200&#038;ssl=1\" style=\"width:186px !important;height:257px !important\"><\/a><\/div>\n<div style=\"margin-left:80.0% !important;margin-top:-27.55% !important;width:20.0% !important\"><a href=\"http:\/\/www.aliexpress.com\/item\/detail\/1005006583823298.html\" target=\"_blank\"><img data-recalc-dims=\"1\" decoding=\"async\" src=\"https:\/\/i0.wp.com\/ae01.alicdn.com\/kf\/S3b93894536c840499f0c3a4fce957225p.png?w=1200&#038;ssl=1\" style=\"width:186px !important;height:257px !important\"><\/a><\/div>\n<\/div>\n<\/div>\n<div>\n <span style=\"font-size:14px;, Roboto, Arial, Helvetica, sans-serif, SimSun\"><strong><span style=\"font-size:20px\"><span style=\", cursive\">Este acess\u00f3rio \u00e9 uma pe\u00e7a original desmontada de segunda m\u00e3o.<\/p>\n<p><\/span><\/span><\/strong><\/span><br \/>\n <span style=\"font-size:20px\"><span style=\"font-size:14px;, Roboto, Arial, Helvetica, sans-serif, SimSun\"><strong><span><span style=\"font-size:28px\"><span style=\", cursive\">Antes de fazer o pedido, forne\u00e7a os acess\u00f3rios originais para compara\u00e7\u00e3o.Evite n\u00e3o poder usar.<\/span><\/span><\/span><\/strong><\/span><\/span><br \/>\n <span style=\"font-size:14px;, Roboto, Arial, Helvetica, sans-serif, SimSun\"><strong><span style=\"font-size:20px\"><span style=\", cursive\"><\/p>\n<p><\/span><\/span><\/strong><\/span><br \/>\n <span style=\"font-size:14px;, Roboto, Arial, Helvetica, sans-serif, SimSun\"><strong><span style=\"font-size:20px\"><span style=\", cursive\"><span><span>assuntos que precisam de aten\u00e7\u00e3o:<\/span><\/span><\/span><\/span><\/strong><\/span><br \/>\n <span style=\"font-size:14px;, Roboto, Arial, Helvetica, sans-serif, SimSun\"><strong><span style=\"font-size:20px\"><span style=\", cursive\"><\/p>\n<p><\/span><\/span><\/strong><\/span><br \/>\n <span style=\"font-size:14px;, Roboto, Arial, Helvetica, sans-serif, SimSun\"><strong><span style=\"font-size:20px\"><span style=\", cursive\"><span>Os acess\u00f3rios devem evitar alguns defeitos, mas n\u00e3o prejudicam seu uso.<\/p>\n<p>Os acess\u00f3rios n\u00e3o s\u00e3o novos, s\u00e3o pe\u00e7as originais de carro de segunda m\u00e3o.<\/p>\n<p>Os artistas n\u00e3o est\u00e3o autorizados a fazer pedidos de compras.<\/p>\n<p>Cada acess\u00f3rio foi testado e enviado, portanto fa\u00e7a seu pedido com confian\u00e7a.<\/p>\n<p>A caixa de fus\u00edveis com menor pre\u00e7o em toda a rede.<\/p>\n<p><\/span><\/span><\/span><\/strong><\/span><br \/>\n <img data-recalc-dims=\"1\" decoding=\"async\" src=\"https:\/\/i0.wp.com\/ae01.alicdn.com\/kf\/Sce8ecef0ff9b4adc90249e899d9bd7b6W.jpg?w=1200&#038;ssl=1\"><br \/>\n <img data-recalc-dims=\"1\" decoding=\"async\" src=\"https:\/\/i0.wp.com\/ae01.alicdn.com\/kf\/S4a323a56b40c4592a3b55227254db597E.jpg?w=1200&#038;ssl=1\"><br \/>\n <img data-recalc-dims=\"1\" decoding=\"async\" src=\"https:\/\/i0.wp.com\/ae01.alicdn.com\/kf\/Sa30c3f385e6b4c5b8d26a81d5d39c1de0.jpg?w=1200&#038;ssl=1\"><br \/>\n <img data-recalc-dims=\"1\" decoding=\"async\" src=\"https:\/\/i0.wp.com\/ae01.alicdn.com\/kf\/S15482cd6dce24cdba6c5cc1e8849d169U.jpg?w=1200&#038;ssl=1\"><br \/>\n <img data-recalc-dims=\"1\" decoding=\"async\" src=\"https:\/\/i0.wp.com\/ae01.alicdn.com\/kf\/S3c5bf454b2be4bf3a1c363bc9e8d3712K.jpg?w=1200&#038;ssl=1\"><br \/>\n <img data-recalc-dims=\"1\" decoding=\"async\" src=\"https:\/\/i0.wp.com\/ae01.alicdn.com\/kf\/Sdfb368014e4f4bf486c82dd03ebb9ad3C.jpg?w=1200&#038;ssl=1\">\n<\/div>\n<p><\/div>\n<\/div>\n<\/div>\n<\/div>\n","protected":false},"excerpt":{"rendered":"<p>Este acess\u00f3rio \u00e9 uma pe\u00e7a original desmontada de segunda m\u00e3o. Antes de fazer o pedido, forne\u00e7a os acess\u00f3rios originais para compara\u00e7\u00e3o.Evite n\u00e3o poder usar. assuntos que precisam de aten\u00e7\u00e3o: Os acess\u00f3rios devem evitar alguns defeitos, mas n\u00e3o prejudicam seu uso. Os acess\u00f3rios n\u00e3o s\u00e3o novos, s\u00e3o pe\u00e7as originais de carro de segunda m\u00e3o. Os artistas&hellip;&nbsp;<\/p>\n","protected":false},"featured_media":3273,"template":"","meta":{"neve_meta_sidebar":"","neve_meta_container":"","neve_meta_enable_content_width":"","neve_meta_content_width":0,"neve_meta_title_alignment":"","neve_meta_author_avatar":"","neve_post_elements_order":"","neve_meta_disable_header":"","neve_meta_disable_footer":"","neve_meta_disable_title":""},"product_brand":[],"product_cat":[91,26,17],"product_tag":[],"class_list":{"0":"post-3279","1":"product","2":"type-product","3":"status-publish","4":"has-post-thumbnail","6":"product_cat-fusiveis","7":"product_cat-pecas-de-desgaste","8":"product_cat-pecas-e-acessorios-automotivos","10":"first","11":"instock","12":"shipping-taxable","13":"purchasable","14":"product-type-variable","15":"has-default-attributes"},"jetpack_sharing_enabled":true,"_links":{"self":[{"href":"https:\/\/listman.shop\/autoparts-br\/wp-json\/wp\/v2\/product\/3279","targetHints":{"allow":["GET"]}}],"collection":[{"href":"https:\/\/listman.shop\/autoparts-br\/wp-json\/wp\/v2\/product"}],"about":[{"href":"https:\/\/listman.shop\/autoparts-br\/wp-json\/wp\/v2\/types\/product"}],"wp:featuredmedia":[{"embeddable":true,"href":"https:\/\/listman.shop\/autoparts-br\/wp-json\/wp\/v2\/media\/3273"}],"wp:attachment":[{"href":"https:\/\/listman.shop\/autoparts-br\/wp-json\/wp\/v2\/media?parent=3279"}],"wp:term":[{"taxonomy":"product_brand","embeddable":true,"href":"https:\/\/listman.shop\/autoparts-br\/wp-json\/wp\/v2\/product_brand?post=3279"},{"taxonomy":"product_cat","embeddable":true,"href":"https:\/\/listman.shop\/autoparts-br\/wp-json\/wp\/v2\/product_cat?post=3279"},{"taxonomy":"product_tag","embeddable":true,"href":"https:\/\/listman.shop\/autoparts-br\/wp-json\/wp\/v2\/product_tag?post=3279"}],"curies":[{"name":"wp","href":"https:\/\/api.w.org\/{rel}","templated":true}]}}