{"id":32811,"date":"2025-03-12T08:24:02","date_gmt":"2025-03-11T23:24:02","guid":{"rendered":"https:\/\/listman.shop\/autoparts-br\/product\/1005008197865489\/"},"modified":"2026-04-14T14:02:06","modified_gmt":"2026-04-14T05:02:06","slug":"1005008197865489","status":"publish","type":"product","link":"https:\/\/listman.shop\/autoparts-br\/product\/1005008197865489\/","title":{"rendered":"V\u00e1lvulas de Controle de Ar: V\u00e1lvula de Pedal Duplo para M\u00e1quina Trocadora de Pneus, V\u00e1lvula de Controle de Cilindro, Interruptor para Troca de Pneus"},"content":{"rendered":"<div class=\"detailmodule_html\">\n<div class=\"detail-desc-decorate-richtext\">\n<div style=\"margin:10px auto 0px;margin-bottom:0px;margin-top:10px;margin-left:auto;margin-right:auto;display:inline-block;max-width:100%\">\n<div>\n  <img data-recalc-dims=\"1\" decoding=\"async\" style=\"width:933px\"  src=\"https:\/\/i0.wp.com\/ae01.alicdn.com\/kf\/S1f1564ca90c7417fa1cee32564ec1e39J.jpg?w=1200&#038;ssl=1\" \/>\n <\/div>\n<div style=\"margin-top:-82.64%\">\n<div style=\"margin-top:0%;margin-left:0%;width:20%\">\n   <a href=\"http:\/\/www.aliexpress.com\/item\/detail\/1005007808929112.html\" target=\"_blank\" class=\"\"><img data-recalc-dims=\"1\" decoding=\"async\" style=\"width:186px;height:257px\"   src=\"https:\/\/i0.wp.com\/ae01.alicdn.com\/kf\/S5f7c8b41632c4f7ea1733c0c583032b0p.png?w=1200&#038;ssl=1\" \/><\/a>\n  <\/div>\n<div style=\"margin-top:-27.55%;margin-left:20%;width:20%\">\n   <a href=\"http:\/\/www.aliexpress.com\/item\/detail\/1005007808639653.html\" target=\"_blank\" class=\"\"><img data-recalc-dims=\"1\" decoding=\"async\" style=\"width:186px;height:257px\"   src=\"https:\/\/i0.wp.com\/ae01.alicdn.com\/kf\/S5f7c8b41632c4f7ea1733c0c583032b0p.png?w=1200&#038;ssl=1\" \/><\/a>\n  <\/div>\n<div style=\"margin-top:-27.55%;margin-left:40%;width:20%\">\n   <a href=\"http:\/\/www.aliexpress.com\/item\/detail\/1005007801809814.html\" target=\"_blank\" class=\"\"><img data-recalc-dims=\"1\" decoding=\"async\" style=\"width:186px;height:257px\"   src=\"https:\/\/i0.wp.com\/ae01.alicdn.com\/kf\/S5f7c8b41632c4f7ea1733c0c583032b0p.png?w=1200&#038;ssl=1\" \/><\/a>\n  <\/div>\n<div style=\"margin-top:-27.55%;margin-left:60%;width:20%\">\n   <a href=\"http:\/\/www.aliexpress.com\/item\/detail\/1005007799980785.html\" target=\"_blank\" class=\"\"><img data-recalc-dims=\"1\" decoding=\"async\" style=\"width:186px;height:257px\"   src=\"https:\/\/i0.wp.com\/ae01.alicdn.com\/kf\/S5f7c8b41632c4f7ea1733c0c583032b0p.png?w=1200&#038;ssl=1\" \/><\/a>\n  <\/div>\n<div style=\"margin-top:-27.55%;margin-left:80%;width:20%\">\n   <a href=\"http:\/\/www.aliexpress.com\/item\/detail\/1005007799957076.html\" target=\"_blank\" class=\"\"><img data-recalc-dims=\"1\" decoding=\"async\" style=\"width:186px;height:257px\"   src=\"https:\/\/i0.wp.com\/ae01.alicdn.com\/kf\/S5f7c8b41632c4f7ea1733c0c583032b0p.png?w=1200&#038;ssl=1\" \/><\/a>\n  <\/div>\n<div style=\"margin-top:0%;margin-left:0%;width:20%\">\n   <a href=\"http:\/\/www.aliexpress.com\/item\/detail\/1005007792896848.html\" target=\"_blank\" class=\"\"><img data-recalc-dims=\"1\" decoding=\"async\" style=\"width:186px;height:257px\"   src=\"https:\/\/i0.wp.com\/ae01.alicdn.com\/kf\/S5f7c8b41632c4f7ea1733c0c583032b0p.png?w=1200&#038;ssl=1\" \/><\/a>\n  <\/div>\n<div style=\"margin-top:-27.55%;margin-left:20%;width:20%\">\n   <a href=\"http:\/\/www.aliexpress.com\/item\/detail\/1005007792766639.html\" target=\"_blank\" class=\"\"><img data-recalc-dims=\"1\" decoding=\"async\" style=\"width:186px;height:257px\"   src=\"https:\/\/i0.wp.com\/ae01.alicdn.com\/kf\/S5f7c8b41632c4f7ea1733c0c583032b0p.png?w=1200&#038;ssl=1\" \/><\/a>\n  <\/div>\n<div style=\"margin-top:-27.55%;margin-left:40%;width:20%\">\n   <a href=\"http:\/\/www.aliexpress.com\/item\/detail\/1005007792339636.html\" target=\"_blank\" class=\"\"><img data-recalc-dims=\"1\" decoding=\"async\" style=\"width:186px;height:257px\"   src=\"https:\/\/i0.wp.com\/ae01.alicdn.com\/kf\/S5f7c8b41632c4f7ea1733c0c583032b0p.png?w=1200&#038;ssl=1\" \/><\/a>\n  <\/div>\n<div style=\"margin-top:-27.55%;margin-left:60%;width:20%\">\n   <a href=\"http:\/\/www.aliexpress.com\/item\/detail\/1005007785250543.html\" target=\"_blank\" class=\"\"><img data-recalc-dims=\"1\" decoding=\"async\" style=\"width:186px;height:257px\"   src=\"https:\/\/i0.wp.com\/ae01.alicdn.com\/kf\/S5f7c8b41632c4f7ea1733c0c583032b0p.png?w=1200&#038;ssl=1\" \/><\/a>\n  <\/div>\n<div style=\"margin-top:-27.55%;margin-left:80%;width:20%\">\n   <a href=\"http:\/\/www.aliexpress.com\/item\/detail\/1005007744115362.html\" target=\"_blank\" class=\"\"><img data-recalc-dims=\"1\" decoding=\"async\" style=\"width:186px;height:257px\"   src=\"https:\/\/i0.wp.com\/ae01.alicdn.com\/kf\/S5f7c8b41632c4f7ea1733c0c583032b0p.png?w=1200&#038;ssl=1\" \/><\/a>\n  <\/div>\n<div style=\"margin-top:0%;margin-left:0%;width:20%\">\n   <a href=\"http:\/\/www.aliexpress.com\/item\/detail\/1005007740862100.html\" target=\"_blank\" class=\"\"><img data-recalc-dims=\"1\" decoding=\"async\" style=\"width:186px;height:257px\"   src=\"https:\/\/i0.wp.com\/ae01.alicdn.com\/kf\/S5f7c8b41632c4f7ea1733c0c583032b0p.png?w=1200&#038;ssl=1\" \/><\/a>\n  <\/div>\n<div style=\"margin-top:-27.55%;margin-left:20%;width:20%\">\n   <a href=\"http:\/\/www.aliexpress.com\/item\/detail\/1005007705224105.html\" target=\"_blank\" class=\"\"><img data-recalc-dims=\"1\" decoding=\"async\" style=\"width:186px;height:257px\"   src=\"https:\/\/i0.wp.com\/ae01.alicdn.com\/kf\/S5f7c8b41632c4f7ea1733c0c583032b0p.png?w=1200&#038;ssl=1\" \/><\/a>\n  <\/div>\n<div style=\"margin-top:-27.55%;margin-left:40%;width:20%\">\n   <a href=\"http:\/\/www.aliexpress.com\/item\/detail\/1005007705147352.html\" target=\"_blank\" class=\"\"><img data-recalc-dims=\"1\" decoding=\"async\" style=\"width:186px;height:257px\"   src=\"https:\/\/i0.wp.com\/ae01.alicdn.com\/kf\/S5f7c8b41632c4f7ea1733c0c583032b0p.png?w=1200&#038;ssl=1\" \/><\/a>\n  <\/div>\n<div style=\"margin-top:-27.55%;margin-left:60%;width:20%\">\n   <a href=\"http:\/\/www.aliexpress.com\/item\/detail\/1005007676256897.html\" target=\"_blank\" class=\"\"><img data-recalc-dims=\"1\" decoding=\"async\" style=\"width:186px;height:257px\"   src=\"https:\/\/i0.wp.com\/ae01.alicdn.com\/kf\/S5f7c8b41632c4f7ea1733c0c583032b0p.png?w=1200&#038;ssl=1\" \/><\/a>\n  <\/div>\n<div style=\"margin-top:-27.55%;margin-left:80%;width:20%\">\n   <a href=\"http:\/\/www.aliexpress.com\/item\/detail\/1005007624262544.html\" target=\"_blank\" class=\"\"><img data-recalc-dims=\"1\" decoding=\"async\" style=\"width:186px;height:257px\"   src=\"https:\/\/i0.wp.com\/ae01.alicdn.com\/kf\/S5f7c8b41632c4f7ea1733c0c583032b0p.png?w=1200&#038;ssl=1\" \/><\/a>\n  <\/div>\n<\/p><\/div>\n<\/div>\n<p id=\"tl_1\">Air Control Valves Foot Pedal Valve for Tire Changer Machine Double Pedal Valve Cylinder Controlling Valve Switch Tire Changing<\/p>\n<p id=\"tl_2\">Product interface: As shown in the figure<\/p>\n<p id=\"tl_3\">Packing quantity: 1PC<\/p>\n<p><img data-recalc-dims=\"1\" decoding=\"async\" src=\"https:\/\/i0.wp.com\/ae01.alicdn.com\/kf\/S8e90477e51d54f90b2871194a99e58d1C.jpg?w=1200&#038;ssl=1\" \/><img data-recalc-dims=\"1\" decoding=\"async\" src=\"https:\/\/i0.wp.com\/ae01.alicdn.com\/kf\/Sd345cb7e842f413d84aa9d0148c6090az.jpg?w=1200&#038;ssl=1\" \/><img data-recalc-dims=\"1\" decoding=\"async\" src=\"https:\/\/i0.wp.com\/ae01.alicdn.com\/kf\/S9a2b0007147b40809f60b56aff6afd519.jpg?w=1200&#038;ssl=1\" \/><img data-recalc-dims=\"1\" decoding=\"async\" src=\"https:\/\/i0.wp.com\/ae01.alicdn.com\/kf\/S7ac675d280ed49f2beae9c42439918247.jpg?w=1200&#038;ssl=1\" \/><img data-recalc-dims=\"1\" decoding=\"async\" src=\"https:\/\/i0.wp.com\/ae01.alicdn.com\/kf\/S93984018c6f64377a1039494be5a822dt.jpg?w=1200&#038;ssl=1\" \/><img data-recalc-dims=\"1\" decoding=\"async\" src=\"https:\/\/i0.wp.com\/ae01.alicdn.com\/kf\/Sb85a44206b2d4bb1a52bf86f76ed9eedV.jpg?w=1200&#038;ssl=1\" \/><\/p>\n<\/div>\n<\/div>\n","protected":false},"excerpt":{"rendered":"<p>Air Control Valves Foot Pedal Valve for Tire Changer Machine Double Pedal Valve Cylinder Controlling Valve Switch Tire Changing Product interface: As shown in the figure Packing quantity: 1PC<\/p>\n","protected":false},"featured_media":32805,"template":"","meta":{"neve_meta_sidebar":"","neve_meta_container":"","neve_meta_enable_content_width":"","neve_meta_content_width":0,"neve_meta_title_alignment":"","neve_meta_author_avatar":"","neve_post_elements_order":"","neve_meta_disable_header":"","neve_meta_disable_footer":"","neve_meta_disable_title":""},"product_brand":[],"product_cat":[197,204,17],"product_tag":[],"class_list":{"0":"post-32811","1":"product","2":"type-product","3":"status-publish","4":"has-post-thumbnail","6":"product_cat-ferramentas-de-manutencao-de-automoveis","7":"product_cat-ferramentas-para-reparo-de-pneus-e-rodas","8":"product_cat-pecas-e-acessorios-automotivos","10":"first","11":"instock","12":"shipping-taxable","13":"purchasable","14":"product-type-variable"},"jetpack_sharing_enabled":true,"_links":{"self":[{"href":"https:\/\/listman.shop\/autoparts-br\/wp-json\/wp\/v2\/product\/32811","targetHints":{"allow":["GET"]}}],"collection":[{"href":"https:\/\/listman.shop\/autoparts-br\/wp-json\/wp\/v2\/product"}],"about":[{"href":"https:\/\/listman.shop\/autoparts-br\/wp-json\/wp\/v2\/types\/product"}],"wp:featuredmedia":[{"embeddable":true,"href":"https:\/\/listman.shop\/autoparts-br\/wp-json\/wp\/v2\/media\/32805"}],"wp:attachment":[{"href":"https:\/\/listman.shop\/autoparts-br\/wp-json\/wp\/v2\/media?parent=32811"}],"wp:term":[{"taxonomy":"product_brand","embeddable":true,"href":"https:\/\/listman.shop\/autoparts-br\/wp-json\/wp\/v2\/product_brand?post=32811"},{"taxonomy":"product_cat","embeddable":true,"href":"https:\/\/listman.shop\/autoparts-br\/wp-json\/wp\/v2\/product_cat?post=32811"},{"taxonomy":"product_tag","embeddable":true,"href":"https:\/\/listman.shop\/autoparts-br\/wp-json\/wp\/v2\/product_tag?post=32811"}],"curies":[{"name":"wp","href":"https:\/\/api.w.org\/{rel}","templated":true}]}}