{"id":32830,"date":"2025-03-12T08:24:34","date_gmt":"2025-03-11T23:24:34","guid":{"rendered":"https:\/\/listman.shop\/autoparts-br\/product\/1005008236810369\/"},"modified":"2026-04-04T13:55:06","modified_gmt":"2026-04-04T04:55:06","slug":"1005008236810369","status":"publish","type":"product","link":"https:\/\/listman.shop\/autoparts-br\/product\/1005008236810369\/","title":{"rendered":"Testador de rel\u00e9 automotivo rt100 compacto sem fio super 4 pinos e 5 pinos testador de rel\u00e9 para reconhecimento 12 e 24v testador de rel\u00e9 autom\u00e1tico"},"content":{"rendered":"<div class=\"detailmodule_html\">\n<div class=\"detail-desc-decorate-richtext\"><\/p>\n<p><\/p>\n<p><\/p>\n<div class=\"detailmodule_media\">\n<div class=\"video-container-5000246764940\">\n<div class=\"detail-video\" id=\"5000246764940\" data-previewurl=\"https:\/\/ae01.alicdn.com\/kf\/S695e9597d6b048fd934d45cb95bc5eafq.jpg\"><\/div>\n<\/p><\/div>\n<\/div>\n<p><span style=\"font-size:20px;font-family:arial, helvetica, sans-serif\"><strong id=\"tl_1\">Automotive Relay Tester RT100 4Pin and 5Pin for 12 &amp;24V<\/strong><\/span><\/p>\n<p><\/p>\n<p><\/p>\n<p><\/p>\n<p style=\", Helvetica, Arial, Verdana, sans-serif;font-size:14px;font-weight:700;letter-spacing:normal;line-height:30px;text-align:left;white-space:normal;margin:0px;margin-bottom:0px;margin-top:0px;margin-left:0px;margin-right:0px;padding:0px;padding-bottom:0px;padding-top:0px;padding-left:0px;padding-right:0px\" class=\"t\" align=\"left\"><strong><span style=\"font-size:18px;font-family:arial, helvetica, sans-serif\" id=\"tl_2\">Advantage<\/span><\/strong><\/p>\n<p style=\", Helvetica, Arial, Verdana, sans-serif;font-size:14px;font-weight:400;letter-spacing:normal;line-height:30px;text-align:justify;white-space:normal;margin:0px;margin-bottom:0px;margin-top:0px;margin-left:0px;margin-right:0px;padding:0px;padding-bottom:0px;padding-top:0px;padding-left:0px;padding-right:0px\" align=\"justify\"><span style=\"font-size:16px;font-family:arial, helvetica, sans-serif\" id=\"tl_3\">The device is a professional relay tester that cantest 12V\/24V relays in 5 different pin positions and au-tomatically identify them to indicate the general health and function of common automotive relays.<\/span><\/p>\n<p><span style=\"font-size:16px;font-family:arial, helvetica, sans-serif\"><br \/><\/span><\/p>\n<p style=\", Helvetica, Arial, Verdana, sans-serif;font-size:14px;font-weight:700;letter-spacing:normal;line-height:30px;text-align:justify;white-space:normal;margin:0px;margin-bottom:0px;margin-top:0px;margin-left:0px;margin-right:0px;padding:0px;padding-bottom:0px;padding-top:0px;padding-left:0px;padding-right:0px\" class=\"t\" align=\"justify\"><strong><span style=\"font-size:18px;font-family:arial, helvetica, sans-serif\" id=\"tl_4\">Application<\/span><\/strong><\/p>\n<p style=\", Helvetica, Arial, Verdana, sans-serif;font-size:14px;font-weight:400;letter-spacing:normal;line-height:30px;text-align:justify;white-space:normal;margin:0px;margin-bottom:0px;margin-top:0px;margin-left:0px;margin-right:0px;padding:0px;padding-bottom:0px;padding-top:0px;padding-left:0px;padding-right:0px\" align=\"justify\"><span style=\"font-size:16px;font-family:arial, helvetica, sans-serif\" id=\"tl_5\">Two power supply modes, easy to use, wireless bondage, low power alarm, automatic shutdown and power saving<\/span><\/p>\n<p><span style=\"font-size:16px;font-family:arial, helvetica, sans-serif\"><br \/><\/span><\/p>\n<p style=\", Helvetica, Arial, Verdana, sans-serif;font-size:14px;font-weight:700;letter-spacing:normal;line-height:30px;text-align:justify;white-space:normal;margin:0px;margin-bottom:0px;margin-top:0px;margin-left:0px;margin-right:0px;padding:0px;padding-bottom:0px;padding-top:0px;padding-left:0px;padding-right:0px\" class=\"t\" align=\"justify\"><span style=\"font-size:18px;font-family:arial, helvetica, sans-serif\"><strong id=\"tl_6\">Technical parameter<\/strong><\/span><\/p>\n<p style=\", Helvetica, Arial, Verdana, sans-serif;font-size:14px;font-weight:400;letter-spacing:normal;line-height:30px;text-align:justify;white-space:normal;margin:0px;margin-bottom:0px;margin-top:0px;margin-left:0px;margin-right:0px;padding:0px;padding-bottom:0px;padding-top:0px;padding-left:0px;padding-right:0px\" align=\"justify\"><span style=\"font-size:16px;font-family:arial, helvetica, sans-serif\" id=\"tl_7\">1. Intelligent Recognition: Supports and automatically identifies (no selection required) 12V\/24V relays; plug in and test immediately. (Most products on the market can only test 12V relays.)<\/span><\/p>\n<p style=\", Helvetica, Arial, Verdana, sans-serif;font-size:14px;font-weight:400;letter-spacing:normal;line-height:30px;text-align:justify;white-space:normal;margin:0px;margin-bottom:0px;margin-top:0px;margin-left:0px;margin-right:0px;padding:0px;padding-bottom:0px;padding-top:0px;padding-left:0px;padding-right:0px\" align=\"justify\"><span style=\"font-size:16px;font-family:arial, helvetica, sans-serif\" id=\"tl_8\">2. Wide Relay Compatibility: Supports five different pin configuration types of relays, over twenty types of relays (similar products on the market typically support four or three pin configurations).<\/span><\/p>\n<p style=\", Helvetica, Arial, Verdana, sans-serif;font-size:14px;font-weight:400;letter-spacing:normal;line-height:30px;text-align:justify;white-space:normal;margin:0px;margin-bottom:0px;margin-top:0px;margin-left:0px;margin-right:0px;padding:0px;padding-bottom:0px;padding-top:0px;padding-left:0px;padding-right:0px\" align=\"justify\"><span style=\"font-size:16px;font-family:arial, helvetica, sans-serif\" id=\"tl_9\">3. Capable of testing regardless of whether the relay is normally open or normally closed by default. (This feature is not available in market products which require manual judgment of the internal wiring type of the relay.)<\/span><\/p>\n<p style=\", Helvetica, Arial, Verdana, sans-serif;font-size:14px;font-weight:400;letter-spacing:normal;line-height:30px;text-align:justify;white-space:normal;margin:0px;margin-bottom:0px;margin-top:0px;margin-left:0px;margin-right:0px;padding:0px;padding-bottom:0px;padding-top:0px;padding-left:0px;padding-right:0px\" align=\"justify\"><span style=\"font-size:16px;font-family:arial, helvetica, sans-serif\" id=\"tl_10\">4. Battery-powered: Operates on three AA batteries (3pcs * AA battery), eliminating the need to connect to a battery for power supply, allowing for immediate testing whenever needed. (Most products on the market require a battery clamp for power, limiting their use.)<\/span><\/p>\n<p style=\", Helvetica, Arial, Verdana, sans-serif;font-size:14px;font-weight:400;letter-spacing:normal;line-height:30px;text-align:justify;white-space:normal;margin:0px;margin-bottom:0px;margin-top:0px;margin-left:0px;margin-right:0px;padding:0px;padding-bottom:0px;padding-top:0px;padding-left:0px;padding-right:0px\" align=\"justify\"><span style=\"font-size:16px;font-family:arial, helvetica, sans-serif\" id=\"tl_11\">5. Energy-efficient: Automatic shutdown (shuts down if there&#8217;s no operation within one minute, with zero power consumption after shutdown). During testing, it provides audio and visual prompts simultaneously (dual-color LED indicator light \u2013 green, red + buzzer).<\/span><\/p>\n<p style=\", Helvetica, Arial, Verdana, sans-serif;font-size:14px;font-weight:400;letter-spacing:normal;line-height:30px;text-align:justify;white-space:normal;margin:0px;margin-bottom:0px;margin-top:0px;margin-left:0px;margin-right:0px;padding:0px;padding-bottom:0px;padding-top:0px;padding-left:0px;padding-right:0px\" align=\"justify\"><span style=\"font-size:16px;font-family:arial, helvetica, sans-serif\" id=\"tl_12\">6. Thoughtful Alerts: Low battery warning (buzzer sounds twice at intervals of five seconds) + LED light prompt.<\/span><\/p>\n<p style=\", Helvetica, Arial, Verdana, sans-serif;font-size:14px;font-weight:400;letter-spacing:normal;line-height:30px;text-align:justify;white-space:normal;margin:0px;margin-bottom:0px;margin-top:0px;margin-left:0px;margin-right:0px;padding:0px;padding-bottom:0px;padding-top:0px;padding-left:0px;padding-right:0px\" align=\"justify\"><span style=\"font-size:16px;font-family:arial, helvetica, sans-serif\" id=\"tl_13\">7. Pin Configuration Switching: Switch between 4-pin and 5-pin configurations (similar to other products on the market of the same type).<\/span><\/p>\n<p style=\", Helvetica, Arial, Verdana, sans-serif;font-size:14px;font-weight:400;letter-spacing:normal;line-height:30px;text-align:justify;white-space:normal;margin:0px;margin-bottom:0px;margin-top:0px;margin-left:0px;margin-right:0px;padding:0px;padding-bottom:0px;padding-top:0px;padding-left:0px;padding-right:0px\" align=\"justify\"><span style=\"font-size:16px;font-family:arial, helvetica, sans-serif\" id=\"tl_14\">8. Power Supply Method: In addition to batteries, supports TYPE-C power supply, allowing the use of a TYPE-C cable to connect to a laptop, power bank, adapter, etc., for power-supplied testing.<\/span><\/p>\n<p style=\", Helvetica, Arial, Verdana, sans-serif;font-size:14px;font-weight:400;letter-spacing:normal;line-height:30px;text-align:justify;white-space:normal;margin:0px;margin-bottom:0px;margin-top:0px;margin-left:0px;margin-right:0px;padding:0px;padding-bottom:0px;padding-top:0px;padding-left:0px;padding-right:0px\" align=\"justify\"><span style=\"font-size:16px;font-family:arial, helvetica, sans-serif\" id=\"tl_15\">9. Craftsmanship and Material: Silicone spray-oil process, more environmentally friendly, with a better feel.<\/span><\/p>\n<p style=\", Helvetica, Arial, Verdana, sans-serif;font-size:14px;font-weight:400;letter-spacing:normal;line-height:30px;text-align:justify;white-space:normal;margin:0px;margin-bottom:0px;margin-top:0px;margin-left:0px;margin-right:0px;padding:0px;padding-bottom:0px;padding-top:0px;padding-left:0px;padding-right:0px\" align=\"justify\"><span style=\"font-size:16px;font-family:arial, helvetica, sans-serif\" id=\"tl_16\">10. Quality Assurance: The product comes with a 3-year warranty, a 1-year replacement guarantee, and a 3-month return policy (quality assurance).<\/span><\/p>\n<p><\/p>\n<p style=\", Helvetica, Arial, Verdana, sans-serif;font-size:14px;font-weight:400;letter-spacing:normal;line-height:30px;text-align:justify;white-space:normal;margin:0px;margin-bottom:0px;margin-top:0px;margin-left:0px;margin-right:0px;padding:0px;padding-bottom:0px;padding-top:0px;padding-left:0px;padding-right:0px\" align=\"justify\"><strong><span style=\"font-size:16px;font-family:arial, helvetica, sans-serif\" id=\"tl_17\">Package included:<\/span><\/strong><\/p>\n<p><span style=\"font-size:16px;font-family:arial, helvetica, sans-serif\" id=\"tl_18\">1x Relay tester(Not included the battery)<\/span><\/p>\n<p><span style=\"font-size:16px;font-family:arial, helvetica, sans-serif\" id=\"tl_19\">1x User manual<\/span><\/p>\n<p><span style=\"font-size:16px;font-family:arial, helvetica, sans-serif\" id=\"tl_20\">1x USB C cable<\/span><img data-recalc-dims=\"1\" decoding=\"async\" src=\"https:\/\/i0.wp.com\/ae01.alicdn.com\/kf\/Sbfd2d0c07ba24bee8521e3986b59c714E.jpg?w=1200&#038;ssl=1\" \/><img data-recalc-dims=\"1\" decoding=\"async\" src=\"https:\/\/i0.wp.com\/ae01.alicdn.com\/kf\/Se8a0e86ae6f4410cb9335be4c223afe1K.jpg?w=1200&#038;ssl=1\" \/><img data-recalc-dims=\"1\" decoding=\"async\" src=\"https:\/\/i0.wp.com\/ae01.alicdn.com\/kf\/Sffd2d0af9ccf49b28e33e666c5b855abr.jpg?w=1200&#038;ssl=1\" \/><img data-recalc-dims=\"1\" decoding=\"async\" src=\"https:\/\/i0.wp.com\/ae01.alicdn.com\/kf\/S82278b25d932476e841e2f6b8fdea75fQ.jpg?w=1200&#038;ssl=1\" \/><\/p>\n<p><\/p>\n<p><\/p>\n<p><\/div>\n<\/div>\n","protected":false},"excerpt":{"rendered":"<p>Automotive Relay Tester RT100 4Pin and 5Pin for 12 &amp;24V Advantage The device is a professional relay tester that cantest 12V\/24V relays in 5 different pin positions and au-tomatically identify them to indicate the general health and function of common automotive relays. Application Two power supply modes, easy to use, wireless bondage, low power alarm,&hellip;&nbsp;<\/p>\n","protected":false},"featured_media":32824,"template":"","meta":{"neve_meta_sidebar":"","neve_meta_container":"","neve_meta_enable_content_width":"","neve_meta_content_width":0,"neve_meta_title_alignment":"","neve_meta_author_avatar":"","neve_post_elements_order":"","neve_meta_disable_header":"","neve_meta_disable_footer":"","neve_meta_disable_title":""},"product_brand":[],"product_cat":[46,18,17],"product_tag":[],"class_list":{"0":"post-32830","1":"product","2":"type-product","3":"status-publish","4":"has-post-thumbnail","6":"product_cat-ferramentas-de-diagnostico","7":"product_cat-ferramentas-de-reparo-automotivo","8":"product_cat-pecas-e-acessorios-automotivos","10":"first","11":"instock","12":"shipping-taxable","13":"purchasable","14":"product-type-variable","15":"has-default-attributes"},"jetpack_sharing_enabled":true,"_links":{"self":[{"href":"https:\/\/listman.shop\/autoparts-br\/wp-json\/wp\/v2\/product\/32830","targetHints":{"allow":["GET"]}}],"collection":[{"href":"https:\/\/listman.shop\/autoparts-br\/wp-json\/wp\/v2\/product"}],"about":[{"href":"https:\/\/listman.shop\/autoparts-br\/wp-json\/wp\/v2\/types\/product"}],"wp:featuredmedia":[{"embeddable":true,"href":"https:\/\/listman.shop\/autoparts-br\/wp-json\/wp\/v2\/media\/32824"}],"wp:attachment":[{"href":"https:\/\/listman.shop\/autoparts-br\/wp-json\/wp\/v2\/media?parent=32830"}],"wp:term":[{"taxonomy":"product_brand","embeddable":true,"href":"https:\/\/listman.shop\/autoparts-br\/wp-json\/wp\/v2\/product_brand?post=32830"},{"taxonomy":"product_cat","embeddable":true,"href":"https:\/\/listman.shop\/autoparts-br\/wp-json\/wp\/v2\/product_cat?post=32830"},{"taxonomy":"product_tag","embeddable":true,"href":"https:\/\/listman.shop\/autoparts-br\/wp-json\/wp\/v2\/product_tag?post=32830"}],"curies":[{"name":"wp","href":"https:\/\/api.w.org\/{rel}","templated":true}]}}