{"id":32871,"date":"2025-03-12T08:25:39","date_gmt":"2025-03-11T23:25:39","guid":{"rendered":"https:\/\/listman.shop\/autoparts-br\/product\/1005008383784820\/"},"modified":"2026-04-04T14:04:05","modified_gmt":"2026-04-04T05:04:05","slug":"1005008383784820","status":"publish","type":"product","link":"https:\/\/listman.shop\/autoparts-br\/product\/1005008383784820\/","title":{"rendered":"Nova chegada! Mn300 simulador de sensor autom\u00e1tico testador automotivo trilho do carro oxig\u00eanio \u00f3leo press\u00e3o fluxo sensor gerador sinal"},"content":{"rendered":"<div class=\"detailmodule_html\">\n<div class=\"detail-desc-decorate-richtext\">\n<div class=\"detailmodule_html\">\n<div class=\"detail-desc-decorate-richtext\">\n<div>\n   <img data-recalc-dims=\"1\" decoding=\"async\" src=\"https:\/\/i0.wp.com\/ae01.alicdn.com\/kf\/S1d7168cec0a0497fbcfa6bd1135ea7c9p.jpg?w=1200&#038;ssl=1\" \/>\n  <\/div>\n<div>\n<div>\n    &nbsp;\n   <\/div>\n<p><span style=\"font-size:24px\"><strong id=\"tl_1\">Fun&ccedil;&atilde;o principal do MN300<\/strong><\/span><\/p>\n<p><img data-recalc-dims=\"1\" decoding=\"async\" src=\"https:\/\/i0.wp.com\/ae01.alicdn.com\/kf\/S80ce623736a7492cb6e0046469b65278C.jpg?w=1200&#038;ssl=1\" \/><\/p>\n<div>\n    &nbsp;\n   <\/div>\n<\/p><\/div>\n<div>\n<div>\n<div style=\", Arial, Helvetica, sans-serif, Heiti;font-size:14px\">\n<div><\/div>\n<div><\/div>\n<div>\n      <img data-recalc-dims=\"1\" decoding=\"async\" src=\"https:\/\/i0.wp.com\/ae01.alicdn.com\/kf\/S3c17113210384d78aaf4ddd2c14769dew.jpg?w=1200&#038;ssl=1\" \/>\n     <\/div>\n<div>\n      <img data-recalc-dims=\"1\" decoding=\"async\" src=\"https:\/\/i0.wp.com\/ae01.alicdn.com\/kf\/S5bcaa809db0741bbb96c4dee7a2ab902h.jpg?w=1200&#038;ssl=1\" \/><br \/>\n      <img data-recalc-dims=\"1\" decoding=\"async\" src=\"https:\/\/i0.wp.com\/ae01.alicdn.com\/kf\/Sb6ff15d1520246f2ac098ee47ef1f0f7f.jpg?w=1200&#038;ssl=1\" \/><br \/>\n      <img data-recalc-dims=\"1\" decoding=\"async\" src=\"https:\/\/i0.wp.com\/ae01.alicdn.com\/kf\/Sb108c68a8d994e11aa4c22e032155752Z.jpg?w=1200&#038;ssl=1\" \/><br \/>\n      <img data-recalc-dims=\"1\" decoding=\"async\" src=\"https:\/\/i0.wp.com\/ae01.alicdn.com\/kf\/Sd4eacc8d5423428dbeb99a67cfe431564.jpg?w=1200&#038;ssl=1\" \/>\n     <\/div>\n<div>\n      <img data-recalc-dims=\"1\" decoding=\"async\" src=\"https:\/\/i0.wp.com\/ae01.alicdn.com\/kf\/S2ac38132c46743eaa5aa309d1dfb0c8eo.jpg?w=1200&#038;ssl=1\" \/><br \/>\n      <img data-recalc-dims=\"1\" decoding=\"async\" src=\"https:\/\/i0.wp.com\/ae01.alicdn.com\/kf\/S5c96a1407d0842f990b88fc6d13f7d38E.jpg?w=1200&#038;ssl=1\" \/><br \/>\n      <img data-recalc-dims=\"1\" decoding=\"async\" src=\"https:\/\/i0.wp.com\/ae01.alicdn.com\/kf\/Sdfccab0db5334abc841e9a36cdaa7a60r.jpg?w=1200&#038;ssl=1\" \/><br \/>\n      <img data-recalc-dims=\"1\" decoding=\"async\" src=\"https:\/\/i0.wp.com\/ae01.alicdn.com\/kf\/Sf0c0e889dc9140d794200ca0acaa44e8P.jpg?w=1200&#038;ssl=1\" \/>\n     <\/div>\n<\/p><\/div>\n<div style=\", Arial, Helvetica, sans-serif, Heiti;font-size:14px\"><\/div>\n<div>\n     \n    <\/div>\n<div><\/div>\n<div>\n     \n    <\/div>\n<\/p><\/div>\n<\/p><\/div>\n<div>\n   &nbsp;\n  <\/div>\n<p><\/p>\n<\/p><\/div>\n<\/div>\n<p><\/div>\n<\/div>\n","protected":false},"excerpt":{"rendered":"<p>&nbsp; Fun&ccedil;&atilde;o principal do MN300 &nbsp; &nbsp;<\/p>\n","protected":false},"featured_media":32865,"template":"","meta":{"neve_meta_sidebar":"","neve_meta_container":"","neve_meta_enable_content_width":"","neve_meta_content_width":0,"neve_meta_title_alignment":"","neve_meta_author_avatar":"","neve_post_elements_order":"","neve_meta_disable_header":"","neve_meta_disable_footer":"","neve_meta_disable_title":""},"product_brand":[],"product_cat":[46,18,17],"product_tag":[],"class_list":{"0":"post-32871","1":"product","2":"type-product","3":"status-publish","4":"has-post-thumbnail","6":"product_cat-ferramentas-de-diagnostico","7":"product_cat-ferramentas-de-reparo-automotivo","8":"product_cat-pecas-e-acessorios-automotivos","10":"first","11":"instock","12":"shipping-taxable","13":"purchasable","14":"product-type-variable","15":"has-default-attributes"},"jetpack_sharing_enabled":true,"_links":{"self":[{"href":"https:\/\/listman.shop\/autoparts-br\/wp-json\/wp\/v2\/product\/32871","targetHints":{"allow":["GET"]}}],"collection":[{"href":"https:\/\/listman.shop\/autoparts-br\/wp-json\/wp\/v2\/product"}],"about":[{"href":"https:\/\/listman.shop\/autoparts-br\/wp-json\/wp\/v2\/types\/product"}],"wp:featuredmedia":[{"embeddable":true,"href":"https:\/\/listman.shop\/autoparts-br\/wp-json\/wp\/v2\/media\/32865"}],"wp:attachment":[{"href":"https:\/\/listman.shop\/autoparts-br\/wp-json\/wp\/v2\/media?parent=32871"}],"wp:term":[{"taxonomy":"product_brand","embeddable":true,"href":"https:\/\/listman.shop\/autoparts-br\/wp-json\/wp\/v2\/product_brand?post=32871"},{"taxonomy":"product_cat","embeddable":true,"href":"https:\/\/listman.shop\/autoparts-br\/wp-json\/wp\/v2\/product_cat?post=32871"},{"taxonomy":"product_tag","embeddable":true,"href":"https:\/\/listman.shop\/autoparts-br\/wp-json\/wp\/v2\/product_tag?post=32871"}],"curies":[{"name":"wp","href":"https:\/\/api.w.org\/{rel}","templated":true}]}}