{"id":32957,"date":"2025-03-22T22:04:17","date_gmt":"2025-03-22T13:04:17","guid":{"rendered":"https:\/\/listman.shop\/autoparts-br\/product\/1005004024326088\/"},"modified":"2026-04-14T17:56:25","modified_gmt":"2026-04-14T08:56:25","slug":"1005004024326088","status":"publish","type":"product","link":"https:\/\/listman.shop\/autoparts-br\/product\/1005004024326088\/","title":{"rendered":"Feyree port\u00e1til ev carregador wallbox type2 cabo 32a 7kw com plugue cee evse type1 caixa de carregamento j1772 adaptador para ve\u00edculo el\u00e9trico"},"content":{"rendered":"<div class=\"detailmodule_html\">\n<div class=\"detail-desc-decorate-richtext\">\n<div class=\"detailmodule_dynamic\">\n<\/div>\n<div class=\"detailmodule_dynamic\"><\/div>\n<div class=\"detailmodule_dynamic\"><\/div>\n<p><span style=\"font-size:18px;font-family:arial, helvetica, sans-serif\"><strong id=\"tl_1\">Caracter&iacute;sticas:<\/strong><\/span><\/p>\n<ul>\n<li>\n<p><span style=\"font-size:14px;font-family:arial, helvetica, sans-serif\"><strong id=\"tl_2\">PROTE&Ccedil;&Atilde;O M&Uacute;LTIPLA:<\/strong><\/span><span style=\"font-size:14px;font-family:arial, helvetica, sans-serif\" id=\"tl_3\">O EVSE fornece conector &agrave; prova de raios, vazamentos, sobretens&atilde;o, superaquecimento, classifica&ccedil;&atilde;o IP65 &agrave; prova d&#8217;&aacute;gua e prote&ccedil;&atilde;o contra sobrecorrente para sua seguran&ccedil;a.Al&eacute;m disso, possui caixa de controle com indicadores LCD de status de carga que ajudam a identificar as condi&ccedil;&otilde;es de funcionamento do carregador EV.o que pode informar as informa&ccedil;&otilde;es relevantes de carregamento, quando a luz de erro aparece durante o carregamento, pode parar de carregar a tempo.<\/span><\/p>\n<\/li>\n<li>\n<p><span style=\"font-size:14px;font-family:arial, helvetica, sans-serif\"><strong id=\"tl_4\">ALTA QUALIDADE:<\/strong><\/span><span style=\"font-size:14px;font-family:arial, helvetica, sans-serif\" id=\"tl_5\">Certificado CE, o que prolonga a vida &uacute;til, o chip inteligente interno protege seu carro e circuito que voc&ecirc; pode us&aacute;-lo com confian&ccedil;a.<\/span><\/p>\n<\/li>\n<li>\n<p><span style=\"font-size:14px;font-family:arial, helvetica, sans-serif\"><strong id=\"tl_6\">INDICA&Ccedil;&Atilde;O LCD:<\/strong><\/span><span style=\"font-size:14px;font-family:arial, helvetica, sans-serif\" id=\"tl_7\">A tela mostra o status do carregamento e, se houver uma falha no carregamento, voc&ecirc; saber&aacute; o problema correspondente atrav&eacute;s da tela e das luzes indicadoras.<\/span><\/p>\n<\/li>\n<li>\n<p><span style=\"font-size:14px;font-family:arial, helvetica, sans-serif\"><strong id=\"tl_8\">Carregamento de alta velocidade:<\/strong><\/span><span style=\"font-size:14px;font-family:arial, helvetica, sans-serif\" id=\"tl_9\">Este produto foi projetado para tornar o carregamento do EV r&aacute;pido e sem esfor&ccedil;o.Compacto e dur&aacute;vel, &eacute; o cabo de carregamento perfeito para uso dom&eacute;stico.<\/span><\/p>\n<\/li>\n<\/ul>\n<p><span style=\"font-size:16px;font-family:arial, helvetica, sans-serif\"><strong id=\"tl_10\">Lista de embalagem:<\/strong><\/span><\/p>\n<ul>\n<li>\n<p style=\", Roboto, Arial, Helvetica, sans-serif, SimSun;font-size:14px;font-weight:400;letter-spacing:normal;line-height:inherit;text-align:start;white-space:normal;margin:0pt 0px 0pt 0in;margin-bottom:0pt;margin-top:0pt;margin-left:0in;margin-right:0px;padding:0px;padding-bottom:0px;padding-top:0px;padding-left:0px;padding-right:0px\" align=\"start\"><span style=\"color:black;font-size:14px;font-family:arial, helvetica, sans-serif\" id=\"tl_11\">Carregador EV * 1<\/span><\/p>\n<\/li>\n<li>\n<p style=\", Roboto, Arial, Helvetica, sans-serif, SimSun;font-size:14px;font-weight:400;letter-spacing:normal;line-height:inherit;text-align:start;white-space:normal;margin:0pt 0px 0pt 0in;margin-bottom:0pt;margin-top:0pt;margin-left:0in;margin-right:0px;padding:0px;padding-bottom:0px;padding-top:0px;padding-left:0px;padding-right:0px\" align=\"start\"><span style=\"color:black;font-size:14px;font-family:arial, helvetica, sans-serif\" id=\"tl_12\">Caixa de controle pot&aacute;vel * 1<\/span><\/p>\n<\/li>\n<li>\n<p style=\", Roboto, Arial, Helvetica, sans-serif, SimSun;font-size:14px;font-weight:400;letter-spacing:normal;line-height:inherit;text-align:start;white-space:normal;margin:0pt 0px 0pt 0in;margin-bottom:0pt;margin-top:0pt;margin-left:0in;margin-right:0px;padding:0px;padding-bottom:0px;padding-top:0px;padding-left:0px;padding-right:0px\" align=\"start\"><span style=\"color:black;font-size:14px;font-family:arial, helvetica, sans-serif\" id=\"tl_13\">Plugue CEE * 1<\/span><\/p>\n<\/li>\n<li>\n<p style=\", Roboto, Arial, Helvetica, sans-serif, SimSun;font-size:14px;font-weight:400;letter-spacing:normal;line-height:inherit;text-align:start;white-space:normal;margin:0pt 0px 0pt 0in;margin-bottom:0pt;margin-top:0pt;margin-left:0in;margin-right:0px;padding:0px;padding-bottom:0px;padding-top:0px;padding-left:0px;padding-right:0px\" align=\"start\"><span style=\"color:black;font-size:14px;font-family:arial, helvetica, sans-serif\" id=\"tl_14\">Manual do usu&aacute;rio * 1<\/span><\/p>\n<\/li>\n<li>\n<p style=\", Roboto, Arial, Helvetica, sans-serif, SimSun;font-size:14px;font-weight:400;letter-spacing:normal;line-height:inherit;text-align:start;white-space:normal;margin:0pt 0px 0pt 0in;margin-bottom:0pt;margin-top:0pt;margin-left:0in;margin-right:0px;padding:0px;padding-bottom:0px;padding-top:0px;padding-left:0px;padding-right:0px\" align=\"start\"><span style=\"font-size:14px;font-family:arial, helvetica, sans-serif\" id=\"tl_15\">Saco * 1 (presente gr&aacute;tis)<\/span><\/p>\n<\/li>\n<\/ul>\n<p style=\", Roboto, Arial, Helvetica, sans-serif, SimSun;font-size:14px;font-weight:400;letter-spacing:normal;line-height:inherit;text-align:start;white-space:normal;margin:0pt 0px 0pt 0in;margin-bottom:0pt;margin-top:0pt;margin-left:0in;margin-right:0px;padding:0px;padding-bottom:0px;padding-top:0px;padding-left:0px;padding-right:0px\" align=\"start\"><img data-recalc-dims=\"1\" decoding=\"async\" src=\"https:\/\/i0.wp.com\/ae01.alicdn.com\/kf\/Se70ebf8e660d4deb87ed59856405a94by.jpg?w=1200&#038;ssl=1\" \/><\/p>\n<div>\n <br \/> \n<\/div>\n<p><span style=\"font-size:16px;, times, serif\"><strong id=\"tl_16\">Especifica&ccedil;&atilde;o:<\/strong><\/span><\/p>\n<p style=\"text-align:left;margin:0px;margin-bottom:0px;margin-top:0px;margin-left:0px;margin-right:0px\" align=\"left\"><img data-recalc-dims=\"1\" decoding=\"async\" src=\"https:\/\/i0.wp.com\/ae01.alicdn.com\/kf\/S0a0467b40e7b4fa18676dd8e7a373d1aJ.jpg?w=1200&#038;ssl=1\" \/><\/p>\n<div>\n  &nbsp;\n<\/div>\n<p style=\"text-align:left;margin:0px;margin-bottom:0px;margin-top:0px;margin-left:0px;margin-right:0px\" align=\"left\"><img data-recalc-dims=\"1\" decoding=\"async\" src=\"https:\/\/i0.wp.com\/ae01.alicdn.com\/kf\/Sd095b2412eb7402287e8f62d0e75fc1eo.jpg?w=1200&#038;ssl=1\" \/><\/p>\n<div>\n  &nbsp;\n<\/div>\n<p><img data-recalc-dims=\"1\" decoding=\"async\" src=\"https:\/\/i0.wp.com\/ae01.alicdn.com\/kf\/S4fb5f5c98dc149bdb67f9e27178e0681M.jpg?w=1200&#038;ssl=1\" \/><\/p>\n<p style=\"text-align:left;margin:0px;margin-bottom:0px;margin-top:0px;margin-left:0px;margin-right:0px\" align=\"left\"><img data-recalc-dims=\"1\" decoding=\"async\" src=\"https:\/\/i0.wp.com\/ae01.alicdn.com\/kf\/S0cdc086495564a06a4f34ca520ab80eeF.jpg?w=1200&#038;ssl=1\" \/><\/p>\n<div>\n  &nbsp;\n<\/div>\n<p style=\"text-align:left;margin:0px;margin-bottom:0px;margin-top:0px;margin-left:0px;margin-right:0px\" align=\"left\"><img data-recalc-dims=\"1\" decoding=\"async\" src=\"https:\/\/i0.wp.com\/ae01.alicdn.com\/kf\/S4cc000a2723746048f5ee57a0ad639c5s.jpg?w=1200&#038;ssl=1\" \/><\/p>\n<div>\n  &nbsp;\n<\/div>\n<p><img data-recalc-dims=\"1\" decoding=\"async\" src=\"https:\/\/i0.wp.com\/ae01.alicdn.com\/kf\/S2c4168b42a2b4e88aca9a7d622a66a0fQ.jpg?w=1200&#038;ssl=1\" \/><\/p>\n<div>\n  &nbsp;\n<\/div>\n<p><img data-recalc-dims=\"1\" decoding=\"async\" src=\"https:\/\/i0.wp.com\/ae01.alicdn.com\/kf\/S29d695067d9945df8c201dcf844b55fcR.jpg?w=1200&#038;ssl=1\" \/><\/p>\n<div>\n  &nbsp;\n<\/div>\n<p><img data-recalc-dims=\"1\" decoding=\"async\" src=\"https:\/\/i0.wp.com\/ae01.alicdn.com\/kf\/S0a70be356e09453c98a66a8e737a3867I.jpg?w=1200&#038;ssl=1\" \/><\/p>\n<div>\n  &nbsp;\n<\/div>\n<div>\n <img data-recalc-dims=\"1\" decoding=\"async\" src=\"https:\/\/i0.wp.com\/ae01.alicdn.com\/kf\/S5f622004e41443b2a1366d9c441dbcd3x.jpg?w=1200&#038;ssl=1\" \/>\n<\/div>\n<div>\n  &nbsp;\n<\/div>\n<p style=\"text-align:left;margin:0px;margin-bottom:0px;margin-top:0px;margin-left:0px;margin-right:0px\" align=\"left\"><img data-recalc-dims=\"1\" decoding=\"async\" src=\"https:\/\/i0.wp.com\/ae01.alicdn.com\/kf\/Sf33125d9cf2e472b8218874a6f80827dI.jpg?w=1200&#038;ssl=1\" \/><\/p>\n<div>\n  &nbsp;\n<\/div>\n<p><img data-recalc-dims=\"1\" decoding=\"async\" src=\"https:\/\/i0.wp.com\/ae01.alicdn.com\/kf\/S7a39b30c483d41918d0a69f0644a4c7aL.jpg?w=1200&#038;ssl=1\" \/><\/p>\n<p style=\"text-align:left;margin:0px;margin-bottom:0px;margin-top:0px;margin-left:0px;margin-right:0px\" align=\"left\"><img data-recalc-dims=\"1\" decoding=\"async\" src=\"https:\/\/i0.wp.com\/ae01.alicdn.com\/kf\/S8dd5f9d7c7c2452a926f0ae05e4701b9x.jpg?w=1200&#038;ssl=1\" \/><\/p>\n<div>\n  &nbsp;\n<\/div>\n<p style=\"text-align:left;margin:0px;margin-bottom:0px;margin-top:0px;margin-left:0px;margin-right:0px\" align=\"left\"><img data-recalc-dims=\"1\" decoding=\"async\" src=\"https:\/\/i0.wp.com\/ae01.alicdn.com\/kf\/S46d844055c7643aabd5b49cad9147d43q.jpg?w=1200&#038;ssl=1\" \/><\/p>\n<div>\n  &nbsp;\n<\/div>\n<p style=\"text-align:left;margin:0px;margin-bottom:0px;margin-top:0px;margin-left:0px;margin-right:0px\" align=\"left\"><img data-recalc-dims=\"1\" decoding=\"async\" src=\"https:\/\/i0.wp.com\/ae01.alicdn.com\/kf\/S2d88f70e019c482a95c24020c8bcea46A.jpg?w=1200&#038;ssl=1\" \/><\/p>\n<div>\n  &nbsp;\n<\/div>\n<p style=\", Roboto, Arial, Helvetica, sans-serif, SimSun;font-size:14px;font-weight:400;letter-spacing:normal;line-height:inherit;text-align:start;white-space:normal;margin:0pt 0px 0pt 0in;margin-bottom:0pt;margin-top:0pt;margin-left:0in;margin-right:0px;padding:0px;padding-bottom:0px;padding-top:0px;padding-left:0px;padding-right:0px\" align=\"start\"><img data-recalc-dims=\"1\" decoding=\"async\" src=\"https:\/\/i0.wp.com\/ae01.alicdn.com\/kf\/S6d8c8a8254a94bb8a297148c6e3853d9h.jpg?w=1200&#038;ssl=1\" \/><\/p>\n<div>\n  &nbsp;\n<\/div>\n<p><img data-recalc-dims=\"1\" decoding=\"async\" src=\"https:\/\/i0.wp.com\/ae01.alicdn.com\/kf\/S210ea385480341a49d7601b0e684241bh.png?w=1200&#038;ssl=1\" \/><\/p>\n<div>\n  &nbsp;\n<\/div>\n<p><img data-recalc-dims=\"1\" decoding=\"async\" src=\"https:\/\/i0.wp.com\/ae01.alicdn.com\/kf\/S86e19365b16f4aa0a2dc0f6963526ffev.jpg?w=1200&#038;ssl=1\" \/><\/p>\n<div>\n  &nbsp;\n<\/div>\n<p style=\", Roboto, Arial, Helvetica, sans-serif, SimSun;font-size:14px;font-weight:400;letter-spacing:normal;line-height:inherit;text-align:start;white-space:normal;margin:0pt 0px 0pt 0in;margin-bottom:0pt;margin-top:0pt;margin-left:0in;margin-right:0px;padding:0px;padding-bottom:0px;padding-top:0px;padding-left:0px;padding-right:0px\" align=\"start\"><img data-recalc-dims=\"1\" decoding=\"async\" src=\"https:\/\/i0.wp.com\/ae01.alicdn.com\/kf\/S2d8006f3b7474f1ba2e2105e8f093f3au.jpg?w=1200&#038;ssl=1\" \/><\/p>\n<div>\n  &nbsp;\n<\/div>\n<p style=\", Roboto, Arial, Helvetica, sans-serif, SimSun;font-size:14px;font-weight:400;letter-spacing:normal;line-height:inherit;text-align:start;white-space:normal;margin:0pt 0px 0pt 0in;margin-bottom:0pt;margin-top:0pt;margin-left:0in;margin-right:0px;padding:0px;padding-bottom:0px;padding-top:0px;padding-left:0px;padding-right:0px\" align=\"start\"><img data-recalc-dims=\"1\" decoding=\"async\" src=\"https:\/\/i0.wp.com\/ae01.alicdn.com\/kf\/Ad75462f70d1142f99bcc9129e669c0d1V.jpg?w=1200&#038;ssl=1\" \/><\/p>\n<div>\n  &nbsp;\n<\/div>\n<p style=\", Roboto, Arial, Helvetica, sans-serif, SimSun;font-size:14px;font-weight:400;letter-spacing:normal;line-height:inherit;text-align:start;white-space:normal;margin:0pt 0px 0pt 0in;margin-bottom:0pt;margin-top:0pt;margin-left:0in;margin-right:0px;padding:0px;padding-bottom:0px;padding-top:0px;padding-left:0px;padding-right:0px\" align=\"start\"><img data-recalc-dims=\"1\" decoding=\"async\" src=\"https:\/\/i0.wp.com\/ae01.alicdn.com\/kf\/Se350b459c3fa45509915f9cf33d3a230M.jpg?w=1200&#038;ssl=1\" \/><\/p>\n<div>\n  &nbsp;\n<\/div>\n<p style=\", Roboto, Arial, Helvetica, sans-serif, SimSun;font-size:14px;font-weight:400;letter-spacing:normal;line-height:inherit;text-align:start;white-space:normal;margin:0pt 0px 0pt 0in;margin-bottom:0pt;margin-top:0pt;margin-left:0in;margin-right:0px;padding:0px;padding-bottom:0px;padding-top:0px;padding-left:0px;padding-right:0px\" align=\"start\"><img data-recalc-dims=\"1\" decoding=\"async\" src=\"https:\/\/i0.wp.com\/ae01.alicdn.com\/kf\/A078583460a9f4102adb609ba259ec040m.jpg?w=1200&#038;ssl=1\" \/><\/p>\n<div>\n  &nbsp;\n<\/div>\n<p style=\", Roboto, Arial, Helvetica, sans-serif, SimSun;font-size:14px;font-weight:400;letter-spacing:normal;line-height:inherit;text-align:start;white-space:normal;margin:0pt 0px 0pt 0in;margin-bottom:0pt;margin-top:0pt;margin-left:0in;margin-right:0px;padding:0px;padding-bottom:0px;padding-top:0px;padding-left:0px;padding-right:0px\" align=\"start\"><img data-recalc-dims=\"1\" decoding=\"async\" src=\"https:\/\/i0.wp.com\/ae01.alicdn.com\/kf\/A0266ed8fde45422bb41b23baf3def059x.jpg?w=1200&#038;ssl=1\" \/><\/p>\n<div>\n  &nbsp;\n<\/div>\n<p><img data-recalc-dims=\"1\" decoding=\"async\" src=\"https:\/\/i0.wp.com\/ae01.alicdn.com\/kf\/S56888f21669a4faf85d4e120bb713ba0p.jpg?w=1200&#038;ssl=1\" \/><\/p>\n<div>\n  &nbsp;\n<\/div>\n<p style=\"margin:0px;margin-bottom:0px;margin-top:0px;margin-left:0px;margin-right:0px;display:block;width:100%\"><img data-recalc-dims=\"1\" decoding=\"async\" src=\"https:\/\/i0.wp.com\/ae01.alicdn.com\/kf\/S4a7724caac5244729a403a5463dfc131A.jpg?w=1200&#038;ssl=1\" \/><img data-recalc-dims=\"1\" decoding=\"async\" src=\"https:\/\/i0.wp.com\/ae01.alicdn.com\/kf\/S3224ff8536e54a768281a559427f3444S.jpg?w=1200&#038;ssl=1\" \/><\/p>\n<div>\n  &nbsp;\n<\/div>\n<div>\n <img data-recalc-dims=\"1\" decoding=\"async\" src=\"https:\/\/i0.wp.com\/ae01.alicdn.com\/kf\/S6e86d496be4e4792911b6f6445cb9d36H.jpg?w=1200&#038;ssl=1\" \/>\n<\/div>\n<div>\n  &nbsp;\n<\/div>\n<p style=\"margin:0px;margin-bottom:0px;margin-top:0px;margin-left:0px;margin-right:0px;display:block;width:100%\"><img data-recalc-dims=\"1\" decoding=\"async\" src=\"https:\/\/i0.wp.com\/ae01.alicdn.com\/kf\/S468210048d3243c9b8d8535779454869o.jpg?w=1200&#038;ssl=1\" \/><img data-recalc-dims=\"1\" decoding=\"async\" src=\"https:\/\/i0.wp.com\/ae01.alicdn.com\/kf\/Sd5dfb63de98841368964c0895946f4cc9.jpg?w=1200&#038;ssl=1\" \/><img data-recalc-dims=\"1\" decoding=\"async\" src=\"https:\/\/i0.wp.com\/ae01.alicdn.com\/kf\/Sc5cf24042e0642a28b54e6909d4c7237T.jpg?w=1200&#038;ssl=1\" \/><\/p>\n<div>\n  &nbsp;\n<\/div>\n<div>\n <br \/> \n<\/div>\n<p><\/p>\n<\/div>\n<\/div>\n","protected":false},"excerpt":{"rendered":"<p>Caracter&iacute;sticas: PROTE&Ccedil;&Atilde;O M&Uacute;LTIPLA:O EVSE fornece conector &agrave; prova de raios, vazamentos, sobretens&atilde;o, superaquecimento, classifica&ccedil;&atilde;o IP65 &agrave; prova d&#8217;&aacute;gua e prote&ccedil;&atilde;o contra sobrecorrente para sua seguran&ccedil;a.Al&eacute;m disso, possui caixa de controle com indicadores LCD de status de carga que ajudam a identificar as condi&ccedil;&otilde;es de funcionamento do carregador EV.o que pode informar as informa&ccedil;&otilde;es relevantes de&hellip;&nbsp;<\/p>\n","protected":false},"featured_media":32951,"template":"","meta":{"neve_meta_sidebar":"","neve_meta_container":"","neve_meta_enable_content_width":"","neve_meta_content_width":0,"neve_meta_title_alignment":"","neve_meta_author_avatar":"","neve_post_elements_order":"","neve_meta_disable_header":"","neve_meta_disable_footer":"","neve_meta_disable_title":""},"product_brand":[],"product_cat":[130,31,17],"product_tag":[],"class_list":{"0":"post-32957","1":"product","2":"type-product","3":"status-publish","4":"has-post-thumbnail","6":"product_cat-equipamento-de-carregamento-de-veiculos-electricos","7":"product_cat-novo-veiculo-de-energia-pecas-acessorios","8":"product_cat-pecas-e-acessorios-automotivos","10":"first","11":"instock","12":"shipping-taxable","13":"purchasable","14":"product-type-variable","15":"has-default-attributes"},"jetpack_sharing_enabled":true,"_links":{"self":[{"href":"https:\/\/listman.shop\/autoparts-br\/wp-json\/wp\/v2\/product\/32957","targetHints":{"allow":["GET"]}}],"collection":[{"href":"https:\/\/listman.shop\/autoparts-br\/wp-json\/wp\/v2\/product"}],"about":[{"href":"https:\/\/listman.shop\/autoparts-br\/wp-json\/wp\/v2\/types\/product"}],"wp:featuredmedia":[{"embeddable":true,"href":"https:\/\/listman.shop\/autoparts-br\/wp-json\/wp\/v2\/media\/32951"}],"wp:attachment":[{"href":"https:\/\/listman.shop\/autoparts-br\/wp-json\/wp\/v2\/media?parent=32957"}],"wp:term":[{"taxonomy":"product_brand","embeddable":true,"href":"https:\/\/listman.shop\/autoparts-br\/wp-json\/wp\/v2\/product_brand?post=32957"},{"taxonomy":"product_cat","embeddable":true,"href":"https:\/\/listman.shop\/autoparts-br\/wp-json\/wp\/v2\/product_cat?post=32957"},{"taxonomy":"product_tag","embeddable":true,"href":"https:\/\/listman.shop\/autoparts-br\/wp-json\/wp\/v2\/product_tag?post=32957"}],"curies":[{"name":"wp","href":"https:\/\/api.w.org\/{rel}","templated":true}]}}