{"id":33044,"date":"2025-03-22T22:10:41","date_gmt":"2025-03-22T13:10:41","guid":{"rendered":"https:\/\/listman.shop\/autoparts-br\/product\/1005005504929776\/"},"modified":"2026-04-14T18:07:16","modified_gmt":"2026-04-14T09:07:16","slug":"1005005504929776","status":"publish","type":"product","link":"https:\/\/listman.shop\/autoparts-br\/product\/1005005504929776\/","title":{"rendered":"Feyree Carregador EV port\u00e1til Type2 32A 7KW EVSE Wi-Fi APP Controle Corrente ajust\u00e1vel Carregamento de temporiza\u00e7\u00e3o inteligente para uso dom\u00e9stico e externo"},"content":{"rendered":"<div class=\"detailmodule_html\">\n<div class=\"detail-desc-decorate-richtext\">\n<div class=\"detailmodule_dynamic\">\n<\/div>\n<div class=\"detailmodule_dynamic\"><\/div>\n<div class=\"detailmodule_dynamic\"><\/div>\n<p><span style=\"font-size:16px\"><strong id=\"tl_1\">Sobre este item<\/strong><\/span><\/p>\n<ul>\n<li>\n<p id=\"tl_2\"><span>\u3010APP inteligente Wi-Fi, monitor em tempo real e designa o tempo de carregamento\u3011<\/span>: APP inteligente integrado (ligue o wifi e o bluetooth ao adicionar seu dispositivo), voc&ecirc; precisa se conectar em ambiente WIFI, o que permite que seus ve&iacute;culos sejam carregados durante o per&iacute;odo de pico definindo o tempo de carregamento, economizando dinheiro na eletricidade contas.E permite ajustar a faixa de corrente de carregamento de 8A a 32A, notifica&ccedil;&atilde;o totalmente carregada ou rastrear o status de carregamento.<\/p>\n<\/li>\n<li>\n<p id=\"tl_3\"><span>\u3010Programa&ccedil;&atilde;o o tempo de carregamento desejado\u3011<\/span>: Voc&ecirc; pode configurar o carregador para come&ccedil;ar a carregar no momento desejado pressionando o bot&atilde;o Delay.Perfeito para carregar durante a noite e tamb&eacute;m gastar menos se estiver carregando no pico do que no dia.Pressione o bot&atilde;o \u201cDelay\u201d para come&ccedil;ar antes de ir para a cama, e na manh&atilde; seguinte, voc&ecirc; tem um carro totalmente carregado para come&ccedil;ar o dia.Voc&ecirc; pode deix&aacute;-lo conectado ap&oacute;s terminar o carregamento sem problemas.Nosso carregador desligar&aacute; automaticamente quando totalmente carregado.<\/p>\n<\/li>\n<li>\n<p id=\"tl_4\"><span>\u3010TELA LCD de 2,8 polegadas\u3011<\/span>: O controlador desta esta&ccedil;&atilde;o de carregamento dom&eacute;stica possui uma tela LCD de 2,8 polegadas, que mostra o status de carregamento em tempo real, como status de energia, corrente de carregamento e assim por diante.As luzes indicadoras LED na caixa de controle ajudam voc&ecirc; a identificar as condi&ccedil;&otilde;es de funcionamento do carregador EV e as informa&ccedil;&otilde;es de carregamento relevantes.<\/p>\n<\/li>\n<li>\n<p id=\"tl_5\"><span>\u3010SEGURO E CONFI&Aacute;VEL\u3011<\/span>: A seguran&ccedil;a &eacute; uma prioridade absoluta para n&oacute;s quando se trata de carregar ve&iacute;culos el&eacute;tricos.Nosso carregador EV foi projetado com v&aacute;rios sistemas de prote&ccedil;&atilde;o, como &agrave; prova de raios, prote&ccedil;&atilde;o contra vazamentos (Tipo B AC30mA + DC6mA), sobretens&atilde;o, prote&ccedil;&atilde;o contra superaquecimento, prote&ccedil;&atilde;o contra sobrecorrente, prote&ccedil;&atilde;o de aterramento e muito mais.O cabo &eacute; feito de materiais TPE resistentes e de alta qualidade e o conector possui prote&ccedil;&atilde;o IP66 &agrave; prova d&#8217;&aacute;gua e &agrave; prova de poeira para tornar este carregador dom&eacute;stico EV mais seguro e confi&aacute;vel.<\/p>\n<\/li>\n<li>\n<p id=\"tl_6\"><span>\u3010CARREGAR MAIS R&Aacute;PIDO\u3011<\/span>: Este carregador EV &eacute; baseado em uma tens&atilde;o de 240V e corrente ajust&aacute;vel de 8A\/10A\/13A\/16A\/20A\/25A\/32Amp, para atingir uma pot&ecirc;ncia de sa&iacute;da m&aacute;xima de at&eacute; 7KW.Tornando o carregamento do carro EV mais r&aacute;pido!(Nota: O tempo real de carregamento de um carro el&eacute;trico desce para os dois seguintes: a fonte de energia e a capacidade do carregador a bordo do ve&iacute;culo.)<\/p>\n<\/li>\n<li>\n<p id=\"tl_7\"><span>\u3010Controle o carregador EV V&aacute;rias maneiras\u3011<\/span>: Voc&ecirc; pode usar o APP ou o bot&atilde;o na caixa de carregamento para controlar o carregador.Voc&ecirc; pode redefinir WIFI facilmente pressionando longamente o bot&atilde;o T para entrar nos menus de configura&ccedil;&atilde;o.<\/p>\n<\/li>\n<\/ul>\n<p><img data-recalc-dims=\"1\" decoding=\"async\" src=\"https:\/\/i0.wp.com\/ae01.alicdn.com\/kf\/S4933d330e4e94a159e9e885378b50fecf.jpg?w=1200&#038;ssl=1\" \/><\/p>\n<p> <\/p>\n<p><span style=\"font-size:16px\"><strong id=\"tl_8\">Especifica&ccedil;&otilde;es:<\/strong><\/span><\/p>\n<p style=\"margin:0px;margin-bottom:0px;margin-top:0px;margin-left:0px;margin-right:0px;display:block;width:100%\"><img data-recalc-dims=\"1\" decoding=\"async\" src=\"https:\/\/i0.wp.com\/ae01.alicdn.com\/kf\/Sb6816880b7e3402687ab70b6e0b90d713.jpg?w=1200&#038;ssl=1\" \/><\/p>\n<div>\n  &nbsp;\n<\/div>\n<p><img data-recalc-dims=\"1\" decoding=\"async\" src=\"https:\/\/i0.wp.com\/ae01.alicdn.com\/kf\/S8efd2f8d6320441499bced75e43580c2M.jpg?w=1200&#038;ssl=1\" \/><\/p>\n<p style=\"text-align:left;margin:0px;margin-bottom:0px;margin-top:0px;margin-left:0px;margin-right:0px\" align=\"left\"><img data-recalc-dims=\"1\" decoding=\"async\" src=\"https:\/\/i0.wp.com\/ae01.alicdn.com\/kf\/S5f6dc4fb24504f21b7d7bb74c76a7a6c2.jpg?w=1200&#038;ssl=1\" \/><\/p>\n<div>\n  &nbsp;\n<\/div>\n<p style=\"text-align:left;margin:0px;margin-bottom:0px;margin-top:0px;margin-left:0px;margin-right:0px\" align=\"left\"><img data-recalc-dims=\"1\" decoding=\"async\" src=\"https:\/\/i0.wp.com\/ae01.alicdn.com\/kf\/Sb4bf958389444391a89d8c8b6780e82am.jpg?w=1200&#038;ssl=1\" \/><\/p>\n<div>\n  &nbsp;\n<\/div>\n<p style=\"text-align:left;margin:0px;margin-bottom:0px;margin-top:0px;margin-left:0px;margin-right:0px\" align=\"left\"><img data-recalc-dims=\"1\" decoding=\"async\" src=\"https:\/\/i0.wp.com\/ae01.alicdn.com\/kf\/Sc49be42c879742e1a4be18d7bfff88f4J.jpg?w=1200&#038;ssl=1\" \/><\/p>\n<div>\n  &nbsp;\n<\/div>\n<p style=\"text-align:left;margin:0px;margin-bottom:0px;margin-top:0px;margin-left:0px;margin-right:0px\" align=\"left\"><img data-recalc-dims=\"1\" decoding=\"async\" src=\"https:\/\/i0.wp.com\/ae01.alicdn.com\/kf\/S79773f7d1296437896fe31ffe8aa0061v.jpg?w=1200&#038;ssl=1\" \/><\/p>\n<div>\n  &nbsp;\n<\/div>\n<p><img data-recalc-dims=\"1\" decoding=\"async\" src=\"https:\/\/i0.wp.com\/ae01.alicdn.com\/kf\/Sf57a3ee209024831aaf24e2ceef335cbW.jpg?w=1200&#038;ssl=1\" \/><\/p>\n<div>\n  &nbsp;\n<\/div>\n<p><img data-recalc-dims=\"1\" decoding=\"async\" src=\"https:\/\/i0.wp.com\/ae01.alicdn.com\/kf\/Sac232504994b44a4b2a88e36dc0ff931z.jpg?w=1200&#038;ssl=1\" \/><\/p>\n<p> <\/p>\n<p style=\"text-align:left;margin:0px;margin-bottom:0px;margin-top:0px;margin-left:0px;margin-right:0px\" align=\"left\"><img data-recalc-dims=\"1\" decoding=\"async\" src=\"https:\/\/i0.wp.com\/ae01.alicdn.com\/kf\/Sbd1e6f72aa564bfaba564e081bcb592eJ.jpg?w=1200&#038;ssl=1\" \/><\/p>\n<div>\n  &nbsp;\n<\/div>\n<p><img data-recalc-dims=\"1\" decoding=\"async\" src=\"https:\/\/i0.wp.com\/ae01.alicdn.com\/kf\/Se350b459c3fa45509915f9cf33d3a230M.jpg?w=1200&#038;ssl=1\" \/><\/p>\n<div>\n  &nbsp;\n<\/div>\n<p><img data-recalc-dims=\"1\" decoding=\"async\" src=\"https:\/\/i0.wp.com\/ae01.alicdn.com\/kf\/Aa3bb673bf5b74f41a94b5595dada523cX.jpg?w=1200&#038;ssl=1\" \/><\/p>\n<div>\n  &nbsp;\n<\/div>\n<p><img data-recalc-dims=\"1\" decoding=\"async\" src=\"https:\/\/i0.wp.com\/ae01.alicdn.com\/kf\/S1af2bc77359d47a49d3f8a8e704de697t.jpg?w=1200&#038;ssl=1\" \/><\/p>\n<div>\n  &nbsp;\n<\/div>\n<p><img data-recalc-dims=\"1\" decoding=\"async\" src=\"https:\/\/i0.wp.com\/ae01.alicdn.com\/kf\/A1befbe72e86244fe829ba918eba190d7M.jpg?w=1200&#038;ssl=1\" \/><\/p>\n<div>\n  &nbsp;\n<\/div>\n<p><img data-recalc-dims=\"1\" decoding=\"async\" src=\"https:\/\/i0.wp.com\/ae01.alicdn.com\/kf\/S9d20ab42e473402a9a7318e57573d2edL.jpg?w=1200&#038;ssl=1\" \/><\/p>\n<div>\n  &nbsp;\n<\/div>\n<p><img data-recalc-dims=\"1\" decoding=\"async\" src=\"https:\/\/i0.wp.com\/ae01.alicdn.com\/kf\/A172f7dc9729c47478da86903c29fd424f.jpg?w=1200&#038;ssl=1\" \/><\/p>\n<div>\n  &nbsp;\n<\/div>\n<p><img data-recalc-dims=\"1\" decoding=\"async\" src=\"https:\/\/i0.wp.com\/ae01.alicdn.com\/kf\/S0fa25dfadc394f1e9ef3af8750343c7cK.jpg?w=1200&#038;ssl=1\" \/><\/p>\n<div>\n  &nbsp;\n<\/div>\n<p style=\"text-align:left;margin:0px;margin-bottom:0px;margin-top:0px;margin-left:0px;margin-right:0px\" align=\"left\"><img data-recalc-dims=\"1\" decoding=\"async\" src=\"https:\/\/i0.wp.com\/ae01.alicdn.com\/kf\/Sdffc6cad1f124cc68e46650a7f4a6f5ax.jpg?w=1200&#038;ssl=1\" \/><\/p>\n<div>\n  &nbsp;\n<\/div>\n<p style=\"text-align:left;margin:0px;margin-bottom:0px;margin-top:0px;margin-left:0px;margin-right:0px\" align=\"left\"><img data-recalc-dims=\"1\" decoding=\"async\" src=\"https:\/\/i0.wp.com\/ae01.alicdn.com\/kf\/S34d52a6c47924ff3b02f05af9cd6317cc.jpg?w=1200&#038;ssl=1\" \/><\/p>\n<div>\n  &nbsp;\n<\/div>\n<p><img data-recalc-dims=\"1\" decoding=\"async\" src=\"https:\/\/i0.wp.com\/ae01.alicdn.com\/kf\/S759befb541a044d8b8bc55340f00e89ad.jpg?w=1200&#038;ssl=1\" \/><\/p>\n<p> <\/p>\n<p><img data-recalc-dims=\"1\" decoding=\"async\" src=\"https:\/\/i0.wp.com\/ae01.alicdn.com\/kf\/S536665817ba34291a168419e5302f308R.png?w=1200&#038;ssl=1\" \/><\/p>\n<div>\n  &nbsp;\n<\/div>\n<p><img data-recalc-dims=\"1\" decoding=\"async\" src=\"https:\/\/i0.wp.com\/ae01.alicdn.com\/kf\/Sb151243a18614d7ab7482e91e708cdfbz.jpg?w=1200&#038;ssl=1\" \/><\/p>\n<div>\n  &nbsp;\n<\/div>\n<p><img data-recalc-dims=\"1\" decoding=\"async\" src=\"https:\/\/i0.wp.com\/ae01.alicdn.com\/kf\/Aee52c0492fd84dcd99bfec0e9be733e7x.jpg?w=1200&#038;ssl=1\" \/><\/p>\n<div>\n  &nbsp;\n<\/div>\n<div>\n <img data-recalc-dims=\"1\" decoding=\"async\" src=\"https:\/\/i0.wp.com\/ae01.alicdn.com\/kf\/S1ca70ed4c2144003975ab9a8108b1a65x.jpg?w=1200&#038;ssl=1\" \/>\n<\/div>\n<div>\n  &nbsp;\n<\/div>\n<p><img data-recalc-dims=\"1\" decoding=\"async\" src=\"https:\/\/i0.wp.com\/ae01.alicdn.com\/kf\/S2ec78721896e4083beba28458be2c506Q.jpg?w=1200&#038;ssl=1\" \/><\/p>\n<p><img data-recalc-dims=\"1\" decoding=\"async\" src=\"https:\/\/i0.wp.com\/ae01.alicdn.com\/kf\/Sb589977c80054ce3bfdf457a8dd5a27ew.jpg?w=1200&#038;ssl=1\" \/><\/p>\n<p><img data-recalc-dims=\"1\" decoding=\"async\" src=\"https:\/\/i0.wp.com\/ae01.alicdn.com\/kf\/S3224ff8536e54a768281a559427f3444S.jpg?w=1200&#038;ssl=1\" \/><\/p>\n<div>\n  &nbsp;\n<\/div>\n<p><img data-recalc-dims=\"1\" decoding=\"async\" src=\"https:\/\/i0.wp.com\/ae01.alicdn.com\/kf\/S673bcf596a104869b9ad3cf3a4dbc3bas.jpg?w=1200&#038;ssl=1\" \/><\/p>\n<div>\n  &nbsp;\n<\/div>\n<p style=\"margin:0px;margin-bottom:0px;margin-top:0px;margin-left:0px;margin-right:0px;display:block;width:100%\"><img data-recalc-dims=\"1\" decoding=\"async\" src=\"https:\/\/i0.wp.com\/ae01.alicdn.com\/kf\/S468210048d3243c9b8d8535779454869o.jpg?w=1200&#038;ssl=1\" \/><\/p>\n<p style=\"margin:0px;margin-bottom:0px;margin-top:0px;margin-left:0px;margin-right:0px;display:block;width:100%\"><img data-recalc-dims=\"1\" decoding=\"async\" src=\"https:\/\/i0.wp.com\/ae01.alicdn.com\/kf\/Sd5dfb63de98841368964c0895946f4cc9.jpg?w=1200&#038;ssl=1\" \/><img data-recalc-dims=\"1\" decoding=\"async\" src=\"https:\/\/i0.wp.com\/ae01.alicdn.com\/kf\/Sc5cf24042e0642a28b54e6909d4c7237T.jpg?w=1200&#038;ssl=1\" \/><\/p>\n<div>\n <br \/> \n<\/div>\n<p><\/div>\n<\/div>\n","protected":false},"excerpt":{"rendered":"<p>Sobre este item \u3010APP inteligente Wi-Fi, monitor em tempo real e designa o tempo de carregamento\u3011: APP inteligente integrado (ligue o wifi e o bluetooth ao adicionar seu dispositivo), voc&ecirc; precisa se conectar em ambiente WIFI, o que permite que seus ve&iacute;culos sejam carregados durante o per&iacute;odo de pico definindo o tempo de carregamento, economizando&hellip;&nbsp;<\/p>\n","protected":false},"featured_media":33038,"template":"","meta":{"neve_meta_sidebar":"","neve_meta_container":"","neve_meta_enable_content_width":"","neve_meta_content_width":0,"neve_meta_title_alignment":"","neve_meta_author_avatar":"","neve_post_elements_order":"","neve_meta_disable_header":"","neve_meta_disable_footer":"","neve_meta_disable_title":""},"product_brand":[],"product_cat":[130,31,17],"product_tag":[],"class_list":{"0":"post-33044","1":"product","2":"type-product","3":"status-publish","4":"has-post-thumbnail","6":"product_cat-equipamento-de-carregamento-de-veiculos-electricos","7":"product_cat-novo-veiculo-de-energia-pecas-acessorios","8":"product_cat-pecas-e-acessorios-automotivos","10":"first","11":"instock","12":"shipping-taxable","13":"purchasable","14":"product-type-variable","15":"has-default-attributes"},"jetpack_sharing_enabled":true,"_links":{"self":[{"href":"https:\/\/listman.shop\/autoparts-br\/wp-json\/wp\/v2\/product\/33044","targetHints":{"allow":["GET"]}}],"collection":[{"href":"https:\/\/listman.shop\/autoparts-br\/wp-json\/wp\/v2\/product"}],"about":[{"href":"https:\/\/listman.shop\/autoparts-br\/wp-json\/wp\/v2\/types\/product"}],"wp:featuredmedia":[{"embeddable":true,"href":"https:\/\/listman.shop\/autoparts-br\/wp-json\/wp\/v2\/media\/33038"}],"wp:attachment":[{"href":"https:\/\/listman.shop\/autoparts-br\/wp-json\/wp\/v2\/media?parent=33044"}],"wp:term":[{"taxonomy":"product_brand","embeddable":true,"href":"https:\/\/listman.shop\/autoparts-br\/wp-json\/wp\/v2\/product_brand?post=33044"},{"taxonomy":"product_cat","embeddable":true,"href":"https:\/\/listman.shop\/autoparts-br\/wp-json\/wp\/v2\/product_cat?post=33044"},{"taxonomy":"product_tag","embeddable":true,"href":"https:\/\/listman.shop\/autoparts-br\/wp-json\/wp\/v2\/product_tag?post=33044"}],"curies":[{"name":"wp","href":"https:\/\/api.w.org\/{rel}","templated":true}]}}