{"id":3307,"date":"2024-10-13T01:35:01","date_gmt":"2024-10-12T16:35:01","guid":{"rendered":"https:\/\/listman.shop\/autoparts-br\/product\/1005006691103442\/"},"modified":"2026-04-07T20:45:06","modified_gmt":"2026-04-07T11:45:06","slug":"1005006691103442","status":"publish","type":"product","link":"https:\/\/listman.shop\/autoparts-br\/product\/1005006691103442\/","title":{"rendered":"LY-20 novo para pxe14 pxe16 ac v\u00e1lvula de controle do compressor para opel hyundai toson kia k2 rio sportage 97674-2s000 976742 S000"},"content":{"rendered":"<div class=\"detailmodule_html\">\n<div class=\"detail-desc-decorate-richtext\">\n<div class=\"detailmodule_html\">\n<div class=\"detail-desc-decorate-richtext\">\n<p><span style=\"font-size:48px;, helvetica, sans-serif\"><strong>LOYALBELIEF<\/strong><\/span><\/p>\n<p>&nbsp;<\/p>\n<p><span style=\"font-size:22px\"><span style=\"font-family:Arial, Helvetica, sans-serif\">LY-20 novo para PXE14 PXE16 AC v\u00e1lvula de controle do compressor para Opel Hyundai Tuson Kia K2 RIO Sportage 97674-2S000976742S000<\/span><\/span><\/p>\n<p>\n&nbsp;<\/p>\n<p><span style=\"font-size:28px;, helvetica, sans-serif\"><strong>Descri\u00e7\u00e3o:<\/strong><\/span><\/p>\n<p>&nbsp;<\/p>\n<p><span style=\"font-size:18px;font-family:Arial, Helvetica, sans-serif\"><strong>Nome do produto:<br \/>V\u00e1lvula de controle do compressor AC<\/p>\n<p>Tipo de compressor:<br \/>PXE14 PXE16<\/p>\n<p>APLICA\u00c7\u00c3O :<br \/>Para Hyundai Accent Sedan 4 portas 2011-2017<br \/>Para Hyundai Accent Sedan 5 portas 2011-2017<br \/>Para Hyundai Genesis Coupe 2012-2016<br \/>Para Hyundai Tucson 2009-2014<br \/>Para Kia K900 2015<br \/>Para Kia Rio 2012-2015<br \/>Para Kia Sportage 2010-2015<\/p>\n<p>OEM:<br \/>97674-2S000<br \/>976742S000<\/strong><\/span><\/p>\n<p>\n&nbsp;<\/p>\n<p><span style=\"font-size:28px;, helvetica, sans-serif\"><strong>FOTOS:<\/strong><\/span><\/p>\n<p><img data-recalc-dims=\"1\" decoding=\"async\" src=\"https:\/\/i0.wp.com\/ae01.alicdn.com\/kf\/Sad81c83f5f0d4e43b558c597b4b9c90f8.jpg?w=1200&#038;ssl=1\"><img data-recalc-dims=\"1\" decoding=\"async\" src=\"https:\/\/i0.wp.com\/ae01.alicdn.com\/kf\/S5705eb5ade34400d947802eebb88c115z.jpg?w=1200&#038;ssl=1\"><\/p>\n<p>&nbsp;<\/p>\n<\/div>\n<\/div>\n<\/div>\n<\/div>\n","protected":false},"excerpt":{"rendered":"<p>LOYALBELIEF &nbsp; LY-20 novo para PXE14 PXE16 AC v\u00e1lvula de controle do compressor para Opel Hyundai Tuson Kia K2 RIO Sportage 97674-2S000976742S000 &nbsp; Descri\u00e7\u00e3o: &nbsp; Nome do produto:V\u00e1lvula de controle do compressor AC Tipo de compressor:PXE14 PXE16 APLICA\u00c7\u00c3O :Para Hyundai Accent Sedan 4 portas 2011-2017Para Hyundai Accent Sedan 5 portas 2011-2017Para Hyundai Genesis Coupe 2012-2016Para&hellip;&nbsp;<\/p>\n","protected":false},"featured_media":3301,"template":"","meta":{"neve_meta_sidebar":"","neve_meta_container":"","neve_meta_enable_content_width":"","neve_meta_content_width":0,"neve_meta_title_alignment":"","neve_meta_author_avatar":"","neve_post_elements_order":"","neve_meta_disable_header":"","neve_meta_disable_footer":"","neve_meta_disable_title":""},"product_brand":[],"product_cat":[32,75,17],"product_tag":[],"class_list":{"0":"post-3307","1":"product","2":"type-product","3":"status-publish","4":"has-post-thumbnail","6":"product_cat-equipamentos-eletricos","7":"product_cat-instalacao-de-ar-condicionado","8":"product_cat-pecas-e-acessorios-automotivos","10":"first","11":"instock","12":"shipping-taxable","13":"purchasable","14":"product-type-variable","15":"has-default-attributes"},"jetpack_sharing_enabled":true,"_links":{"self":[{"href":"https:\/\/listman.shop\/autoparts-br\/wp-json\/wp\/v2\/product\/3307","targetHints":{"allow":["GET"]}}],"collection":[{"href":"https:\/\/listman.shop\/autoparts-br\/wp-json\/wp\/v2\/product"}],"about":[{"href":"https:\/\/listman.shop\/autoparts-br\/wp-json\/wp\/v2\/types\/product"}],"wp:featuredmedia":[{"embeddable":true,"href":"https:\/\/listman.shop\/autoparts-br\/wp-json\/wp\/v2\/media\/3301"}],"wp:attachment":[{"href":"https:\/\/listman.shop\/autoparts-br\/wp-json\/wp\/v2\/media?parent=3307"}],"wp:term":[{"taxonomy":"product_brand","embeddable":true,"href":"https:\/\/listman.shop\/autoparts-br\/wp-json\/wp\/v2\/product_brand?post=3307"},{"taxonomy":"product_cat","embeddable":true,"href":"https:\/\/listman.shop\/autoparts-br\/wp-json\/wp\/v2\/product_cat?post=3307"},{"taxonomy":"product_tag","embeddable":true,"href":"https:\/\/listman.shop\/autoparts-br\/wp-json\/wp\/v2\/product_tag?post=3307"}],"curies":[{"name":"wp","href":"https:\/\/api.w.org\/{rel}","templated":true}]}}