{"id":33167,"date":"2025-03-22T22:13:56","date_gmt":"2025-03-22T13:13:56","guid":{"rendered":"https:\/\/listman.shop\/autoparts-br\/product\/1005006689557530\/"},"modified":"2026-04-14T17:58:06","modified_gmt":"2026-04-14T08:58:06","slug":"1005006689557530","status":"publish","type":"product","link":"https:\/\/listman.shop\/autoparts-br\/product\/1005006689557530\/","title":{"rendered":"Luzes do porta-malas para tesla modelo y 48 led interior bagagem conector original cauda boot ilumina\u00e7\u00e3o l\u00e2mpada acess\u00f3rios de substitui\u00e7\u00e3o 2025"},"content":{"rendered":"<div class=\"detailmodule_html\">\n<div class=\"detail-desc-decorate-richtext\">\n<div class=\"detailmodule_html\">\n<div class=\"detail-desc-decorate-richtext\">\n<div>\n<p style=\"font-family:OpenSans;font-size:20px;font-weight:900;line-height:28px;white-space:pre-wrap;margin-bottom:12px\" class=\"detail-desc-decorate-title\"><span style=\"font-family:Georgia, serif\" id=\"tl_1\">Especifica&ccedil;&atilde;o:<\/span><\/p>\n<\/p><\/div>\n<div>\n<p style=\"font-family:OpenSans;font-size:14px;font-weight:300;line-height:20px;white-space:pre-wrap;margin-bottom:12px\" class=\"detail-desc-decorate-content\"><span style=\"font-family:Georgia, serif\"><span style=\"font-size:16px\" id=\"tl_2\">Material da carca&ccedil;a: ABS+Pc<\/span><\/span><\/p>\n<p style=\"font-family:OpenSans;font-size:14px;font-weight:300;line-height:20px;white-space:pre-wrap;margin-bottom:12px\" class=\"detail-desc-decorate-content\"><span style=\"font-family:Georgia, serif\"><span style=\"font-size:16px\" id=\"tl_3\">Tens&atilde;o de entrada: 12 (V)<\/span><\/span><\/p>\n<p style=\"font-family:OpenSans;font-size:14px;font-weight:300;line-height:20px;white-space:pre-wrap;margin-bottom:12px\" class=\"detail-desc-decorate-content\"><span style=\"font-family:Georgia, serif\"><span style=\"font-size:16px\" id=\"tl_4\">Modelo do LED: 2835<\/span><\/span><\/p>\n<p style=\"font-family:OpenSans;font-size:14px;font-weight:300;line-height:20px;white-space:pre-wrap;margin-bottom:12px\" class=\"detail-desc-decorate-content\"><span style=\"font-family:Georgia, serif\"><span style=\"font-size:16px\" id=\"tl_5\">N&uacute;mero de contas de l&acirc;mpada LED: 48 (pcs)<\/span><\/span><\/p>\n<p style=\"font-family:OpenSans;font-size:14px;font-weight:300;line-height:20px;white-space:pre-wrap;margin-bottom:12px\" class=\"detail-desc-decorate-content\"><span style=\"font-family:Georgia, serif\"><span style=\"font-size:16px\" id=\"tl_6\">L&uacute;mens do cord&atilde;o de l&acirc;mpada &uacute;nico: 15 (lm)<\/span><\/span><\/p>\n<p style=\"font-family:OpenSans;font-size:14px;font-weight:300;line-height:20px;white-space:pre-wrap;margin-bottom:12px\" class=\"detail-desc-decorate-content\"><span style=\"font-family:Georgia, serif\"><span style=\"font-size:16px\" id=\"tl_7\">Temperatura de cor: 6500K branco<\/span><\/span><\/p>\n<p style=\"font-family:OpenSans;font-size:14px;font-weight:300;line-height:20px;white-space:pre-wrap;margin-bottom:12px\" class=\"detail-desc-decorate-content\"><span style=\"font-family:Georgia, serif\"><span style=\"font-size:16px\" id=\"tl_8\">Tamanho do produto: 70*28*10mm<\/span><\/span><\/p>\n<p style=\"font-family:OpenSans;font-size:14px;font-weight:300;line-height:20px;white-space:pre-wrap;margin-bottom:12px\" class=\"detail-desc-decorate-content\"><span style=\"font-family:Georgia, serif\"><span style=\"font-size:16px\" id=\"tl_9\">Local de instala&ccedil;&atilde;o: porta-malas do carro<\/span><\/span><\/p>\n<p style=\"font-family:OpenSans;font-size:14px;font-weight:300;line-height:20px;white-space:pre-wrap;margin-bottom:12px\" class=\"detail-desc-decorate-content\"><span style=\"font-family:Georgia, serif\"><span style=\"font-size:16px\" id=\"tl_10\">Tipo de instala&ccedil;&atilde;o: conector push-in original, plug and play.<\/span><\/span><\/p>\n<p style=\"font-family:OpenSans;font-size:14px;font-weight:300;line-height:20px;white-space:pre-wrap;margin-bottom:12px\" class=\"detail-desc-decorate-content\"><span style=\"font-family:Georgia, serif\"><span style=\"font-size:16px\" id=\"tl_11\">Modelos aplic&aacute;veis: Para Tesla MODELO Y<\/span><\/span><\/p>\n<div>\n<p style=\"font-family:OpenSans;font-size:20px;font-weight:900;line-height:28px;white-space:pre-wrap;margin-bottom:12px\" class=\"detail-desc-decorate-title\"><span style=\"font-family:Georgia, serif\"><strong id=\"tl_12\">Pacotes:<\/strong><\/span><\/p>\n<p style=\"font-family:OpenSans;font-size:14px;font-weight:300;line-height:20px;white-space:pre-wrap;margin-bottom:12px\" class=\"detail-desc-decorate-content\"><span style=\"font-family:Georgia, serif\"><span style=\"font-size:16px\" id=\"tl_13\">1 x luz da caixa traseira<\/span><\/span><\/p>\n<\/p><\/div>\n<div>\n    <img data-recalc-dims=\"1\" decoding=\"async\" src=\"https:\/\/i0.wp.com\/ae01.alicdn.com\/kf\/Scdb490411ad5474e85400c4e1f2a6922p.jpg?w=1200&#038;ssl=1\" \/><br \/>\n    <img data-recalc-dims=\"1\" decoding=\"async\" src=\"https:\/\/i0.wp.com\/ae01.alicdn.com\/kf\/S455453b5957e419f837f613f94fb2feeI.jpg?w=1200&#038;ssl=1\" \/><br \/>\n    <img data-recalc-dims=\"1\" decoding=\"async\" class=\"detail-desc-decorate-image\" src=\"https:\/\/i0.wp.com\/ae01.alicdn.com\/kf\/S2d8b1b2f2fbb497ea832575f132d6c0d4.jpg?w=1200&#038;ssl=1\" \/><br \/>\n    <img data-recalc-dims=\"1\" decoding=\"async\" class=\"detail-desc-decorate-image\" src=\"https:\/\/i0.wp.com\/ae01.alicdn.com\/kf\/S3450ed4c605a4c6ab5da76a67844605bx.jpg?w=1200&#038;ssl=1\" \/><br \/>\n    <img data-recalc-dims=\"1\" decoding=\"async\" src=\"https:\/\/i0.wp.com\/ae01.alicdn.com\/kf\/Sa8aca17d61a4441cb0adb4ad61199cf78.jpg?w=1200&#038;ssl=1\" \/><br \/>\n    <img data-recalc-dims=\"1\" decoding=\"async\" src=\"https:\/\/i0.wp.com\/ae01.alicdn.com\/kf\/Se97b9f2f385f42f09d6d6d6fca571c02u.jpg?w=1200&#038;ssl=1\" \/><br \/>\n    <img data-recalc-dims=\"1\" decoding=\"async\" src=\"https:\/\/i0.wp.com\/ae01.alicdn.com\/kf\/S0840a2673c31415db5b5f900df9910c26.jpg?w=1200&#038;ssl=1\" \/><br \/>\n    <img data-recalc-dims=\"1\" decoding=\"async\" src=\"https:\/\/i0.wp.com\/ae01.alicdn.com\/kf\/Sed01bd64d4d74eb79c8ddb8c74246f62E.jpg?w=1200&#038;ssl=1\" \/>\n   <\/div>\n<\/p><\/div>\n<div>\n<p style=\"font-family:OpenSans;font-size:20px;font-weight:900;line-height:28px;white-space:pre-wrap;margin-bottom:12px\" class=\"detail-desc-decorate-title\"><span style=\"font-family:Georgia, serif\" id=\"tl_14\">Nota:<\/span><\/p>\n<p style=\"font-family:OpenSans;font-size:14px;font-weight:300;line-height:20px;white-space:pre-wrap;margin-bottom:12px\" class=\"detail-desc-decorate-content\"><span style=\"font-family:Georgia, serif\"><span style=\"font-size:16px\" id=\"tl_15\">Devido aos diferentes monitores e efeitos de luz, a cor real do item pode ser ligeiramente diferente da cor mostrada nas fotos.Obrigado! <br \/>Por favor, permita um desvio de medi&ccedil;&atilde;o de 1-2 cm devido &agrave; medi&ccedil;&atilde;o manual.<\/span><\/span><\/p>\n<\/p><\/div>\n<\/p><\/div>\n<\/div>\n<p><\/div>\n<\/div>\n","protected":false},"excerpt":{"rendered":"<p>Especifica&ccedil;&atilde;o: Material da carca&ccedil;a: ABS+Pc Tens&atilde;o de entrada: 12 (V) Modelo do LED: 2835 N&uacute;mero de contas de l&acirc;mpada LED: 48 (pcs) L&uacute;mens do cord&atilde;o de l&acirc;mpada &uacute;nico: 15 (lm) Temperatura de cor: 6500K branco Tamanho do produto: 70*28*10mm Local de instala&ccedil;&atilde;o: porta-malas do carro Tipo de instala&ccedil;&atilde;o: conector push-in original, plug and play. Modelos&hellip;&nbsp;<\/p>\n","protected":false},"featured_media":33161,"template":"","meta":{"neve_meta_sidebar":"","neve_meta_container":"","neve_meta_enable_content_width":"","neve_meta_content_width":0,"neve_meta_title_alignment":"","neve_meta_author_avatar":"","neve_post_elements_order":"","neve_meta_disable_header":"","neve_meta_disable_footer":"","neve_meta_disable_title":""},"product_brand":[],"product_cat":[110,31,17],"product_tag":[],"class_list":{"0":"post-33167","1":"product","2":"type-product","3":"status-publish","4":"has-post-thumbnail","6":"product_cat-acessorios-veiculos-eletricos","7":"product_cat-novo-veiculo-de-energia-pecas-acessorios","8":"product_cat-pecas-e-acessorios-automotivos","10":"first","11":"instock","12":"shipping-taxable","13":"purchasable","14":"product-type-variable","15":"has-default-attributes"},"jetpack_sharing_enabled":true,"_links":{"self":[{"href":"https:\/\/listman.shop\/autoparts-br\/wp-json\/wp\/v2\/product\/33167","targetHints":{"allow":["GET"]}}],"collection":[{"href":"https:\/\/listman.shop\/autoparts-br\/wp-json\/wp\/v2\/product"}],"about":[{"href":"https:\/\/listman.shop\/autoparts-br\/wp-json\/wp\/v2\/types\/product"}],"wp:featuredmedia":[{"embeddable":true,"href":"https:\/\/listman.shop\/autoparts-br\/wp-json\/wp\/v2\/media\/33161"}],"wp:attachment":[{"href":"https:\/\/listman.shop\/autoparts-br\/wp-json\/wp\/v2\/media?parent=33167"}],"wp:term":[{"taxonomy":"product_brand","embeddable":true,"href":"https:\/\/listman.shop\/autoparts-br\/wp-json\/wp\/v2\/product_brand?post=33167"},{"taxonomy":"product_cat","embeddable":true,"href":"https:\/\/listman.shop\/autoparts-br\/wp-json\/wp\/v2\/product_cat?post=33167"},{"taxonomy":"product_tag","embeddable":true,"href":"https:\/\/listman.shop\/autoparts-br\/wp-json\/wp\/v2\/product_tag?post=33167"}],"curies":[{"name":"wp","href":"https:\/\/api.w.org\/{rel}","templated":true}]}}