{"id":33206,"date":"2025-03-22T22:15:09","date_gmt":"2025-03-22T13:15:09","guid":{"rendered":"https:\/\/listman.shop\/autoparts-br\/product\/1005006877699946\/"},"modified":"2026-04-14T18:04:03","modified_gmt":"2026-04-14T09:04:03","slug":"1005006877699946","status":"publish","type":"product","link":"https:\/\/listman.shop\/autoparts-br\/product\/1005006877699946\/","title":{"rendered":"Hub usb do carro para tesla modelo y modelo 3 2021 2022 2023 docking station console central acess\u00f3rios de extens\u00e3o 27w usb carregamento r\u00e1pido"},"content":{"rendered":"<div class=\"detailmodule_html\">\n<div class=\"detail-desc-decorate-richtext\">\n<div class=\"detailmodule_html\">\n<div class=\"detail-desc-decorate-richtext\">\n<p><span style=\"font-size:24px;font-family:Arial, Helvetica, sans-serif\"><strong>Observe que:<\/strong><\/span><\/p>\n<div><span style=\"font-size:18px;font-family:Arial, Helvetica, sans-serif\"><strong>1.Para garantir a seguran\u00e7a do carregamento, use um cabo de dados de alta qualidade para uso correspondente.<\/strong><\/span><\/div>\n<div><span style=\"font-size:18px;font-family:Arial, Helvetica, sans-serif\"><strong>2. em rela\u00e7\u00e3o \u00e0 fun\u00e7\u00e3o de transmiss\u00e3o de dados, \u00e9 necess\u00e1rio que o ve\u00edculo original tenha a fun\u00e7\u00e3o de dados para suport\u00e1-lo, caso contr\u00e1rio, apenas a fun\u00e7\u00e3o de carregamento est\u00e1 dispon\u00edvel.<\/strong><\/span><\/div>\n<div>\n<div><span style=\"font-size:18px;font-family:Arial, Helvetica, sans-serif\"><strong>3.Apenas a interface Type-C \u00e0 direita \u00e9 a interface de carregamento r\u00e1pido de 27W e as outras interfaces n\u00e3o s\u00e3o interfaces de carregamento r\u00e1pido.<\/strong><\/span><\/div>\n<div><span style=\"font-size:18px;font-family:Arial, Helvetica, sans-serif\"><strong>4.A cor da imagem \u00e9 afetada por diferentes condi\u00e7\u00f5es de ilumina\u00e7\u00e3o, mas a cor real do produto \u00e9 semelhante ao carro original.<\/strong><\/span><img data-recalc-dims=\"1\" loading=\"lazy\" decoding=\"async\" style=\"font-family:Arial, Helvetica, sans-serif;font-size:0px;font-weight:400;letter-spacing:normal;line-height:inherit;text-align:start;white-space:normal;color:transparent;border:none;margin:0px;margin-bottom:0px;margin-top:0px;margin-left:0px;margin-right:0px;padding:0px;padding-bottom:0px;padding-top:0px;padding-left:0px;padding-right:0px\" width=\"944\" height=\"944\" src=\"https:\/\/i0.wp.com\/ae01.alicdn.com\/kf\/Se40fcd8992534cc4818609c39333a9efG.jpg?resize=944%2C944&#038;ssl=1\"><\/div>\n<p><span style=\"font-size:18px\"><strong>Caracter\u00edsticas do produto:<\/strong><\/span><\/p>\n<p><span style=\"font-size:16px\"><strong>Adequado para Tesla Modelo 3 e Modelo 2021 em diante<\/strong><\/span><\/p>\n<p><span style=\"font-size:16px\"><strong>A caixa do apoio de bra\u00e7o de controle central n\u00e3o tem onde colocar cabos de dados e, atrav\u00e9s deste hub, o interior do carro pode ficar mais limpo e esteticamente agrad\u00e1vel;<\/strong><\/span><\/p>\n<p><span style=\"font-size:16px\"><strong>Molde o ve\u00edculo original e combine as dimens\u00f5es com o ve\u00edculo original;<\/strong><\/span><\/p>\n<p><span style=\"font-size:16px\"><strong>A cor do produto \u00e9 consistente com o estilo original do carro;<\/strong><\/span><\/p>\n<p><span style=\"font-size:16px\"><strong>alta qualidade e barato<\/strong><\/span><\/p>\n<div><img data-recalc-dims=\"1\" loading=\"lazy\" decoding=\"async\" width=\"944\" height=\"944\" src=\"https:\/\/i0.wp.com\/ae01.alicdn.com\/kf\/Sb9a10f6119f54b40845238df20b49b7at.jpg?resize=944%2C944&#038;ssl=1\"> <img data-recalc-dims=\"1\" loading=\"lazy\" decoding=\"async\" style=\"font-family:Arial, Helvetica, sans-serif;font-size:0px;font-weight:400;letter-spacing:normal;line-height:inherit;text-align:start;white-space:normal;color:transparent;border:none;margin:0px;margin-bottom:0px;margin-top:0px;margin-left:0px;margin-right:0px;padding:0px;padding-bottom:0px;padding-top:0px;padding-left:0px;padding-right:0px\" width=\"944\" height=\"944\" src=\"https:\/\/i0.wp.com\/ae01.alicdn.com\/kf\/Se6f0ff497d4f4318b2f8673d85701f33e.jpg?resize=944%2C944&#038;ssl=1\"> <img data-recalc-dims=\"1\" loading=\"lazy\" decoding=\"async\" style=\"font-family:Arial, Helvetica, sans-serif;font-size:0px;font-weight:400;letter-spacing:normal;line-height:inherit;text-align:start;white-space:normal;color:transparent;border:none;margin:0px;margin-bottom:0px;margin-top:0px;margin-left:0px;margin-right:0px;padding:0px;padding-bottom:0px;padding-top:0px;padding-left:0px;padding-right:0px\" width=\"944\" height=\"944\" src=\"https:\/\/i0.wp.com\/ae01.alicdn.com\/kf\/S487a350d251442f98b85293627e14c2am.jpg?resize=944%2C944&#038;ssl=1\"> <img data-recalc-dims=\"1\" loading=\"lazy\" decoding=\"async\" style=\"font-family:Arial, Helvetica, sans-serif;font-size:0px;font-weight:400;letter-spacing:normal;line-height:inherit;text-align:start;white-space:normal;color:transparent;border:none;margin:0px;margin-bottom:0px;margin-top:0px;margin-left:0px;margin-right:0px;padding:0px;padding-bottom:0px;padding-top:0px;padding-left:0px;padding-right:0px\" width=\"944\" height=\"944\" src=\"https:\/\/i0.wp.com\/ae01.alicdn.com\/kf\/S4d2e39fb7dec4e01ace693b64d5188d43.jpg?resize=944%2C944&#038;ssl=1\"> <img data-recalc-dims=\"1\" decoding=\"async\" src=\"https:\/\/i0.wp.com\/ae01.alicdn.com\/kf\/S8ef7f93231524249894838c9825e73e2J.jpg?w=1200&#038;ssl=1\"> <img data-recalc-dims=\"1\" decoding=\"async\" src=\"https:\/\/i0.wp.com\/ae01.alicdn.com\/kf\/S9b16147e0ed3462c9f2aee259f993763G.jpg?w=1200&#038;ssl=1\"> <span style=\"font-size:14px;, Roboto, Arial, Helvetica, sans-serif, SimSun\"><span>&nbsp;<\/span><\/span> <img data-recalc-dims=\"1\" loading=\"lazy\" decoding=\"async\" style=\", Roboto, Arial, Helvetica, sans-serif, SimSun;font-size:14px;font-weight:400;letter-spacing:normal;text-align:start;white-space:normal;border:0px;margin:0px;margin-bottom:0px;margin-top:0px;margin-left:0px;margin-right:0px;padding:0px;padding-bottom:0px;padding-top:0px;padding-left:0px;padding-right:0px;max-width:100%\" width=\"943\" height=\"1921\" src=\"https:\/\/i0.wp.com\/ae01.alicdn.com\/kf\/S8ddc0cda92a74e5aa19da8fa4353b1c9d.jpg?resize=943%2C1921&#038;ssl=1\"><a style=\", arial, helvetica, sans-serif, heiti;font-size:14px;font-weight:400;letter-spacing:normal;text-align:start;white-space:normal;background-color:transparent;margin:0px;margin-bottom:0px;margin-top:0px;margin-left:0px;margin-right:0px;padding:0px;padding-bottom:0px;padding-top:0px;padding-left:0px;padding-right:0px\" href=\"http:\/\/www.aliexpress.com\/store\/group\/Car-Ai-Box\/1101910387_40000004625387.html\" target=\"_self\" class=\"\"><img data-recalc-dims=\"1\" loading=\"lazy\" decoding=\"async\" style=\"border:0px;margin:0px;margin-bottom:0px;margin-top:0px;margin-left:0px;margin-right:0px;padding:0px;padding-bottom:0px;padding-top:0px;padding-left:0px;padding-right:0px;max-width:100%\" width=\"930\" height=\"1005\" src=\"https:\/\/i0.wp.com\/ae01.alicdn.com\/kf\/S6d2072ffc4394250a664ec1c55edbed13.jpg?resize=930%2C1005&#038;ssl=1\"><\/a><span style=\"font-size:14px;, Roboto, Arial, Helvetica, sans-serif, SimSun\"><span>&nbsp;<\/span><\/span><\/div>\n<\/div>\n<\/div>\n<\/div>\n<p><\/p>\n<\/div>\n<\/div>\n","protected":false},"excerpt":{"rendered":"<p>Observe que: 1.Para garantir a seguran\u00e7a do carregamento, use um cabo de dados de alta qualidade para uso correspondente. 2. em rela\u00e7\u00e3o \u00e0 fun\u00e7\u00e3o de transmiss\u00e3o de dados, \u00e9 necess\u00e1rio que o ve\u00edculo original tenha a fun\u00e7\u00e3o de dados para suport\u00e1-lo, caso contr\u00e1rio, apenas a fun\u00e7\u00e3o de carregamento est\u00e1 dispon\u00edvel. 3.Apenas a interface Type-C \u00e0&hellip;&nbsp;<\/p>\n","protected":false},"featured_media":33200,"template":"","meta":{"neve_meta_sidebar":"","neve_meta_container":"","neve_meta_enable_content_width":"","neve_meta_content_width":0,"neve_meta_title_alignment":"","neve_meta_author_avatar":"","neve_post_elements_order":"","neve_meta_disable_header":"","neve_meta_disable_footer":"","neve_meta_disable_title":""},"product_brand":[],"product_cat":[31,17,143],"product_tag":[],"class_list":{"0":"post-33206","1":"product","2":"type-product","3":"status-publish","4":"has-post-thumbnail","6":"product_cat-novo-veiculo-de-energia-pecas-acessorios","7":"product_cat-pecas-e-acessorios-automotivos","8":"product_cat-unidades-de-carregamento-de-veiculos-electricos-acessorios","10":"first","11":"instock","12":"shipping-taxable","13":"purchasable","14":"product-type-variable","15":"has-default-attributes"},"jetpack_sharing_enabled":true,"_links":{"self":[{"href":"https:\/\/listman.shop\/autoparts-br\/wp-json\/wp\/v2\/product\/33206","targetHints":{"allow":["GET"]}}],"collection":[{"href":"https:\/\/listman.shop\/autoparts-br\/wp-json\/wp\/v2\/product"}],"about":[{"href":"https:\/\/listman.shop\/autoparts-br\/wp-json\/wp\/v2\/types\/product"}],"wp:featuredmedia":[{"embeddable":true,"href":"https:\/\/listman.shop\/autoparts-br\/wp-json\/wp\/v2\/media\/33200"}],"wp:attachment":[{"href":"https:\/\/listman.shop\/autoparts-br\/wp-json\/wp\/v2\/media?parent=33206"}],"wp:term":[{"taxonomy":"product_brand","embeddable":true,"href":"https:\/\/listman.shop\/autoparts-br\/wp-json\/wp\/v2\/product_brand?post=33206"},{"taxonomy":"product_cat","embeddable":true,"href":"https:\/\/listman.shop\/autoparts-br\/wp-json\/wp\/v2\/product_cat?post=33206"},{"taxonomy":"product_tag","embeddable":true,"href":"https:\/\/listman.shop\/autoparts-br\/wp-json\/wp\/v2\/product_tag?post=33206"}],"curies":[{"name":"wp","href":"https:\/\/api.w.org\/{rel}","templated":true}]}}