{"id":33215,"date":"2025-03-22T22:15:31","date_gmt":"2025-03-22T13:15:31","guid":{"rendered":"https:\/\/listman.shop\/autoparts-br\/product\/1005007045493196\/"},"modified":"2026-04-14T17:53:06","modified_gmt":"2026-04-14T08:53:06","slug":"1005007045493196","status":"publish","type":"product","link":"https:\/\/listman.shop\/autoparts-br\/product\/1005007045493196\/","title":{"rendered":"Conversor de alcance ohm, m\u00f3dulo de interface de medidor de combust\u00edvel ohm190\/240ohm, conversor de sinal de medidor de combust\u00edvel, interface de tanque de combust\u00edvel para qualquer medidor de combust\u00edvel"},"content":{"rendered":"<div class=\"detailmodule_html\">\n<div class=\"detail-desc-decorate-richtext\">\n<p><\/p>\n<div style=\"margin:10px auto 0px;margin-bottom:0px;margin-top:10px;margin-left:auto;margin-right:auto;display:inline-block;max-width:100%\">\n<div>\n  <img data-recalc-dims=\"1\" decoding=\"async\" style=\"width:932px\"  src=\"https:\/\/i0.wp.com\/ae03.alicdn.com\/kf\/S6fee1fc9e34f4cecbe84f787296ea084F.jpg?w=1200&#038;ssl=1\" \/>\n <\/div>\n<div style=\"margin-top:-100.43%\">\n<div style=\"margin-top:0%;margin-left:0%;width:25%\">\n   <a href=\"http:\/\/www.aliexpress.com\/item\/detail\/1005006202201962.html\" target=\"_blank\" class=\"\"><img data-recalc-dims=\"1\" decoding=\"async\" style=\"width:233px;height:312px\"   src=\"https:\/\/i0.wp.com\/ae01.alicdn.com\/kf\/S690c1103570b40c6a5e66891237c8fc6H.png?w=1200&#038;ssl=1\" \/><\/a>\n  <\/div>\n<div style=\"margin-top:-33.48%;margin-left:25%;width:25%\">\n   <a href=\"http:\/\/www.aliexpress.com\/item\/detail\/1005006202136446.html\" target=\"_blank\" class=\"\"><img data-recalc-dims=\"1\" decoding=\"async\" style=\"width:233px;height:312px\"   src=\"https:\/\/i0.wp.com\/ae01.alicdn.com\/kf\/S690c1103570b40c6a5e66891237c8fc6H.png?w=1200&#038;ssl=1\" \/><\/a>\n  <\/div>\n<div style=\"margin-top:-33.48%;margin-left:50%;width:25%\">\n   <a href=\"http:\/\/www.aliexpress.com\/item\/detail\/1005006157213148.html\" target=\"_blank\" class=\"\"><img data-recalc-dims=\"1\" decoding=\"async\" style=\"width:233px;height:312px\"   src=\"https:\/\/i0.wp.com\/ae01.alicdn.com\/kf\/S690c1103570b40c6a5e66891237c8fc6H.png?w=1200&#038;ssl=1\" \/><\/a>\n  <\/div>\n<div style=\"margin-top:-33.48%;margin-left:75%;width:25%\">\n   <a href=\"http:\/\/www.aliexpress.com\/item\/detail\/1005006151883068.html\" target=\"_blank\" class=\"\"><img data-recalc-dims=\"1\" decoding=\"async\" style=\"width:233px;height:312px\"   src=\"https:\/\/i0.wp.com\/ae01.alicdn.com\/kf\/S690c1103570b40c6a5e66891237c8fc6H.png?w=1200&#038;ssl=1\" \/><\/a>\n  <\/div>\n<div style=\"margin-top:0%;margin-left:0%;width:25%\">\n   <a href=\"http:\/\/www.aliexpress.com\/item\/detail\/1005006151652340.html\" target=\"_blank\" class=\"\"><img data-recalc-dims=\"1\" decoding=\"async\" style=\"width:233px;height:312px\"   src=\"https:\/\/i0.wp.com\/ae01.alicdn.com\/kf\/S690c1103570b40c6a5e66891237c8fc6H.png?w=1200&#038;ssl=1\" \/><\/a>\n  <\/div>\n<div style=\"margin-top:-33.48%;margin-left:25%;width:25%\">\n   <a href=\"http:\/\/www.aliexpress.com\/item\/detail\/1005006151199597.html\" target=\"_blank\" class=\"\"><img data-recalc-dims=\"1\" decoding=\"async\" style=\"width:233px;height:312px\"   src=\"https:\/\/i0.wp.com\/ae01.alicdn.com\/kf\/S690c1103570b40c6a5e66891237c8fc6H.png?w=1200&#038;ssl=1\" \/><\/a>\n  <\/div>\n<div style=\"margin-top:-33.48%;margin-left:50%;width:25%\">\n   <a href=\"http:\/\/www.aliexpress.com\/item\/detail\/1005006149640159.html\" target=\"_blank\" class=\"\"><img data-recalc-dims=\"1\" decoding=\"async\" style=\"width:233px;height:312px\"   src=\"https:\/\/i0.wp.com\/ae01.alicdn.com\/kf\/S690c1103570b40c6a5e66891237c8fc6H.png?w=1200&#038;ssl=1\" \/><\/a>\n  <\/div>\n<div style=\"margin-top:-33.48%;margin-left:75%;width:25%\">\n   <a href=\"http:\/\/www.aliexpress.com\/item\/detail\/1005005078944982.html\" target=\"_blank\" class=\"\"><img data-recalc-dims=\"1\" decoding=\"async\" style=\"width:233px;height:312px\"   src=\"https:\/\/i0.wp.com\/ae01.alicdn.com\/kf\/S690c1103570b40c6a5e66891237c8fc6H.png?w=1200&#038;ssl=1\" \/><\/a>\n  <\/div>\n<div style=\"margin-top:0%;margin-left:0%;width:25%\">\n   <a href=\"http:\/\/www.aliexpress.com\/item\/detail\/1005005875619850.html\" target=\"_blank\" class=\"\"><img data-recalc-dims=\"1\" decoding=\"async\" style=\"width:233px;height:312px\"   src=\"https:\/\/i0.wp.com\/ae01.alicdn.com\/kf\/S690c1103570b40c6a5e66891237c8fc6H.png?w=1200&#038;ssl=1\" \/><\/a>\n  <\/div>\n<div style=\"margin-top:-33.48%;margin-left:25%;width:25%\">\n   <a href=\"http:\/\/www.aliexpress.com\/item\/detail\/1005005485684251.html\" target=\"_blank\" class=\"\"><img data-recalc-dims=\"1\" decoding=\"async\" style=\"width:233px;height:312px\"   src=\"https:\/\/i0.wp.com\/ae01.alicdn.com\/kf\/S690c1103570b40c6a5e66891237c8fc6H.png?w=1200&#038;ssl=1\" \/><\/a>\n  <\/div>\n<div style=\"margin-top:-33.48%;margin-left:50%;width:25%\">\n   <a href=\"http:\/\/www.aliexpress.com\/item\/detail\/1005005992949671.html\" target=\"_blank\" class=\"\"><img data-recalc-dims=\"1\" decoding=\"async\" style=\"width:233px;height:312px\"   src=\"https:\/\/i0.wp.com\/ae01.alicdn.com\/kf\/S690c1103570b40c6a5e66891237c8fc6H.png?w=1200&#038;ssl=1\" \/><\/a>\n  <\/div>\n<div style=\"margin-top:-33.48%;margin-left:75%;width:25%\">\n   <a href=\"http:\/\/www.aliexpress.com\/item\/detail\/1005005203864333.html\" target=\"_blank\" class=\"\"><img data-recalc-dims=\"1\" decoding=\"async\" style=\"width:233px;height:312px\"   src=\"https:\/\/i0.wp.com\/ae01.alicdn.com\/kf\/S690c1103570b40c6a5e66891237c8fc6H.png?w=1200&#038;ssl=1\" \/><\/a>\n  <\/div>\n<\/p><\/div>\n<\/div>\n<div>\n<\/div>\n<p><\/p>\n<div class=\"detailmodule_media\">\n<div class=\"video-container-1100143773464\">\n<div class=\"detail-video\" id=\"1100143773464\" data-previewurl=\"https:\/\/ae01.alicdn.com\/kf\/S4c13e4c28d6c47e18de924ee5ef6cfc9S.jpg\"><\/div>\n<\/p><\/div>\n<\/div>\n<p><\/p>\n<div>\n \n<\/div>\n<div class=\"detailmodule_text\">\n<p style=\"font-family:OpenSans;font-size:20px;font-weight:900;line-height:28px;white-space:pre-wrap;margin-bottom:12px\" class=\"detail-desc-decorate-title\">Caracter&iacute;stica:<\/p>\n<p style=\"font-family:OpenSans;font-size:14px;font-weight:300;line-height:20px;white-space:pre-wrap;margin-bottom:12px\" class=\"detail-desc-decorate-content\">1.Atua como interface entre enviadores de combust&iacute;vel e medidores<br \/>2.L&ecirc; qualquer remetente de combust&iacute;vel<br \/>3.Funciona com qualquer medidor de combust&iacute;vel<br \/>4.Corrige com precis&atilde;o a incompatibilidade do OHM e o movimento err&aacute;tico da lente de combust&iacute;vel<br \/>5.Calibra&ccedil;&atilde;o personalizada para vazio, meio n&iacute;vel e cheio<br \/>6.Tamanho mini 20 (L) x 16 (A) x35 (C) mm<\/p>\n<p>&#8211; Os medidores de combust&iacute;vel s&atilde;o projetados para funcionar com uma faixa de ohm espec&iacute;fica.<br \/>&#8211; Diferentes fabricantes de autom&oacute;veis e medidores usam diferentes faixas de ohm para operar corretamente seus medidores.Isso pode causar problemas para uma pessoa que est&aacute; atualizando seu ve&iacute;culo com novos medidores ou um novo tanque de gasolina e remetente de combust&iacute;vel.<br \/>&#8211; Este m&oacute;dulo permitir&aacute; que voc&ecirc; use seu remetente de estoque com qualquer medidor de combust&iacute;vel e vice-versa.<\/p>\n<\/div>\n<div class=\"detailmodule_text-image\">\n<p style=\"font-family:OpenSans;font-size:20px;font-weight:900;line-height:28px;white-space:pre-wrap;margin-bottom:12px\" class=\"detail-desc-decorate-title\">Instru&ccedil;&otilde;es<\/p>\n<p style=\"font-family:OpenSans;font-size:14px;font-weight:300;line-height:20px;white-space:pre-wrap;margin-bottom:12px\" class=\"detail-desc-decorate-content\">1\/Monte o m&oacute;dulo em uma posi&ccedil;&atilde;o limpa e seca e fria.<br \/>2\/Conecte os fios conforme guia da foto acima<br \/>3\/Usando o modo de armazenamento, programe e armazene as posi&ccedil;&otilde;es Full, Half, Vazio e \u201cLigar\u201d.<br \/>4\/Usando o modo ligado, programe como deseja que o medidor opere quando o carro for ligado.<br \/>5\/Operado no modo de execu&ccedil;&atilde;o e verifica&ccedil;&atilde;o.<\/p>\n<\/div>\n<div class=\"detailmodule_image\">\n <img data-recalc-dims=\"1\" decoding=\"async\" class=\"detail-desc-decorate-image\" src=\"https:\/\/i0.wp.com\/ae01.alicdn.com\/kf\/S20115fe8f51a4e9fb52161527ecd6e7e9.jpg?w=1200&#038;ssl=1\" \/>\n<\/div>\n<div class=\"detailmodule_text-image\">\n <img data-recalc-dims=\"1\" decoding=\"async\" class=\"detail-desc-decorate-image\" src=\"https:\/\/i0.wp.com\/ae01.alicdn.com\/kf\/S30fd877163084021a1dd2aa5f12e5ec0i.jpg?w=1200&#038;ssl=1\" \/><br \/>\n <img data-recalc-dims=\"1\" decoding=\"async\" class=\"detail-desc-decorate-image\" src=\"https:\/\/i0.wp.com\/ae01.alicdn.com\/kf\/S9f945d9fbb7543f6b587afa646b7cf0bJ.jpg?w=1200&#038;ssl=1\" \/><br \/>\n <img data-recalc-dims=\"1\" decoding=\"async\" class=\"detail-desc-decorate-image\" src=\"https:\/\/i0.wp.com\/ae01.alicdn.com\/kf\/S7533d26fca1f406ba10b61486892f65cM.jpg?w=1200&#038;ssl=1\" \/><br \/>\n <img data-recalc-dims=\"1\" decoding=\"async\" class=\"detail-desc-decorate-image\" src=\"https:\/\/i0.wp.com\/ae01.alicdn.com\/kf\/S8b1617c95a4b41249fce07c3713ce3780.jpg?w=1200&#038;ssl=1\" \/><br \/>\n <img data-recalc-dims=\"1\" decoding=\"async\" class=\"detail-desc-decorate-image\" src=\"https:\/\/i0.wp.com\/ae01.alicdn.com\/kf\/S4332eef5869446108d98086e2033a81eV.jpg?w=1200&#038;ssl=1\" \/><br \/>\n <img data-recalc-dims=\"1\" decoding=\"async\" class=\"detail-desc-decorate-image\" src=\"https:\/\/i0.wp.com\/ae01.alicdn.com\/kf\/Sa7b5a342109c455ca436cc4dbee2057e1.jpg?w=1200&#038;ssl=1\" \/><br \/>\n <img data-recalc-dims=\"1\" decoding=\"async\" class=\"detail-desc-decorate-image\" src=\"https:\/\/i0.wp.com\/ae01.alicdn.com\/kf\/S017d7de135864632b1a68d546043396cA.jpg?w=1200&#038;ssl=1\" \/>\n<\/div>\n<p><\/p>\n<p><\/p>\n<p><\/div>\n<\/div>\n","protected":false},"excerpt":{"rendered":"<p>Caracter&iacute;stica: 1.Atua como interface entre enviadores de combust&iacute;vel e medidores2.L&ecirc; qualquer remetente de combust&iacute;vel3.Funciona com qualquer medidor de combust&iacute;vel4.Corrige com precis&atilde;o a incompatibilidade do OHM e o movimento err&aacute;tico da lente de combust&iacute;vel5.Calibra&ccedil;&atilde;o personalizada para vazio, meio n&iacute;vel e cheio6.Tamanho mini 20 (L) x 16 (A) x35 (C) mm &#8211; Os medidores de combust&iacute;vel s&atilde;o&hellip;&nbsp;<\/p>\n","protected":false},"featured_media":33209,"template":"","meta":{"neve_meta_sidebar":"","neve_meta_container":"","neve_meta_enable_content_width":"","neve_meta_content_width":0,"neve_meta_title_alignment":"","neve_meta_author_avatar":"","neve_post_elements_order":"","neve_meta_disable_header":"","neve_meta_disable_footer":"","neve_meta_disable_title":""},"product_brand":[],"product_cat":[31,146,17],"product_tag":[],"class_list":{"0":"post-33215","1":"product","2":"type-product","3":"status-publish","4":"has-post-thumbnail","6":"product_cat-novo-veiculo-de-energia-pecas-acessorios","7":"product_cat-pecas-de-veiculos-eletricos","8":"product_cat-pecas-e-acessorios-automotivos","10":"first","11":"instock","12":"shipping-taxable","13":"purchasable","14":"product-type-variable"},"jetpack_sharing_enabled":true,"_links":{"self":[{"href":"https:\/\/listman.shop\/autoparts-br\/wp-json\/wp\/v2\/product\/33215","targetHints":{"allow":["GET"]}}],"collection":[{"href":"https:\/\/listman.shop\/autoparts-br\/wp-json\/wp\/v2\/product"}],"about":[{"href":"https:\/\/listman.shop\/autoparts-br\/wp-json\/wp\/v2\/types\/product"}],"wp:featuredmedia":[{"embeddable":true,"href":"https:\/\/listman.shop\/autoparts-br\/wp-json\/wp\/v2\/media\/33209"}],"wp:attachment":[{"href":"https:\/\/listman.shop\/autoparts-br\/wp-json\/wp\/v2\/media?parent=33215"}],"wp:term":[{"taxonomy":"product_brand","embeddable":true,"href":"https:\/\/listman.shop\/autoparts-br\/wp-json\/wp\/v2\/product_brand?post=33215"},{"taxonomy":"product_cat","embeddable":true,"href":"https:\/\/listman.shop\/autoparts-br\/wp-json\/wp\/v2\/product_cat?post=33215"},{"taxonomy":"product_tag","embeddable":true,"href":"https:\/\/listman.shop\/autoparts-br\/wp-json\/wp\/v2\/product_tag?post=33215"}],"curies":[{"name":"wp","href":"https:\/\/api.w.org\/{rel}","templated":true}]}}