{"id":33333,"date":"2025-03-22T22:19:39","date_gmt":"2025-03-22T13:19:39","guid":{"rendered":"https:\/\/listman.shop\/autoparts-br\/product\/1005008127180973\/"},"modified":"2026-04-14T17:59:11","modified_gmt":"2026-04-14T08:59:11","slug":"1005008127180973","status":"publish","type":"product","link":"https:\/\/listman.shop\/autoparts-br\/product\/1005008127180973\/","title":{"rendered":"Conector Masculino FITMPH Tipo 2 para Carregador de Ve\u00edculos El\u00e9tricos IEC 62196-2, \u00e0 Prova d&#8217;\u00c1gua, Dur\u00e1vel, F\u00e1cil de Instalar, Pe\u00e7as de Reposi\u00e7\u00e3o"},"content":{"rendered":"<div class=\"detailmodule_html\">\n<div class=\"detail-desc-decorate-richtext\">\n<div class=\"detailmodule_html\">\n<div class=\"detail-desc-decorate-richtext\">\n<div>\n<div>\n<div>\n<div>\n<p style=\"text-align:center\" align=\"center\"><span style=\"font-size:22px\"><strong id=\"tl_1\">Lembrete gentil:<\/strong><\/span><\/p>\n<div>\n<div>\n<div>\n<div>\n<div>\n<div>\n<div class=\"detailmodule_html\">\n<div class=\"detail-desc-decorate-richtext\">\n<div>\n<div>\n<div>\n<div>\n<h1><span style=\"font-size:20px\" id=\"tl_2\">1.Para facilitar a instala&ccedil;&atilde;o do cabo posteriormente, voc&ecirc; receber&aacute; um produto semi-montado.Use uma ferramenta de crimpagem profissional para instala&ccedil;&atilde;o.<\/span><\/h1>\n<h1><span style=\"font-size:20px\" id=\"tl_3\">2.Especifica&ccedil;&otilde;es do resistor: Para plugues de 16A, adicione um resistor de 680\u03a9 no pino PE e PP e, para plugues de 32A, adicione um resistor de 220\u03a9 no pino PE e PP.<\/span><\/h1>\n<\/p><\/div>\n<\/p><\/div>\n<\/p><\/div>\n<\/p><\/div>\n<\/p><\/div>\n<\/p><\/div>\n<\/p><\/div>\n<\/p><\/div>\n<\/p><\/div>\n<\/p><\/div>\n<\/p><\/div>\n<\/p><\/div>\n<\/p><\/div>\n<\/p><\/div>\n<\/p><\/div>\n<div>\n    &nbsp;\n   <\/div>\n<\/p><\/div>\n<p style=\"text-align:center\" align=\"center\"><img data-recalc-dims=\"1\" decoding=\"async\" src=\"https:\/\/i0.wp.com\/ae01.alicdn.com\/kf\/Sd2d0731174644d7b85d55c2a4b5292e2Q.jpg?w=1200&#038;ssl=1\" \/><br \/><img data-recalc-dims=\"1\" loading=\"lazy\" decoding=\"async\" width=\"790\" height=\"790\" src=\"https:\/\/i0.wp.com\/ae01.alicdn.com\/kf\/S2aabef9638664e0eab5b01f457d73693v.jpg?resize=790%2C790&#038;ssl=1\" \/><br \/><img data-recalc-dims=\"1\" loading=\"lazy\" decoding=\"async\" width=\"790\" height=\"790\" src=\"https:\/\/i0.wp.com\/ae01.alicdn.com\/kf\/Sbfa30338662c419ab6d05a564255bc1ed.jpg?resize=790%2C790&#038;ssl=1\" \/><br \/><img data-recalc-dims=\"1\" loading=\"lazy\" decoding=\"async\" width=\"790\" height=\"790\" src=\"https:\/\/i0.wp.com\/ae01.alicdn.com\/kf\/S49c525989f4d45bf891ca76873f9dde0g.jpg?resize=790%2C790&#038;ssl=1\" \/><br \/><img data-recalc-dims=\"1\" loading=\"lazy\" decoding=\"async\" width=\"790\" height=\"790\" src=\"https:\/\/i0.wp.com\/ae01.alicdn.com\/kf\/Sf6cc6e8b4ca4497fbefe06a5d3af4842q.jpg?resize=790%2C790&#038;ssl=1\" \/><br \/><img data-recalc-dims=\"1\" loading=\"lazy\" decoding=\"async\" width=\"790\" height=\"790\" src=\"https:\/\/i0.wp.com\/ae01.alicdn.com\/kf\/S7aac1623b7f040ad97c6f2c7aab434d3s.jpg?resize=790%2C790&#038;ssl=1\" \/><br \/><img data-recalc-dims=\"1\" loading=\"lazy\" decoding=\"async\" width=\"790\" height=\"790\" src=\"https:\/\/i0.wp.com\/ae01.alicdn.com\/kf\/S1aed6b8bcf5548ec909eb2af583d0216P.jpg?resize=790%2C790&#038;ssl=1\" \/><\/p>\n<p style=\"text-align:center\" align=\"center\"><img data-recalc-dims=\"1\" loading=\"lazy\" decoding=\"async\" width=\"790\" height=\"770\" src=\"https:\/\/i0.wp.com\/ae01.alicdn.com\/kf\/Sae3be4ec8ad646be884e4e5150cd56dcX.jpg?resize=790%2C770&#038;ssl=1\" \/><\/p>\n<p style=\"text-align:center\" align=\"center\"><img data-recalc-dims=\"1\" decoding=\"async\" src=\"https:\/\/i0.wp.com\/ae01.alicdn.com\/kf\/S2021adfb38294f4a95c22cc21f254b1bT.jpg?w=1200&#038;ssl=1\" \/><\/p>\n<div>\n<div>\n<div>\n<div>\n<p style=\"text-align:center\" align=\"center\"><strong id=\"tl_4\">Recursos de seguran&ccedil;a:<\/strong><\/p>\n<\/p><\/div>\n<\/p><\/div>\n<ol>\n<li>\n<p id=\"tl_5\">Compat&iacute;vel com o padr&atilde;o GB\/T20234-2015 e requisitos para \u201cInterface de carregamento condutor de ve&iacute;culo el&eacute;trico\u201d.<\/p>\n<\/li>\n<li>\n<p id=\"tl_6\">Estrutura port&aacute;til esteticamente agrad&aacute;vel e ergonomicamente projetada com um design exclusivo de cintura fina e toque de borracha macia superior em ambos os lados.<\/p>\n<\/li>\n<li>\n<p id=\"tl_7\">O design de isolamento de seguran&ccedil;a nos pinos do plugue evita o contato direto acidental com as m&atilde;os.<\/p>\n<\/li>\n<li>\n<p id=\"tl_8\">Excelente desempenho de prote&ccedil;&atilde;o, com classifica&ccedil;&atilde;o de prote&ccedil;&atilde;o IP65 (em estado de funcionamento).<\/p>\n<\/li>\n<li>\n<p id=\"tl_9\">Projetado com fun&ccedil;&atilde;o de monitoramento de temperatura integrada para prote&ccedil;&atilde;o em tempo real da pistola de carregamento.<\/p>\n<\/li>\n<li>\n<p id=\"tl_10\">Materiais confi&aacute;veis: retardadores de chama, ecologicamente corretos, resistentes ao desgaste, resistentes ao esmagamento (2T), resistentes ao fogo, resistentes ao impacto, altamente resistentes ao &oacute;leo e aos raios UV.<\/p>\n<\/li>\n<li>\n<p id=\"tl_11\">Material da carca&ccedil;a: material termopl&aacute;stico, dispon&iacute;vel em branco marfim\/preto\/cinza, com classifica&ccedil;&atilde;o retardante de chama UL94V-0.<\/p>\n<\/li>\n<li>\n<p id=\"tl_12\">Pinos de plugue: feitos de liga de cobre\/cobre roxo, com superf&iacute;cie banhada a prata e tampo de pl&aacute;stico termopl&aacute;stico.<\/p>\n<\/li>\n<li>\n<p id=\"tl_13\">Pe&ccedil;as de veda&ccedil;&atilde;o: borracha de silicone.<\/p>\n<\/li>\n<\/ol><\/div>\n<\/p><\/div>\n<div>\n   \n  <\/div>\n<\/p><\/div>\n<\/div>\n<p><\/p>\n<\/div>\n<\/div>\n","protected":false},"excerpt":{"rendered":"<p>Lembrete gentil: 1.Para facilitar a instala&ccedil;&atilde;o do cabo posteriormente, voc&ecirc; receber&aacute; um produto semi-montado.Use uma ferramenta de crimpagem profissional para instala&ccedil;&atilde;o. 2.Especifica&ccedil;&otilde;es do resistor: Para plugues de 16A, adicione um resistor de 680\u03a9 no pino PE e PP e, para plugues de 32A, adicione um resistor de 220\u03a9 no pino PE e PP. &nbsp; Recursos&hellip;&nbsp;<\/p>\n","protected":false},"featured_media":33327,"template":"","meta":{"neve_meta_sidebar":"","neve_meta_container":"","neve_meta_enable_content_width":"","neve_meta_content_width":0,"neve_meta_title_alignment":"","neve_meta_author_avatar":"","neve_post_elements_order":"","neve_meta_disable_header":"","neve_meta_disable_footer":"","neve_meta_disable_title":""},"product_brand":[],"product_cat":[31,17,143],"product_tag":[],"class_list":{"0":"post-33333","1":"product","2":"type-product","3":"status-publish","4":"has-post-thumbnail","6":"product_cat-novo-veiculo-de-energia-pecas-acessorios","7":"product_cat-pecas-e-acessorios-automotivos","8":"product_cat-unidades-de-carregamento-de-veiculos-electricos-acessorios","10":"first","11":"instock","12":"shipping-taxable","13":"purchasable","14":"product-type-variable","15":"has-default-attributes"},"jetpack_sharing_enabled":true,"_links":{"self":[{"href":"https:\/\/listman.shop\/autoparts-br\/wp-json\/wp\/v2\/product\/33333","targetHints":{"allow":["GET"]}}],"collection":[{"href":"https:\/\/listman.shop\/autoparts-br\/wp-json\/wp\/v2\/product"}],"about":[{"href":"https:\/\/listman.shop\/autoparts-br\/wp-json\/wp\/v2\/types\/product"}],"wp:featuredmedia":[{"embeddable":true,"href":"https:\/\/listman.shop\/autoparts-br\/wp-json\/wp\/v2\/media\/33327"}],"wp:attachment":[{"href":"https:\/\/listman.shop\/autoparts-br\/wp-json\/wp\/v2\/media?parent=33333"}],"wp:term":[{"taxonomy":"product_brand","embeddable":true,"href":"https:\/\/listman.shop\/autoparts-br\/wp-json\/wp\/v2\/product_brand?post=33333"},{"taxonomy":"product_cat","embeddable":true,"href":"https:\/\/listman.shop\/autoparts-br\/wp-json\/wp\/v2\/product_cat?post=33333"},{"taxonomy":"product_tag","embeddable":true,"href":"https:\/\/listman.shop\/autoparts-br\/wp-json\/wp\/v2\/product_tag?post=33333"}],"curies":[{"name":"wp","href":"https:\/\/api.w.org\/{rel}","templated":true}]}}