{"id":33544,"date":"2025-03-22T22:45:02","date_gmt":"2025-03-22T13:45:02","guid":{"rendered":"https:\/\/listman.shop\/autoparts-br\/product\/1005002945234080\/"},"modified":"2026-04-14T20:07:06","modified_gmt":"2026-04-14T11:07:06","slug":"1005002945234080","status":"publish","type":"product","link":"https:\/\/listman.shop\/autoparts-br\/product\/1005002945234080\/","title":{"rendered":"CLIPES DE REPARIO DO REGULADOR DE JANELA DIANTEIRO ESQUERDO DIREITO PARA AUDI A3 8L 1996-2003"},"content":{"rendered":"<div class=\"detailmodule_html\">\n<div class=\"detail-desc-decorate-richtext\">\n<p style=\", Roboto, Arial, Helvetica, sans-serif, SimSun;font-size:14px;font-weight:400;letter-spacing:normal;line-height:inherit;text-align:start;white-space:normal;margin:0px;margin-bottom:0px;margin-top:0px;margin-left:0px;margin-right:0px;padding:0px;padding-bottom:0px;padding-top:0px;padding-left:0px;padding-right:0px\" align=\"start\"><span style=\"font-size:20px;font-family:arial, helvetica, sans-serif\"><strong>CLIPS DE REPARO REGULADOR DE JANELA FRENTE ESQUERDA DIREITA PARA AUDI A3 8L 1996-2003<\/strong><\/span><\/p>\n<p style=\", Roboto, Arial, Helvetica, sans-serif, SimSun;font-size:14px;font-weight:400;letter-spacing:normal;line-height:inherit;text-align:start;white-space:normal;margin:0px;margin-bottom:0px;margin-top:0px;margin-left:0px;margin-right:0px;padding:0px;padding-bottom:0px;padding-top:0px;padding-left:0px;padding-right:0px\" align=\"start\"><\/p>\n<p style=\", Roboto, Arial, Helvetica, sans-serif, SimSun;font-size:14px;font-weight:700;letter-spacing:normal;line-height:inherit;text-align:left;white-space:normal;margin:0px;margin-bottom:0px;margin-top:0px;margin-left:0px;margin-right:0px;padding:0px;padding-bottom:0px;padding-top:0px;padding-left:0px;padding-right:0px\" align=\"left\"><span><strong><span style=\"font-size:16px\"><span style=\"font-family:arial, helvetica, sans-serif\"><span>Kit de reparo do regulador de janela para reparar o mecanismo regulador de janela.<\/span><\/span><\/span><\/strong><\/span><\/p>\n<p style=\", Roboto, Arial, Helvetica, sans-serif, SimSun;font-size:14px;font-weight:400;letter-spacing:normal;line-height:inherit;text-align:start;white-space:normal;margin:0px;margin-bottom:0px;margin-top:0px;margin-left:0px;margin-right:0px;padding:0px;padding-bottom:0px;padding-top:0px;padding-left:0px;padding-right:0px\" align=\"start\"><span style=\"font-size:16px;font-family:arial, helvetica, sans-serif\"><strong>Cabe 2\/3 portas, dianteiras esquerda e direita.projeto el\u00e9trico e manual.<\/strong><\/span><\/p>\n<p><\/p>\n<p style=\", Roboto, Arial, Helvetica, sans-serif, SimSun;font-size:14px;font-weight:700;letter-spacing:normal;line-height:inherit;text-align:left;white-space:normal;margin:0px;margin-bottom:0px;margin-top:0px;margin-left:0px;margin-right:0px;padding:0px;padding-bottom:0px;padding-top:0px;padding-left:0px;padding-right:0px\" align=\"left\"><span><strong><span style=\"font-size:16px\"><span style=\"font-family:arial, helvetica, sans-serif\">Condi\u00e7\u00e3o: Novo<\/span><\/span><\/strong><\/span><\/p>\n<p style=\", Roboto, Arial, Helvetica, sans-serif, SimSun;font-size:14px;font-weight:400;letter-spacing:normal;line-height:inherit;text-align:start;white-space:normal;margin:0px;margin-bottom:0px;margin-top:0px;margin-left:0px;margin-right:0px;padding:0px;padding-bottom:0px;padding-top:0px;padding-left:0px;padding-right:0px\" align=\"start\"><\/p>\n<p style=\", Roboto, Arial, Helvetica, sans-serif, SimSun;font-size:14px;font-weight:700;letter-spacing:normal;line-height:inherit;text-align:left;white-space:normal;margin:0px;margin-bottom:0px;margin-top:0px;margin-left:0px;margin-right:0px;padding:0px;padding-bottom:0px;padding-top:0px;padding-left:0px;padding-right:0px\" align=\"left\"><span><strong><span style=\"font-size:16px\"><span style=\"font-family:arial, helvetica, sans-serif\">N\u00famero do produto: Au001-LR<\/span><\/span><\/strong><\/span><\/p>\n<p style=\", Roboto, Arial, Helvetica, sans-serif, SimSun;font-size:14px;font-weight:400;letter-spacing:normal;line-height:inherit;text-align:start;white-space:normal;margin:0px;margin-bottom:0px;margin-top:0px;margin-left:0px;margin-right:0px;padding:0px;padding-bottom:0px;padding-top:0px;padding-left:0px;padding-right:0px\" align=\"start\"><\/p>\n<p style=\", Roboto, Arial, Helvetica, sans-serif, SimSun;font-size:14px;font-weight:700;letter-spacing:normal;line-height:inherit;text-align:left;white-space:normal;margin:0px;margin-bottom:0px;margin-top:0px;margin-left:0px;margin-right:0px;padding:0px;padding-bottom:0px;padding-top:0px;padding-left:0px;padding-right:0px\" align=\"left\"><span><strong><span style=\"font-size:16px\"><span style=\"font-family:arial, helvetica, sans-serif\">OEM: 4B0837461,, 4B0837753D, 4B0837461C, AU3837461<\/span><\/span><\/strong><\/span><\/p>\n<p style=\", Roboto, Arial, Helvetica, sans-serif, SimSun;font-size:14px;font-weight:400;letter-spacing:normal;line-height:inherit;text-align:start;white-space:normal;margin:0px;margin-bottom:0px;margin-top:0px;margin-left:0px;margin-right:0px;padding:0px;padding-bottom:0px;padding-top:0px;padding-left:0px;padding-right:0px\" align=\"start\"><\/p>\n<p style=\", Roboto, Arial, Helvetica, sans-serif, SimSun;font-size:14px;font-weight:700;letter-spacing:normal;line-height:inherit;text-align:left;white-space:normal;margin:0px;margin-bottom:0px;margin-top:0px;margin-left:0px;margin-right:0px;padding:0px;padding-bottom:0px;padding-top:0px;padding-left:0px;padding-right:0px\" align=\"left\"><span><strong><span style=\"font-size:16px\"><span style=\"font-family:arial, helvetica, sans-serif\">Entrega:<\/span><\/span><\/strong><\/span><span><strong><span style=\"font-size:16px\"><span style=\"font-family:arial, helvetica, sans-serif\"><span>&nbsp;<\/span><\/span><\/span><\/strong><\/span><span style=\"font-size:18px;font-family:arial, helvetica, sans-serif\">4x controles deslizantes de pl\u00e1stico (2 pe\u00e7as de pl\u00e1stico s\u00f3lido e 2 controles deslizantes com refor\u00e7o de metal)<\/span><\/p>\n<p style=\", Roboto, Arial, Helvetica, sans-serif, SimSun;font-size:14px;font-weight:400;letter-spacing:normal;line-height:inherit;text-align:start;white-space:normal;margin:0px;margin-bottom:0px;margin-top:0px;margin-left:0px;margin-right:0px;padding:0px;padding-bottom:0px;padding-top:0px;padding-left:0px;padding-right:0px\" align=\"start\"><\/p>\n<p style=\", Roboto, Arial, Helvetica, sans-serif, SimSun;font-size:14px;font-weight:400;letter-spacing:normal;line-height:inherit;text-align:start;white-space:normal;margin:0px;margin-bottom:0px;margin-top:0px;margin-left:0px;margin-right:0px;padding:0px;padding-bottom:0px;padding-top:0px;padding-left:0px;padding-right:0px\" align=\"start\"><\/p>\n<p style=\", Roboto, Arial, Helvetica, sans-serif, SimSun;font-size:14px;font-weight:700;letter-spacing:normal;line-height:inherit;text-align:left;white-space:normal;margin:0px;margin-bottom:0px;margin-top:0px;margin-left:0px;margin-right:0px;padding:0px;padding-bottom:0px;padding-top:0px;padding-left:0px;padding-right:0px\" align=\"left\"><span><strong><span style=\"font-size:16px\"><span style=\"font-family:arial, helvetica, sans-serif\">Adequado para: PARA AUDI A3 8L1 [ 1996-2003] Hatchback<\/span><\/span><\/strong><\/span><\/p>\n<p style=\", Roboto, Arial, Helvetica, sans-serif, SimSun;font-size:14px;font-weight:400;letter-spacing:normal;line-height:inherit;text-align:start;white-space:normal;margin:0px;margin-bottom:0px;margin-top:0px;margin-left:0px;margin-right:0px;padding:0px;padding-bottom:0px;padding-top:0px;padding-left:0px;padding-right:0px\" align=\"start\">\n<p style=\", Roboto, Arial, Helvetica, sans-serif, SimSun;font-size:14px;font-weight:700;letter-spacing:normal;line-height:inherit;text-align:left;white-space:normal;margin:0px;margin-bottom:0px;margin-top:0px;margin-left:0px;margin-right:0px;padding:0px;padding-bottom:0px;padding-top:0px;padding-left:0px;padding-right:0px\" align=\"left\"><span style=\"font-size:18px;font-family:arial, helvetica, sans-serif\">Observa\u00e7\u00f5es: Adequado apenas para reguladores de janela originais!<\/span><\/p>\n<p><\/p>\n<p style=\", Roboto, Arial, Helvetica, sans-serif, SimSun;font-size:14px;font-weight:700;letter-spacing:normal;line-height:inherit;text-align:left;white-space:normal;margin:0px;margin-bottom:0px;margin-top:0px;margin-left:0px;margin-right:0px;padding:0px;padding-bottom:0px;padding-top:0px;padding-left:0px;padding-right:0px\" align=\"left\"><img data-recalc-dims=\"1\" decoding=\"async\" src=\"https:\/\/i0.wp.com\/ae01.alicdn.com\/kf\/Se6bf0189a06d442e8f008009d13e8e3az.jpg?w=1200&#038;ssl=1\"><img data-recalc-dims=\"1\" decoding=\"async\" src=\"https:\/\/i0.wp.com\/ae01.alicdn.com\/kf\/S4ae82b61c64c4fb6b8a606f00826f8dfg.jpg?w=1200&#038;ssl=1\"><img data-recalc-dims=\"1\" decoding=\"async\" src=\"https:\/\/i0.wp.com\/ae01.alicdn.com\/kf\/Se70d935adc4945ea9a6e4e4b4b091fe53.jpg?w=1200&#038;ssl=1\"><img data-recalc-dims=\"1\" decoding=\"async\" src=\"https:\/\/i0.wp.com\/ae01.alicdn.com\/kf\/Sadd7adff24754bb282498179c8b64b4aJ.jpg?w=1200&#038;ssl=1\"><img data-recalc-dims=\"1\" decoding=\"async\" src=\"https:\/\/i0.wp.com\/ae01.alicdn.com\/kf\/S1183cbe6f9904c588336b42064bd7c203.jpg?w=1200&#038;ssl=1\"><img data-recalc-dims=\"1\" decoding=\"async\" src=\"https:\/\/i0.wp.com\/ae01.alicdn.com\/kf\/S7f8e36fc74dd43118f4ada2c2f70e04fP.jpg?w=1200&#038;ssl=1\"><\/p>\n<p><\/p>\n<p><span style=\"font-size:14px;, sans-serif\"><strong><span style=\"font-size:14px;font-family:OpenSans\">Imagem detalhada<\/span><\/strong><\/span><span style=\"font-size:14px;, sans-serif\"><strong><\/p>\n<p><\/strong><\/span><span style=\"font-size:14px;, sans-serif\"><strong><span style=\"font-size:14px;font-family:OpenSans\">Primeiro, entre em contato conosco diretamente da mensagem do Ebay;<\/span><\/strong><\/span><span style=\"font-size:14px;, sans-serif\"><strong><br \/><\/strong><\/span><span style=\"font-size:14px;, sans-serif\"><strong><span style=\"font-size:14px;font-family:OpenSans\">2o, se n\u00e3o estivermos online, ser\u00e1 muito apreciado receber seu gentil e-mail;<\/span><\/strong><\/span><span style=\"font-size:14px;, sans-serif\"><strong><br \/><\/strong><\/span><span style=\"font-size:14px;, sans-serif\"><strong><span style=\"font-size:14px;font-family:OpenSans\">Qualquer d\u00favida, n\u00e3o hesite em entrar em contato conosco pelo hor\u00e1rio comercial.<\/span><\/strong><\/span><span style=\"font-size:14px;, sans-serif\"><strong><\/p>\n<p><\/strong><\/span><span style=\"font-size:14px;, sans-serif\"><strong><span style=\"font-size:14px;font-family:OpenSans\">INFORMA\u00c7\u00d5ES DE ENVIO<\/span><\/strong><\/span><span style=\"font-size:14px;, sans-serif\"><strong><\/p>\n<p><\/strong><\/span><span style=\"font-size:14px;, sans-serif\"><strong><span style=\"font-size:14px;font-family:OpenSans\">\u2022 Todos os itens ser\u00e3o enviados em 3 dias \u00fateis ap\u00f3s receber o pagamento integral<\/span><\/strong><\/span><span style=\"font-size:14px;, sans-serif\"><strong><br \/><\/strong><\/span><span style=\"font-size:14px;, sans-serif\"><strong><span style=\"font-size:14px;font-family:OpenSans\">\u2022 \u00c9 necess\u00e1rio um n\u00famero de telefone para entrega<\/span><\/strong><\/span><span style=\"font-size:14px;, sans-serif\"><strong><br \/><\/strong><\/span><span style=\"font-size:14px;, sans-serif\"><strong><span style=\"font-size:14px;font-family:OpenSans\">\u2022 O prazo de entrega varia dependendo da sua localiza\u00e7\u00e3o e do agente de transporte que voc\u00ea escolher<\/span><\/strong><\/span><span style=\"font-size:14px;, sans-serif\"><strong><br \/><\/strong><\/span><span style=\"font-size:14px;, sans-serif\"><strong><span style=\"font-size:14px;font-family:OpenSans\">\u2022 Se voc\u00ea n\u00e3o conseguir receber seus itens a tempo, entre em contato conosco primeiro, iremos verificar e resolver isso para voc\u00ea em breve.<\/span><\/strong><\/span><span style=\"font-size:14px;, sans-serif\"><strong><\/p>\n<p><\/strong><\/span><span style=\"font-size:14px;, sans-serif\"><strong><span style=\"font-size:14px;font-family:OpenSans\">garantia<\/span><\/strong><\/span><span style=\"font-size:14px;, sans-serif\"><strong><\/p>\n<p><\/strong><\/span><span style=\"font-size:14px;, sans-serif\"><strong><span style=\"font-size:14px;font-family:OpenSans\">\u2022 Resolva quaisquer problemas com voc\u00ea de uma boa maneira ap\u00f3s a comunica\u00e7\u00e3o.Reembolso ou substitui\u00e7\u00e3o ser\u00e1 atendido<\/span><\/strong><\/span><span style=\"font-size:14px;, sans-serif\"><strong><br \/><\/strong><\/span><span style=\"font-size:14px;, sans-serif\"><strong><span style=\"font-size:14px;font-family:OpenSans\">\u2022 Voc\u00ea pode devolver qualquer produto, mesmo aqueles em perfeitas condi\u00e7\u00f5es, a qualquer momento antes da conclus\u00e3o do pedido, mas voc\u00ea precisa pagar o frete de devolu\u00e7\u00e3o e a taxa de reabastecimento<\/span><\/strong><\/span><span style=\"font-size:14px;, sans-serif\"><strong><br \/><\/strong><\/span><span style=\"font-size:14px;, sans-serif\"><strong><span style=\"font-size:14px;font-family:OpenSans\">\u2022 N\u00e3o h\u00e1 necessidade de devolver unidades se estiverem danificadas<\/span><\/strong><\/span><span style=\"font-size:14px;, sans-serif\"><strong><br \/><\/strong><\/span><span style=\"font-size:14px;, sans-serif\"><strong><span style=\"font-size:14px;font-family:OpenSans\">\u2022 se voc\u00ea n\u00e3o conseguir receber a mercadoria ap\u00f3s 60 dias, reembolsaremos o pagamento integral em um dia<\/span><\/strong><\/span><span style=\"font-size:14px;, sans-serif\"><strong><\/p>\n<p><\/strong><\/span><span style=\"font-size:14px;, sans-serif\"><strong><span style=\"font-size:14px;font-family:OpenSans\">FEEDBACK<\/span><\/strong><\/span><span style=\"font-size:14px;, sans-serif\"><strong><\/p>\n<p><\/strong><\/span><span style=\"font-size:14px;, sans-serif\"><strong><span style=\"font-size:14px;font-family:OpenSans\">\u2022 Dependemos da satisfa\u00e7\u00e3o do cliente para ter sucesso, seu feedback \u00e9 extremamente importante para n\u00f3s.<\/span><\/strong><\/span><span style=\"font-size:14px;, sans-serif\"><strong><br \/><\/strong><\/span><span style=\"font-size:14px;, sans-serif\"><strong><span style=\"font-size:14px;font-family:OpenSans\">\u2022 Se voc\u00ea estiver satisfeito com nossos itens, deixe-nos um feedback ativo.<\/span><\/strong><\/span><span style=\"font-size:14px;, sans-serif\"><strong><br \/><\/strong><\/span><span style=\"font-size:14px;, sans-serif\"><strong><span style=\"font-size:14px;font-family:OpenSans\">\u2022 Entre em contato conosco antes de deixar coment\u00e1rios negativos ou neutros, trabalharemos com voc\u00ea para resolver quaisquer problemas.<\/span><\/strong><\/span><\/p>\n<\/div>\n<\/div>\n","protected":false},"excerpt":{"rendered":"<p>CLIPS DE REPARO REGULADOR DE JANELA FRENTE ESQUERDA DIREITA PARA AUDI A3 8L 1996-2003 Kit de reparo do regulador de janela para reparar o mecanismo regulador de janela. Cabe 2\/3 portas, dianteiras esquerda e direita.projeto el\u00e9trico e manual. Condi\u00e7\u00e3o: Novo N\u00famero do produto: Au001-LR OEM: 4B0837461,, 4B0837753D, 4B0837461C, AU3837461 Entrega:&nbsp;4x controles deslizantes de pl\u00e1stico (2&hellip;&nbsp;<\/p>\n","protected":false},"featured_media":33538,"template":"","meta":{"neve_meta_sidebar":"","neve_meta_container":"","neve_meta_enable_content_width":"","neve_meta_content_width":0,"neve_meta_title_alignment":"","neve_meta_author_avatar":"","neve_post_elements_order":"","neve_meta_disable_header":"","neve_meta_disable_footer":"","neve_meta_disable_title":""},"product_brand":[],"product_cat":[22,17,68],"product_tag":[],"class_list":{"0":"post-33544","1":"product","2":"type-product","3":"status-publish","4":"has-post-thumbnail","6":"product_cat-partes-interiores","7":"product_cat-pecas-e-acessorios-automotivos","8":"product_cat-vidros-e-janelas","10":"first","11":"outofstock","12":"shipping-taxable","13":"purchasable","14":"product-type-variable"},"jetpack_sharing_enabled":true,"_links":{"self":[{"href":"https:\/\/listman.shop\/autoparts-br\/wp-json\/wp\/v2\/product\/33544","targetHints":{"allow":["GET"]}}],"collection":[{"href":"https:\/\/listman.shop\/autoparts-br\/wp-json\/wp\/v2\/product"}],"about":[{"href":"https:\/\/listman.shop\/autoparts-br\/wp-json\/wp\/v2\/types\/product"}],"wp:featuredmedia":[{"embeddable":true,"href":"https:\/\/listman.shop\/autoparts-br\/wp-json\/wp\/v2\/media\/33538"}],"wp:attachment":[{"href":"https:\/\/listman.shop\/autoparts-br\/wp-json\/wp\/v2\/media?parent=33544"}],"wp:term":[{"taxonomy":"product_brand","embeddable":true,"href":"https:\/\/listman.shop\/autoparts-br\/wp-json\/wp\/v2\/product_brand?post=33544"},{"taxonomy":"product_cat","embeddable":true,"href":"https:\/\/listman.shop\/autoparts-br\/wp-json\/wp\/v2\/product_cat?post=33544"},{"taxonomy":"product_tag","embeddable":true,"href":"https:\/\/listman.shop\/autoparts-br\/wp-json\/wp\/v2\/product_tag?post=33544"}],"curies":[{"name":"wp","href":"https:\/\/api.w.org\/{rel}","templated":true}]}}