{"id":3358,"date":"2024-10-13T01:36:34","date_gmt":"2024-10-12T16:36:34","guid":{"rendered":"https:\/\/listman.shop\/autoparts-br\/product\/1005006767870660\/"},"modified":"2026-04-28T02:17:30","modified_gmt":"2026-04-27T17:17:30","slug":"1005006767870660","status":"publish","type":"product","link":"https:\/\/listman.shop\/autoparts-br\/product\/1005006767870660\/","title":{"rendered":"LHD Car Interior Ma\u00e7aneta Puxar Tampa, Guarni\u00e7\u00e3o para BMW S\u00e9rie 5, F10, F18, 523, 525, 528, 7 pcs, 1 conjunto"},"content":{"rendered":"<div class=\"detailmodule_html\">\n<div class=\"detail-desc-decorate-richtext\">\n<div class=\"detailmodule_html\">\n<div class=\"detail-desc-decorate-richtext\">\n<div id=\"eeboxMoreInfo\" style=\"margin:3px auto;margin-bottom:3px;margin-top:3px;margin-left:auto;margin-right:auto;height:auto\" class=\"ee_box zhedie\">\n<p style=\"font-size:0px;overflow:hidden;width:1px;height:0px\" id=\"tl_1\">[xlmodel]-[custom]-[8888] <\/p>\n<div style=\"padding:5px;padding-bottom:5px;padding-top:5px;padding-left:5px;padding-right:5px;overflow:visible;height:auto\" class=\"ee_box_content\">\n<div class=\"detailmodule_text\">\n<p style=\"font-family:OpenSans;font-size:20px;font-weight:900;line-height:28px;white-space:pre-wrap;margin-bottom:12px\" class=\"detail-desc-decorate-title\" id=\"tl_2\">Ma&ccedil;aneta da porta LHD RHD para F10<\/p>\n<div>\n      \n     <\/div>\n<p style=\"font-family:OpenSans;font-size:14px;font-weight:300;line-height:20px;white-space:pre-wrap;margin-bottom:12px\" class=\"detail-desc-decorate-content\" id=\"tl_3\">Substitui&ccedil;&atilde;o direta. <br \/>F&aacute;cil instala&ccedil;&atilde;o e uso dur&aacute;vel. <br \/>&Oacute;tima qualidade e &oacute;timo ajuste. <br \/>Conector correto Sem corte ou emenda. <br \/>Rigorosos padr&otilde;es de controle de qualidade para construir e testar. <br \/>Para modelo de carro <br \/>Para BMW F10 F11 S&eacute;rie 5 2010-2017 <br \/>N&uacute;mero de refer&ecirc;ncia oe\/oem: 51417225865,51417225866,51417225867,51417225868,51417225869,51417225870,51417225871,51417225872,51417261933,51417261930 <br \/>Conte&uacute;do do pacote: <br \/>1 * ma&ccedil;aneta da porta lhd <br \/>Apenas o conte&uacute;do do pacote acima, outros produtos n&atilde;o est&atilde;o inclu&iacute;dos. <br \/>Nota: Disparo leve e displays diferentes podem fazer com que a cor do item na imagem seja um pouco diferente da coisa real.O erro de medi&ccedil;&atilde;o permitido &eacute; de +\/- 1-3cm.<\/p>\n<div>\n      \n     <\/div>\n<\/p><\/div>\n<div class=\"detailmodule_image\">\n     <img data-recalc-dims=\"1\" decoding=\"async\" src=\"https:\/\/i0.wp.com\/ae01.alicdn.com\/kf\/Sfc5521b32c57443f948bf0144f4a2a58L.jpg?w=1200&#038;ssl=1\" \/><br \/>\n     <img data-recalc-dims=\"1\" decoding=\"async\" src=\"https:\/\/i0.wp.com\/ae01.alicdn.com\/kf\/S29b41af95f8f465ca99bb1967a8a5548T.jpg?w=1200&#038;ssl=1\" \/><br \/>\n     <img data-recalc-dims=\"1\" decoding=\"async\" src=\"https:\/\/i0.wp.com\/ae01.alicdn.com\/kf\/Sf955255df5bb4c3ba06a6ce0599d16ad2.jpg?w=1200&#038;ssl=1\" \/><br \/>\n     <img data-recalc-dims=\"1\" decoding=\"async\" src=\"https:\/\/i0.wp.com\/ae01.alicdn.com\/kf\/Sfb6513aaf83e4ecd85eec9ed7df4b284x.jpg?w=1200&#038;ssl=1\" \/><br \/>\n     <img data-recalc-dims=\"1\" decoding=\"async\" src=\"https:\/\/i0.wp.com\/ae01.alicdn.com\/kf\/Sa575c098018647d8b7ab9439e6521fb5J.jpg?w=1200&#038;ssl=1\" \/><br \/>\n     <img data-recalc-dims=\"1\" decoding=\"async\" src=\"https:\/\/i0.wp.com\/ae01.alicdn.com\/kf\/S2e5323e3044c4e5babb0958f5e76a101d.jpg?w=1200&#038;ssl=1\" \/><br \/>\n     <img data-recalc-dims=\"1\" decoding=\"async\" src=\"https:\/\/i0.wp.com\/ae01.alicdn.com\/kf\/Sbcad49b32d834dcda7fb6292e74f2df4A.jpg?w=1200&#038;ssl=1\" \/><br \/>\n     \n    <\/div>\n<div class=\"detailmodule_text\">\n<div>\n      \n     <\/div>\n<p style=\"font-family:OpenSans;font-size:20px;font-weight:900;line-height:28px;white-space:pre-wrap;margin-bottom:12px\" class=\"detail-desc-decorate-title\" id=\"tl_4\">Dicas<\/p>\n<div>\n      \n     <\/div>\n<p style=\"font-family:OpenSans;font-size:14px;font-weight:300;line-height:20px;white-space:pre-wrap;margin-bottom:12px\" class=\"detail-desc-decorate-content\" id=\"tl_5\">1.Se voc&ecirc; n&atilde;o sabe se nossos produtos s&atilde;o adequados para o modelo do seu carro.Voc&ecirc; pode fornecer o n&uacute;mero VIN e as fotos do produto.Podemos ajud&aacute;-lo a confirmar se este produto &eacute; adequado para o seu carro. <br \/>2.As pe&ccedil;as automotivas s&atilde;o produtos profissionais.Se voc&ecirc; n&atilde;o sabe como instal&aacute;-lo, podemos fornecer instru&ccedil;&otilde;es de instala&ccedil;&atilde;o ou voc&ecirc; pode encontrar sua oficina de autom&oacute;veis local para instal&aacute;-lo. <br \/>3.Certifique-se de confirmar o modelo do produto antes de pagar, para evitar que o produto que voc&ecirc; compra n&atilde;o seja adequado para o modelo do seu carro. <br \/>4.Se mostrar que as mercadorias foram assinadas, mas voc&ecirc; n&atilde;o as recebeu, voc&ecirc; pode pedir aos correios locais para emitir um certificado para voc&ecirc;.Ap&oacute;s o recebimento da mercadoria, o pacote deve ser aberto nos correios para confirmar se a mercadoria est&aacute; danificada. <br \/>5.Geralmente providenciaremos a entrega dentro de 2 a 7 dias ap&oacute;s o pagamento.Se voc&ecirc; n&atilde;o receber a mercadoria em at&eacute; 30 dias ou tiver alguma d&uacute;vida, pode nos consultar.Faremos o nosso melhor para ajud&aacute;-lo. <br \/>6.Somos uma f&aacute;brica de produ&ccedil;&atilde;o especializada na produ&ccedil;&atilde;o de autope&ccedil;as.Temos uma equipe completa.Se precisar de uma grande quantidade de compra, entre em contato conosco.N&oacute;s lhe daremos o melhor pre&ccedil;o. <\/p>\n<\/p><\/div>\n<\/p><\/div>\n<\/p><\/div>\n<div id=\"ee_boxPhoto1\" style=\"margin:3px auto;margin-bottom:3px;margin-top:3px;margin-left:auto;margin-right:auto;height:auto\" class=\"ee_box zhedie\">\n<p style=\"font-size:0px;overflow:hidden;width:1px;height:0px\" id=\"tl_6\">[xlmodel]-[foto]-[0000]<\/p>\n<div style=\"text-align:center;padding:5px;padding-bottom:5px;padding-top:5px;padding-left:5px;padding-right:5px;display:block;overflow:visible;height:auto\" class=\"ee_box_content ui-sortable\" align=\"center\">\n<p>\n   <\/div>\n<\/p><\/div>\n<div>\n   \n  <\/div>\n<\/p><\/div>\n<\/div>\n<p><\/div>\n<\/div>\n","protected":false},"excerpt":{"rendered":"<p>[xlmodel]-[custom]-[8888] Ma&ccedil;aneta da porta LHD RHD para F10 Substitui&ccedil;&atilde;o direta. F&aacute;cil instala&ccedil;&atilde;o e uso dur&aacute;vel. &Oacute;tima qualidade e &oacute;timo ajuste. Conector correto Sem corte ou emenda. Rigorosos padr&otilde;es de controle de qualidade para construir e testar. Para modelo de carro Para BMW F10 F11 S&eacute;rie 5 2010-2017 N&uacute;mero de refer&ecirc;ncia oe\/oem: 51417225865,51417225866,51417225867,51417225868,51417225869,51417225870,51417225871,51417225872,51417261933,51417261930 Conte&uacute;do do pacote:&hellip;&nbsp;<\/p>\n","protected":false},"featured_media":3352,"template":"","meta":{"neve_meta_sidebar":"","neve_meta_container":"","neve_meta_enable_content_width":"","neve_meta_content_width":0,"neve_meta_title_alignment":"","neve_meta_author_avatar":"","neve_post_elements_order":"","neve_meta_disable_header":"","neve_meta_disable_footer":"","neve_meta_disable_title":""},"product_brand":[],"product_cat":[57,22,17],"product_tag":[],"class_list":{"0":"post-3358","1":"product","2":"type-product","3":"status-publish","4":"has-post-thumbnail","6":"product_cat-macanetas-e-alcas-internas","7":"product_cat-partes-interiores","8":"product_cat-pecas-e-acessorios-automotivos","10":"first","11":"instock","12":"shipping-taxable","13":"purchasable","14":"product-type-variable","15":"has-default-attributes"},"jetpack_sharing_enabled":true,"_links":{"self":[{"href":"https:\/\/listman.shop\/autoparts-br\/wp-json\/wp\/v2\/product\/3358","targetHints":{"allow":["GET"]}}],"collection":[{"href":"https:\/\/listman.shop\/autoparts-br\/wp-json\/wp\/v2\/product"}],"about":[{"href":"https:\/\/listman.shop\/autoparts-br\/wp-json\/wp\/v2\/types\/product"}],"wp:featuredmedia":[{"embeddable":true,"href":"https:\/\/listman.shop\/autoparts-br\/wp-json\/wp\/v2\/media\/3352"}],"wp:attachment":[{"href":"https:\/\/listman.shop\/autoparts-br\/wp-json\/wp\/v2\/media?parent=3358"}],"wp:term":[{"taxonomy":"product_brand","embeddable":true,"href":"https:\/\/listman.shop\/autoparts-br\/wp-json\/wp\/v2\/product_brand?post=3358"},{"taxonomy":"product_cat","embeddable":true,"href":"https:\/\/listman.shop\/autoparts-br\/wp-json\/wp\/v2\/product_cat?post=3358"},{"taxonomy":"product_tag","embeddable":true,"href":"https:\/\/listman.shop\/autoparts-br\/wp-json\/wp\/v2\/product_tag?post=3358"}],"curies":[{"name":"wp","href":"https:\/\/api.w.org\/{rel}","templated":true}]}}