{"id":33665,"date":"2025-03-22T22:49:01","date_gmt":"2025-03-22T13:49:01","guid":{"rendered":"https:\/\/listman.shop\/autoparts-br\/product\/1005004668280350\/"},"modified":"2026-05-04T19:04:06","modified_gmt":"2026-05-04T10:04:06","slug":"1005004668280350","status":"publish","type":"product","link":"https:\/\/listman.shop\/autoparts-br\/product\/1005004668280350\/","title":{"rendered":"Para audi tt ano 1998-2006 display lcd cor de fundo escuro qualidade superior vw audi tela lcd"},"content":{"rendered":"<div class=\"detailmodule_html\">\n<div class=\"detail-desc-decorate-richtext\">\n<h4><span style=\"font-family:arial, helvetica, sans-serif\">I. Especifica\u00e7\u00e3o:<\/span><\/h4>\n<div class=\"detailmodule_html\">\n<div class=\"detail-desc-decorate-richtext\">\n<p><span style=\"font-size:12px\"><span style=\"font-size:12px;font-family:arial, helvetica, sans-serif\">Dimens\u00e3o do vidro: 74,7*58,2*2,2 mm<\/span><\/span><\/p>\n<p><span style=\"font-size:12px\"><span style=\"font-size:12px;font-family:arial, helvetica, sans-serif\">Tipo de conex\u00e3o: solda<\/span><\/span><\/p>\n<p><span style=\"font-size:12px\"><span style=\"font-size:12px;font-family:arial, helvetica, sans-serif\">Posi\u00e7\u00e3o aplicada: painel de instrumentos\/dashboard<\/span><\/span><\/p>\n<p><span style=\"font-size:12px\"><span style=\"font-size:12px;font-family:arial, helvetica, sans-serif\">Temperatura de armazenamento: -30#8451 a 80#8451<\/span><\/span><\/p>\n<p><span style=\"font-size:12px\"><span style=\"font-size:12px;font-family:arial, helvetica, sans-serif\">Temperatura de opera\u00e7\u00e3o: -20#8451 a 70#8451<\/span><\/span><\/p>\n<div>&nbsp;<\/div>\n<div>&nbsp;<\/div>\n<h4><span style=\"font-family:arial, helvetica, sans-serif\">II.Acess\u00f3rios:<\/span><\/h4>\n<div>\n<p><span style=\"font-size:12px\"><span style=\"font-size:12px;font-family:arial, helvetica, sans-serif\">Para Audi A2 VDO\/A3 VDO\/A4 VDO\/A6 VDO\/TT Jaeger<\/span><\/span><\/p>\n<p><span style=\"font-size:12px\"><span style=\"font-size:12px;font-family:arial, helvetica, sans-serif\">Para Volkswagen Bora \/ Golf IV \/ Passat \/ Sharan \/ Transporter (T4 e T5)<\/span><\/span><\/p>\n<p><span style=\"font-size:12px\"><span style=\"font-size:12px;font-family:arial, helvetica, sans-serif\">Para Seat Alhambra \/ Ibiza \/ Leon (at\u00e9 2004)<\/span><\/span><\/p>\n<p><span style=\"font-size:12px\"><span style=\"font-size:12px;font-family:arial, helvetica, sans-serif\">Para Skoda Fabia\/Octavia<\/span><\/span><\/p>\n<\/div>\n<h4><\/h4>\n<h4><span style=\"font-family:arial, helvetica, sans-serif\">III.Qualidade e garantia:<\/span><\/h4>\n<div><span style=\"font-size:12px;font-family:arial, helvetica, sans-serif\">100% novo, 2 anos de garantia<\/span><\/div>\n<div>&nbsp;<\/div>\n<div>&nbsp;<\/div>\n<h4><span style=\"font-family:arial, helvetica, sans-serif\">IV.Envio :<\/span><\/h4>\n<div><span style=\"font-size:12px;font-family:arial, helvetica, sans-serif\">Enviamos nossos produtos pelo m\u00e9todo de entrega selecionado em at\u00e9 24 horas.<\/span><\/div>\n<\/div>\n<\/div>\n<p><img data-recalc-dims=\"1\" decoding=\"async\" src=\"https:\/\/i0.wp.com\/ae01.alicdn.com\/kf\/S205218bc9ef349e68090177ede6408f8d.jpg?w=1200&#038;ssl=1\"><img data-recalc-dims=\"1\" decoding=\"async\" src=\"https:\/\/i0.wp.com\/ae01.alicdn.com\/kf\/Sc23a9ce5514147b0839a9067a946b459a.jpg?w=1200&#038;ssl=1\"><img data-recalc-dims=\"1\" decoding=\"async\" src=\"https:\/\/i0.wp.com\/ae01.alicdn.com\/kf\/S1e22e7dbc524459899c8ebb06ceebb4d6.jpg?w=1200&#038;ssl=1\"><img data-recalc-dims=\"1\" decoding=\"async\" src=\"https:\/\/i0.wp.com\/ae01.alicdn.com\/kf\/S84ae4dff5019413aa35f0e038e484a9bb.jpg?w=1200&#038;ssl=1\"><\/p>\n<\/div>\n<\/div>\n","protected":false},"excerpt":{"rendered":"<p>I. Especifica\u00e7\u00e3o: Dimens\u00e3o do vidro: 74,7*58,2*2,2 mm Tipo de conex\u00e3o: solda Posi\u00e7\u00e3o aplicada: painel de instrumentos\/dashboard Temperatura de armazenamento: -30#8451 a 80#8451 Temperatura de opera\u00e7\u00e3o: -20#8451 a 70#8451 &nbsp; &nbsp; II.Acess\u00f3rios: Para Audi A2 VDO\/A3 VDO\/A4 VDO\/A6 VDO\/TT Jaeger Para Volkswagen Bora \/ Golf IV \/ Passat \/ Sharan \/ Transporter (T4 e T5) Para&hellip;&nbsp;<\/p>\n","protected":false},"featured_media":33660,"template":"","meta":{"neve_meta_sidebar":"","neve_meta_container":"","neve_meta_enable_content_width":"","neve_meta_content_width":0,"neve_meta_title_alignment":"","neve_meta_author_avatar":"","neve_post_elements_order":"","neve_meta_disable_header":"","neve_meta_disable_footer":"","neve_meta_disable_title":""},"product_brand":[],"product_cat":[42,22,17],"product_tag":[],"class_list":{"0":"post-33665","1":"product","2":"type-product","3":"status-publish","4":"has-post-thumbnail","6":"product_cat-medidores","7":"product_cat-partes-interiores","8":"product_cat-pecas-e-acessorios-automotivos","10":"first","11":"instock","12":"shipping-taxable","13":"purchasable","14":"product-type-variable"},"jetpack_sharing_enabled":true,"_links":{"self":[{"href":"https:\/\/listman.shop\/autoparts-br\/wp-json\/wp\/v2\/product\/33665","targetHints":{"allow":["GET"]}}],"collection":[{"href":"https:\/\/listman.shop\/autoparts-br\/wp-json\/wp\/v2\/product"}],"about":[{"href":"https:\/\/listman.shop\/autoparts-br\/wp-json\/wp\/v2\/types\/product"}],"wp:featuredmedia":[{"embeddable":true,"href":"https:\/\/listman.shop\/autoparts-br\/wp-json\/wp\/v2\/media\/33660"}],"wp:attachment":[{"href":"https:\/\/listman.shop\/autoparts-br\/wp-json\/wp\/v2\/media?parent=33665"}],"wp:term":[{"taxonomy":"product_brand","embeddable":true,"href":"https:\/\/listman.shop\/autoparts-br\/wp-json\/wp\/v2\/product_brand?post=33665"},{"taxonomy":"product_cat","embeddable":true,"href":"https:\/\/listman.shop\/autoparts-br\/wp-json\/wp\/v2\/product_cat?post=33665"},{"taxonomy":"product_tag","embeddable":true,"href":"https:\/\/listman.shop\/autoparts-br\/wp-json\/wp\/v2\/product_tag?post=33665"}],"curies":[{"name":"wp","href":"https:\/\/api.w.org\/{rel}","templated":true}]}}