{"id":33693,"date":"2025-03-22T22:50:03","date_gmt":"2025-03-22T13:50:03","guid":{"rendered":"https:\/\/listman.shop\/autoparts-br\/product\/1005005043261686\/"},"modified":"2026-05-04T19:14:11","modified_gmt":"2026-05-04T10:14:11","slug":"1005005043261686","status":"publish","type":"product","link":"https:\/\/listman.shop\/autoparts-br\/product\/1005005043261686\/","title":{"rendered":"NEVOSA mr740599 interruptor da janela mestre de energia do carro bot\u00e3o levantador para mitsubishi carisma space star 1995-2006 frente lado esquerdo"},"content":{"rendered":"<div class=\"detailmodule_html\">\n<div class=\"detail-desc-decorate-richtext\">\n<p class=\"MsoNormal\">\n<p class=\"MsoNormal\"><img data-recalc-dims=\"1\" decoding=\"async\" src=\"https:\/\/i0.wp.com\/ae01.alicdn.com\/kf\/Sdac6be9dede44601aa0367a39c9b28b6r.jpg?w=1200&#038;ssl=1\"><img data-recalc-dims=\"1\" decoding=\"async\" src=\"https:\/\/i0.wp.com\/ae01.alicdn.com\/kf\/S63c10db3798e422d9cd996c33b5d11552.png?w=1200&#038;ssl=1\"><\/p>\n<p class=\"MsoNormal\"><span style=\"font-size:18px;, times, serif\">Tipo de produto: bot\u00e3o de eleva\u00e7\u00e3o do interruptor da janela do carro dianteiro esquerdo mestre<\/span><\/p>\n<p class=\"MsoNormal\"><span style=\"font-size:18px;, times, serif\">Fabricante de autom\u00f3veis: Para Mitsubishi<\/span><\/p>\n<p class=\"MsoNormal\"><span style=\"font-size:18px;, times, serif\">OE No.:MR740599<\/span><\/p>\n<p class=\"MsoNormal\"><span style=\"font-size:18px;, times, serif\">Qualidade: teste 100%<\/span><\/p>\n<p class=\"MsoNormal\"><span style=\"font-size:18px;, times, serif\">Cor: Preto<\/span><\/p>\n<p class=\"MsoNormal\"><span style=\"font-size:18px;, times, serif\">Tamanho: substitui\u00e7\u00e3o OEM<\/span><\/p>\n<p class=\"MsoNormal\"><span style=\"font-size:18px;, times, serif\">Material: pl\u00e1stico PP e pl\u00e1stico ABS<\/span><\/p>\n<p class=\"MsoNormal\"><span style=\"font-size:18px;, times, serif\">M\u00e9todo de instala\u00e7\u00e3o: estilo plug and play diretamente<\/span><\/p>\n<p class=\"MsoNormal\"><span style=\"font-size:18px;, times, serif\">Terminal: 18 pinos<\/span><\/p>\n<p class=\"MsoNormal\"><span style=\"font-size:18px;, times, serif\">Aten\u00e7\u00e3o: A \u00fanica maneira de ter 100% de certeza de que a pe\u00e7a caber\u00e1 no seu ve\u00edculo \u00e9 verificar o n\u00famero da pe\u00e7a original.<\/span><\/p>\n<p class=\"MsoNormal\"><span style=\"font-size:18px;, times, serif\">Caracter\u00edsticas:<\/span><\/p>\n<p class=\"MsoNormal\"><span style=\"font-size:18px;, times, serif\">&#8211;Material ABS ambiental, anti-queima, resist\u00eancia ao calor, resist\u00eancia ao impacto e excelentes propriedades el\u00e9tricas para uma longa vida \u00fatil.<\/span><\/p>\n<p class=\"MsoNormal\"><span style=\"font-size:18px;, times, serif\">-Alta sensibilidade, instala\u00e7\u00e3o simples, sem necessidade de programa\u00e7\u00e3o, conecta-se diretamente ao chicote el\u00e9trico do seu ve\u00edculo, cabe perfeitamente no seu carro.<\/span><\/p>\n<p class=\"MsoNormal\"><span style=\"font-size:18px;, times, serif\">&#8212; Todos os nossos produtos foram testados e enviados sob a condi\u00e7\u00e3o de serem aplic\u00e1veis.Se o interruptor da janela apresentar algum problema, basta entrar em contato conosco para lhe dar uma solu\u00e7\u00e3o satisfat\u00f3ria.<\/span><\/p>\n<p><img data-recalc-dims=\"1\" decoding=\"async\" src=\"https:\/\/i0.wp.com\/ae01.alicdn.com\/kf\/Sca4ca50306214a9da209672c60cde274k.png?w=1200&#038;ssl=1\"><\/p>\n<p><span style=\"font-size:18px;, times, serif\">Para MITSUBISHI Carisma DA_ 1995-2006 1996 1997 1998 1999 2000 2001 2002 2003 2004 2005 2006<\/span><\/p>\n<p><span style=\"font-size:18px;, times, serif\">Para MITSUBISHI Estrela Espacial DA_ 1995-2006 1996 1997 1998 1999 2000 2001 2002 2003 2004 2005 2006<\/span><\/p>\n<p><span style=\"font-size:18px;, times, serif\">Para Mitsubishi Carisma DA_ 1.6 1997\/05-2006\/06 1597 ccm, 73 KW, 99 PS<\/span><\/p>\n<p><span style=\"font-size:18px;, times, serif\">Para Mitsubishi Carisma DA_ 1.6 1998\/126\/06 1597 ccm, 70 KW, 95 PS<\/span><\/p>\n<p><span style=\"font-size:18px;, times, serif\">Para Mitsubishi Carisma DA_ 1.6 1995\/07-2006\/06 1597 ccm, 66 KW, 90 PS<\/span><\/p>\n<p><span style=\"font-size:18px;, times, serif\">Para Mitsubishi Carisma DA_ 1.6 2000\/09-2006\/06 1597 ccm, 76 KW, 103 PS<\/span><\/p>\n<p><span style=\"font-size:18px;, times, serif\">Para Mitsubishi Carisma DA_ 1.8 1995\/07-1997\/07 1834 ccm, 85 KW, 116 PS<\/span><\/p>\n<p><span style=\"font-size:18px;, times, serif\">Para Mitsubishi Carisma DA_ 1.8 16V GDI 1997\/09-2006\/06 1834 ccm, 92 KW, 125 PS<\/span><\/p>\n<p><span style=\"font-size:18px;, times, serif\">Para Mitsubishi Carisma DA_ 1.8 GDI 2000\/10-2006\/06 1834 ccm, 90 KW, 122 PS<\/span><\/p>\n<p><span style=\"font-size:18px;, times, serif\">Para Mitsubishi Carisma DA_ 1.8 MSX &#8211; 16V 1995\/07-1997\/07 1834 ccm, 103 KW, 140 PS<\/span><\/p>\n<p><span style=\"font-size:18px;, times, serif\">Para Mitsubishi Carisma DA_ 1.9 DI-D 2000\/09-2006\/06 1870 ccm, 75 KW, 102 PS<\/span><\/p>\n<p><span style=\"font-size:18px;, times, serif\">Para Mitsubishi Carisma DA_ 1.9 DI-D 2000\/09-2006\/06 1870 ccm, 85 KW, 115 PS<\/span><\/p>\n<p><span style=\"font-size:18px;, times, serif\">Para Mitsubishi Carisma DA_ 1.9 TD 1996\/10-2000\/09 1870 ccm, 66 KW, 90 PS<\/span><\/p>\n<p><span style=\"font-size:18px;, times, serif\">Para Mitsubishi Space Star DG_A 1.3 16V 1998\/06-2004\/12 1299 ccm, 63 KW, 86 PS<\/span><\/p>\n<p><span style=\"font-size:18px;, times, serif\">Para Mitsubishi Space Star DG_A 1.3 16V 1998\/12-2004\/12 1299 ccm, 61 KW, 83 PS<\/span><\/p>\n<p><span style=\"font-size:18px;, times, serif\">Para Mitsubishi Space Star DG_A 1.3 16V 2000\/09-2004\/12 1299 ccm, 60 KW, 82 PS<\/span><\/p>\n<p><span style=\"font-size:18px;, times, serif\">Para Mitsubishi Space Star DG_A 1.6 16V 2001\/01-2004\/12 1584 ccm, 72 KW, 98 PS<\/span><\/p>\n<p><span style=\"font-size:18px;, times, serif\">Para Mitsubishi Space Star DG_A 1.8 GDI 1998\/06-2004\/12 1834 ccm, 87 KW, 118 PS<\/span><\/p>\n<p><span style=\"font-size:18px;, times, serif\">Para Mitsubishi Space Star DG_A 1.8 GDI 1998\/06-2004\/12 1834 ccm, 90 KW, 122 PS<\/span><\/p>\n<p><span style=\"font-size:18px;, times, serif\">Para Mitsubishi Space Star DG_A 1.8 MPI 2002\/10-2004\/12 1834 ccm, 82 KW, 112 PS<\/span><\/p>\n<p><span style=\"font-size:18px;, times, serif\">Para Mitsubishi Space Star DG_A 1.9 DI-D 2002\/10-2004\/12 1870 ccm, 85 KW, 115 PS<\/span><\/p>\n<p><span style=\"font-size:18px;, times, serif\">Para Mitsubishi Space Star DG_A 1.9 DI-D 2001\/02-2004\/12 1870 ccm, 75 KW, 102 PS<\/span><\/p>\n<p><\/p>\n<p><img data-recalc-dims=\"1\" decoding=\"async\" src=\"https:\/\/i0.wp.com\/ae01.alicdn.com\/kf\/S546b4c8a5b534cb2b76a906b962a4a7cJ.jpg?w=1200&#038;ssl=1\"><\/p>\n<p><img data-recalc-dims=\"1\" decoding=\"async\" src=\"https:\/\/i0.wp.com\/ae01.alicdn.com\/kf\/S56dbdbe071f84a9bac0b5398017ef079g.jpg?w=1200&#038;ssl=1\"><img data-recalc-dims=\"1\" decoding=\"async\" src=\"https:\/\/i0.wp.com\/ae01.alicdn.com\/kf\/Sfad0f5c8b432411cb42b07a4fe7276e7S.jpg?w=1200&#038;ssl=1\"><img data-recalc-dims=\"1\" decoding=\"async\" src=\"https:\/\/i0.wp.com\/ae01.alicdn.com\/kf\/S1263c0ca68ac4c6a8e874ddcc3ca7f83B.jpg?w=1200&#038;ssl=1\"><img data-recalc-dims=\"1\" decoding=\"async\" src=\"https:\/\/i0.wp.com\/ae01.alicdn.com\/kf\/S3a2be9aff91141e1bfef15171d478340j.jpg?w=1200&#038;ssl=1\"><\/p>\n<p><\/p>\n<p><img data-recalc-dims=\"1\" decoding=\"async\" src=\"https:\/\/i0.wp.com\/ae01.alicdn.com\/kf\/S1eea504b672c48cbbdd98a8409de2811F.jpg?w=1200&#038;ssl=1\"><\/p>\n<\/div>\n<\/div>\n","protected":false},"excerpt":{"rendered":"<p>Tipo de produto: bot\u00e3o de eleva\u00e7\u00e3o do interruptor da janela do carro dianteiro esquerdo mestre Fabricante de autom\u00f3veis: Para Mitsubishi OE No.:MR740599 Qualidade: teste 100% Cor: Preto Tamanho: substitui\u00e7\u00e3o OEM Material: pl\u00e1stico PP e pl\u00e1stico ABS M\u00e9todo de instala\u00e7\u00e3o: estilo plug and play diretamente Terminal: 18 pinos Aten\u00e7\u00e3o: A \u00fanica maneira de ter 100% de&hellip;&nbsp;<\/p>\n","protected":false},"featured_media":33687,"template":"","meta":{"neve_meta_sidebar":"","neve_meta_container":"","neve_meta_enable_content_width":"","neve_meta_content_width":0,"neve_meta_title_alignment":"","neve_meta_author_avatar":"","neve_post_elements_order":"","neve_meta_disable_header":"","neve_meta_disable_footer":"","neve_meta_disable_title":""},"product_brand":[],"product_cat":[43,22,17],"product_tag":[],"class_list":{"0":"post-33693","1":"product","2":"type-product","3":"status-publish","4":"has-post-thumbnail","6":"product_cat-interruptores-e-controles","7":"product_cat-partes-interiores","8":"product_cat-pecas-e-acessorios-automotivos","10":"first","11":"instock","12":"shipping-taxable","13":"purchasable","14":"product-type-variable","15":"has-default-attributes"},"jetpack_sharing_enabled":true,"_links":{"self":[{"href":"https:\/\/listman.shop\/autoparts-br\/wp-json\/wp\/v2\/product\/33693","targetHints":{"allow":["GET"]}}],"collection":[{"href":"https:\/\/listman.shop\/autoparts-br\/wp-json\/wp\/v2\/product"}],"about":[{"href":"https:\/\/listman.shop\/autoparts-br\/wp-json\/wp\/v2\/types\/product"}],"wp:featuredmedia":[{"embeddable":true,"href":"https:\/\/listman.shop\/autoparts-br\/wp-json\/wp\/v2\/media\/33687"}],"wp:attachment":[{"href":"https:\/\/listman.shop\/autoparts-br\/wp-json\/wp\/v2\/media?parent=33693"}],"wp:term":[{"taxonomy":"product_brand","embeddable":true,"href":"https:\/\/listman.shop\/autoparts-br\/wp-json\/wp\/v2\/product_brand?post=33693"},{"taxonomy":"product_cat","embeddable":true,"href":"https:\/\/listman.shop\/autoparts-br\/wp-json\/wp\/v2\/product_cat?post=33693"},{"taxonomy":"product_tag","embeddable":true,"href":"https:\/\/listman.shop\/autoparts-br\/wp-json\/wp\/v2\/product_tag?post=33693"}],"curies":[{"name":"wp","href":"https:\/\/api.w.org\/{rel}","templated":true}]}}