{"id":33702,"date":"2025-03-22T22:50:33","date_gmt":"2025-03-22T13:50:33","guid":{"rendered":"https:\/\/listman.shop\/autoparts-br\/product\/1005005046067271\/"},"modified":"2026-05-04T18:59:06","modified_gmt":"2026-05-04T09:59:06","slug":"1005005046067271","status":"publish","type":"product","link":"https:\/\/listman.shop\/autoparts-br\/product\/1005005046067271\/","title":{"rendered":"NEVOSA 68184803 AC para Jeep Grand Cherokee 2014 2015 2016 Bot\u00e3o interruptor mestre da janela el\u00e9trica do carro luz azul 56046826 AE 68184803 AB"},"content":{"rendered":"<div class=\"detailmodule_html\">\n<div class=\"detail-desc-decorate-richtext\">\n<p class=\"MsoNormal\">\n<p class=\"MsoNormal\"><img data-recalc-dims=\"1\" decoding=\"async\" src=\"https:\/\/i0.wp.com\/ae01.alicdn.com\/kf\/Sfbb8cedda0b047a3a23f9268860e8b08Z.jpg?w=1200&#038;ssl=1\"><\/p>\n<p class=\"MsoNormal\"><img data-recalc-dims=\"1\" decoding=\"async\" src=\"https:\/\/i0.wp.com\/ae01.alicdn.com\/kf\/Sb58761d456a54581969607ea64df72b7s.png?w=1200&#038;ssl=1\"><\/p>\n<p class=\"MsoNormal\"><span style=\"font-size:18px;, times, serif\">Tipo de produto: bot\u00e3o de interruptor mestre do levantador de janela de carro<\/span><\/p>\n<p class=\"MsoNormal\"><span style=\"font-size:18px;, times, serif\">Fabricante de autom\u00f3veis: Para Jeep<\/span><\/p>\n<p class=\"MsoNormal\"><span style=\"font-size:18px;, times, serif\">OE No.:68184803CA<\/span><\/p>\n<p class=\"MsoNormal\"><span style=\"font-size:18px;, times, serif\">Qualidade: teste 100%<\/span><\/p>\n<p class=\"MsoNormal\"><span style=\"font-size:18px;, times, serif\">Cor: Preto<\/span><\/p>\n<p class=\"MsoNormal\"><span style=\"font-size:18px;, times, serif\">Tamanho: substitui\u00e7\u00e3o OEM<\/span><\/p>\n<p class=\"MsoNormal\"><span style=\"font-size:18px;, times, serif\">Material: pl\u00e1stico PP e pl\u00e1stico ABS<\/span><\/p>\n<p class=\"MsoNormal\"><span style=\"font-size:18px;, times, serif\">M\u00e9todo de instala\u00e7\u00e3o: estilo plug and play diretamente<\/span><\/p>\n<p class=\"MsoNormal\"><span style=\"font-size:18px;, times, serif\">Terminal: 11 pinos<\/span><\/p>\n<p class=\"MsoNormal\"><span style=\"font-size:18px;, times, serif\">Cor clara: cor azul<\/span><\/p>\n<p class=\"MsoNormal\"><img data-recalc-dims=\"1\" decoding=\"async\" src=\"https:\/\/i0.wp.com\/ae01.alicdn.com\/kf\/S7cfcb6e3794a449eb162c9647541dc0dA.png?w=1200&#038;ssl=1\"><\/p>\n<p class=\"MsoNormal\"><span style=\"font-size:18px;, times, serif\">Aten\u00e7\u00e3o: A \u00fanica maneira de ter 100% de certeza de que a pe\u00e7a caber\u00e1 no seu ve\u00edculo \u00e9 verificar o n\u00famero da pe\u00e7a original.<\/span><\/p>\n<p class=\"MsoNormal\"><span style=\"font-size:18px;, times, serif\">Caracter\u00edsticas:<\/span><\/p>\n<p class=\"MsoNormal\"><span style=\"font-size:18px;, times, serif\">&#8211;Material ABS ambiental, anti-queima, resist\u00eancia ao calor, resist\u00eancia ao impacto e excelentes propriedades el\u00e9tricas para uma longa vida \u00fatil.<\/span><\/p>\n<p class=\"MsoNormal\"><span style=\"font-size:18px;, times, serif\">-Alta sensibilidade, instala\u00e7\u00e3o simples, sem necessidade de programa\u00e7\u00e3o, conecta-se diretamente ao chicote el\u00e9trico do seu ve\u00edculo, cabe perfeitamente no seu carro.<\/span><\/p>\n<p class=\"MsoNormal\"><span style=\"font-size:18px;, times, serif\">&#8212; Todos os nossos produtos foram testados e enviados sob a condi\u00e7\u00e3o de serem aplic\u00e1veis.Se o interruptor da janela apresentar algum problema, basta entrar em contato conosco para lhe dar uma solu\u00e7\u00e3o satisfat\u00f3ria.<\/span><\/p>\n<p><img data-recalc-dims=\"1\" decoding=\"async\" src=\"https:\/\/i0.wp.com\/ae01.alicdn.com\/kf\/S56b706aaeda5441b965e1550f210bc4c5.png?w=1200&#038;ssl=1\"><\/p>\n<p><span style=\"font-size:18px;, times, serif\">2016 Para Jeep Grand Cherokee 75o Anivers\u00e1rio Sport 4 Portas 3.6L 3604CC 220Cu.Em.V6 FLEX DOHC naturalmente aspirado<\/span><\/p>\n<p><\/p>\n<p><span style=\"font-size:18px;, times, serif\">2016 Para Jeep Grand Cherokee Laredo Sport Utility 4 Portas 3.6L 3604CC 220Cu.Em.V6 FLEX DOHC naturalmente aspirado<\/span><\/p>\n<p><\/p>\n<p><span style=\"font-size:18px;, times, serif\">2016 Para Jeep Grand Cherokee Limited Sport Utility 4 Portas 3.6L 3604CC 220Cu.Em.V6 FLEX DOHC naturalmente aspirado<\/span><\/p>\n<p><\/p>\n<p><span style=\"font-size:18px;, times, serif\">2016 Para Jeep Grand Cherokee Limited Sport Utility 4 Portas 3.0L 2987CC 182Cu.Em.V6 DIESEL DOHC Turboalimentado<\/span><\/p>\n<p><\/p>\n<p><span style=\"font-size:18px;, times, serif\">2016 Para Jeep Grand Cherokee Limited Sport Utility 4 Portas 5.7L 345Cu.Em.V8 GAS OHV naturalmente aspirado<\/span><\/p>\n<p><\/p>\n<p><span style=\"font-size:18px;, times, serif\">2016 Para Jeep Grand Cherokee Overland Sport Utility 4 Portas 3.6L 3604CC 220Cu.Em.V6 FLEX DOHC naturalmente aspirado<\/span><\/p>\n<p><\/p>\n<p><span style=\"font-size:18px;, times, serif\">2016 para Jeep Grand Cherokee Overland Sport Utility 4 portas 3.0L 2987CC 182Cu.Em.V6 DIESEL DOHC Turboalimentado<\/span><\/p>\n<p><\/p>\n<p><span style=\"font-size:18px;, times, serif\">2016 para Jeep Grand Cherokee Overland Sport Utility 4 portas 5.7L 345Cu.Em.V8 GAS OHV naturalmente aspirado<\/span><\/p>\n<p><\/p>\n<p><span style=\"font-size:18px;, times, serif\">2016 Para Jeep Grand Cherokee SRT Utilit\u00e1rio esportivo 4 portas 6,4L 6424CC 392Cu.Em.V8 GAS OHV naturalmente aspirado<\/span><\/p>\n<p><\/p>\n<p><span style=\"font-size:18px;, times, serif\">2016 Para Jeep Grand Cherokee Summit Sport Utility 4 Portas 3.6L 3604CC 220Cu.Em.V6 FLEX DOHC naturalmente aspirado<\/span><\/p>\n<p><\/p>\n<p><span style=\"font-size:18px;, times, serif\">2016 Para Jeep Grand Cherokee Summit Sport Utility 4 Portas 3.0L 2987CC 182Cu.Em.V6 DIESEL DOHC Turboalimentado<\/span><\/p>\n<p><\/p>\n<p><span style=\"font-size:18px;, times, serif\">2016 Para Jeep Grand Cherokee Summit Sport Utility 4 Portas 5.7L 345Cu.Em.V8 GAS OHV naturalmente aspirado<\/span><\/p>\n<p><\/p>\n<p><span style=\"font-size:18px;, times, serif\">2015 para Jeep Grand Cherokee Laredo Utilit\u00e1rio esportivo 4 portas 3.6L 3604CC 220Cu.Em.V6 FLEX DOHC naturalmente aspirado<\/span><\/p>\n<p><\/p>\n<p><span style=\"font-size:18px;, times, serif\">2015 para Jeep Grand Cherokee Limited Sport Utility 4 portas 3.6L 3604CC 220Cu.Em.V6 FLEX DOHC naturalmente aspirado<\/span><\/p>\n<p><\/p>\n<p><span style=\"font-size:18px;, times, serif\">2015 para Jeep Grand Cherokee Limited Sport Utility 4 Portas 3.0L 2987CC 182Cu.Em.V6 DIESEL DOHC Turboalimentado<\/span><\/p>\n<p><\/p>\n<p><span style=\"font-size:18px;, times, serif\">2015 para Jeep Grand Cherokee Limited Sport Utility 4 portas 5.7L 345Cu.Em.V8 GAS OHV naturalmente aspirado<\/span><\/p>\n<p><\/p>\n<p><span style=\"font-size:18px;, times, serif\">2015 para Jeep Grand Cherokee Overland Sport Utility 4 portas 3.6L 3604CC 220Cu.Em.V6 FLEX DOHC naturalmente aspirado<\/span><\/p>\n<p><\/p>\n<p><span style=\"font-size:18px;, times, serif\">2015 para Jeep Grand Cherokee Overland Sport Utility 4 portas 3.0L 2987CC 182Cu.Em.V6 DIESEL DOHC Turboalimentado<\/span><\/p>\n<p><\/p>\n<p><span style=\"font-size:18px;, times, serif\">2015 para Jeep Grand Cherokee Overland Sport Utility 4 portas 5.7L 345Cu.Em.V8 GAS OHV naturalmente aspirado<\/span><\/p>\n<p><\/p>\n<p><span style=\"font-size:18px;, times, serif\">2015 para Jeep Grand Cherokee SRT Utilit\u00e1rio esportivo 4 portas 6,4L 6424CC 392Cu.Em.V8 GAS OHV naturalmente aspirado<\/span><\/p>\n<p><\/p>\n<p><span style=\"font-size:18px;, times, serif\">2015 para Jeep Grand Cherokee Summit Sport Utility 4 portas 3.6L 3604CC 220Cu.Em.V6 FLEX DOHC naturalmente aspirado<\/span><\/p>\n<p><\/p>\n<p><span style=\"font-size:18px;, times, serif\">2015 para Jeep Grand Cherokee Summit Sport Utility 4 Portas 3.0L 2987CC 182Cu.Em.V6 DIESEL DOHC Turboalimentado<\/span><\/p>\n<p><\/p>\n<p><span style=\"font-size:18px;, times, serif\">2015 para Jeep Grand Cherokee Summit Sport Utility 4 portas 5.7L 345Cu.Em.V8 GAS OHV naturalmente aspirado<\/span><\/p>\n<p><\/p>\n<p><span style=\"font-size:18px;, times, serif\">2014 para Jeep Grand Cherokee Laredo Utilit\u00e1rio esportivo 4 portas 3.6L 3604CC 220Cu.Em.V6 FLEX DOHC naturalmente aspirado<\/span><\/p>\n<p><\/p>\n<p><span style=\"font-size:18px;, times, serif\">2014 para Jeep Grand Cherokee Limited Sport Utility 4 portas 3.6L 3604CC 220Cu.Em.V6 FLEX DOHC naturalmente aspirado<\/span><\/p>\n<p><\/p>\n<p><span style=\"font-size:18px;, times, serif\">2014 para Jeep Grand Cherokee Limited Sport Utility 4 Portas 3.0L 2987CC 182Cu.Em.V6 DIESEL DOHC Turboalimentado<\/span><\/p>\n<p><\/p>\n<p><span style=\"font-size:18px;, times, serif\">2014 para Jeep Grand Cherokee Limited Sport Utility 4 portas 5.7L 345Cu.Em.V8 GAS OHV naturalmente aspirado<\/span><\/p>\n<p><\/p>\n<p><span style=\"font-size:18px;, times, serif\">2014 para Jeep Grand Cherokee Overland Sport Utility 4 portas 3.6L 3604CC 220Cu.Em.V6 FLEX DOHC naturalmente aspirado<\/span><\/p>\n<p><\/p>\n<p><span style=\"font-size:18px;, times, serif\">2014 para Jeep Grand Cherokee Overland Sport Utility 4 portas 3.0L 2987CC 182Cu.Em.V6 DIESEL DOHC Turboalimentado<\/span><\/p>\n<p><\/p>\n<p><span style=\"font-size:18px;, times, serif\">2014 para Jeep Grand Cherokee Overland Sport Utility 4 portas 5.7L 345Cu.Em.V8 GAS OHV naturalmente aspirado<\/span><\/p>\n<p><\/p>\n<p><span style=\"font-size:18px;, times, serif\">2014 para Jeep Grand Cherokee SRT Utilit\u00e1rio esportivo 4 portas 6,4L 6424CC 392Cu.Em.V8 GAS OHV naturalmente aspirado<\/span><\/p>\n<p><\/p>\n<p><span style=\"font-size:18px;, times, serif\">2014 para Jeep Grand Cherokee Summit Sport Utility 4 portas 3.6L 3604CC 220Cu.Em.V6 FLEX DOHC naturalmente aspirado<\/span><\/p>\n<p><\/p>\n<p><span style=\"font-size:18px;, times, serif\">2014 para Jeep Grand Cherokee Summit Sport Utility 4 portas 3.0L 2987CC 182Cu.Em.V6 DIESEL DOHC Turboalimentado<\/span><\/p>\n<p><\/p>\n<p><span style=\"font-size:18px;, times, serif\">2014 para Jeep Grand Cherokee Summit Sport Utility 4 portas 5.7L 345Cu. Em. V8 GAS OHV naturalmente aspirado<\/span><\/p>\n<div style=\", Roboto, Arial, Helvetica, sans-serif, SimSun;font-size:14px;font-weight:400;letter-spacing:normal;text-align:start;white-space:normal;margin:0px;margin-bottom:0px;margin-top:0px;margin-left:0px;margin-right:0px;padding:0px;padding-bottom:0px;padding-top:0px;padding-left:0px;padding-right:0px\" align=\"start\"><img data-recalc-dims=\"1\" decoding=\"async\" src=\"https:\/\/i0.wp.com\/ae01.alicdn.com\/kf\/S10ca2a7c1e5044b890f359815e2527a2Y.jpg?w=1200&#038;ssl=1\"><\/div>\n<p><img data-recalc-dims=\"1\" decoding=\"async\" src=\"https:\/\/i0.wp.com\/ae01.alicdn.com\/kf\/Sc76c23029c6b4cb48005d722bdb2b38dF.jpg?w=1200&#038;ssl=1\"><img data-recalc-dims=\"1\" decoding=\"async\" src=\"https:\/\/i0.wp.com\/ae01.alicdn.com\/kf\/Sf76a32a35b9a47f386b0e3cba8ef7a46R.jpg?w=1200&#038;ssl=1\"><img data-recalc-dims=\"1\" decoding=\"async\" src=\"https:\/\/i0.wp.com\/ae01.alicdn.com\/kf\/Sefabf594297f4022a6516fc8accf5de91.jpg?w=1200&#038;ssl=1\"><\/p>\n<\/p>\n<p><img data-recalc-dims=\"1\" decoding=\"async\" src=\"https:\/\/i0.wp.com\/ae01.alicdn.com\/kf\/See3b149063df4e5aa52e9b34e5625691s.jpg?w=1200&#038;ssl=1\"><\/p>\n<\/div>\n<\/div>\n","protected":false},"excerpt":{"rendered":"<p>Tipo de produto: bot\u00e3o de interruptor mestre do levantador de janela de carro Fabricante de autom\u00f3veis: Para Jeep OE No.:68184803CA Qualidade: teste 100% Cor: Preto Tamanho: substitui\u00e7\u00e3o OEM Material: pl\u00e1stico PP e pl\u00e1stico ABS M\u00e9todo de instala\u00e7\u00e3o: estilo plug and play diretamente Terminal: 11 pinos Cor clara: cor azul Aten\u00e7\u00e3o: A \u00fanica maneira de ter&hellip;&nbsp;<\/p>\n","protected":false},"featured_media":33696,"template":"","meta":{"neve_meta_sidebar":"","neve_meta_container":"","neve_meta_enable_content_width":"","neve_meta_content_width":0,"neve_meta_title_alignment":"","neve_meta_author_avatar":"","neve_post_elements_order":"","neve_meta_disable_header":"","neve_meta_disable_footer":"","neve_meta_disable_title":""},"product_brand":[],"product_cat":[43,22,17],"product_tag":[],"class_list":{"0":"post-33702","1":"product","2":"type-product","3":"status-publish","4":"has-post-thumbnail","6":"product_cat-interruptores-e-controles","7":"product_cat-partes-interiores","8":"product_cat-pecas-e-acessorios-automotivos","10":"first","11":"instock","12":"shipping-taxable","13":"purchasable","14":"product-type-variable","15":"has-default-attributes"},"jetpack_sharing_enabled":true,"_links":{"self":[{"href":"https:\/\/listman.shop\/autoparts-br\/wp-json\/wp\/v2\/product\/33702","targetHints":{"allow":["GET"]}}],"collection":[{"href":"https:\/\/listman.shop\/autoparts-br\/wp-json\/wp\/v2\/product"}],"about":[{"href":"https:\/\/listman.shop\/autoparts-br\/wp-json\/wp\/v2\/types\/product"}],"wp:featuredmedia":[{"embeddable":true,"href":"https:\/\/listman.shop\/autoparts-br\/wp-json\/wp\/v2\/media\/33696"}],"wp:attachment":[{"href":"https:\/\/listman.shop\/autoparts-br\/wp-json\/wp\/v2\/media?parent=33702"}],"wp:term":[{"taxonomy":"product_brand","embeddable":true,"href":"https:\/\/listman.shop\/autoparts-br\/wp-json\/wp\/v2\/product_brand?post=33702"},{"taxonomy":"product_cat","embeddable":true,"href":"https:\/\/listman.shop\/autoparts-br\/wp-json\/wp\/v2\/product_cat?post=33702"},{"taxonomy":"product_tag","embeddable":true,"href":"https:\/\/listman.shop\/autoparts-br\/wp-json\/wp\/v2\/product_tag?post=33702"}],"curies":[{"name":"wp","href":"https:\/\/api.w.org\/{rel}","templated":true}]}}