{"id":33744,"date":"2025-03-22T22:52:37","date_gmt":"2025-03-22T13:52:37","guid":{"rendered":"https:\/\/listman.shop\/autoparts-br\/product\/1005005237364808\/"},"modified":"2026-05-04T19:41:07","modified_gmt":"2026-05-04T10:41:07","slug":"1005005237364808","status":"publish","type":"product","link":"https:\/\/listman.shop\/autoparts-br\/product\/1005005237364808\/","title":{"rendered":"F1EB-19B514-BE F1EB-19B514-AE Tampa traseira do porta-malas Interruptor de libera\u00e7\u00e3o da porta traseira F1EB19B514AE F1EB19B514BE para Ford Focus ST 2012-2018"},"content":{"rendered":"<div class=\"detailmodule_html\">\n<div class=\"detail-desc-decorate-richtext\">\n<div class=\"detailmodule_dynamic\"><\/div>\n<div class=\"detailmodule_html\">\n<div class=\"detail-desc-decorate-richtext\">\n<p><strong><span style=\"font-size:32px\">F1EB-19B514-BE F1EB-19B514-AE Tampa traseira do porta-malas Interruptor de libera\u00e7\u00e3o da porta traseira F1EB19B514BE para Ford Focus 2012-2018<\/span><\/strong><span style=\"font-size:32px\"><br \/><\/span><\/p>\n<div style=\"font-family:arial, helvetica, sans-serif;font-size:13px;font-weight:400;letter-spacing:normal;line-height:inherit;text-align:start;white-space:normal;border:0px;margin:0px;margin-bottom:0px;margin-top:0px;margin-left:0px;margin-right:0px;padding:0px;padding-bottom:0px;padding-top:0px;padding-left:0px;padding-right:0px\" align=\"start\">\n<div style=\"border:0px;margin:0px;margin-bottom:0px;margin-top:0px;margin-left:0px;margin-right:0px;padding:0px;padding-bottom:0px;padding-top:0px;padding-left:0px;padding-right:0px\">\n<div style=\"border:0px;margin:0px;margin-bottom:0px;margin-top:0px;margin-left:0px;margin-right:0px;padding:0px;padding-bottom:0px;padding-top:0px;padding-left:0px;padding-right:0px\">\n<div style=\"border:0px;margin:0px;margin-bottom:0px;margin-top:0px;margin-left:0px;margin-right:0px;padding:0px;padding-bottom:0px;padding-top:0px;padding-left:0px;padding-right:0px\"><\/div>\n<\/div>\n<\/div>\n<\/div>\n<div style=\"font-family:arial;font-size:15px;line-height:inherit;border:0px none;margin:0px;margin-bottom:0px;margin-top:0px;margin-left:0px;margin-right:0px;padding:0px;padding-bottom:0px;padding-top:0px;padding-left:0px;padding-right:0px\">\n<div><span style=\"font-size:32px;font-family:arial, helvetica, sans-serif\"><strong>Montagem:<\/strong><\/span><\/div>\n<p><span style=\"font-size:22px\"><span style=\"font-size:22px;font-family:arial, helvetica, sans-serif\">Para foco ford 2012-2018<\/span><\/span><\/p>\n<div><span style=\"font-size:32px;font-family:arial, helvetica, sans-serif\"><strong>Nota:<\/strong><\/span><\/div>\n<div style=\"font-family:arial;font-size:15px;line-height:inherit;border:0px none;margin:0px;margin-bottom:0px;margin-top:0px;margin-left:0px;margin-right:0px;padding:0px;padding-bottom:0px;padding-top:0px;padding-left:0px;padding-right:0px\">\n<div><\/div>\n<div style=\"font-family:arial;font-size:15px;line-height:inherit;border:0px none;margin:0px;margin-bottom:0px;margin-top:0px;margin-left:0px;margin-right:0px;padding:0px;padding-bottom:0px;padding-top:0px;padding-left:0px;padding-right:0px\">\n<div>\n<div><span style=\"font-size:22px;font-family:arial, helvetica, sans-serif\"><strong>1. As informa\u00e7\u00f5es de montagem s\u00e3o apenas para refer\u00eancia, verifique o n\u00famero OE antes da compra.<\/strong><\/span><\/div>\n<\/div>\n<\/div>\n<div><\/div>\n<p><span style=\"font-size:22px;font-family:arial, helvetica, sans-serif\"><strong>2. se o produto apresentar algum problema, n\u00e3o fa\u00e7a coment\u00e1rios negativos, mas entre em contato conosco imediatamente para lidar com isso.Verificaremos e ofereceremos uma solu\u00e7\u00e3o adequada para proteger seu benef\u00edcio.<\/strong><\/span><span style=\"font-size:22px;font-family:arial, helvetica, sans-serif\"><br \/><\/span><\/p>\n<\/div>\n<div><span style=\"font-size:32px;font-family:arial, helvetica, sans-serif\"><strong>Fotos:<\/strong><\/span><\/div>\n<\/div>\n<p><img data-recalc-dims=\"1\" decoding=\"async\" src=\"https:\/\/i0.wp.com\/ae01.alicdn.com\/kf\/Sdb140f0becfc403fb555d82627769288C.jpg?w=1200&#038;ssl=1\"><img data-recalc-dims=\"1\" decoding=\"async\" src=\"https:\/\/i0.wp.com\/ae01.alicdn.com\/kf\/Sdb004ad840d049ca9d258fe414269c3ck.jpg?w=1200&#038;ssl=1\"><img data-recalc-dims=\"1\" decoding=\"async\" src=\"https:\/\/i0.wp.com\/ae01.alicdn.com\/kf\/S7b059e9678c6465db385d1c53773292aq.jpg?w=1200&#038;ssl=1\"><img data-recalc-dims=\"1\" decoding=\"async\" src=\"https:\/\/i0.wp.com\/ae01.alicdn.com\/kf\/Sc2dd571b9df14640be56106d88a771f1p.jpg?w=1200&#038;ssl=1\"><\/p>\n<p><img data-recalc-dims=\"1\" decoding=\"async\" src=\"https:\/\/i0.wp.com\/ae01.alicdn.com\/kf\/Hd91ae22fc2ed4b38bbdfda9f11b1ec8ex.jpg?w=1200&#038;ssl=1\"><\/p>\n<div class=\"detailmodule_dynamic\"><\/div>\n<p><\/p>\n<\/div>\n<\/div>\n<p><\/p>\n<\/div>\n<\/div>\n","protected":false},"excerpt":{"rendered":"<p>F1EB-19B514-BE F1EB-19B514-AE Tampa traseira do porta-malas Interruptor de libera\u00e7\u00e3o da porta traseira F1EB19B514BE para Ford Focus 2012-2018 Montagem: Para foco ford 2012-2018 Nota: 1. As informa\u00e7\u00f5es de montagem s\u00e3o apenas para refer\u00eancia, verifique o n\u00famero OE antes da compra. 2. se o produto apresentar algum problema, n\u00e3o fa\u00e7a coment\u00e1rios negativos, mas entre em contato conosco&hellip;&nbsp;<\/p>\n","protected":false},"featured_media":33738,"template":"","meta":{"neve_meta_sidebar":"","neve_meta_container":"","neve_meta_enable_content_width":"","neve_meta_content_width":0,"neve_meta_title_alignment":"","neve_meta_author_avatar":"","neve_post_elements_order":"","neve_meta_disable_header":"","neve_meta_disable_footer":"","neve_meta_disable_title":""},"product_brand":[],"product_cat":[43,22,17],"product_tag":[],"class_list":{"0":"post-33744","1":"product","2":"type-product","3":"status-publish","4":"has-post-thumbnail","6":"product_cat-interruptores-e-controles","7":"product_cat-partes-interiores","8":"product_cat-pecas-e-acessorios-automotivos","10":"first","11":"instock","12":"shipping-taxable","13":"purchasable","14":"product-type-variable","15":"has-default-attributes"},"jetpack_sharing_enabled":true,"_links":{"self":[{"href":"https:\/\/listman.shop\/autoparts-br\/wp-json\/wp\/v2\/product\/33744","targetHints":{"allow":["GET"]}}],"collection":[{"href":"https:\/\/listman.shop\/autoparts-br\/wp-json\/wp\/v2\/product"}],"about":[{"href":"https:\/\/listman.shop\/autoparts-br\/wp-json\/wp\/v2\/types\/product"}],"wp:featuredmedia":[{"embeddable":true,"href":"https:\/\/listman.shop\/autoparts-br\/wp-json\/wp\/v2\/media\/33738"}],"wp:attachment":[{"href":"https:\/\/listman.shop\/autoparts-br\/wp-json\/wp\/v2\/media?parent=33744"}],"wp:term":[{"taxonomy":"product_brand","embeddable":true,"href":"https:\/\/listman.shop\/autoparts-br\/wp-json\/wp\/v2\/product_brand?post=33744"},{"taxonomy":"product_cat","embeddable":true,"href":"https:\/\/listman.shop\/autoparts-br\/wp-json\/wp\/v2\/product_cat?post=33744"},{"taxonomy":"product_tag","embeddable":true,"href":"https:\/\/listman.shop\/autoparts-br\/wp-json\/wp\/v2\/product_tag?post=33744"}],"curies":[{"name":"wp","href":"https:\/\/api.w.org\/{rel}","templated":true}]}}