{"id":33755,"date":"2025-03-22T22:53:06","date_gmt":"2025-03-22T13:53:06","guid":{"rendered":"https:\/\/listman.shop\/autoparts-br\/product\/1005005240243363\/"},"modified":"2026-05-04T18:38:07","modified_gmt":"2026-05-04T09:38:07","slug":"1005005240243363","status":"publish","type":"product","link":"https:\/\/listman.shop\/autoparts-br\/product\/1005005240243363\/","title":{"rendered":"NEVOSA84820-12350 frente direita para 1998-2002 toyota corolla ae110 interruptor mestre da janela do carro de energia el\u00e9trica 84820-52010 8482012350"},"content":{"rendered":"<div class=\"detailmodule_html\">\n<div class=\"detail-desc-decorate-richtext\">\n<p class=\"MsoNormal\">\n<p class=\"MsoNormal\"><img data-recalc-dims=\"1\" decoding=\"async\" src=\"https:\/\/i0.wp.com\/ae01.alicdn.com\/kf\/Sfc106f70074443b18b4943cff26122bcq.jpg?w=1200&#038;ssl=1\"><img data-recalc-dims=\"1\" decoding=\"async\" src=\"https:\/\/i0.wp.com\/ae01.alicdn.com\/kf\/S9dc05815d080441ba7fcf67bf38ba119c.png?w=1200&#038;ssl=1\"><\/p>\n<p class=\"MsoNormal\"><span style=\"font-size:18px;, times, serif\">Tipo de produto: interruptor mestre da janela el\u00e9trica frontal direita<\/span><\/p>\n<p class=\"MsoNormal\"><span style=\"font-size:18px;, times, serif\">Fabricante de autom\u00f3veis: Para Toyota<\/span><\/p>\n<p class=\"MsoNormal\"><span style=\"font-size:18px;, times, serif\">No OE: 84820-12350<\/span><\/p>\n<p class=\"MsoNormal\"><span style=\"font-size:18px;, times, serif\">Qualidade: teste 100%<\/span><\/p>\n<p class=\"MsoNormal\"><span style=\"font-size:18px;, times, serif\">Cor: Preto<\/span><\/p>\n<p class=\"MsoNormal\"><span style=\"font-size:18px;, times, serif\">Tamanho: substitui\u00e7\u00e3o OEM<\/span><\/p>\n<p class=\"MsoNormal\"><span style=\"font-size:18px;, times, serif\">Material: pl\u00e1stico PP e pl\u00e1stico ABS<\/span><\/p>\n<p class=\"MsoNormal\"><span style=\"font-size:18px;, times, serif\">M\u00e9todo de instala\u00e7\u00e3o: estilo plug and play diretamente<\/span><\/p>\n<p class=\"MsoNormal\"><span style=\"font-size:18px;, times, serif\">Terminal: 14+7 pinos<\/span><\/p>\n<p class=\"MsoNormal\"><span style=\"font-size:18px;, times, serif\">Bot\u00f5es: 6 bot\u00f5es<\/span><\/p>\n<p class=\"MsoNormal\"><img data-recalc-dims=\"1\" decoding=\"async\" src=\"https:\/\/i0.wp.com\/ae01.alicdn.com\/kf\/Sc76771330d2a4343960f51fcefe1d8a9s.png?w=1200&#038;ssl=1\"><\/p>\n<p class=\"MsoNormal\"><span style=\"font-size:18px;, times, serif\">Aten\u00e7\u00e3o: A \u00fanica maneira de ter 100% de certeza de que a pe\u00e7a caber\u00e1 no seu ve\u00edculo \u00e9 verificar o n\u00famero da pe\u00e7a original.<\/span><\/p>\n<p class=\"MsoNormal\"><span style=\"font-size:18px;, times, serif\">Caracter\u00edsticas:<\/span><\/p>\n<p class=\"MsoNormal\"><span style=\"font-size:18px;, times, serif\">&#8211;Material ABS ambiental, anti-queima, resist\u00eancia ao calor, resist\u00eancia ao impacto e excelentes propriedades el\u00e9tricas para uma longa vida \u00fatil.<\/span><\/p>\n<p class=\"MsoNormal\"><span style=\"font-size:18px;, times, serif\">-Alta sensibilidade, instala\u00e7\u00e3o simples, sem necessidade de programa\u00e7\u00e3o, conecta-se diretamente ao chicote el\u00e9trico do seu ve\u00edculo, cabe perfeitamente no seu carro.<\/span><\/p>\n<p class=\"MsoNormal\"><span style=\"font-size:18px;, times, serif\">&#8212; Todos os nossos produtos foram testados e enviados sob a condi\u00e7\u00e3o de serem aplic\u00e1veis.Se o interruptor da janela apresentar algum problema, basta entrar em contato conosco para lhe dar uma solu\u00e7\u00e3o satisfat\u00f3ria.<\/span><\/p>\n<p class=\"MsoNormal\"><img data-recalc-dims=\"1\" decoding=\"async\" src=\"https:\/\/i0.wp.com\/ae01.alicdn.com\/kf\/S29cbff9fe67842f4be16259f4feedd4c1.png?w=1200&#038;ssl=1\"><\/p>\n<p><span style=\"font-size:18px;, times, serif\">Para Toyota Corolla AE110 1998-2002<br \/><\/span><\/p>\n<p><img data-recalc-dims=\"1\" decoding=\"async\" src=\"https:\/\/i0.wp.com\/ae01.alicdn.com\/kf\/S3af6cd302c3b41d88fb452d5f8e6b0e26.jpg?w=1200&#038;ssl=1\"><\/p>\n<p><img data-recalc-dims=\"1\" decoding=\"async\" src=\"https:\/\/i0.wp.com\/ae01.alicdn.com\/kf\/Sa1f09baa6b4b46eeac826abdc7fec388P.jpg?w=1200&#038;ssl=1\"><img data-recalc-dims=\"1\" decoding=\"async\" src=\"https:\/\/i0.wp.com\/ae01.alicdn.com\/kf\/S832408a6747b4212b8c08ab3a69e072c2.jpg?w=1200&#038;ssl=1\"><img data-recalc-dims=\"1\" decoding=\"async\" src=\"https:\/\/i0.wp.com\/ae01.alicdn.com\/kf\/S3f64e9d8e1f342ac9c5688de2c827d18K.jpg?w=1200&#038;ssl=1\"><\/p>\n<p><img data-recalc-dims=\"1\" decoding=\"async\" src=\"https:\/\/i0.wp.com\/ae01.alicdn.com\/kf\/S856f19d6ace243ba95c191abe3a41d5c6.jpg?w=1200&#038;ssl=1\"><\/p>\n<p><\/p>\n<p><\/p>\n<\/div>\n<\/div>\n","protected":false},"excerpt":{"rendered":"<p>Tipo de produto: interruptor mestre da janela el\u00e9trica frontal direita Fabricante de autom\u00f3veis: Para Toyota No OE: 84820-12350 Qualidade: teste 100% Cor: Preto Tamanho: substitui\u00e7\u00e3o OEM Material: pl\u00e1stico PP e pl\u00e1stico ABS M\u00e9todo de instala\u00e7\u00e3o: estilo plug and play diretamente Terminal: 14+7 pinos Bot\u00f5es: 6 bot\u00f5es Aten\u00e7\u00e3o: A \u00fanica maneira de ter 100% de certeza&hellip;&nbsp;<\/p>\n","protected":false},"featured_media":33749,"template":"","meta":{"neve_meta_sidebar":"","neve_meta_container":"","neve_meta_enable_content_width":"","neve_meta_content_width":0,"neve_meta_title_alignment":"","neve_meta_author_avatar":"","neve_post_elements_order":"","neve_meta_disable_header":"","neve_meta_disable_footer":"","neve_meta_disable_title":""},"product_brand":[],"product_cat":[43,22,17],"product_tag":[],"class_list":{"0":"post-33755","1":"product","2":"type-product","3":"status-publish","4":"has-post-thumbnail","6":"product_cat-interruptores-e-controles","7":"product_cat-partes-interiores","8":"product_cat-pecas-e-acessorios-automotivos","10":"first","11":"outofstock","12":"shipping-taxable","13":"purchasable","14":"product-type-variable","15":"has-default-attributes"},"jetpack_sharing_enabled":true,"_links":{"self":[{"href":"https:\/\/listman.shop\/autoparts-br\/wp-json\/wp\/v2\/product\/33755","targetHints":{"allow":["GET"]}}],"collection":[{"href":"https:\/\/listman.shop\/autoparts-br\/wp-json\/wp\/v2\/product"}],"about":[{"href":"https:\/\/listman.shop\/autoparts-br\/wp-json\/wp\/v2\/types\/product"}],"wp:featuredmedia":[{"embeddable":true,"href":"https:\/\/listman.shop\/autoparts-br\/wp-json\/wp\/v2\/media\/33749"}],"wp:attachment":[{"href":"https:\/\/listman.shop\/autoparts-br\/wp-json\/wp\/v2\/media?parent=33755"}],"wp:term":[{"taxonomy":"product_brand","embeddable":true,"href":"https:\/\/listman.shop\/autoparts-br\/wp-json\/wp\/v2\/product_brand?post=33755"},{"taxonomy":"product_cat","embeddable":true,"href":"https:\/\/listman.shop\/autoparts-br\/wp-json\/wp\/v2\/product_cat?post=33755"},{"taxonomy":"product_tag","embeddable":true,"href":"https:\/\/listman.shop\/autoparts-br\/wp-json\/wp\/v2\/product_tag?post=33755"}],"curies":[{"name":"wp","href":"https:\/\/api.w.org\/{rel}","templated":true}]}}