{"id":33837,"date":"2025-03-22T22:55:52","date_gmt":"2025-03-22T13:55:52","guid":{"rendered":"https:\/\/listman.shop\/autoparts-br\/product\/1005005617152137\/"},"modified":"2026-05-04T19:01:07","modified_gmt":"2026-05-04T10:01:07","slug":"1005005617152137","status":"publish","type":"product","link":"https:\/\/listman.shop\/autoparts-br\/product\/1005005617152137\/","title":{"rendered":"SORGHUM 98025189 Interruptor mestre el\u00e9trico da janela de energia ZD para PEUGEOT 301 2014-2017"},"content":{"rendered":"<div class=\"detailmodule_html\">\n<div class=\"detail-desc-decorate-richtext\">\n<div class=\"detailmodule_html\">\n<div class=\"detail-desc-decorate-richtext\">\n<div class=\"detail-desc-decorate-richtext\">\n<div>&nbsp;<\/div>\n<\/div>\n<div class=\"detailmodule_dynamic\"><\/div>\n<div class=\"detailmodule_html\">\n<div class=\"detail-desc-decorate-richtext\"><img data-recalc-dims=\"1\" decoding=\"async\" src=\"https:\/\/i0.wp.com\/ae01.alicdn.com\/kf\/HTB1gGVbLFXXXXXtaXXXq6xXFXXXp.jpg?w=1200\"><\/div>\n<ul>\n<li>\n<p><span style=\"font-size:16px\">Garantimos que \u00e9 de alta qualidade e testamos que todos funcionam bem antes do envio. Voc\u00ea descobrir\u00e1 que \u00e9 o melhor neg\u00f3cio se comprar. Forneceremos o melhor servi\u00e7o para voc\u00ea.<\/span><\/p>\n<\/li>\n<li>\n<p><span style=\"font-size:16px\">Certifique-se de comprar a pe\u00e7a certa.<\/span><\/p>\n<\/li>\n<li>\n<p><span style=\"font-size:16px\">A \u00fanica maneira de ter 100% de certeza de que a pe\u00e7a cabe no seu ve\u00edculo \u00e9 verificar o n\u00famero da pe\u00e7a original. Voc\u00ea tamb\u00e9m pode ligar para o revendedor local ou me enviar um e-mail para obter ajuda.<\/span><\/p>\n<\/li>\n<li>\n<h2><span style=\"font-size:16px\"><span style=\"font-size:20px\"><span>Podemos apoiar o atacado. H\u00e1 um grande desconto para o atacadista<\/span><\/span><\/span><\/h2>\n<\/li>\n<li>\n<p><span style=\"font-size:22px;font-family:arial, helvetica, sans-serif\">Detalhes do produto<\/span><\/p>\n<div><\/div>\n<table style=\"border-collapse:collapse;font-family:arial, helvetica, sans-serif;font-size:13px;width:750px\" width=\"750\" border=\"1\" cellpadding=\"0\" cellspacing=\"0\">\n<tbody>\n<tr style=\"font-size:inherit\">\n<td style=\"font-size:inherit;padding:0px;width:152px;height:25px\">\n<p style=\"font-size:inherit;font-weight:inherit;line-height:inherit;border:0px none;margin:0px 6pt 0px 0px;margin-bottom:0px;margin-top:0px;margin-left:0px;margin-right:6pt;padding:0px;padding-bottom:0px;padding-top:0px;padding-left:0px;padding-right:0px\"><span style=\"font-size:16px\"><span>Descri\u00e7\u00e3o da descri\u00e7\u00e3o<\/span><\/span><\/p>\n<\/td>\n<td style=\"font-size:inherit;padding:0px;width:598px;height:25px\">\n<p style=\"font-size:inherit;font-weight:inherit;line-height:inherit;border:0px none;margin:0px;margin-bottom:0px;margin-top:0px;margin-left:0px;margin-right:0px;padding:0px;padding-bottom:0px;padding-top:0px;padding-left:0px;padding-right:0px\"><span style=\"font-size:16px\"><span>Interruptor de janela el\u00e9trica mestre98025189ZD Para PEUGEOT 301 2014-2017<\/span><\/span><\/p>\n<\/td>\n<\/tr>\n<tr style=\"font-size:inherit\">\n<td style=\"font-size:inherit;padding:0px;width:152px;height:25px\">\n<p style=\"font-size:inherit;font-weight:inherit;line-height:inherit;border:0px none;margin:0px 6pt 0px 0px;margin-bottom:0px;margin-top:0px;margin-left:0px;margin-right:6pt;padding:0px;padding-bottom:0px;padding-top:0px;padding-left:0px;padding-right:0px\"><span style=\"font-size:16px\"><span>Tipo de produto<\/span><\/span><\/p>\n<\/td>\n<td style=\"font-size:inherit;padding:0px;width:598px;height:25px\">\n<p><span style=\"font-size:16px\"><span>Interruptor de janela el\u00e9trica mestre<\/span><\/span><\/p>\n<\/td>\n<\/tr>\n<tr style=\"font-size:inherit\">\n<td style=\"font-size:inherit;padding:0px;width:152px;height:25px\">\n<p style=\"font-size:inherit;font-weight:inherit;line-height:inherit;border:0px none;margin:0px 6pt 0px 0px;margin-bottom:0px;margin-top:0px;margin-left:0px;margin-right:6pt;padding:0px;padding-bottom:0px;padding-top:0px;padding-left:0px;padding-right:0px\"><span style=\"font-size:16px\"><span>Fabricante de autom\u00f3veis<\/span><\/span><\/p>\n<\/td>\n<td style=\"font-size:inherit;padding:0px;width:598px;height:25px\">\n<p style=\"font-size:inherit;font-weight:inherit;line-height:inherit;border:0px none;margin:0px;margin-bottom:0px;margin-top:0px;margin-left:0px;margin-right:0px;padding:0px;padding-bottom:0px;padding-top:0px;padding-left:0px;padding-right:0px\"><span style=\"font-size:16px\"><span>Para PEUGEOT 301 2014-2017<\/span><\/span><\/p>\n<\/td>\n<\/tr>\n<tr style=\"font-size:inherit\">\n<td style=\"font-size:inherit;padding:0px;width:152px;height:25px\">\n<p style=\"font-size:inherit;font-weight:inherit;line-height:inherit;border:0px none;margin:0px 6pt 0px 0px;margin-bottom:0px;margin-top:0px;margin-left:0px;margin-right:6pt;padding:0px;padding-bottom:0px;padding-top:0px;padding-left:0px;padding-right:0px\"><span style=\"font-size:16px\"><span>OE No.<\/span><\/span><\/p>\n<\/td>\n<td style=\"font-size:inherit;padding:0px;width:598px;height:25px\">\n<p style=\"font-size:inherit;font-weight:inherit;line-height:inherit;border:0px none;margin:0px;margin-bottom:0px;margin-top:0px;margin-left:0px;margin-right:0px;padding:0px;padding-bottom:0px;padding-top:0px;padding-left:0px;padding-right:0px\"><span style=\"font-size:16px\"><span>98025189ZD<\/span><\/span><\/p>\n<\/td>\n<\/tr>\n<tr style=\"font-size:inherit\">\n<td style=\"font-size:inherit;padding:0px;width:152px;height:28px\">\n<p style=\"font-size:inherit;font-weight:inherit;line-height:inherit;border:0px none;margin:0px 6pt 0px 0px;margin-bottom:0px;margin-top:0px;margin-left:0px;margin-right:6pt;padding:0px;padding-bottom:0px;padding-top:0px;padding-left:0px;padding-right:0px\"><span style=\"font-size:16px\"><span>Outros n\u00fameros<\/span><\/span><\/p>\n<\/td>\n<td style=\"font-size:inherit;padding:0px;width:598px;height:28px\">\n<p style=\"font-size:inherit;font-weight:inherit;line-height:inherit;border:0px none;margin:0px 6pt 0px 0px;margin-bottom:0px;margin-top:0px;margin-left:0px;margin-right:6pt;padding:0px;padding-bottom:0px;padding-top:0px;padding-left:0px;padding-right:0px\"><span style=\"font-size:16px\"><span>98025189ZD<\/span><\/span><\/p>\n<\/td>\n<\/tr>\n<tr style=\"font-size:inherit\">\n<td style=\"font-size:inherit;padding:0px;width:152px;height:25px\">\n<p style=\"font-size:inherit;font-weight:inherit;line-height:inherit;border:0px none;margin:0px 6pt 0px 0px;margin-bottom:0px;margin-top:0px;margin-left:0px;margin-right:6pt;padding:0px;padding-bottom:0px;padding-top:0px;padding-left:0px;padding-right:0px\"><span style=\"font-size:16px\"><span>Cor<\/span><\/span><\/p>\n<\/td>\n<td style=\"font-size:inherit;padding:0px;width:598px;height:25px\">\n<p style=\"font-size:inherit;font-weight:inherit;line-height:inherit;border:0px none;margin:0px 6pt 0px 0px;margin-bottom:0px;margin-top:0px;margin-left:0px;margin-right:6pt;padding:0px;padding-bottom:0px;padding-top:0px;padding-left:0px;padding-right:0px\"><span style=\"font-size:16px\"><span>Preto<\/span><\/span><\/p>\n<\/td>\n<\/tr>\n<tr style=\"font-size:inherit\">\n<td style=\"font-size:inherit;padding:0px;width:152px;height:25px\">\n<p style=\"font-size:inherit;font-weight:inherit;line-height:inherit;border:0px none;margin:0px 6pt 0px 0px;margin-bottom:0px;margin-top:0px;margin-left:0px;margin-right:6pt;padding:0px;padding-bottom:0px;padding-top:0px;padding-left:0px;padding-right:0px\"><span style=\"font-size:16px\"><span>Tamanho<\/span><\/span><\/p>\n<\/td>\n<td style=\"font-size:inherit;padding:0px;width:598px;height:25px\">\n<p style=\"font-size:inherit;font-weight:inherit;line-height:inherit;border:0px none;margin:0px 6pt 0px 0px;margin-bottom:0px;margin-top:0px;margin-left:0px;margin-right:6pt;padding:0px;padding-bottom:0px;padding-top:0px;padding-left:0px;padding-right:0px\"><span style=\"font-size:16px\"><span>O mesmo que o OEM<\/span><\/span><\/p>\n<\/td>\n<\/tr>\n<tr style=\"font-size:inherit\">\n<td style=\"font-size:inherit;padding:0px;width:152px;height:25px\">\n<p style=\"font-size:inherit;font-weight:inherit;line-height:inherit;border:0px none;margin:0px 6pt 0px 0px;margin-bottom:0px;margin-top:0px;margin-left:0px;margin-right:6pt;padding:0px;padding-bottom:0px;padding-top:0px;padding-left:0px;padding-right:0px\"><span style=\"font-size:16px\"><span>Conte\u00fado do pacote<\/span><\/span><\/p>\n<\/td>\n<td style=\"font-size:inherit;padding:0px;width:598px;height:25px\">\n<p style=\"font-size:inherit;font-weight:inherit;line-height:inherit;border:0px none;margin:0px 6pt 0px 0px;margin-bottom:0px;margin-top:0px;margin-left:0px;margin-right:6pt;padding:0px;padding-bottom:0px;padding-top:0px;padding-left:0px;padding-right:0px\"><span style=\"font-size:16px\"><span>Interruptor de janela el\u00e9trica mestre de 1 pe\u00e7a<\/span><\/span><\/p>\n<\/td>\n<\/tr>\n<\/tbody>\n<\/table>\n<div><\/div>\n<p><span style=\"font-size:22px;font-family:arial, helvetica, sans-serif\">Aplica\u00e7\u00e3o<\/span><\/p>\n<\/li>\n<li>\n<p><span style=\"font-size:22px;font-family:arial, helvetica, sans-serif\">Para PEUGEOT 301 2014-2017<\/span><img data-recalc-dims=\"1\" decoding=\"async\" src=\"https:\/\/i0.wp.com\/ae01.alicdn.com\/kf\/Ha82fdfe6021f4e3c984132539122c4aaH.jpg?w=1200&#038;ssl=1\"><img data-recalc-dims=\"1\" decoding=\"async\" src=\"https:\/\/i0.wp.com\/ae01.alicdn.com\/kf\/H8910a4fd46944c56a46b40904947bcc94.jpg?w=1200&#038;ssl=1\"><img data-recalc-dims=\"1\" decoding=\"async\" src=\"https:\/\/i0.wp.com\/ae01.alicdn.com\/kf\/H17ba889bcbbb4d41be52abad0cea66d8p.jpg?w=1200&#038;ssl=1\"><\/p>\n<\/li>\n<li>\n<p><img data-recalc-dims=\"1\" decoding=\"async\" src=\"https:\/\/i0.wp.com\/ae01.alicdn.com\/kf\/HTB1E0a_L3HqK1RjSZFPq6AwapXaA.jpg?w=1200\"><\/p>\n<\/li>\n<li>\n<div>\n<div><\/div>\n<\/div>\n<\/li>\n<\/ul>\n<\/div>\n<\/div>\n<\/div>\n<p><\/p>\n<\/div>\n<\/div>\n","protected":false},"excerpt":{"rendered":"<p>&nbsp; Garantimos que \u00e9 de alta qualidade e testamos que todos funcionam bem antes do envio. Voc\u00ea descobrir\u00e1 que \u00e9 o melhor neg\u00f3cio se comprar. Forneceremos o melhor servi\u00e7o para voc\u00ea. Certifique-se de comprar a pe\u00e7a certa. A \u00fanica maneira de ter 100% de certeza de que a pe\u00e7a cabe no seu ve\u00edculo \u00e9 verificar&hellip;&nbsp;<\/p>\n","protected":false},"featured_media":33831,"template":"","meta":{"neve_meta_sidebar":"","neve_meta_container":"","neve_meta_enable_content_width":"","neve_meta_content_width":0,"neve_meta_title_alignment":"","neve_meta_author_avatar":"","neve_post_elements_order":"","neve_meta_disable_header":"","neve_meta_disable_footer":"","neve_meta_disable_title":""},"product_brand":[],"product_cat":[43,22,17],"product_tag":[],"class_list":{"0":"post-33837","1":"product","2":"type-product","3":"status-publish","4":"has-post-thumbnail","6":"product_cat-interruptores-e-controles","7":"product_cat-partes-interiores","8":"product_cat-pecas-e-acessorios-automotivos","10":"first","11":"instock","12":"shipping-taxable","13":"purchasable","14":"product-type-variable"},"jetpack_sharing_enabled":true,"_links":{"self":[{"href":"https:\/\/listman.shop\/autoparts-br\/wp-json\/wp\/v2\/product\/33837","targetHints":{"allow":["GET"]}}],"collection":[{"href":"https:\/\/listman.shop\/autoparts-br\/wp-json\/wp\/v2\/product"}],"about":[{"href":"https:\/\/listman.shop\/autoparts-br\/wp-json\/wp\/v2\/types\/product"}],"wp:featuredmedia":[{"embeddable":true,"href":"https:\/\/listman.shop\/autoparts-br\/wp-json\/wp\/v2\/media\/33831"}],"wp:attachment":[{"href":"https:\/\/listman.shop\/autoparts-br\/wp-json\/wp\/v2\/media?parent=33837"}],"wp:term":[{"taxonomy":"product_brand","embeddable":true,"href":"https:\/\/listman.shop\/autoparts-br\/wp-json\/wp\/v2\/product_brand?post=33837"},{"taxonomy":"product_cat","embeddable":true,"href":"https:\/\/listman.shop\/autoparts-br\/wp-json\/wp\/v2\/product_cat?post=33837"},{"taxonomy":"product_tag","embeddable":true,"href":"https:\/\/listman.shop\/autoparts-br\/wp-json\/wp\/v2\/product_tag?post=33837"}],"curies":[{"name":"wp","href":"https:\/\/api.w.org\/{rel}","templated":true}]}}