{"id":3391,"date":"2024-10-13T01:37:43","date_gmt":"2024-10-12T16:37:43","guid":{"rendered":"https:\/\/listman.shop\/autoparts-br\/product\/1005006806151679\/"},"modified":"2026-04-14T14:40:06","modified_gmt":"2026-04-14T05:40:06","slug":"1005006806151679","status":"publish","type":"product","link":"https:\/\/listman.shop\/autoparts-br\/product\/1005006806151679\/","title":{"rendered":"Novo para audi a4 b8 2009 -2012 farol do carro abajur transparente lente do farol habita\u00e7\u00e3o capa lente prote\u00e7\u00e3o de luz"},"content":{"rendered":"<div class=\"detailmodule_html\">\n<div class=\"detail-desc-decorate-richtext\">\n<div class=\"detailmodule_html\">\n<div class=\"detail-desc-decorate-richtext\">\n<div>\n   <span style=\"font-size:36px\"><span id=\"tl_1\">apresentar<\/span><\/span><br \/>\n   <span style=\"font-size:36px\" id=\"tl_2\"><\/p>\n<p>Nome do produto: Abajur do farol lente transparente da lente do farol capa da caixa lente prote&ccedil;&atilde;o da luzLente transparente do farol abajur capa <\/p>\n<p>Estado do produto: novo <\/p>\n<p>Modelo: Para Audi A8 B8 2009-2012 <\/p>\n<p><\/span><br \/>\n   <span style=\"font-size:36px\"><span id=\"tl_3\">Vantagem:<\/span><\/span><br \/>\n   <span style=\"font-size:36px\" id=\"tl_4\"><br \/>1: O material original do carro. <br \/>2: Antioxidante. <br \/>3: Resist&ecirc;ncia a altas temperaturas. <br \/>4: Forte transpar&ecirc;ncia. <br \/>5: F&aacute;cil de instalar.<\/span>\n  <\/div>\n<p style=\"margin:0px;margin-bottom:0px;margin-top:0px;margin-left:0px;margin-right:0px;display:block;width:100%\"><img data-recalc-dims=\"1\" decoding=\"async\" src=\"https:\/\/i0.wp.com\/ae01.alicdn.com\/kf\/Se0b13b995b824dd2a6ed35349789ee8aq.jpg?w=1200&#038;ssl=1\" \/><img data-recalc-dims=\"1\" decoding=\"async\" src=\"https:\/\/i0.wp.com\/ae01.alicdn.com\/kf\/Sf6f6210e195f4819a7e180b2ee14bab98.jpg?w=1200&#038;ssl=1\" \/><img data-recalc-dims=\"1\" decoding=\"async\" src=\"https:\/\/i0.wp.com\/ae01.alicdn.com\/kf\/Sc3a3e0b9ae6040b68ecaa4481576f800f.jpg?w=1200&#038;ssl=1\" \/><img data-recalc-dims=\"1\" decoding=\"async\" src=\"https:\/\/i0.wp.com\/ae01.alicdn.com\/kf\/S57aa5baf504d4c2dae80dbac11dee3c0X.jpg?w=1200&#038;ssl=1\" \/><img data-recalc-dims=\"1\" decoding=\"async\" src=\"https:\/\/i0.wp.com\/ae01.alicdn.com\/kf\/S049bbb569771450890837105cd9d83885.jpg?w=1200&#038;ssl=1\" \/><\/p>\n<\/p><\/div>\n<\/div>\n<p><\/div>\n<\/div>\n","protected":false},"excerpt":{"rendered":"<p>apresentar Nome do produto: Abajur do farol lente transparente da lente do farol capa da caixa lente prote&ccedil;&atilde;o da luzLente transparente do farol abajur capa Estado do produto: novo Modelo: Para Audi A8 B8 2009-2012 Vantagem: 1: O material original do carro. 2: Antioxidante. 3: Resist&ecirc;ncia a altas temperaturas. 4: Forte transpar&ecirc;ncia. 5: F&aacute;cil de&hellip;&nbsp;<\/p>\n","protected":false},"featured_media":3385,"template":"","meta":{"neve_meta_sidebar":"","neve_meta_container":"","neve_meta_enable_content_width":"","neve_meta_content_width":0,"neve_meta_title_alignment":"","neve_meta_author_avatar":"","neve_post_elements_order":"","neve_meta_disable_header":"","neve_meta_disable_footer":"","neve_meta_disable_title":""},"product_brand":[],"product_cat":[94,19,17],"product_tag":[],"class_list":{"0":"post-3391","1":"product","2":"type-product","3":"status-publish","4":"has-post-thumbnail","6":"product_cat-concha","7":"product_cat-luzes-automotivas","8":"product_cat-pecas-e-acessorios-automotivos","10":"first","11":"instock","12":"shipping-taxable","13":"purchasable","14":"product-type-variable","15":"has-default-attributes"},"jetpack_sharing_enabled":true,"_links":{"self":[{"href":"https:\/\/listman.shop\/autoparts-br\/wp-json\/wp\/v2\/product\/3391","targetHints":{"allow":["GET"]}}],"collection":[{"href":"https:\/\/listman.shop\/autoparts-br\/wp-json\/wp\/v2\/product"}],"about":[{"href":"https:\/\/listman.shop\/autoparts-br\/wp-json\/wp\/v2\/types\/product"}],"wp:featuredmedia":[{"embeddable":true,"href":"https:\/\/listman.shop\/autoparts-br\/wp-json\/wp\/v2\/media\/3385"}],"wp:attachment":[{"href":"https:\/\/listman.shop\/autoparts-br\/wp-json\/wp\/v2\/media?parent=3391"}],"wp:term":[{"taxonomy":"product_brand","embeddable":true,"href":"https:\/\/listman.shop\/autoparts-br\/wp-json\/wp\/v2\/product_brand?post=3391"},{"taxonomy":"product_cat","embeddable":true,"href":"https:\/\/listman.shop\/autoparts-br\/wp-json\/wp\/v2\/product_cat?post=3391"},{"taxonomy":"product_tag","embeddable":true,"href":"https:\/\/listman.shop\/autoparts-br\/wp-json\/wp\/v2\/product_tag?post=3391"}],"curies":[{"name":"wp","href":"https:\/\/api.w.org\/{rel}","templated":true}]}}