{"id":33915,"date":"2025-03-22T22:58:58","date_gmt":"2025-03-22T13:58:58","guid":{"rendered":"https:\/\/listman.shop\/autoparts-br\/product\/1005005820600454\/"},"modified":"2026-05-04T19:40:08","modified_gmt":"2026-05-04T10:40:08","slug":"1005005820600454","status":"publish","type":"product","link":"https:\/\/listman.shop\/autoparts-br\/product\/1005005820600454\/","title":{"rendered":"3AD 927137   3AD 927137 B 3AB 927137 D 21 pinos interruptor de freio de m\u00e3o el\u00e9trico bot\u00e3o de freio de estacionamento para 2012- 2015 VW Passat B7 Passat CC"},"content":{"rendered":"<div class=\"detailmodule_html\">\n<div class=\"detail-desc-decorate-richtext\">\n<p><strong><span style=\"font-size:32px;font-family:arial, helvetica, sans-serif\">3AD927137 3AD927137B 3AB927137D 21 pinos interruptor de freio de m\u00e3o el\u00e9trico bot\u00e3o de freio de estacionamento para 2012- 2015 vw passat b7 passat cc<\/span><\/strong><\/p>\n<p><img data-recalc-dims=\"1\" decoding=\"async\" src=\"https:\/\/i0.wp.com\/ae01.alicdn.com\/kf\/S7e5d7193151841618a9fadd5e9f4b801T.jpg?w=1200&#038;ssl=1\"><\/p>\n<p><span style=\"font-size:22px;font-family:arial, helvetica, sans-serif\">Para 2012- 2015 VW Passat B7 Passat CC<\/span><\/p>\n<p><img data-recalc-dims=\"1\" decoding=\"async\" src=\"https:\/\/i0.wp.com\/ae01.alicdn.com\/kf\/S1e4665fbbc9e42589b61b3c9695429bfP.jpg?w=1200&#038;ssl=1\"><\/p>\n<p><img data-recalc-dims=\"1\" decoding=\"async\" src=\"https:\/\/i0.wp.com\/ae01.alicdn.com\/kf\/S1f9238c4eb014be49d8b84799906343dd.jpg?w=1200&#038;ssl=1\"><img data-recalc-dims=\"1\" decoding=\"async\" src=\"https:\/\/i0.wp.com\/ae01.alicdn.com\/kf\/S90243f3375e84409a2e94b14d891a75b9.jpg?w=1200&#038;ssl=1\"><img data-recalc-dims=\"1\" decoding=\"async\" src=\"https:\/\/i0.wp.com\/ae01.alicdn.com\/kf\/S9364557069d04e53acb0ef5e65bc58f8Y.jpg?w=1200&#038;ssl=1\"><img data-recalc-dims=\"1\" decoding=\"async\" src=\"https:\/\/i0.wp.com\/ae01.alicdn.com\/kf\/S8ef2845089384de8932272a2f823aab5H.jpg?w=1200&#038;ssl=1\"><\/p>\n<p><img data-recalc-dims=\"1\" decoding=\"async\" src=\"https:\/\/i0.wp.com\/ae01.alicdn.com\/kf\/Sd55c8c9ac3284f73a9c8a030de133475q.jpg?w=1200&#038;ssl=1\"><\/p>\n<p><\/p>\n<p><\/p>\n<\/div>\n<\/div>\n","protected":false},"excerpt":{"rendered":"<p>3AD927137 3AD927137B 3AB927137D 21 pinos interruptor de freio de m\u00e3o el\u00e9trico bot\u00e3o de freio de estacionamento para 2012- 2015 vw passat b7 passat cc Para 2012- 2015 VW Passat B7 Passat CC<\/p>\n","protected":false},"featured_media":33909,"template":"","meta":{"neve_meta_sidebar":"","neve_meta_container":"","neve_meta_enable_content_width":"","neve_meta_content_width":0,"neve_meta_title_alignment":"","neve_meta_author_avatar":"","neve_post_elements_order":"","neve_meta_disable_header":"","neve_meta_disable_footer":"","neve_meta_disable_title":""},"product_brand":[],"product_cat":[43,22,17],"product_tag":[],"class_list":{"0":"post-33915","1":"product","2":"type-product","3":"status-publish","4":"has-post-thumbnail","6":"product_cat-interruptores-e-controles","7":"product_cat-partes-interiores","8":"product_cat-pecas-e-acessorios-automotivos","10":"first","11":"instock","12":"shipping-taxable","13":"purchasable","14":"product-type-variable","15":"has-default-attributes"},"jetpack_sharing_enabled":true,"_links":{"self":[{"href":"https:\/\/listman.shop\/autoparts-br\/wp-json\/wp\/v2\/product\/33915","targetHints":{"allow":["GET"]}}],"collection":[{"href":"https:\/\/listman.shop\/autoparts-br\/wp-json\/wp\/v2\/product"}],"about":[{"href":"https:\/\/listman.shop\/autoparts-br\/wp-json\/wp\/v2\/types\/product"}],"wp:featuredmedia":[{"embeddable":true,"href":"https:\/\/listman.shop\/autoparts-br\/wp-json\/wp\/v2\/media\/33909"}],"wp:attachment":[{"href":"https:\/\/listman.shop\/autoparts-br\/wp-json\/wp\/v2\/media?parent=33915"}],"wp:term":[{"taxonomy":"product_brand","embeddable":true,"href":"https:\/\/listman.shop\/autoparts-br\/wp-json\/wp\/v2\/product_brand?post=33915"},{"taxonomy":"product_cat","embeddable":true,"href":"https:\/\/listman.shop\/autoparts-br\/wp-json\/wp\/v2\/product_cat?post=33915"},{"taxonomy":"product_tag","embeddable":true,"href":"https:\/\/listman.shop\/autoparts-br\/wp-json\/wp\/v2\/product_tag?post=33915"}],"curies":[{"name":"wp","href":"https:\/\/api.w.org\/{rel}","templated":true}]}}