{"id":34060,"date":"2025-03-22T23:15:08","date_gmt":"2025-03-22T14:15:08","guid":{"rendered":"https:\/\/listman.shop\/autoparts-br\/product\/1005006112145941\/"},"modified":"2026-05-04T20:04:06","modified_gmt":"2026-05-04T11:04:06","slug":"1005006112145941","status":"publish","type":"product","link":"https:\/\/listman.shop\/autoparts-br\/product\/1005006112145941\/","title":{"rendered":"Novo interruptor de bot\u00e3o de controle de m\u00eddia de telefone bluetooth para suzuki sx4 swift 2006-2013 interruptor de bot\u00e3o de volante volume de \u00e1udio"},"content":{"rendered":"<div class=\"detailmodule_html\">\n<div class=\"detail-desc-decorate-richtext\">\n<div class=\"detailmodule_html\">\n<div class=\"detail-desc-decorate-richtext\">\n<div class=\"detailmodule_dynamic\"><\/div>\n<div class=\"detailmodule_dynamic\"><\/div>\n<div class=\"detailmodule_dynamic\"><\/div>\n<div>\n<div>\n<p><span style=\"font-size:20px;font-family:arial, helvetica, sans-serif\"><strong>Recurso<\/strong><\/span><span style=\"font-size:20px;font-family:arial, helvetica, sans-serif\"><strong>:<\/strong><\/span><\/p>\n<p><\/p>\n<p style=\", sans-serif;font-size:14px;font-weight:400;letter-spacing:normal;line-height:inherit;text-align:start;white-space:normal;margin:0px;margin-bottom:0px;margin-top:0px;margin-left:0px;margin-right:0px;padding:0px 0px 0px 0em;padding-bottom:0px;padding-top:0px;padding-right:0px\" align=\"start\"><span style=\"font-size:16px;font-family:arial, helvetica, sans-serif\">1. O interruptor da chave do volante n\u00e3o \u00e9 plug and play, encontre um profissional para instalar;<\/span><\/p>\n<p style=\", sans-serif;font-size:medium;font-weight:400;letter-spacing:normal;line-height:inherit;text-align:start;white-space:normal;margin:0px;margin-bottom:0px;margin-top:0px;margin-left:0px;margin-right:0px;padding:0px;padding-bottom:0px;padding-top:0px;padding-left:0px;padding-right:0px\" align=\"start\"><span style=\"font-size:16px;font-family:arial, helvetica, sans-serif\">2.A fun\u00e7\u00e3o de cada bot\u00e3o de controle lateral requer o suporte do DVD do carro;<\/span><\/p>\n<p style=\", sans-serif;font-size:medium;font-weight:400;letter-spacing:normal;line-height:inherit;text-align:start;white-space:normal;margin:0px;margin-bottom:0px;margin-top:0px;margin-left:0px;margin-right:0px;padding:0px;padding-bottom:0px;padding-top:0px;padding-left:0px;padding-right:0px\" align=\"start\"><span style=\"font-size:16px;font-family:arial, helvetica, sans-serif\">3.O controle de DISP, trip e outros instrumentos requer o suporte de instrumentos de alta configura\u00e7\u00e3o e, ao mesmo tempo, precisa conectar a linha ao instrumento.<\/span><\/p>\n<p style=\", sans-serif;font-size:medium;font-weight:400;letter-spacing:normal;line-height:inherit;text-align:start;white-space:normal;margin:0px;margin-bottom:0px;margin-top:0px;margin-left:0px;margin-right:0px;padding:0px;padding-bottom:0px;padding-top:0px;padding-left:0px;padding-right:0px\" align=\"start\"><span style=\"font-size:16px;font-family:arial, helvetica, sans-serif\">4.O ordem das linhas pode ser diferente em diferentes regi\u00f5es e precisa ser ajustado de acordo com as linhas antigas na parte inferior da mola do rel\u00f3gio.<\/span><\/p>\n<p style=\", sans-serif;font-size:medium;font-weight:400;letter-spacing:normal;line-height:inherit;text-align:start;white-space:normal;margin:0px;margin-bottom:0px;margin-top:0px;margin-left:0px;margin-right:0px;padding:0px;padding-bottom:0px;padding-top:0px;padding-left:0px;padding-right:0px\" align=\"start\"><span style=\"font-size:16px;font-family:arial, helvetica, sans-serif\">As instru\u00e7\u00f5es de instala\u00e7\u00e3o N\u00c3O est\u00e3o inclu\u00eddas.<\/span><\/p>\n<p style=\", sans-serif;font-size:medium;font-weight:400;letter-spacing:normal;line-height:inherit;text-align:start;white-space:normal;margin:0px;margin-bottom:0px;margin-top:0px;margin-left:0px;margin-right:0px;padding:0px;padding-bottom:0px;padding-top:0px;padding-left:0px;padding-right:0px\" align=\"start\"><span style=\"font-size:16px;font-family:arial, helvetica, sans-serif\">Este \u00e9 um item de reposi\u00e7\u00e3o p\u00f3s-venda, mas n\u00e3o \u00e9 genu\u00edno.<\/span><\/p>\n<div style=\", Roboto, Arial, Helvetica, sans-serif, SimSun;font-size:14px;font-weight:400;letter-spacing:normal;text-align:start;white-space:normal;margin:0px;margin-bottom:0px;margin-top:0px;margin-left:0px;margin-right:0px;padding:0px;padding-bottom:0px;padding-top:0px;padding-left:0px;padding-right:0px\" align=\"start\"><span style=\"font-size:20px;font-family:arial, helvetica, sans-serif\"><strong>Adequado para:<\/strong><\/span><\/div>\n<div style=\", Roboto, Arial, Helvetica, sans-serif, SimSun;font-size:14px;font-weight:400;letter-spacing:normal;text-align:start;white-space:normal;margin:0px;margin-bottom:0px;margin-top:0px;margin-left:0px;margin-right:0px;padding:0px;padding-bottom:0px;padding-top:0px;padding-left:0px;padding-right:0px\" align=\"start\"><\/div>\n<div>\n<div>\n<div>\n<div>\n<div style=\", Roboto, Arial, Helvetica, sans-serif, SimSun;font-size:14px;font-weight:400;letter-spacing:normal;text-align:start;white-space:normal;margin:0px;margin-bottom:0px;margin-top:0px;margin-left:0px;margin-right:0px;padding:0px;padding-bottom:0px;padding-top:0px;padding-left:0px;padding-right:0px\" align=\"start\"><span style=\"font-size:16px;font-family:arial, helvetica, sans-serif\">37460 D63J10<\/span><\/div>\n<\/div>\n<\/div>\n<\/div>\n<\/div>\n<div style=\", Roboto, Arial, Helvetica, sans-serif, SimSun;font-size:14px;font-weight:400;letter-spacing:normal;text-align:start;white-space:normal;margin:0px;margin-bottom:0px;margin-top:0px;margin-left:0px;margin-right:0px;padding:0px;padding-bottom:0px;padding-top:0px;padding-left:0px;padding-right:0px\" align=\"start\"><span style=\"font-size:16px;font-family:arial, helvetica, sans-serif\">Para Suzuki Swift 2005-2016<\/span><\/div>\n<div style=\", Roboto, Arial, Helvetica, sans-serif, SimSun;font-size:14px;font-weight:400;letter-spacing:normal;text-align:start;white-space:normal;margin:0px;margin-bottom:0px;margin-top:0px;margin-left:0px;margin-right:0px;padding:0px;padding-bottom:0px;padding-top:0px;padding-left:0px;padding-right:0px\" align=\"start\"><span style=\"font-size:16px;font-family:arial, helvetica, sans-serif\">Para Suzuki SX4 2006-2016<\/span><\/div>\n<div style=\", Roboto, Arial, Helvetica, sans-serif, SimSun;font-size:14px;font-weight:400;letter-spacing:normal;text-align:start;white-space:normal;margin:0px;margin-bottom:0px;margin-top:0px;margin-left:0px;margin-right:0px;padding:0px;padding-bottom:0px;padding-top:0px;padding-left:0px;padding-right:0px\" align=\"start\"><span style=\"font-size:16px;font-family:arial, helvetica, sans-serif\">Para Suzuki Alto 2009-2016<\/span><\/div>\n<div>&nbsp;<\/div>\n<p><span style=\"font-size:20px;font-family:arial, helvetica, sans-serif\"><strong>Dicas quentes:<\/strong><\/span><\/p>\n<div>&nbsp;<\/div>\n<div>\n<div>\n<div style=\", Arial, Helvetica, sans-serif, Heiti;font-size:14px;font-weight:400;letter-spacing:normal;text-align:start;white-space:normal;margin:0px;margin-bottom:0px;margin-top:0px;margin-left:0px;margin-right:0px;padding:0px 0px 0px 0em;padding-bottom:0px;padding-top:0px;padding-right:0px\" align=\"start\">\n<div style=\", sans-serif;margin:0px;margin-bottom:0px;margin-top:0px;margin-left:0px;margin-right:0px;padding:0px 0px 0px 0em;padding-bottom:0px;padding-top:0px;padding-right:0px\"><span style=\"font-size:16px;font-family:arial, helvetica, sans-serif\">-As instru\u00e7\u00f5es de instala\u00e7\u00e3o N\u00c3O est\u00e3o inclu\u00eddas. A instala\u00e7\u00e3o profissional \u00e9 altamente recomendada.<\/span><\/div>\n<div style=\", sans-serif;margin:0px;margin-bottom:0px;margin-top:0px;margin-left:0px;margin-right:0px;padding:0px 0px 0px 0em;padding-bottom:0px;padding-top:0px;padding-right:0px\"><span style=\"font-size:16px;font-family:arial, helvetica, sans-serif\">-Devido \u00e0 diferen\u00e7a de luz e tela, a cor do item pode ser ligeiramente diferente das imagens.<\/span><\/div>\n<\/div>\n<div style=\", sans-serif;font-size:14px;font-weight:400;letter-spacing:normal;text-align:start;white-space:normal;margin:0px;margin-bottom:0px;margin-top:0px;margin-left:0px;margin-right:0px;padding:0px 0px 0px 0em;padding-bottom:0px;padding-top:0px;padding-right:0px\" align=\"start\"><span style=\"font-size:16px;font-family:arial, helvetica, sans-serif\">-Por favor, permita diferen\u00e7as de 1-2mm devido \u00e0 medi\u00e7\u00e3o manual.<\/span><\/div>\n<\/div>\n<\/div>\n<div>\n<div>\n<p><img data-recalc-dims=\"1\" decoding=\"async\" src=\"https:\/\/i0.wp.com\/ae01.alicdn.com\/kf\/H5c35f806d8ad41c89d15533c21c31af5c.jpg?w=1200&#038;ssl=1\"><\/p>\n<div>\n<div>\n<div>\n<div><\/div>\n<\/div>\n<\/div>\n<\/div>\n<div><\/div>\n<div>\n<div>\n<div>\n<div><\/div>\n<\/div>\n<\/div>\n<\/div>\n<p><img data-recalc-dims=\"1\" decoding=\"async\" src=\"https:\/\/i0.wp.com\/ae01.alicdn.com\/kf\/H27d2d301bfac4e8e8861d992b57590afd.jpg?w=1200&#038;ssl=1\"><img data-recalc-dims=\"1\" decoding=\"async\" src=\"https:\/\/i0.wp.com\/ae01.alicdn.com\/kf\/H51ecc09b972a4a03a0dfe2dd10a3411fj.jpg?w=1200&#038;ssl=1\"><img data-recalc-dims=\"1\" decoding=\"async\" src=\"https:\/\/i0.wp.com\/ae01.alicdn.com\/kf\/H48a9412affed461b9f0732ecd0c3e0a7q.jpg?w=1200&#038;ssl=1\"><img data-recalc-dims=\"1\" decoding=\"async\" src=\"https:\/\/i0.wp.com\/ae01.alicdn.com\/kf\/H512f05a370a946e5b5d4b801c785bd9fu.jpg?w=1200&#038;ssl=1\"><img data-recalc-dims=\"1\" decoding=\"async\" src=\"https:\/\/i0.wp.com\/ae01.alicdn.com\/kf\/H0b231b76e75a46e2a928b1399d068ea1p.jpg?w=1200&#038;ssl=1\"><img data-recalc-dims=\"1\" decoding=\"async\" src=\"https:\/\/i0.wp.com\/ae01.alicdn.com\/kf\/H29193c3d9b3c43e19d038ef1bec3a270D.jpg?w=1200&#038;ssl=1\"><img data-recalc-dims=\"1\" decoding=\"async\" src=\"https:\/\/i0.wp.com\/ae01.alicdn.com\/kf\/H9ac1cd61975942af947854e949133f7f8.jpg?w=1200&#038;ssl=1\"><img data-recalc-dims=\"1\" decoding=\"async\" src=\"https:\/\/i0.wp.com\/ae01.alicdn.com\/kf\/Hdaced888f4f14b46baa4142a067c68964.jpg?w=1200&#038;ssl=1\"><img data-recalc-dims=\"1\" decoding=\"async\" src=\"https:\/\/i0.wp.com\/ae01.alicdn.com\/kf\/H8590ada0e20040c4b2adb08d6bbcbda3C.jpg?w=1200&#038;ssl=1\"><\/p>\n<div>\n<div>\n<div>\n<div><\/div>\n<\/div>\n<\/div>\n<\/div>\n<\/div>\n<\/div>\n<p><span style=\"font-size:20px\"><strong>Pagamento<\/strong><\/span><\/p>\n<p style=\"font-family:arial;font-size:14px;font-weight:400;letter-spacing:normal;line-height:inherit;text-align:start;white-space:normal;margin:0px;margin-bottom:0px;margin-top:0px;margin-left:0px;margin-right:0px;padding:0px 0px 0px 0em;padding-bottom:0px;padding-top:0px;padding-right:0px\" align=\"start\"><span style=\"font-size:14px\">Aceitamos pagamento por cart\u00e3o de cr\u00e9dito, transfer\u00eancia banc\u00e1ria e outros pagamentos que o Aliexpress suporta.<\/span><\/p>\n<p style=\"font-family:arial;font-size:14px;font-weight:400;letter-spacing:normal;line-height:inherit;text-align:start;white-space:normal;margin:0px;margin-bottom:0px;margin-top:0px;margin-left:0px;margin-right:0px;padding:0px 0px 0px 0em;padding-bottom:0px;padding-top:0px;padding-right:0px\" align=\"start\"><span style=\"font-size:14px\">O pagamento deve ser feito dentro de 3 dias ap\u00f3s a cria\u00e7\u00e3o do pedido. Se um pedido n\u00e3o for pago ap\u00f3s 3 dias, ele ser\u00e1 fechado.<\/span><\/p>\n<p style=\"font-family:arial;font-size:14px;font-weight:400;letter-spacing:normal;line-height:inherit;text-align:start;white-space:normal;margin:0px;margin-bottom:0px;margin-top:0px;margin-left:0px;margin-right:0px;padding:0px 0px 0px 0em;padding-bottom:0px;padding-top:0px;padding-right:0px\" align=\"start\"><span style=\"font-size:20px\"><strong>Direitos de importa\u00e7\u00e3o<\/strong><\/span><\/p>\n<p style=\"font-family:arial;font-size:14px;font-weight:400;letter-spacing:normal;line-height:inherit;text-align:start;white-space:normal;margin:0px;margin-bottom:0px;margin-top:0px;margin-left:0px;margin-right:0px;padding:0px 0px 0px 0em;padding-bottom:0px;padding-top:0px;padding-right:0px\" align=\"start\"><span style=\"font-size:14px\">Impostos, taxas e encargos de importa\u00e7\u00e3o n\u00e3o est\u00e3o inclu\u00eddos no pre\u00e7o do item ou nos custos de envio.<\/span><\/p>\n<p style=\"font-family:arial;font-size:14px;font-weight:400;letter-spacing:normal;line-height:inherit;text-align:start;white-space:normal;margin:0px;margin-bottom:0px;margin-top:0px;margin-left:0px;margin-right:0px;padding:0px 0px 0px 0em;padding-bottom:0px;padding-top:0px;padding-right:0px\" align=\"start\"><span style=\"font-size:20px\"><strong>Expedi\u00e7\u00e3o<\/strong><\/span><\/p>\n<p style=\"font-family:arial;font-size:14px;font-weight:400;letter-spacing:normal;line-height:inherit;text-align:start;white-space:normal;margin:0px;margin-bottom:0px;margin-top:0px;margin-left:0px;margin-right:0px;padding:0px 0px 0px 0em;padding-bottom:0px;padding-top:0px;padding-right:0px\" align=\"start\"><span style=\"font-size:14px\">O envio mundial pela China Post\/HK post \u00e9 muito lento.O prazo m\u00e9dio de entrega \u00e9 de cerca de 40 dias.<\/span><\/p>\n<p style=\"font-family:arial;font-size:14px;font-weight:400;letter-spacing:normal;line-height:inherit;text-align:start;white-space:normal;margin:0px;margin-bottom:0px;margin-top:0px;margin-left:0px;margin-right:0px;padding:0px 0px 0px 0em;padding-bottom:0px;padding-top:0px;padding-right:0px\" align=\"start\"><span style=\"font-size:14px\">Mas voc\u00ea tem que esperar de 50 a 70 dias na temporada de compras e no mau tempo.<\/span><\/p>\n<p style=\"font-family:arial;font-size:14px;font-weight:400;letter-spacing:normal;line-height:inherit;text-align:start;white-space:normal;margin:0px;margin-bottom:0px;margin-top:0px;margin-left:0px;margin-right:0px;padding:0px 0px 0px 0em;padding-bottom:0px;padding-top:0px;padding-right:0px\" align=\"start\"><span style=\"font-size:14px\">Se voc\u00ea n\u00e3o recebeu seus itens dentro de 40 dias \u00fateis ap\u00f3s o envio,<\/span><\/p>\n<p style=\"font-family:arial;font-size:14px;font-weight:400;letter-spacing:normal;line-height:inherit;text-align:start;white-space:normal;margin:0px;margin-bottom:0px;margin-top:0px;margin-left:0px;margin-right:0px;padding:0px 0px 0px 0em;padding-bottom:0px;padding-top:0px;padding-right:0px\" align=\"start\"><span style=\"font-size:14px\">entre em contato conosco.Rastrearemos o envio e tentaremos resolver o problema o mais r\u00e1pido poss\u00edvel.<\/span><\/p>\n<p style=\"font-family:arial;font-size:14px;font-weight:400;letter-spacing:normal;line-height:inherit;text-align:start;white-space:normal;margin:0px;margin-bottom:0px;margin-top:0px;margin-left:0px;margin-right:0px;padding:0px 0px 0px 0em;padding-bottom:0px;padding-top:0px;padding-right:0px\" align=\"start\"><span style=\"font-size:20px\"><strong>Garantia<\/strong><\/span><\/p>\n<p style=\"font-family:arial;font-size:14px;font-weight:400;letter-spacing:normal;line-height:inherit;text-align:start;white-space:normal;margin:0px;margin-bottom:0px;margin-top:0px;margin-left:0px;margin-right:0px;padding:0px 0px 0px 0em;padding-bottom:0px;padding-top:0px;padding-right:0px\" align=\"start\"><span style=\"font-size:14px\">1.Cada item \u00e9 rigorosamente testado antes do envio.<\/span><\/p>\n<p style=\"font-family:arial;font-size:14px;font-weight:400;letter-spacing:normal;line-height:inherit;text-align:start;white-space:normal;margin:0px;margin-bottom:0px;margin-top:0px;margin-left:0px;margin-right:0px;padding:0px 0px 0px 0em;padding-bottom:0px;padding-top:0px;padding-right:0px\" align=\"start\"><span style=\"font-size:14px\">2.Se os itens estiverem danificados ou parcialmente com defeito, entre em contato conosco.<\/span><\/p>\n<p style=\"font-family:arial;font-size:14px;font-weight:400;letter-spacing:normal;line-height:inherit;text-align:start;white-space:normal;margin:0px;margin-bottom:0px;margin-top:0px;margin-left:0px;margin-right:0px;padding:0px 0px 0px 0em;padding-bottom:0px;padding-top:0px;padding-right:0px\" align=\"start\"><span style=\"font-size:14px\">Voc\u00ea deve nos enviar os itens de volta e pagar a taxa de envio de devolu\u00e7\u00e3o.<\/span><\/p>\n<p style=\"font-family:arial;font-size:14px;font-weight:400;letter-spacing:normal;line-height:inherit;text-align:start;white-space:normal;margin:0px;margin-bottom:0px;margin-top:0px;margin-left:0px;margin-right:0px;padding:0px 0px 0px 0em;padding-bottom:0px;padding-top:0px;padding-right:0px\" align=\"start\"><span style=\"font-size:14px\">Enviaremos uma substitui\u00e7\u00e3o ap\u00f3s receber o pacote.<\/span><\/p>\n<p style=\"font-family:arial;font-size:14px;font-weight:400;letter-spacing:normal;line-height:inherit;text-align:start;white-space:normal;margin:0px;margin-bottom:0px;margin-top:0px;margin-left:0px;margin-right:0px;padding:0px 0px 0px 0em;padding-bottom:0px;padding-top:0px;padding-right:0px\" align=\"start\"><span style=\"font-size:20px\"><strong>Feedback<\/strong><\/span><\/p>\n<p style=\"font-family:arial;font-size:14px;font-weight:400;letter-spacing:normal;line-height:inherit;text-align:start;white-space:normal;margin:0px;margin-bottom:0px;margin-top:0px;margin-left:0px;margin-right:0px;padding:0px 0px 0px 0em;padding-bottom:0px;padding-top:0px;padding-right:0px\" align=\"start\"><span style=\"font-size:14px\">Seu feedback positivo \u00e9 muito importante para n\u00f3s, deixe um coment\u00e1rio de 5 estrelas, obrigado.<\/span><img data-recalc-dims=\"1\" decoding=\"async\" src=\"https:\/\/i0.wp.com\/ae01.alicdn.com\/kf\/H385551dbf3524867877578990b37db4e7.jpg?w=1200&#038;ssl=1\"><\/p>\n<p style=\"font-family:arial;font-size:14px;font-weight:400;letter-spacing:normal;line-height:inherit;text-align:start;white-space:normal;margin:0px;margin-bottom:0px;margin-top:0px;margin-left:0px;margin-right:0px;padding:0px 0px 0px 0em;padding-bottom:0px;padding-top:0px;padding-right:0px\" align=\"start\"><span style=\"font-size:14px\">Por favor, n\u00e3o deixe coment\u00e1rios ou disputas negativas ou neutras, estes n\u00e3o podem resolver seu problema,<\/span><\/p>\n<p style=\"font-family:arial;font-size:14px;font-weight:400;letter-spacing:normal;line-height:inherit;text-align:start;white-space:normal;margin:0px;margin-bottom:0px;margin-top:0px;margin-left:0px;margin-right:0px;padding:0px 0px 0px 0em;padding-bottom:0px;padding-top:0px;padding-right:0px\" align=\"start\"><span style=\"font-size:14px\">faremos o nosso melhor para resolver qualquer problema em pouco tempo.<\/span><\/p>\n<p style=\"font-family:arial;font-size:14px;font-weight:400;letter-spacing:normal;line-height:inherit;text-align:start;white-space:normal;margin:0px;margin-bottom:0px;margin-top:0px;margin-left:0px;margin-right:0px;padding:0px 0px 0px 0em;padding-bottom:0px;padding-top:0px;padding-right:0px\" align=\"start\"><span style=\"font-size:20px\"><strong>Entre em contato conosco<\/strong><\/span><\/p>\n<p style=\"font-family:arial;font-size:14px;font-weight:400;letter-spacing:normal;line-height:inherit;text-align:start;white-space:normal;margin:0px;margin-bottom:0px;margin-top:0px;margin-left:0px;margin-right:0px;padding:0px 0px 0px 0em;padding-bottom:0px;padding-top:0px;padding-right:0px\" align=\"start\"><span style=\"font-size:14px\">Sua pergunta \u00e9 bem-vinda aqui.<\/span><\/p>\n<p style=\"font-family:arial;font-size:14px;font-weight:400;letter-spacing:normal;line-height:inherit;text-align:start;white-space:normal;margin:0px;margin-bottom:0px;margin-top:0px;margin-left:0px;margin-right:0px;padding:0px 0px 0px 0em;padding-bottom:0px;padding-top:0px;padding-right:0px\" align=\"start\"><span style=\"font-size:14px\">Se voc\u00ea tiver alguma d\u00favida, entre em contato conosco pelo TradeManager, e-mail ou ligue para n\u00f3s.<\/span><\/p>\n<p style=\"font-family:arial;font-size:14px;font-weight:400;letter-spacing:normal;line-height:inherit;text-align:start;white-space:normal;margin:0px;margin-bottom:0px;margin-top:0px;margin-left:0px;margin-right:0px;padding:0px 0px 0px 0em;padding-bottom:0px;padding-top:0px;padding-right:0px\" align=\"start\"><span style=\"font-size:14px\">entraremos em contato com voc\u00ea assim que recebermos suas mensagens.<\/span><\/p>\n<\/div>\n<\/div>\n<div><\/div>\n<\/div>\n<\/div>\n<p><\/p>\n<\/div>\n<\/div>\n","protected":false},"excerpt":{"rendered":"<p>Recurso: 1. O interruptor da chave do volante n\u00e3o \u00e9 plug and play, encontre um profissional para instalar; 2.A fun\u00e7\u00e3o de cada bot\u00e3o de controle lateral requer o suporte do DVD do carro; 3.O controle de DISP, trip e outros instrumentos requer o suporte de instrumentos de alta configura\u00e7\u00e3o e, ao mesmo tempo, precisa conectar&hellip;&nbsp;<\/p>\n","protected":false},"featured_media":34054,"template":"","meta":{"neve_meta_sidebar":"","neve_meta_container":"","neve_meta_enable_content_width":"","neve_meta_content_width":0,"neve_meta_title_alignment":"","neve_meta_author_avatar":"","neve_post_elements_order":"","neve_meta_disable_header":"","neve_meta_disable_footer":"","neve_meta_disable_title":""},"product_brand":[],"product_cat":[43,22,17],"product_tag":[],"class_list":{"0":"post-34060","1":"product","2":"type-product","3":"status-publish","4":"has-post-thumbnail","6":"product_cat-interruptores-e-controles","7":"product_cat-partes-interiores","8":"product_cat-pecas-e-acessorios-automotivos","10":"first","11":"instock","12":"shipping-taxable","13":"purchasable","14":"product-type-variable"},"jetpack_sharing_enabled":true,"_links":{"self":[{"href":"https:\/\/listman.shop\/autoparts-br\/wp-json\/wp\/v2\/product\/34060","targetHints":{"allow":["GET"]}}],"collection":[{"href":"https:\/\/listman.shop\/autoparts-br\/wp-json\/wp\/v2\/product"}],"about":[{"href":"https:\/\/listman.shop\/autoparts-br\/wp-json\/wp\/v2\/types\/product"}],"wp:featuredmedia":[{"embeddable":true,"href":"https:\/\/listman.shop\/autoparts-br\/wp-json\/wp\/v2\/media\/34054"}],"wp:attachment":[{"href":"https:\/\/listman.shop\/autoparts-br\/wp-json\/wp\/v2\/media?parent=34060"}],"wp:term":[{"taxonomy":"product_brand","embeddable":true,"href":"https:\/\/listman.shop\/autoparts-br\/wp-json\/wp\/v2\/product_brand?post=34060"},{"taxonomy":"product_cat","embeddable":true,"href":"https:\/\/listman.shop\/autoparts-br\/wp-json\/wp\/v2\/product_cat?post=34060"},{"taxonomy":"product_tag","embeddable":true,"href":"https:\/\/listman.shop\/autoparts-br\/wp-json\/wp\/v2\/product_tag?post=34060"}],"curies":[{"name":"wp","href":"https:\/\/api.w.org\/{rel}","templated":true}]}}