{"id":34075,"date":"2025-03-22T23:15:57","date_gmt":"2025-03-22T14:15:57","guid":{"rendered":"https:\/\/listman.shop\/autoparts-br\/product\/1005006120309070\/"},"modified":"2026-05-04T19:03:23","modified_gmt":"2026-05-04T10:03:23","slug":"1005006120309070","status":"publish","type":"product","link":"https:\/\/listman.shop\/autoparts-br\/product\/1005006120309070\/","title":{"rendered":"Medidor de temperatura dos gases de escape, 2 &#8220;, 52mm, carro, led, egt, volt\u00edmetro, tac\u00f4metro, turbo boost, \u00f3leo, \u00e1gua, medidor de temperatura para carro, corrida, 12v"},"content":{"rendered":"<div class=\"detailmodule_html\">\n<div class=\"detail-desc-decorate-richtext\">\n<div class=\"detailmodule_text\">\n<p style=\"font-family:OpenSans;font-size:20px;font-weight:900;line-height:28px;white-space:pre-wrap;margin-bottom:12px\" class=\"detail-desc-decorate-title\">Aplica\u00e7\u00e3o:<\/p>\n<p>Para todos os carros de corrida a gasolina 12V (n\u00e3o para motocicleta)<\/p>\n<\/div>\n<div class=\"detailmodule_image\"><img data-recalc-dims=\"1\" decoding=\"async\" class=\"detail-desc-decorate-image\" src=\"https:\/\/i0.wp.com\/ae01.alicdn.com\/kf\/S1f4d52b0f7ef4ac68159a732d033e0b2f.jpg?w=1200&#038;ssl=1\"><img data-recalc-dims=\"1\" decoding=\"async\" class=\"detail-desc-decorate-image\" src=\"https:\/\/i0.wp.com\/ae01.alicdn.com\/kf\/Sc5d07a33b9f9413480840fccddfd9f6c4.jpg?w=1200&#038;ssl=1\"><\/div>\n<div class=\"detailmodule_text\">\n<p style=\"font-family:OpenSans;font-size:20px;font-weight:900;line-height:28px;white-space:pre-wrap;margin-bottom:12px\" class=\"detail-desc-decorate-title\">Caracter\u00edstica:<\/p>\n<p>&#8211; Lente Fumada<br \/>Di\u00e2metro: 2&#8243;\/52 mm<br \/>Alimenta\u00e7\u00e3o: CC (10-15 V) 12 V profissional<br \/>&#8211; Display LED super branco.<br \/>&#8211; Agulhas iluminadas por LED vermelho.<br \/>&#8211; Lente de cor de fuma\u00e7a durante o dia, display LED claro e brilhante durante a noite.<br \/>&#8211; Adicione uma apar\u00eancia de corrida ao seu passeio, alta qualidade e peso leve.<br \/>&#8211; Vem com montagem e instala\u00e7\u00e3o F\u00e1cil instala\u00e7\u00e3o com manual do usu\u00e1rio em ingl\u00eas<br \/>&#8211; A instala\u00e7\u00e3o profissional \u00e9 altamente recomendada.<\/p>\n<\/div>\n<div class=\"detailmodule_text\">\n<p style=\"font-family:OpenSans;font-size:20px;font-weight:900;line-height:28px;white-space:pre-wrap;margin-bottom:12px\" class=\"detail-desc-decorate-title\">Pacote:<\/p>\n<p>1 x medidor<br \/>1 x Manual do usu\u00e1rio em ingl\u00eas<\/p>\n<\/div>\n<div class=\"detailmodule_text-image\">\n<p style=\"font-family:OpenSans;font-size:20px;font-weight:900;line-height:28px;white-space:pre-wrap;margin-bottom:12px\" class=\"detail-desc-decorate-title\">1.Tac\u00f4metro:<\/p>\n<p style=\"font-family:OpenSans;font-size:14px;font-weight:300;line-height:20px;white-space:pre-wrap;margin-bottom:12px\" class=\"detail-desc-decorate-content\">&#8211; Montagem: para carro a gasolina 12V (n\u00e3o para motocicleta)<br \/>Tac\u00f4metro 0-1000RPM<br \/>&#8211; Lente Fumada<br \/>&#8211; Pacote: 1 x tac\u00f4metro + manual<\/p>\n<div><img data-recalc-dims=\"1\" decoding=\"async\" class=\"detail-desc-decorate-image\" src=\"https:\/\/i0.wp.com\/ae01.alicdn.com\/kf\/Sb3e76beea1cb4965981e017444d50dc69.jpg?w=1200&#038;ssl=1\"><img data-recalc-dims=\"1\" decoding=\"async\" class=\"detail-desc-decorate-image\" src=\"https:\/\/i0.wp.com\/ae01.alicdn.com\/kf\/S4e0ea8e4def042b0a56cff65ecaaeb3fq.jpg?w=1200&#038;ssl=1\"><img data-recalc-dims=\"1\" decoding=\"async\" class=\"detail-desc-decorate-image\" src=\"https:\/\/i0.wp.com\/ae01.alicdn.com\/kf\/S1459840b4c264471b3b5e5f7dcfa985fM.jpg?w=1200&#038;ssl=1\"><\/div>\n<\/div>\n<div class=\"detailmodule_text-image\">\n<p style=\"font-family:OpenSans;font-size:20px;font-weight:900;line-height:28px;white-space:pre-wrap;margin-bottom:12px\" class=\"detail-desc-decorate-title\">2. Medidor Turbo Boost:<\/p>\n<p style=\"font-family:OpenSans;font-size:14px;font-weight:300;line-height:20px;white-space:pre-wrap;margin-bottom:12px\" class=\"detail-desc-decorate-content\">&#8211; Montagem: para carro a gasolina 12V (n\u00e3o para motocicleta)<br \/>&#8211; 0-30 pol.Hg, 0-35 PSI<br \/>&#8211; Lente Fumada<br \/>&#8211; Pacote: 1 x medidor + sensor + manual<\/p>\n<div><img data-recalc-dims=\"1\" decoding=\"async\" class=\"detail-desc-decorate-image\" src=\"https:\/\/i0.wp.com\/ae01.alicdn.com\/kf\/S78620c831c5b447d9076488d9fd48b5ex.jpg?w=1200&#038;ssl=1\"><img data-recalc-dims=\"1\" decoding=\"async\" class=\"detail-desc-decorate-image\" src=\"https:\/\/i0.wp.com\/ae01.alicdn.com\/kf\/S26eb06c4b1194b3f9ba6a08463ca2212j.jpg?w=1200&#038;ssl=1\"><img data-recalc-dims=\"1\" decoding=\"async\" class=\"detail-desc-decorate-image\" src=\"https:\/\/i0.wp.com\/ae01.alicdn.com\/kf\/S04f5793ea6e641069829cb5e1e4850e7b.jpg?w=1200&#038;ssl=1\"><\/div>\n<\/div>\n<div class=\"detailmodule_text-image\">\n<p style=\"font-family:OpenSans;font-size:20px;font-weight:900;line-height:28px;white-space:pre-wrap;margin-bottom:12px\" class=\"detail-desc-decorate-title\">3.Barra de refor\u00e7o do medidor<\/p>\n<p style=\"font-family:OpenSans;font-size:14px;font-weight:300;line-height:20px;white-space:pre-wrap;margin-bottom:12px\" class=\"detail-desc-decorate-content\">&#8211; Montagem: para carro a gasolina 12V (n\u00e3o para motocicleta)<br \/>&#8211; 2bar<br \/>&#8211; Lente Fumada<br \/>&#8211; Pacote: 1 x medidor + sensor + manual<\/p>\n<div><img data-recalc-dims=\"1\" decoding=\"async\" class=\"detail-desc-decorate-image\" src=\"https:\/\/i0.wp.com\/ae01.alicdn.com\/kf\/Sc0339bf6519c4e0e844cdffc04527c75w.jpg?w=1200&#038;ssl=1\"><img data-recalc-dims=\"1\" decoding=\"async\" class=\"detail-desc-decorate-image\" src=\"https:\/\/i0.wp.com\/ae01.alicdn.com\/kf\/Seb7df2db09c9482f8445e78e331b0b8aJ.jpg?w=1200&#038;ssl=1\"><img data-recalc-dims=\"1\" decoding=\"async\" class=\"detail-desc-decorate-image\" src=\"https:\/\/i0.wp.com\/ae01.alicdn.com\/kf\/Sa488eba2351d44da9273f9f634f88c78Q.jpg?w=1200&#038;ssl=1\"><\/div>\n<\/div>\n<div class=\"detailmodule_text-image\">\n<p style=\"font-family:OpenSans;font-size:20px;font-weight:900;line-height:28px;white-space:pre-wrap;margin-bottom:12px\" class=\"detail-desc-decorate-title\">4. V\u00e1cuo<\/p>\n<p style=\"font-family:OpenSans;font-size:14px;font-weight:300;line-height:20px;white-space:pre-wrap;margin-bottom:12px\" class=\"detail-desc-decorate-content\">&#8211; Montagem: para carro a gasolina 12V (n\u00e3o para motocicleta)<br \/>&#8211; 30-0 Em hg<br \/>&#8211; Lente Fumada<br \/>Pacote: 1 x v\u00e1cuo + manual<\/p>\n<div><img data-recalc-dims=\"1\" decoding=\"async\" class=\"detail-desc-decorate-image\" src=\"https:\/\/i0.wp.com\/ae01.alicdn.com\/kf\/S90e33d75b54949759c2d1c6ac6f3f3d5Z.jpg?w=1200&#038;ssl=1\"><img data-recalc-dims=\"1\" decoding=\"async\" class=\"detail-desc-decorate-image\" src=\"https:\/\/i0.wp.com\/ae01.alicdn.com\/kf\/S3a5fd34631784c7f886a9cf75026a367l.jpg?w=1200&#038;ssl=1\"><img data-recalc-dims=\"1\" decoding=\"async\" class=\"detail-desc-decorate-image\" src=\"https:\/\/i0.wp.com\/ae01.alicdn.com\/kf\/Se7884d328fd949bb8d80e1228d8617f1k.jpg?w=1200&#038;ssl=1\"><\/div>\n<\/div>\n<div class=\"detailmodule_text-image\">\n<p style=\"font-family:OpenSans;font-size:20px;font-weight:900;line-height:28px;white-space:pre-wrap;margin-bottom:12px\" class=\"detail-desc-decorate-title\">5.Medidor de temperatura da \u00e1gua<\/p>\n<p style=\"font-family:OpenSans;font-size:14px;font-weight:300;line-height:20px;white-space:pre-wrap;margin-bottom:12px\" class=\"detail-desc-decorate-content\">&#8211; Montagem: para carro a gasolina 12V (n\u00e3o para motocicleta)<br \/>&#8211; 40-140 Celsius<br \/>Sensor de temperatura da \u00e1gua 1\/8 NPT<br \/>&#8211; Lente Fumada<br \/>&#8211; Pacote: 1 x medidor de temperatura da \u00e1gua + sensor + manual<\/p>\n<div><img data-recalc-dims=\"1\" decoding=\"async\" class=\"detail-desc-decorate-image\" src=\"https:\/\/i0.wp.com\/ae01.alicdn.com\/kf\/S069ce0b2d0d84e3f881644320f5f2079D.jpg?w=1200&#038;ssl=1\"><img data-recalc-dims=\"1\" decoding=\"async\" class=\"detail-desc-decorate-image\" src=\"https:\/\/i0.wp.com\/ae01.alicdn.com\/kf\/S13947b762ecf4faa8550fede2b9f445fG.jpg?w=1200&#038;ssl=1\"><img data-recalc-dims=\"1\" decoding=\"async\" class=\"detail-desc-decorate-image\" src=\"https:\/\/i0.wp.com\/ae01.alicdn.com\/kf\/Se9e3398d8eb1429aac9f4cdececf7b51y.jpg?w=1200&#038;ssl=1\"><\/div>\n<\/div>\n<div class=\"detailmodule_text-image\">\n<p style=\"font-family:OpenSans;font-size:20px;font-weight:900;line-height:28px;white-space:pre-wrap;margin-bottom:12px\" class=\"detail-desc-decorate-title\">6.Medidor de temperatura do \u00f3leo<\/p>\n<p style=\"font-family:OpenSans;font-size:14px;font-weight:300;line-height:20px;white-space:pre-wrap;margin-bottom:12px\" class=\"detail-desc-decorate-content\">&#8211; Montagem: para carro a gasolina 12V (n\u00e3o para motocicleta)<br \/>&#8211; 40-140 Celsius<br \/>Sensor de temperatura do \u00f3leo 1\/8 NPT<br \/>&#8211; Lente Fumada<br \/>&#8211; Pacote: 1 x medidor de temperatura do \u00f3leo + sensor + manual<\/p>\n<div><img data-recalc-dims=\"1\" decoding=\"async\" class=\"detail-desc-decorate-image\" src=\"https:\/\/i0.wp.com\/ae01.alicdn.com\/kf\/Sca4a853c29ad42e7b271fc58124a2333l.jpg?w=1200&#038;ssl=1\"><img data-recalc-dims=\"1\" decoding=\"async\" class=\"detail-desc-decorate-image\" src=\"https:\/\/i0.wp.com\/ae01.alicdn.com\/kf\/Sef264153b7ba465fb575432953db5762e.jpg?w=1200&#038;ssl=1\"><\/div>\n<\/div>\n<div class=\"detailmodule_text-image\">\n<p style=\"font-family:OpenSans;font-size:20px;font-weight:900;line-height:28px;white-space:pre-wrap;margin-bottom:12px\" class=\"detail-desc-decorate-title\">7.Medidor de press\u00e3o de \u00f3leo<\/p>\n<p style=\"font-family:OpenSans;font-size:14px;font-weight:300;line-height:20px;white-space:pre-wrap;margin-bottom:12px\" class=\"detail-desc-decorate-content\">&#8211; Montagem: para carro a gasolina 12V (n\u00e3o para motocicleta)<br \/>0-100 PSI<br \/>Sensor de press\u00e3o de \u00f3leo 1\/8 NPT<br \/>&#8211; Lente Fumada<br \/>&#8211; Pacote: 1 x medidor de prensa de \u00f3leo + sensor + manual<\/p>\n<div><img data-recalc-dims=\"1\" decoding=\"async\" class=\"detail-desc-decorate-image\" src=\"https:\/\/i0.wp.com\/ae01.alicdn.com\/kf\/S4d37cb947c0e410b90b2efa02100007b3.jpg?w=1200&#038;ssl=1\"><img data-recalc-dims=\"1\" decoding=\"async\" class=\"detail-desc-decorate-image\" src=\"https:\/\/i0.wp.com\/ae01.alicdn.com\/kf\/S9b27b573c78042be8742c6c35d2ac2ee9.jpg?w=1200&#038;ssl=1\"><\/div>\n<\/div>\n<div class=\"detailmodule_text-image\">\n<p style=\"font-family:OpenSans;font-size:20px;font-weight:900;line-height:28px;white-space:pre-wrap;margin-bottom:12px\" class=\"detail-desc-decorate-title\">8.Tens\u00e3o<\/p>\n<p style=\"font-family:OpenSans;font-size:14px;font-weight:300;line-height:20px;white-space:pre-wrap;margin-bottom:12px\" class=\"detail-desc-decorate-content\">&#8211; Montagem: para carro a gasolina 12V (n\u00e3o para motocicleta)<br \/>-8-18V<br \/>&#8211; Lente Fumada<br \/>&#8211; Pacote: 1 PCS Tens\u00e3o + Manual<\/p>\n<div><img data-recalc-dims=\"1\" decoding=\"async\" class=\"detail-desc-decorate-image\" src=\"https:\/\/i0.wp.com\/ae01.alicdn.com\/kf\/S3b09a45a81e3412b83cc0ddd397f48c5J.jpg?w=1200&#038;ssl=1\"><img data-recalc-dims=\"1\" decoding=\"async\" class=\"detail-desc-decorate-image\" src=\"https:\/\/i0.wp.com\/ae01.alicdn.com\/kf\/S65beb35a00d24ef8a75f6e31479176c1p.jpg?w=1200&#038;ssl=1\"><img data-recalc-dims=\"1\" decoding=\"async\" class=\"detail-desc-decorate-image\" src=\"https:\/\/i0.wp.com\/ae01.alicdn.com\/kf\/S8d99e28b46ed4b8bade5aa6063de25abA.jpg?w=1200&#038;ssl=1\"><\/div>\n<\/div>\n<div class=\"detailmodule_text-image\">\n<p style=\"font-family:OpenSans;font-size:20px;font-weight:900;line-height:28px;white-space:pre-wrap;margin-bottom:12px\" class=\"detail-desc-decorate-title\">9.Propor\u00e7\u00e3o de combust\u00edvel de ar<\/p>\n<p style=\"font-family:OpenSans;font-size:14px;font-weight:300;line-height:20px;white-space:pre-wrap;margin-bottom:12px\" class=\"detail-desc-decorate-content\">&#8211; Montagem: para carro a gasolina 12V (n\u00e3o para motocicleta)<br \/>&#8211; Lente Fumada<br \/>&#8211; Pacote: 1 x medidor AFR + manual<\/p>\n<div><img data-recalc-dims=\"1\" decoding=\"async\" class=\"detail-desc-decorate-image\" src=\"https:\/\/i0.wp.com\/ae01.alicdn.com\/kf\/S48e76810f0b8445bab0119c31a7130bez.jpg?w=1200&#038;ssl=1\"><img data-recalc-dims=\"1\" decoding=\"async\" class=\"detail-desc-decorate-image\" src=\"https:\/\/i0.wp.com\/ae01.alicdn.com\/kf\/Sefc00d1ca2214e2ab4bd872a3bb0e6eaB.jpg?w=1200&#038;ssl=1\"><\/div>\n<\/div>\n<div class=\"detailmodule_text-image\">\n<p style=\"font-family:OpenSans;font-size:20px;font-weight:900;line-height:28px;white-space:pre-wrap;margin-bottom:12px\" class=\"detail-desc-decorate-title\">10.Medidor de temperatura extral<\/p>\n<p style=\"font-family:OpenSans;font-size:14px;font-weight:300;line-height:20px;white-space:pre-wrap;margin-bottom:12px\" class=\"detail-desc-decorate-content\">&#8211; Montagem: para carro a gasolina 12V (n\u00e3o para motocicleta)<br \/>&#8211; 300-1300 Celsius<br \/>&#8211; Lente Fumada<br \/>&#8211; Pacote: 1 PCS Medidor ETG + Sensor + Manual<\/p>\n<div><img data-recalc-dims=\"1\" decoding=\"async\" class=\"detail-desc-decorate-image\" src=\"https:\/\/i0.wp.com\/ae01.alicdn.com\/kf\/Sbbf17425f3a24f39a9f635f605fea5a5h.jpg?w=1200&#038;ssl=1\"><img data-recalc-dims=\"1\" decoding=\"async\" class=\"detail-desc-decorate-image\" src=\"https:\/\/i0.wp.com\/ae01.alicdn.com\/kf\/Sdcf8e91c01a344a6ade1818af4c21c09V.jpg?w=1200&#038;ssl=1\"><\/div>\n<\/div>\n<p><\/div>\n<\/div>\n","protected":false},"excerpt":{"rendered":"<p>Aplica\u00e7\u00e3o: Para todos os carros de corrida a gasolina 12V (n\u00e3o para motocicleta) Caracter\u00edstica: &#8211; Lente FumadaDi\u00e2metro: 2&#8243;\/52 mmAlimenta\u00e7\u00e3o: CC (10-15 V) 12 V profissional&#8211; Display LED super branco.&#8211; Agulhas iluminadas por LED vermelho.&#8211; Lente de cor de fuma\u00e7a durante o dia, display LED claro e brilhante durante a noite.&#8211; Adicione uma apar\u00eancia de corrida&hellip;&nbsp;<\/p>\n","protected":false},"featured_media":34069,"template":"","meta":{"neve_meta_sidebar":"","neve_meta_container":"","neve_meta_enable_content_width":"","neve_meta_content_width":0,"neve_meta_title_alignment":"","neve_meta_author_avatar":"","neve_post_elements_order":"","neve_meta_disable_header":"","neve_meta_disable_footer":"","neve_meta_disable_title":""},"product_brand":[],"product_cat":[42,22,17],"product_tag":[],"class_list":{"0":"post-34075","1":"product","2":"type-product","3":"status-publish","4":"has-post-thumbnail","6":"product_cat-medidores","7":"product_cat-partes-interiores","8":"product_cat-pecas-e-acessorios-automotivos","10":"first","11":"instock","12":"shipping-taxable","13":"purchasable","14":"product-type-variable","15":"has-default-attributes"},"jetpack_sharing_enabled":true,"_links":{"self":[{"href":"https:\/\/listman.shop\/autoparts-br\/wp-json\/wp\/v2\/product\/34075","targetHints":{"allow":["GET"]}}],"collection":[{"href":"https:\/\/listman.shop\/autoparts-br\/wp-json\/wp\/v2\/product"}],"about":[{"href":"https:\/\/listman.shop\/autoparts-br\/wp-json\/wp\/v2\/types\/product"}],"wp:featuredmedia":[{"embeddable":true,"href":"https:\/\/listman.shop\/autoparts-br\/wp-json\/wp\/v2\/media\/34069"}],"wp:attachment":[{"href":"https:\/\/listman.shop\/autoparts-br\/wp-json\/wp\/v2\/media?parent=34075"}],"wp:term":[{"taxonomy":"product_brand","embeddable":true,"href":"https:\/\/listman.shop\/autoparts-br\/wp-json\/wp\/v2\/product_brand?post=34075"},{"taxonomy":"product_cat","embeddable":true,"href":"https:\/\/listman.shop\/autoparts-br\/wp-json\/wp\/v2\/product_cat?post=34075"},{"taxonomy":"product_tag","embeddable":true,"href":"https:\/\/listman.shop\/autoparts-br\/wp-json\/wp\/v2\/product_tag?post=34075"}],"curies":[{"name":"wp","href":"https:\/\/api.w.org\/{rel}","templated":true}]}}