{"id":34302,"date":"2025-03-22T23:23:55","date_gmt":"2025-03-22T14:23:55","guid":{"rendered":"https:\/\/listman.shop\/autoparts-br\/product\/1005006417034751\/"},"modified":"2026-05-04T19:19:05","modified_gmt":"2026-05-04T10:19:05","slug":"1005006417034751","status":"publish","type":"product","link":"https:\/\/listman.shop\/autoparts-br\/product\/1005006417034751\/","title":{"rendered":"12v interruptor de rel\u00e9 de bateria remoto duplo rel\u00e9 de desconex\u00e3o de bateria de carro anti-roubo interruptor de desligamento da bateria isolador de bateria"},"content":{"rendered":"<div class=\"detailmodule_html\">\n<div class=\"detail-desc-decorate-richtext\">\n<div class=\"detailmodule_html\">\n<div class=\"detail-desc-decorate-richtext\">\n<div><span style=\", Times, serif\"><strong><span style=\"font-size:20px\"><span>Nome do produto: interruptor de desconex\u00e3o da bateria<\/span><\/span><\/strong><\/span><span style=\", Times, serif\"><br \/><\/span><span style=\", Times, serif\"><span style=\"font-size:16px\">Tens\u00e3o de trabalho: 12V<br \/>Corrente de trabalho: 200A<br \/>Corrente instant\u00e2nea: 500A<br \/>Material: pl\u00e1stico, cobre, resist\u00eancia, etc.<\/span><\/span><\/div>\n<div><\/div>\n<div><span style=\", Times, serif\"><span style=\"font-size:16px\"><strong><span>Lista de pe\u00e7as:<\/span><\/strong><\/span><\/span><span style=\", Times, serif\"><span style=\"font-size:16px\"><\/p>\n<p>2 x porca de cobre<\/p>\n<p>2 x clipe de bateria<\/p>\n<p>1 x nariz de cobre<\/p>\n<p>2 x controle remoto<\/p>\n<p>1 x antena<\/p>\n<p>2 x cabo de conex\u00e3o<br \/>2 x junta de lat\u00e3o<\/span><\/span><\/div>\n<p style=\"text-align:left;margin:0px;margin-bottom:0px;margin-top:0px;margin-left:0px;margin-right:0px\" align=\"left\"><img data-recalc-dims=\"1\" decoding=\"async\" src=\"https:\/\/i0.wp.com\/ae01.alicdn.com\/kf\/Se56a475de3fd4457a4baf01fb0b40846U.jpg?w=1200&#038;ssl=1\"><\/p>\n<div><span style=\", Times, serif\"><span style=\"font-size:16px\">[Prote\u00e7\u00e3o da bateria e do motor] Este pr\u00e1tico sistema de interruptor de desconex\u00e3o da bateria do carro pode controlar remotamente o sistema de energia do seu carro.Protege baterias e motores e prolonga sua vida \u00fatil.Ao mesmo tempo, os ladr\u00f5es n\u00e3o conseguem dar partida e roubar seu carro, melhorando a seguran\u00e7a.<br \/>[Opera\u00e7\u00e3o remota] O interruptor de desconex\u00e3o da bateria est\u00e1 equipado com 2 novos controles remotos de 320 p\u00e9s.Voc\u00ea pode at\u00e9 control\u00e1-lo em casa, com controle de um toque no painel de todo o sistema de energia do carro.O interruptor de corte da bateria de 12V permite desconectar o sistema de energia do carro simplesmente pressionando o bot\u00e3o da chave do controle remoto sem abrir o cap\u00f4 para ligar a energia sempre.<br \/>[F\u00e1cil de instalar] Primeiro conecte o fio vermelho ao p\u00f3lo positivo da bateria.Em seguida, conecte o fio preto ao clipe da bateria.Finalmente, conecte o clipe da bateria ao terminal negativo da bateria.Todos os chicotes el\u00e9tricos necess\u00e1rios est\u00e3o inclu\u00eddos, sem necessidade de adquirir acess\u00f3rios adicionais.<br \/>[Material de alta qualidade] O isolador de bateria remoto de 12V suporta o uso a longo prazo das pessoas, feito de pl\u00e1stico de alta qualidade, a estrutura geral \u00e9 s\u00f3lida e a qualidade \u00e9 confi\u00e1vel.Corrente nominal 200A DC12V, este isolador de desconex\u00e3o de bateria \u00e9 atualizado a partir do modelo antigo, acess\u00f3rios aprimorados tornam os contatos de montagem mais fortes.<br \/>[Amplas aplica\u00e7\u00f5es] O controle remoto tem uma corrente de espera muito baixa (0,003A), adequado para reboques de acampamento DC 12V, SUVs, ATVs, UTVs, pequenos vans, ve\u00edculos agr\u00edcolas, carros Trike e off-road.<\/span><\/span><\/div>\n<p style=\"text-align:left;margin:0px;margin-bottom:0px;margin-top:0px;margin-left:0px;margin-right:0px\" align=\"left\"><img data-recalc-dims=\"1\" decoding=\"async\" src=\"https:\/\/i0.wp.com\/ae01.alicdn.com\/kf\/S797be64065ff4e30b3228b4052801355w.jpg?w=1200&#038;ssl=1\"><img data-recalc-dims=\"1\" decoding=\"async\" src=\"https:\/\/i0.wp.com\/ae01.alicdn.com\/kf\/S738d0533a8c043ee9c9ee2cd433488d5M.jpg?w=1200&#038;ssl=1\"><img data-recalc-dims=\"1\" decoding=\"async\" src=\"https:\/\/i0.wp.com\/ae01.alicdn.com\/kf\/S52c170fde4354c7d83e1d2a7857b630ep.jpg?w=1200&#038;ssl=1\"><img data-recalc-dims=\"1\" decoding=\"async\" src=\"https:\/\/i0.wp.com\/ae01.alicdn.com\/kf\/Sf22306e8060e41b8a63d4cdc577e73abH.jpg?w=1200&#038;ssl=1\"><img data-recalc-dims=\"1\" decoding=\"async\" src=\"https:\/\/i0.wp.com\/ae01.alicdn.com\/kf\/S0b565254e684453596665ea66774140di.jpg?w=1200&#038;ssl=1\"><img data-recalc-dims=\"1\" decoding=\"async\" src=\"https:\/\/i0.wp.com\/ae01.alicdn.com\/kf\/S46b31d9ac28f45a99fa3b72f85bf6e11I.jpg?w=1200&#038;ssl=1\"><img data-recalc-dims=\"1\" decoding=\"async\" src=\"https:\/\/i0.wp.com\/ae01.alicdn.com\/kf\/S72ddc9a244b44447877a3d6a4fcaddacB.jpg?w=1200&#038;ssl=1\"><\/p>\n<div><span style=\", Times, serif\"><span style=\"font-size:16px\"><\/p>\n<p><\/span><\/span><span style=\", Times, serif\"><span style=\"font-size:16px\"><strong>Notas:<\/strong><\/span><\/span><span style=\", Times, serif\"><span style=\"font-size:16px\"><br \/>1.Pode haver pequenas diferen\u00e7as entre a imagem e a cor real da mercadoria.Faremos o nosso melhor para lhe mostrar a cor exata.<br \/>2. permita uma ligeira diferen\u00e7a de dimens\u00e3o devido \u00e0 medi\u00e7\u00e3o manual.<\/span><\/span><\/div>\n<\/div>\n<\/div>\n<p><\/p>\n<\/div>\n<\/div>\n","protected":false},"excerpt":{"rendered":"<p>Nome do produto: interruptor de desconex\u00e3o da bateriaTens\u00e3o de trabalho: 12VCorrente de trabalho: 200ACorrente instant\u00e2nea: 500AMaterial: pl\u00e1stico, cobre, resist\u00eancia, etc. Lista de pe\u00e7as: 2 x porca de cobre 2 x clipe de bateria 1 x nariz de cobre 2 x controle remoto 1 x antena 2 x cabo de conex\u00e3o2 x junta de lat\u00e3o [Prote\u00e7\u00e3o&hellip;&nbsp;<\/p>\n","protected":false},"featured_media":34296,"template":"","meta":{"neve_meta_sidebar":"","neve_meta_container":"","neve_meta_enable_content_width":"","neve_meta_content_width":0,"neve_meta_title_alignment":"","neve_meta_author_avatar":"","neve_post_elements_order":"","neve_meta_disable_header":"","neve_meta_disable_footer":"","neve_meta_disable_title":""},"product_brand":[],"product_cat":[43,22,17],"product_tag":[],"class_list":{"0":"post-34302","1":"product","2":"type-product","3":"status-publish","4":"has-post-thumbnail","6":"product_cat-interruptores-e-controles","7":"product_cat-partes-interiores","8":"product_cat-pecas-e-acessorios-automotivos","10":"first","11":"instock","12":"shipping-taxable","13":"purchasable","14":"product-type-variable","15":"has-default-attributes"},"jetpack_sharing_enabled":true,"_links":{"self":[{"href":"https:\/\/listman.shop\/autoparts-br\/wp-json\/wp\/v2\/product\/34302","targetHints":{"allow":["GET"]}}],"collection":[{"href":"https:\/\/listman.shop\/autoparts-br\/wp-json\/wp\/v2\/product"}],"about":[{"href":"https:\/\/listman.shop\/autoparts-br\/wp-json\/wp\/v2\/types\/product"}],"wp:featuredmedia":[{"embeddable":true,"href":"https:\/\/listman.shop\/autoparts-br\/wp-json\/wp\/v2\/media\/34296"}],"wp:attachment":[{"href":"https:\/\/listman.shop\/autoparts-br\/wp-json\/wp\/v2\/media?parent=34302"}],"wp:term":[{"taxonomy":"product_brand","embeddable":true,"href":"https:\/\/listman.shop\/autoparts-br\/wp-json\/wp\/v2\/product_brand?post=34302"},{"taxonomy":"product_cat","embeddable":true,"href":"https:\/\/listman.shop\/autoparts-br\/wp-json\/wp\/v2\/product_cat?post=34302"},{"taxonomy":"product_tag","embeddable":true,"href":"https:\/\/listman.shop\/autoparts-br\/wp-json\/wp\/v2\/product_tag?post=34302"}],"curies":[{"name":"wp","href":"https:\/\/api.w.org\/{rel}","templated":true}]}}