{"id":34338,"date":"2025-03-22T23:25:22","date_gmt":"2025-03-22T14:25:22","guid":{"rendered":"https:\/\/listman.shop\/autoparts-br\/product\/1005006434265641\/"},"modified":"2026-05-04T20:07:06","modified_gmt":"2026-05-04T11:07:06","slug":"1005006434265641","status":"publish","type":"product","link":"https:\/\/listman.shop\/autoparts-br\/product\/1005006434265641\/","title":{"rendered":"Carro inteligente parar de partida do motor cancelador dispositivo eliminador autom\u00e1tico cabo plug para nissan qashqai j11 mk2 2013-2021"},"content":{"rendered":"<div class=\"detailmodule_html\">\n<div class=\"detail-desc-decorate-richtext\">\n<p style=\"font-family:OpenSans;font-size:20px;font-weight:900;letter-spacing:normal;line-height:28px;text-align:start;white-space:pre-wrap;margin:0px 0px 12px;margin-bottom:12px;margin-top:0px;margin-left:0px;margin-right:0px;padding:0px;padding-bottom:0px;padding-top:0px;padding-left:0px;padding-right:0px\" class=\"detail-desc-decorate-title\" align=\"start\"><span style=\"font-size:20px\">Carro inteligente parada autom\u00e1tica partida cancelador de motor dispositivo eliminador autom\u00e1tico cabo de plugue<\/span><br \/>Para Nissan Qashqai J11 2013-2021<\/p>\n<p style=\", Roboto, Arial, Helvetica, sans-serif, SimSun;font-size:14px;font-weight:400;letter-spacing:normal;line-height:inherit;text-align:start;white-space:normal;margin:0px;margin-bottom:0px;margin-top:0px;margin-left:0px;margin-right:0px;padding:0px;padding-bottom:0px;padding-top:0px;padding-left:0px;padding-right:0px\" align=\"start\"><span style=\"font-size:18px\"><span style=\"font-family:Arial, Helvetica, sans-serif\"><strong><span>Aten\u00e7\u00e3o:<\/span><\/strong><\/span><\/span><span style=\"font-size:18px\"><span style=\"font-family:Arial, Helvetica, sans-serif\"><span><span>A fun\u00e7\u00e3o deste produto \u00e9 o sistema de motor de partida pr\u00f3xima e parada, seu carro original deve ter o bot\u00e3o &#8220;A desligado&#8221;, que pode usar.se o seu carro n\u00e3o tiver bot\u00e3o &#8220;Desligado&#8221;, n\u00e3o cabe no seu carro.<\/span><\/span><\/span><\/span><\/p>\n<p><\/p>\n<p style=\", Roboto, Arial, Helvetica, sans-serif, SimSun;font-size:14px;font-weight:400;letter-spacing:normal;line-height:inherit;text-align:start;white-space:normal;margin:0px;margin-bottom:0px;margin-top:0px;margin-left:0px;margin-right:0px;padding:0px;padding-bottom:0px;padding-top:0px;padding-left:0px;padding-right:0px\" align=\"start\"><span style=\"font-size:18px\"><span style=\"font-family:Arial, Helvetica, sans-serif\"><strong><span><span>Instala\u00e7\u00e3o:<\/span><\/span><\/strong><\/span><\/span><span style=\"font-size:18px\"><span style=\"font-family:Arial, Helvetica, sans-serif\"><strong><span><span><span>&nbsp;<\/span><\/span><\/span><\/strong><\/span><\/span><span style=\"font-size:18px\"><span style=\"font-family:Arial, Helvetica, sans-serif\"><span><span>Desligue o carro antes da instala\u00e7\u00e3o. Remova o painel com a ferramenta e conecte o cabo entre a tomada de f\u00e1brica e a tomada do bot\u00e3o.<\/span><\/span><\/span><\/span><span style=\"font-size:18px\"><span style=\"font-family:Arial, Helvetica, sans-serif\"><br \/><\/span><\/span><span style=\"font-size:18px\"><span style=\"font-family:Arial, Helvetica, sans-serif\"><strong><span><span>Configura\u00e7\u00e3o:<\/span><\/span><\/strong><\/span><\/span><span style=\"font-size:18px\"><span style=\"font-family:Arial, Helvetica, sans-serif\"><span>&nbsp;<\/span><\/span><\/span><span style=\"font-size:18px\"><span style=\"font-family:Arial, Helvetica, sans-serif\"><span><span>Ap\u00f3s a instala\u00e7\u00e3o, ligue o motor enquanto pisa no pedal do freio, observe por 3-6 segundos.N\u00e3o pressione o bot\u00e3o.A luz do bot\u00e3o ficar\u00e1 vermelha.A configura\u00e7\u00e3o padr\u00e3o \u00e9 que voc\u00ea n\u00e3o precisa fechar manualmente a fun\u00e7\u00e3o stop start motor todas as vezes.Se quiser por um momento, pressione o bot\u00e3o desligado para reativar a fun\u00e7\u00e3o.<\/span><\/span><\/span><\/span><span style=\"font-size:18px\"><span style=\"font-family:Arial, Helvetica, sans-serif\"><br \/><\/span><\/span><span style=\"font-size:18px\"><span style=\"font-family:Arial, Helvetica, sans-serif\"><strong><span><span>Modo de mem\u00f3ria:<\/span><\/span><\/strong><\/span><\/span><span style=\"font-size:18px\"><span style=\"font-family:Arial, Helvetica, sans-serif\"><br \/><\/span><\/span><span style=\"font-size:18px\"><span style=\"font-family:Arial, Helvetica, sans-serif\"><span><span>1.Desligue a parada autom\u00e1tica (luz acesa), aguarde 3 segundos.<\/span><\/span><\/span><\/span><span style=\"font-size:18px\"><span style=\"font-family:Arial, Helvetica, sans-serif\"><br \/><\/span><\/span><span style=\"font-size:18px\"><span style=\"font-family:Arial, Helvetica, sans-serif\"><span><span>2.Pressione o bot\u00e3o 3 vezes (luz apagada), espere at\u00e9 que a luz acenda.<\/span><\/span><\/span><\/span><span style=\"font-size:18px\"><span style=\"font-family:Arial, Helvetica, sans-serif\"><br \/><\/span><\/span><span style=\"font-size:18px\"><span style=\"font-family:Arial, Helvetica, sans-serif\"><span><span>3.Pressione o bot\u00e3o duas vezes (luz acesa), espere at\u00e9 que a luz se apague, ele vai para o modo mem\u00f3ria.<\/span><\/span><\/span><\/span><br \/><span style=\"font-size:18px\"><span style=\"font-family:Arial, Helvetica, sans-serif\">Nota:<br \/>Certifique-se de que cabe no seu carro antes de comprar, se n\u00e3o tiver certeza, entre em contato conosco, obrigado<\/span><\/span><\/p>\n<p style=\"font-family:opensans;font-size:14px;font-weight:300;letter-spacing:normal;line-height:20px;text-align:start;white-space:pre-wrap;margin:0px 0px 12px;margin-bottom:12px;margin-top:0px;margin-left:0px;margin-right:0px;padding:0px;padding-bottom:0px;padding-top:0px;padding-left:0px;padding-right:0px\" class=\"detail-desc-decorate-content\" align=\"start\"><img data-recalc-dims=\"1\" decoding=\"async\" src=\"https:\/\/i0.wp.com\/ae01.alicdn.com\/kf\/S9d3e98e269cf40a5a7ac43c0ed1f4bfby.jpg?w=1200&#038;ssl=1\"><img data-recalc-dims=\"1\" decoding=\"async\" src=\"https:\/\/i0.wp.com\/ae01.alicdn.com\/kf\/S876b5da4705e49189ab5159aa0a3a241V.jpg?w=1200&#038;ssl=1\"><img data-recalc-dims=\"1\" decoding=\"async\" src=\"https:\/\/i0.wp.com\/ae01.alicdn.com\/kf\/Sbd40a2f0ea2f470ea4a440f969431f2d0.jpg?w=1200&#038;ssl=1\"><img data-recalc-dims=\"1\" decoding=\"async\" src=\"https:\/\/i0.wp.com\/ae01.alicdn.com\/kf\/Sf95290424e1248109f6c4e49adb8c725i.jpg?w=1200&#038;ssl=1\"><img data-recalc-dims=\"1\" decoding=\"async\" src=\"https:\/\/i0.wp.com\/ae01.alicdn.com\/kf\/Sda48b8e8867746e4afccdc1faa20ec96s.jpg?w=1200&#038;ssl=1\"><img data-recalc-dims=\"1\" decoding=\"async\" src=\"https:\/\/i0.wp.com\/ae01.alicdn.com\/kf\/S9120a7bc7d2045838389786cf7d3c23cj.png?w=1200&#038;ssl=1\"><img data-recalc-dims=\"1\" decoding=\"async\" src=\"https:\/\/i0.wp.com\/ae01.alicdn.com\/kf\/S8c4971166968417583a48b7430b0fabew.png?w=1200&#038;ssl=1\"><img data-recalc-dims=\"1\" decoding=\"async\" src=\"https:\/\/i0.wp.com\/ae01.alicdn.com\/kf\/S52e781a4e1c342358a0d282d42ee83a9K.png?w=1200&#038;ssl=1\"><img data-recalc-dims=\"1\" decoding=\"async\" src=\"https:\/\/i0.wp.com\/ae01.alicdn.com\/kf\/Sb33354cfff8041b49e83cbfb148d0f74g.png?w=1200&#038;ssl=1\"><\/p>\n<\/div>\n<\/div>\n","protected":false},"excerpt":{"rendered":"<p>Carro inteligente parada autom\u00e1tica partida cancelador de motor dispositivo eliminador autom\u00e1tico cabo de pluguePara Nissan Qashqai J11 2013-2021 Aten\u00e7\u00e3o:A fun\u00e7\u00e3o deste produto \u00e9 o sistema de motor de partida pr\u00f3xima e parada, seu carro original deve ter o bot\u00e3o &#8220;A desligado&#8221;, que pode usar.se o seu carro n\u00e3o tiver bot\u00e3o &#8220;Desligado&#8221;, n\u00e3o cabe no seu&hellip;&nbsp;<\/p>\n","protected":false},"featured_media":34332,"template":"","meta":{"neve_meta_sidebar":"","neve_meta_container":"","neve_meta_enable_content_width":"","neve_meta_content_width":0,"neve_meta_title_alignment":"","neve_meta_author_avatar":"","neve_post_elements_order":"","neve_meta_disable_header":"","neve_meta_disable_footer":"","neve_meta_disable_title":""},"product_brand":[],"product_cat":[43,22,17],"product_tag":[],"class_list":{"0":"post-34338","1":"product","2":"type-product","3":"status-publish","4":"has-post-thumbnail","6":"product_cat-interruptores-e-controles","7":"product_cat-partes-interiores","8":"product_cat-pecas-e-acessorios-automotivos","10":"first","11":"instock","12":"shipping-taxable","13":"purchasable","14":"product-type-variable","15":"has-default-attributes"},"jetpack_sharing_enabled":true,"_links":{"self":[{"href":"https:\/\/listman.shop\/autoparts-br\/wp-json\/wp\/v2\/product\/34338","targetHints":{"allow":["GET"]}}],"collection":[{"href":"https:\/\/listman.shop\/autoparts-br\/wp-json\/wp\/v2\/product"}],"about":[{"href":"https:\/\/listman.shop\/autoparts-br\/wp-json\/wp\/v2\/types\/product"}],"wp:featuredmedia":[{"embeddable":true,"href":"https:\/\/listman.shop\/autoparts-br\/wp-json\/wp\/v2\/media\/34332"}],"wp:attachment":[{"href":"https:\/\/listman.shop\/autoparts-br\/wp-json\/wp\/v2\/media?parent=34338"}],"wp:term":[{"taxonomy":"product_brand","embeddable":true,"href":"https:\/\/listman.shop\/autoparts-br\/wp-json\/wp\/v2\/product_brand?post=34338"},{"taxonomy":"product_cat","embeddable":true,"href":"https:\/\/listman.shop\/autoparts-br\/wp-json\/wp\/v2\/product_cat?post=34338"},{"taxonomy":"product_tag","embeddable":true,"href":"https:\/\/listman.shop\/autoparts-br\/wp-json\/wp\/v2\/product_tag?post=34338"}],"curies":[{"name":"wp","href":"https:\/\/api.w.org\/{rel}","templated":true}]}}