{"id":34346,"date":"2025-03-22T23:25:38","date_gmt":"2025-03-22T14:25:38","guid":{"rendered":"https:\/\/listman.shop\/autoparts-br\/product\/1005006434546162\/"},"modified":"2026-05-04T18:58:06","modified_gmt":"2026-05-04T09:58:06","slug":"1005006434546162","status":"publish","type":"product","link":"https:\/\/listman.shop\/autoparts-br\/product\/1005006434546162\/","title":{"rendered":"Para nissan x-trail rogue t32 2013-2020 carro inteligente parar autom\u00e1tico cancelador parada autom\u00e1tica iniciar dispositivo eliminador de motor desativar plug"},"content":{"rendered":"<div class=\"detailmodule_html\">\n<div class=\"detail-desc-decorate-richtext\">\n<p><\/p>\n<div style=\", Roboto, Arial, Helvetica, sans-serif, SimSun;font-size:14px;font-weight:400;letter-spacing:normal;text-align:start;white-space:normal;margin:0px;margin-bottom:0px;margin-top:0px;margin-left:0px;margin-right:0px;padding:0px;padding-bottom:0px;padding-top:0px;padding-left:0px;padding-right:0px\" class=\"detailmodule_text\" align=\"start\">\n<p style=\"font-family:OpenSans;font-size:20px;font-weight:900;line-height:28px;white-space:pre-wrap;margin:0px 0px 12px;margin-bottom:12px;margin-top:0px;margin-left:0px;margin-right:0px;padding:0px;padding-bottom:0px;padding-top:0px;padding-left:0px;padding-right:0px\" class=\"detail-desc-decorate-title\">Para nissan x-trail roogue t32 2013-2020 carro inteligente auto parar cancelador parada autom\u00e1tica partida autom\u00e1tica dispositivo eliminador do motor desativar plug<\/p>\n<p style=\"font-family:OpenSans;font-size:14px;font-weight:300;line-height:20px;white-space:pre-wrap;margin:0px 0px 12px;margin-bottom:12px;margin-top:0px;margin-left:0px;margin-right:0px;padding:0px;padding-bottom:0px;padding-top:0px;padding-left:0px;padding-right:0px\" class=\"detail-desc-decorate-content\">Aviso: N\u00e3o funciona se o seu carro n\u00e3o tiver bot\u00e3o &#8220;AUTO OFF&#8221;.<br \/>O produto se encaixa apenas para Nissan X-Trail (T32) 2013-2020 Ano\/Rogue (T32) 2013-2020<\/p>\n<p>Quantidade: 1 pe\u00e7a (ferramenta de remo\u00e7\u00e3o inclu\u00edda)<\/p>\n<p>Fun\u00e7\u00e3o: Fechar o recurso de partida e parada autom\u00e1tica<br \/>Instala\u00e7\u00e3o: Remova o painel com a ferramenta e conecte o cabo entre a tomada de f\u00e1brica e a tomada do bot\u00e3o.<br \/>Configura\u00e7\u00e3o: Ap\u00f3s a instala\u00e7\u00e3o, ligue o motor enquanto pisa no pedal do freio, observe por 3-6 segundos.N\u00e3o pressione o bot\u00e3o.A luz do bot\u00e3o ficar\u00e1 vermelha.A configura\u00e7\u00e3o padr\u00e3o \u00e9 que voc\u00ea n\u00e3o precisa fechar manualmente a fun\u00e7\u00e3o stop start motor todas as vezes.Se quiser por um momento, pressione o bot\u00e3o desligado para reativar a fun\u00e7\u00e3o.<br \/>Contate-nos para mais v\u00eddeos ou fotos de instala\u00e7\u00e3o.<\/p>\n<\/div>\n<div style=\", Roboto, Arial, Helvetica, sans-serif, SimSun;font-size:14px;font-weight:400;letter-spacing:normal;text-align:start;white-space:normal;margin:0px;margin-bottom:0px;margin-top:0px;margin-left:0px;margin-right:0px;padding:0px;padding-bottom:0px;padding-top:0px;padding-left:0px;padding-right:0px\" class=\"detailmodule_text\" align=\"start\">\n<p style=\"font-family:OpenSans;font-size:14px;font-weight:300;line-height:20px;white-space:pre-wrap;margin:0px 0px 12px;margin-bottom:12px;margin-top:0px;margin-left:0px;margin-right:0px;padding:0px;padding-bottom:0px;padding-top:0px;padding-left:0px;padding-right:0px\" class=\"detail-desc-decorate-content\">*Diferentes dados e protocolos para carros em diferentes locais, a imagem \u00e9 apenas para refer\u00eancia, o produto est\u00e1 sujeito ao objeto f\u00edsico recebido pelo cliente.<br \/>Contate-nos para mais v\u00eddeos ou fotos de instala\u00e7\u00e3o.<\/p>\n<\/div>\n<p><img data-recalc-dims=\"1\" decoding=\"async\" src=\"https:\/\/i0.wp.com\/ae01.alicdn.com\/kf\/S2cd2c247877347cbbaee94f90a48f381X.jpg?w=1200&#038;ssl=1\"><img data-recalc-dims=\"1\" decoding=\"async\" src=\"https:\/\/i0.wp.com\/ae01.alicdn.com\/kf\/S5970a0efd44b47e899ad9fc44ced09adQ.jpg?w=1200&#038;ssl=1\"><img data-recalc-dims=\"1\" decoding=\"async\" src=\"https:\/\/i0.wp.com\/ae01.alicdn.com\/kf\/Sf3b5eb6f9b3941bcaed31703dd18a0980.jpg?w=1200&#038;ssl=1\"><img data-recalc-dims=\"1\" decoding=\"async\" src=\"https:\/\/i0.wp.com\/ae01.alicdn.com\/kf\/S870bd289a84049da9d5e2bb79e208898k.jpg?w=1200&#038;ssl=1\"><img data-recalc-dims=\"1\" decoding=\"async\" src=\"https:\/\/i0.wp.com\/ae01.alicdn.com\/kf\/Sa2f934bed72e4e5ba94503813a5438acJ.jpg?w=1200&#038;ssl=1\"><\/p>\n<p><img data-recalc-dims=\"1\" decoding=\"async\" src=\"https:\/\/i0.wp.com\/ae01.alicdn.com\/kf\/S8629e1d9a6154fb5baf13e6ef732de18J.jpg?w=1200&#038;ssl=1\"><img data-recalc-dims=\"1\" decoding=\"async\" src=\"https:\/\/i0.wp.com\/ae01.alicdn.com\/kf\/S1747a28223554a53876e5e5f49fcb8a8d.jpg?w=1200&#038;ssl=1\"><img data-recalc-dims=\"1\" decoding=\"async\" src=\"https:\/\/i0.wp.com\/ae01.alicdn.com\/kf\/Sceba7ab3563f424c9253531c7314357ft.jpg?w=1200&#038;ssl=1\"><\/p>\n<\/div>\n<\/div>\n","protected":false},"excerpt":{"rendered":"<p>Para nissan x-trail roogue t32 2013-2020 carro inteligente auto parar cancelador parada autom\u00e1tica partida autom\u00e1tica dispositivo eliminador do motor desativar plug Aviso: N\u00e3o funciona se o seu carro n\u00e3o tiver bot\u00e3o &#8220;AUTO OFF&#8221;.O produto se encaixa apenas para Nissan X-Trail (T32) 2013-2020 Ano\/Rogue (T32) 2013-2020 Quantidade: 1 pe\u00e7a (ferramenta de remo\u00e7\u00e3o inclu\u00edda) Fun\u00e7\u00e3o: Fechar o&hellip;&nbsp;<\/p>\n","protected":false},"featured_media":34341,"template":"","meta":{"neve_meta_sidebar":"","neve_meta_container":"","neve_meta_enable_content_width":"","neve_meta_content_width":0,"neve_meta_title_alignment":"","neve_meta_author_avatar":"","neve_post_elements_order":"","neve_meta_disable_header":"","neve_meta_disable_footer":"","neve_meta_disable_title":""},"product_brand":[],"product_cat":[43,22,17],"product_tag":[],"class_list":{"0":"post-34346","1":"product","2":"type-product","3":"status-publish","4":"has-post-thumbnail","6":"product_cat-interruptores-e-controles","7":"product_cat-partes-interiores","8":"product_cat-pecas-e-acessorios-automotivos","10":"first","11":"instock","12":"shipping-taxable","13":"purchasable","14":"product-type-variable","15":"has-default-attributes"},"jetpack_sharing_enabled":true,"_links":{"self":[{"href":"https:\/\/listman.shop\/autoparts-br\/wp-json\/wp\/v2\/product\/34346","targetHints":{"allow":["GET"]}}],"collection":[{"href":"https:\/\/listman.shop\/autoparts-br\/wp-json\/wp\/v2\/product"}],"about":[{"href":"https:\/\/listman.shop\/autoparts-br\/wp-json\/wp\/v2\/types\/product"}],"wp:featuredmedia":[{"embeddable":true,"href":"https:\/\/listman.shop\/autoparts-br\/wp-json\/wp\/v2\/media\/34341"}],"wp:attachment":[{"href":"https:\/\/listman.shop\/autoparts-br\/wp-json\/wp\/v2\/media?parent=34346"}],"wp:term":[{"taxonomy":"product_brand","embeddable":true,"href":"https:\/\/listman.shop\/autoparts-br\/wp-json\/wp\/v2\/product_brand?post=34346"},{"taxonomy":"product_cat","embeddable":true,"href":"https:\/\/listman.shop\/autoparts-br\/wp-json\/wp\/v2\/product_cat?post=34346"},{"taxonomy":"product_tag","embeddable":true,"href":"https:\/\/listman.shop\/autoparts-br\/wp-json\/wp\/v2\/product_tag?post=34346"}],"curies":[{"name":"wp","href":"https:\/\/api.w.org\/{rel}","templated":true}]}}