{"id":34661,"date":"2025-03-22T23:34:23","date_gmt":"2025-03-22T14:34:23","guid":{"rendered":"https:\/\/listman.shop\/autoparts-br\/product\/1005007103533428\/"},"modified":"2026-05-04T20:01:13","modified_gmt":"2026-05-04T11:01:13","slug":"1005007103533428","status":"publish","type":"product","link":"https:\/\/listman.shop\/autoparts-br\/product\/1005007103533428\/","title":{"rendered":"Bot\u00e3o interruptor de mem\u00f3ria para assento dianteiro de carro, para benz a b c e classe ml gl gle glk gla cla w176 w246 w204 w212 w166 w156 w117 w218"},"content":{"rendered":"<div class=\"detailmodule_html\">\n<div class=\"detail-desc-decorate-richtext\">\n<div class=\"detailmodule_text\">\n<p style=\"font-family:OpenSans;font-size:20px;font-weight:900;line-height:28px;white-space:pre-wrap;margin-bottom:12px\" class=\"detail-desc-decorate-title\">Bot\u00e3o interruptor de mem\u00f3ria ajust\u00e1vel do assento dianteiro do carro para Benz A B C Classe E ML GL GLE GLK GLA C176 W246 W204 X204 W212 W166 W117 W218<\/p>\n<p style=\"font-family:OpenSans;font-size:14px;font-weight:300;line-height:20px;white-space:pre-wrap;margin-bottom:12px\" class=\"detail-desc-decorate-content\">Caracter\u00edsticas:<br \/>-Substitui\u00e7\u00e3o direta.<br \/>-De acordo com as especifica\u00e7\u00f5es originais de f\u00e1brica.<br \/>-100% novo e de alta qualidade garantida.<br \/>-F\u00e1cil de usar e operar a pre\u00e7os acess\u00edveis.<br \/>-Melhorar\u00e1 drasticamente a apar\u00eancia do seu carro.<\/p>\n<p>Aplica\u00e7\u00e3o:<br \/>Para Mercedes Benz Classe A W176 2013-2018<br \/>Para Mercedes Benz Classe B W246 2011-2019<br \/>Para Mercedes Benz GLA W156 2015-2019<br \/>Para Mercedes Benz CLA W117 2013-2019<br \/>Para Mercedes Benz Classe C W204 2007-2013<br \/>Para Mercedes Benz Classe GLK X204 2008-2013<br \/>Para Mercedes Benz Classe E Coupe W207 2009-2015<br \/>Para Mercedes Benz Classe E W212 2009-2015<br \/>Para Mercedes Benz classe ML W166 2012-2015<br \/>Para Mercedes Benz Classe GL W166 2012-2015<br \/>Para Mercedes Benz Classe GLE W166 2015-2019<br \/>Para Mercedes Benz CLS W218 2012-2017<br \/>Para Mercedes Benz SLK W172 2011-2015<br \/>Para Mercedes Benz SLC W172 2011-2015<\/p>\n<p>Refer\u00eancia OE NO.:<br \/>2048700081,2048702858,1669051203,1669051803,2129059600,2469050251,2469056803<\/p>\n<p>Material: PC e ABS de alta qualidade, chapeamento cromado.<\/p>\n<p>Coloque no ve\u00edculo: assento dianteiro esquerdo\/direito<\/p>\n<p>Aviso:<br \/>*Carros LHD e RHD podem ser usados.<br \/>*Por favor, compare as fotos para ter certeza de que cabe antes da compra. Se voc\u00ea tiver d\u00favidas, n\u00e3o hesite em nos contatar.<\/p>\n<\/div>\n<div class=\"detailmodule_text-image\">\n<div><\/div>\n<div><img data-recalc-dims=\"1\" decoding=\"async\" style=\"margin-bottom:10px\" class=\"detail-desc-decorate-image\" src=\"https:\/\/i0.wp.com\/ae01.alicdn.com\/kf\/Sc57d1f9cc9fa46ad905ede753f968fdfQ.jpg?w=1200&#038;ssl=1\"><img data-recalc-dims=\"1\" decoding=\"async\" style=\"margin-bottom:10px\" class=\"detail-desc-decorate-image\" src=\"https:\/\/i0.wp.com\/ae01.alicdn.com\/kf\/S370e76f2b4474a77b83480c7b715b06eG.jpg?w=1200&#038;ssl=1\"><img data-recalc-dims=\"1\" decoding=\"async\" style=\"margin-bottom:10px\" class=\"detail-desc-decorate-image\" src=\"https:\/\/i0.wp.com\/ae01.alicdn.com\/kf\/Se4e4b9ffba7448ed90d5cc29357415adE.jpg?w=1200&#038;ssl=1\"><img data-recalc-dims=\"1\" decoding=\"async\" style=\"margin-bottom:10px\" class=\"detail-desc-decorate-image\" src=\"https:\/\/i0.wp.com\/ae01.alicdn.com\/kf\/S83291d8b4489466481f470130bfbed609.jpg?w=1200&#038;ssl=1\"><img data-recalc-dims=\"1\" decoding=\"async\" style=\"margin-bottom:10px\" class=\"detail-desc-decorate-image\" src=\"https:\/\/i0.wp.com\/ae01.alicdn.com\/kf\/Sf659e0335a2e4727b02c3a5197310805d.jpg?w=1200&#038;ssl=1\"><\/div>\n<\/div>\n<div class=\"detailmodule_text\">\n<p style=\"font-family:OpenSans;font-size:20px;font-weight:900;line-height:28px;white-space:pre-wrap;margin-bottom:12px\" class=\"detail-desc-decorate-title\">LEMBRETE QUENTE<\/p>\n<p style=\"font-family:OpenSans;font-size:14px;font-weight:300;line-height:20px;white-space:pre-wrap;margin-bottom:12px\" class=\"detail-desc-decorate-content\">\uf06c\tPor favor confirme o n\u00famero OE.est\u00e1 correto com nossas pe\u00e7as antes de comprar para que possa ser instalado no seu carro.<br \/>\uf06c\tTodas as fotos dos produtos s\u00e3o apenas para demonstra\u00e7\u00e3o e talvez uma pequena diferen\u00e7a com as pe\u00e7as reais.As diferen\u00e7as de cor e detalhes s\u00e3o em condi\u00e7\u00f5es normais.<br \/>\uf06c\tJ\u00e1 fizemos verifica\u00e7\u00e3o de qualidade de todas as pe\u00e7as antes do envio, portanto, abra o pacote para verificar se as pe\u00e7as e acess\u00f3rios com pacotes n\u00e3o est\u00e3o danificados durante o envio antes de assinar o pacote.<br \/>\uf06c\tPor favor confirme os endere\u00e7os de entrega e o telefone.N\u00e3o.s\u00e3o detalhados e exatamente corretos.<br \/>\uf06c\tSe voc\u00ea n\u00e3o conseguir substituir bem as pe\u00e7as sozinho, poder\u00e1 reajust\u00e1-las ou ir \u00e0 loja de reparos profissional local para instal\u00e1-las.<\/p>\n<\/div>\n<div class=\"detailmodule_text\">\n<p style=\"font-family:OpenSans;font-size:20px;font-weight:900;line-height:28px;white-space:pre-wrap;margin-bottom:12px\" class=\"detail-desc-decorate-title\">SOBRE N\u00d3S<\/p>\n<p style=\"font-family:OpenSans;font-size:14px;font-weight:300;line-height:20px;white-space:pre-wrap;margin-bottom:12px\" class=\"detail-desc-decorate-content\">\uf06c\tA f\u00e1brica profissional especializada em pe\u00e7as de desgaste r\u00e1pido para B.M.W e B.E.N.Z.<br \/>\uf06c\tPesquisa e produz com qualidade superior, melhor material e bom molde correspondente.<br \/>\uf06c\tF2C-de f\u00e1brica de origem ao cliente diretamente.<br \/>\uf06c\tMuito estoque, pode ser enviado rapidamente.<br \/>\uf06c\tGama completa de pe\u00e7as de desgaste r\u00e1pido.<br \/>\uf06c\tPedidos por atacado de grande quantidade ser\u00e3o bem-vindos.<br \/>\uf06c\tOEM pode ser aceito.<\/p>\n<\/div>\n<div class=\"detailmodule_text\">\n<p style=\"font-family:OpenSans;font-size:20px;font-weight:900;line-height:28px;white-space:pre-wrap;margin-bottom:12px\" class=\"detail-desc-decorate-title\">ENVIO<\/p>\n<p style=\"font-family:OpenSans;font-size:14px;font-weight:300;line-height:20px;white-space:pre-wrap;margin-bottom:12px\" class=\"detail-desc-decorate-content\">\uf06c\tNormalmente, o pedido ser\u00e1 enviado dentro de 2 a 5 dias \u00fateis ap\u00f3s receber o pagamento on-line, excluindo feriados.<br \/>\uf06c\tOs dias de envio depender\u00e1\u00e3o do correio de entrega.Se voc\u00ea n\u00e3o recebeu o pacote dentro de 45 dias, entre em contato conosco para que possamos rastre\u00e1-lo para voc\u00ea.<br \/>\uf06c\tSe o pacote foi danificado durante o transporte, recuse-se a aceit\u00e1-lo e mantenha o registro e as evid\u00eancias de reclama\u00e7\u00e3o.<\/p>\n<\/div>\n<div class=\"detailmodule_text\">\n<p style=\"font-family:OpenSans;font-size:20px;font-weight:900;line-height:28px;white-space:pre-wrap;margin-bottom:12px\" class=\"detail-desc-decorate-title\">GARANTIA E FEEDBACK<\/p>\n<p style=\"font-family:OpenSans;font-size:14px;font-weight:300;line-height:20px;white-space:pre-wrap;margin-bottom:12px\" class=\"detail-desc-decorate-content\">\uf06c\tSe voc\u00ea n\u00e3o estiver satisfeito com nossos produtos, poder\u00e1 devolv\u00ea-los dentro de 30 dias para substitui\u00e7\u00e3o ou devolu\u00e7\u00e3o do dinheiro.e entre em contato conosco antes de devolv\u00ea-lo.<br \/>\uf06c\tO custo de envio da devolu\u00e7\u00e3o dever\u00e1 ser pago pelos compradores.<br \/>\uf06c \t Se voc\u00ea estiver satisfeito com nossos produtos e servi\u00e7os, envie-nos um bom coment\u00e1rio e um feedback de cinco estrelas.<\/p>\n<\/div>\n<p><\/p>\n<\/div>\n<\/div>\n","protected":false},"excerpt":{"rendered":"<p>Bot\u00e3o interruptor de mem\u00f3ria ajust\u00e1vel do assento dianteiro do carro para Benz A B C Classe E ML GL GLE GLK GLA C176 W246 W204 X204 W212 W166 W117 W218 Caracter\u00edsticas:-Substitui\u00e7\u00e3o direta.-De acordo com as especifica\u00e7\u00f5es originais de f\u00e1brica.-100% novo e de alta qualidade garantida.-F\u00e1cil de usar e operar a pre\u00e7os acess\u00edveis.-Melhorar\u00e1 drasticamente a apar\u00eancia&hellip;&nbsp;<\/p>\n","protected":false},"featured_media":34655,"template":"","meta":{"neve_meta_sidebar":"","neve_meta_container":"","neve_meta_enable_content_width":"","neve_meta_content_width":0,"neve_meta_title_alignment":"","neve_meta_author_avatar":"","neve_post_elements_order":"","neve_meta_disable_header":"","neve_meta_disable_footer":"","neve_meta_disable_title":""},"product_brand":[],"product_cat":[43,22,17],"product_tag":[],"class_list":{"0":"post-34661","1":"product","2":"type-product","3":"status-publish","4":"has-post-thumbnail","6":"product_cat-interruptores-e-controles","7":"product_cat-partes-interiores","8":"product_cat-pecas-e-acessorios-automotivos","10":"first","11":"instock","12":"shipping-taxable","13":"purchasable","14":"product-type-variable","15":"has-default-attributes"},"jetpack_sharing_enabled":true,"_links":{"self":[{"href":"https:\/\/listman.shop\/autoparts-br\/wp-json\/wp\/v2\/product\/34661","targetHints":{"allow":["GET"]}}],"collection":[{"href":"https:\/\/listman.shop\/autoparts-br\/wp-json\/wp\/v2\/product"}],"about":[{"href":"https:\/\/listman.shop\/autoparts-br\/wp-json\/wp\/v2\/types\/product"}],"wp:featuredmedia":[{"embeddable":true,"href":"https:\/\/listman.shop\/autoparts-br\/wp-json\/wp\/v2\/media\/34655"}],"wp:attachment":[{"href":"https:\/\/listman.shop\/autoparts-br\/wp-json\/wp\/v2\/media?parent=34661"}],"wp:term":[{"taxonomy":"product_brand","embeddable":true,"href":"https:\/\/listman.shop\/autoparts-br\/wp-json\/wp\/v2\/product_brand?post=34661"},{"taxonomy":"product_cat","embeddable":true,"href":"https:\/\/listman.shop\/autoparts-br\/wp-json\/wp\/v2\/product_cat?post=34661"},{"taxonomy":"product_tag","embeddable":true,"href":"https:\/\/listman.shop\/autoparts-br\/wp-json\/wp\/v2\/product_tag?post=34661"}],"curies":[{"name":"wp","href":"https:\/\/api.w.org\/{rel}","templated":true}]}}