{"id":34703,"date":"2025-03-22T23:35:31","date_gmt":"2025-03-22T14:35:31","guid":{"rendered":"https:\/\/listman.shop\/autoparts-br\/product\/1005007214041210\/"},"modified":"2026-05-04T18:31:06","modified_gmt":"2026-05-04T09:31:06","slug":"1005007214041210","status":"publish","type":"product","link":"https:\/\/listman.shop\/autoparts-br\/product\/1005007214041210\/","title":{"rendered":"Interruptor de alimenta\u00e7\u00e3o de desconex\u00e3o de bateria 12V 240A Interruptor de desligamento com interruptor de controle remoto para caminh\u00e3o de carro"},"content":{"rendered":"<div class=\"detailmodule_html\">\n<div class=\"detail-desc-decorate-richtext\">\n<div class=\"detailmodule_html\">\n<div class=\"detail-desc-decorate-richtext\">\n<div>\n<p style=\"font-family:OpenSans;font-size:20px;font-weight:900;line-height:28px;text-align:center;white-space:pre-wrap;margin-bottom:12px\" class=\"detail-desc-decorate-title\" align=\"center\">Interruptor de desconex\u00e3o remota da bateria 12v 240a interruptor de desligamento autom\u00e1tico interruptor de controle remoto da bateria do carro<\/p>\n<\/div>\n<div>\n<div>&nbsp;<\/div>\n<p style=\"font-size:16px\"><strong>Sobre este item<\/strong><\/p>\n<p style=\"font-size:16px\">\u3010Especifica\u00e7\u00f5es\u3011 Corrente nominal do interruptor de desconex\u00e3o da bateria: 240A, tens\u00e3o nominal: 12V, consumo de energia em espera: 3mA, limite de desligamento: 11,8V\u00b10,2V, corrente instant\u00e2nea: 500A.<\/p>\n<p>\u3010Fun\u00e7\u00e3o de travamento magn\u00e9tico\u3011Este interruptor de desligamento para carro usa um novo tipo de rel\u00e9 que controla a desconex\u00e3o e o corte do circuito por princ\u00edpio magn\u00e9tico, com uma corrente de espera de 3mA, que economiza mais energia.<\/p>\n<p>\u3010Corte autom\u00e1tico\u3011Se a tens\u00e3o for inferior a 11.8V, o interruptor de desligamento remoto cortar\u00e1 automaticamente a fonte de alimenta\u00e7\u00e3o ap\u00f3s 120s para economizar eletricidade, se a tens\u00e3o for superior a 13.2V, o controle remoto ser\u00e1 desabilitado para evitar a\u00e7\u00e3o acidental para desligar a energia durante a condu\u00e7\u00e3o, e a fonte de alimenta\u00e7\u00e3o s\u00f3 pode ser controlada pelo bot\u00e3o no interruptor.<\/p>\n<p>\u3010F\u00e1cil instala\u00e7\u00e3o\u3011O interruptor de desligamento de energia usa uma conex\u00e3o negativa para garantir um desempenho est\u00e1vel.Lembre-se de desligar a energia antes da instala\u00e7\u00e3o.<\/p>\n<p>\u3010Proteja a bateria\u3011 Usar este interruptor de desligamento da bateria do carro pode evitar o consumo de energia devido ao estacionamento prolongado, bom ponto de equipamento eletr\u00f4nico, envelhecimento da linha, esquecimento de desligar a luz, etc. Pode proteger e prolongar efetivamente a vida \u00fatil da bateria do carro. Pode proteger e prolongar efetivamente a vida \u00fatil da bateria do carro.<\/p>\n<\/div>\n<div><img data-recalc-dims=\"1\" decoding=\"async\" class=\"detail-desc-decorate-image\" src=\"https:\/\/i0.wp.com\/ae01.alicdn.com\/kf\/Sd631d9131b6b454fbdf4202b31018dc5k.jpg?w=1200&#038;ssl=1\"> <img data-recalc-dims=\"1\" decoding=\"async\" class=\"detail-desc-decorate-image\" src=\"https:\/\/i0.wp.com\/ae01.alicdn.com\/kf\/S25306e40748a4b4193cb9c317e2a1f2bo.jpg?w=1200&#038;ssl=1\"> <img data-recalc-dims=\"1\" decoding=\"async\" class=\"detail-desc-decorate-image\" src=\"https:\/\/i0.wp.com\/ae01.alicdn.com\/kf\/Sa32aa7ccb4084b2ea271d012cb76c0b5d.jpg?w=1200&#038;ssl=1\"> <img data-recalc-dims=\"1\" decoding=\"async\" class=\"detail-desc-decorate-image\" src=\"https:\/\/i0.wp.com\/ae01.alicdn.com\/kf\/S3e0166940e74448cae54690142a75102p.jpg?w=1200&#038;ssl=1\"> <img data-recalc-dims=\"1\" decoding=\"async\" class=\"detail-desc-decorate-image\" src=\"https:\/\/i0.wp.com\/ae01.alicdn.com\/kf\/Sa4dc5a892db9476cb9c30571578f443fY.jpg?w=1200&#038;ssl=1\"> <img data-recalc-dims=\"1\" decoding=\"async\" class=\"detail-desc-decorate-image\" src=\"https:\/\/i0.wp.com\/ae01.alicdn.com\/kf\/S8a6e5a301dad484386e5242ae3a46cacP.jpg?w=1200&#038;ssl=1\"><\/div>\n<div><\/div>\n<\/div>\n<\/div>\n<p><\/p>\n<\/div>\n<\/div>\n","protected":false},"excerpt":{"rendered":"<p>Interruptor de desconex\u00e3o remota da bateria 12v 240a interruptor de desligamento autom\u00e1tico interruptor de controle remoto da bateria do carro &nbsp; Sobre este item \u3010Especifica\u00e7\u00f5es\u3011 Corrente nominal do interruptor de desconex\u00e3o da bateria: 240A, tens\u00e3o nominal: 12V, consumo de energia em espera: 3mA, limite de desligamento: 11,8V\u00b10,2V, corrente instant\u00e2nea: 500A. \u3010Fun\u00e7\u00e3o de travamento magn\u00e9tico\u3011Este interruptor&hellip;&nbsp;<\/p>\n","protected":false},"featured_media":34697,"template":"","meta":{"neve_meta_sidebar":"","neve_meta_container":"","neve_meta_enable_content_width":"","neve_meta_content_width":0,"neve_meta_title_alignment":"","neve_meta_author_avatar":"","neve_post_elements_order":"","neve_meta_disable_header":"","neve_meta_disable_footer":"","neve_meta_disable_title":""},"product_brand":[],"product_cat":[43,22,17],"product_tag":[],"class_list":{"0":"post-34703","1":"product","2":"type-product","3":"status-publish","4":"has-post-thumbnail","6":"product_cat-interruptores-e-controles","7":"product_cat-partes-interiores","8":"product_cat-pecas-e-acessorios-automotivos","10":"first","11":"instock","12":"shipping-taxable","13":"purchasable","14":"product-type-variable","15":"has-default-attributes"},"jetpack_sharing_enabled":true,"_links":{"self":[{"href":"https:\/\/listman.shop\/autoparts-br\/wp-json\/wp\/v2\/product\/34703","targetHints":{"allow":["GET"]}}],"collection":[{"href":"https:\/\/listman.shop\/autoparts-br\/wp-json\/wp\/v2\/product"}],"about":[{"href":"https:\/\/listman.shop\/autoparts-br\/wp-json\/wp\/v2\/types\/product"}],"wp:featuredmedia":[{"embeddable":true,"href":"https:\/\/listman.shop\/autoparts-br\/wp-json\/wp\/v2\/media\/34697"}],"wp:attachment":[{"href":"https:\/\/listman.shop\/autoparts-br\/wp-json\/wp\/v2\/media?parent=34703"}],"wp:term":[{"taxonomy":"product_brand","embeddable":true,"href":"https:\/\/listman.shop\/autoparts-br\/wp-json\/wp\/v2\/product_brand?post=34703"},{"taxonomy":"product_cat","embeddable":true,"href":"https:\/\/listman.shop\/autoparts-br\/wp-json\/wp\/v2\/product_cat?post=34703"},{"taxonomy":"product_tag","embeddable":true,"href":"https:\/\/listman.shop\/autoparts-br\/wp-json\/wp\/v2\/product_tag?post=34703"}],"curies":[{"name":"wp","href":"https:\/\/api.w.org\/{rel}","templated":true}]}}