{"id":34727,"date":"2025-03-22T23:35:59","date_gmt":"2025-03-22T14:35:59","guid":{"rendered":"https:\/\/listman.shop\/autoparts-br\/product\/1005007217934211\/"},"modified":"2026-05-04T19:23:10","modified_gmt":"2026-05-04T10:23:10","slug":"1005007217934211","status":"publish","type":"product","link":"https:\/\/listman.shop\/autoparts-br\/product\/1005007217934211\/","title":{"rendered":"Mais novo carro universal 52mm rel\u00f3gio medidor calibre 12 horas formato com 8 cores backlight para iate barco caminh\u00e3o 12v 24v"},"content":{"rendered":"<div class=\"detailmodule_html\">\n<div class=\"detail-desc-decorate-richtext\">\n<div class=\"detailmodule_html\">\n<div class=\"detail-desc-decorate-richtext\">\n<div>\n<div>\n<div>\n<div>\n<h5><img data-recalc-dims=\"1\" decoding=\"async\" src=\"https:\/\/i0.wp.com\/ae01.alicdn.com\/kf\/Sc60af2b4f6074d7aa70f2ba09b539f41P.jpg?w=1200&#038;ssl=1\"><\/h5>\n<h5><span style=\"font-size:16px;, helvetica, sans-serif\">Adequado para todos os tipos de modifica\u00e7\u00e3o de ve\u00edculos, exibir com precis\u00e3o a hora do rel\u00f3gio, com instru\u00e7\u00f5es de alta precis\u00e3o,<\/span><\/h5>\n<h5><span style=\"font-size:16px;, helvetica, sans-serif\">repetibilidade e versatilidade, confiabilidade e estabilidade, acionamento e controle s\u00e3o relativamente simples e assim por diante<\/span><\/h5>\n<div><img data-recalc-dims=\"1\" decoding=\"async\" src=\"https:\/\/i0.wp.com\/ae01.alicdn.com\/kf\/S4a31bc9507b5413dab4f2ffe70b3a4291.png?w=1200&#038;ssl=1\"><img data-recalc-dims=\"1\" decoding=\"async\" src=\"https:\/\/i0.wp.com\/ae01.alicdn.com\/kf\/S16cd6354eace49c6abb4b3014d90821aZ.jpg?w=1200&#038;ssl=1\"><\/div>\n<h5><img data-recalc-dims=\"1\" decoding=\"async\" src=\"https:\/\/i0.wp.com\/ae01.alicdn.com\/kf\/Se162af3c4d014bd7ae4bfa97a67d6351M.jpg?w=1200&#038;ssl=1\"><\/h5>\n<h5><span style=\"font-size:16px;, helvetica, sans-serif\">-Dimens\u00e3o de fixa\u00e7\u00e3o: 52mm(2&#8243;)<\/span><\/h5>\n<h5><span style=\"font-size:16px;, helvetica, sans-serif\">-Intervalo de indica\u00e7\u00e3o: Formato de 12 horas<\/span><\/h5>\n<h5><span style=\"font-size:16px;, helvetica, sans-serif\">-Tens\u00e3o de trabalho: 12V\/24V<\/span><\/h5>\n<h5><span style=\"font-size:16px;, helvetica, sans-serif\">-Luz de fundo: luz de fundo de 8 cores<\/span><\/h5>\n<h5><span style=\"font-size:16px;, helvetica, sans-serif\">-Temperatura de opera\u00e7\u00e3o: -40\u00b0C ~+85\u00b0C<\/span><\/h5>\n<h5><span style=\"font-size:16px;, helvetica, sans-serif\">-Classifica\u00e7\u00e3o de prote\u00e7\u00e3o: IP67<\/span><\/h5>\n<h5><span style=\"font-size:16px;, helvetica, sans-serif\">-Modo de opera\u00e7\u00e3o: motor de passo<\/span><\/h5>\n<h5><span style=\"font-size:16px;, helvetica, sans-serif\">-O grau de prote\u00e7\u00e3o \u00e9 IP67, todo o corpo \u00e9 totalmente \u00e0 prova d&#8217;\u00e1gua<\/span><\/h5>\n<h5><span style=\"font-size:16px;, helvetica, sans-serif\">-Excelente fun\u00e7\u00e3o antiemba\u00e7ante<\/span><\/h5>\n<h5><span style=\"font-size:16px;, helvetica, sans-serif\">-316 Moldura em a\u00e7o inoxid\u00e1vel com vidro curvo<\/span><\/h5>\n<div><img data-recalc-dims=\"1\" decoding=\"async\" src=\"https:\/\/i0.wp.com\/ae01.alicdn.com\/kf\/Sb8e5cd3b4da84eab8ef23f9ce085cfc8h.jpg?w=1200&#038;ssl=1\"><img data-recalc-dims=\"1\" decoding=\"async\" src=\"https:\/\/i0.wp.com\/ae01.alicdn.com\/kf\/S53a3b7c7a93d4135b0e3bc218e4282a89.jpg?w=1200&#038;ssl=1\"><img data-recalc-dims=\"1\" decoding=\"async\" src=\"https:\/\/i0.wp.com\/ae01.alicdn.com\/kf\/S9e79cbd4b81c4fe6a97a105da36a2ab2p.jpg?w=1200&#038;ssl=1\"><img data-recalc-dims=\"1\" decoding=\"async\" src=\"https:\/\/i0.wp.com\/ae01.alicdn.com\/kf\/S0c63617b1dcf4b6d9330ad55580b0ea3D.jpg?w=1200&#038;ssl=1\"><\/div>\n<h5><img data-recalc-dims=\"1\" decoding=\"async\" src=\"https:\/\/i0.wp.com\/ae01.alicdn.com\/kf\/Sd185ec89cf3c47b0952c0a8f4378f9b1q.jpg?w=1200&#038;ssl=1\"><\/h5>\n<h5 style=\"text-align:center\" align=\"center\"><span style=\"font-size:16px;, helvetica, sans-serif\"><span style=\"font-size:16px;, helvetica, sans-serif\">1x medidor de rel\u00f3gio 1x soquete multi-plug 1x instru\u00e7\u00e3o de instala\u00e7\u00e3o<\/span><\/span><\/h5>\n<p style=\"text-align:center\" align=\"center\"><img data-recalc-dims=\"1\" decoding=\"async\" src=\"https:\/\/i0.wp.com\/ae01.alicdn.com\/kf\/S4e81ddef8c3b43daa07af37e4554ecbcg.jpg?w=1200&#038;ssl=1\"><img data-recalc-dims=\"1\" decoding=\"async\" src=\"https:\/\/i0.wp.com\/ae01.alicdn.com\/kf\/Sa76881921821404f83e7d4f4e66a5beaS.jpg?w=1200&#038;ssl=1\"><\/p>\n<\/div>\n<\/div>\n<\/div>\n<\/div>\n<\/div>\n<\/div>\n<p><\/p>\n<\/div>\n<\/div>\n","protected":false},"excerpt":{"rendered":"<p>Adequado para todos os tipos de modifica\u00e7\u00e3o de ve\u00edculos, exibir com precis\u00e3o a hora do rel\u00f3gio, com instru\u00e7\u00f5es de alta precis\u00e3o, repetibilidade e versatilidade, confiabilidade e estabilidade, acionamento e controle s\u00e3o relativamente simples e assim por diante -Dimens\u00e3o de fixa\u00e7\u00e3o: 52mm(2&#8243;) -Intervalo de indica\u00e7\u00e3o: Formato de 12 horas -Tens\u00e3o de trabalho: 12V\/24V -Luz de fundo:&hellip;&nbsp;<\/p>\n","protected":false},"featured_media":34721,"template":"","meta":{"neve_meta_sidebar":"","neve_meta_container":"","neve_meta_enable_content_width":"","neve_meta_content_width":0,"neve_meta_title_alignment":"","neve_meta_author_avatar":"","neve_post_elements_order":"","neve_meta_disable_header":"","neve_meta_disable_footer":"","neve_meta_disable_title":""},"product_brand":[],"product_cat":[42,22,17],"product_tag":[],"class_list":{"0":"post-34727","1":"product","2":"type-product","3":"status-publish","4":"has-post-thumbnail","6":"product_cat-medidores","7":"product_cat-partes-interiores","8":"product_cat-pecas-e-acessorios-automotivos","10":"first","11":"instock","12":"shipping-taxable","13":"purchasable","14":"product-type-variable","15":"has-default-attributes"},"jetpack_sharing_enabled":true,"_links":{"self":[{"href":"https:\/\/listman.shop\/autoparts-br\/wp-json\/wp\/v2\/product\/34727","targetHints":{"allow":["GET"]}}],"collection":[{"href":"https:\/\/listman.shop\/autoparts-br\/wp-json\/wp\/v2\/product"}],"about":[{"href":"https:\/\/listman.shop\/autoparts-br\/wp-json\/wp\/v2\/types\/product"}],"wp:featuredmedia":[{"embeddable":true,"href":"https:\/\/listman.shop\/autoparts-br\/wp-json\/wp\/v2\/media\/34721"}],"wp:attachment":[{"href":"https:\/\/listman.shop\/autoparts-br\/wp-json\/wp\/v2\/media?parent=34727"}],"wp:term":[{"taxonomy":"product_brand","embeddable":true,"href":"https:\/\/listman.shop\/autoparts-br\/wp-json\/wp\/v2\/product_brand?post=34727"},{"taxonomy":"product_cat","embeddable":true,"href":"https:\/\/listman.shop\/autoparts-br\/wp-json\/wp\/v2\/product_cat?post=34727"},{"taxonomy":"product_tag","embeddable":true,"href":"https:\/\/listman.shop\/autoparts-br\/wp-json\/wp\/v2\/product_tag?post=34727"}],"curies":[{"name":"wp","href":"https:\/\/api.w.org\/{rel}","templated":true}]}}